{"id":47486,"date":"2025-08-24T16:33:10","date_gmt":"2025-08-24T16:33:10","guid":{"rendered":"https:\/\/mediumspringgreen-meerkat-571505.hostingersite.com\/?page_id=47486"},"modified":"2026-03-24T17:30:22","modified_gmt":"2026-03-24T17:30:22","slug":"op-maat-gemaakte-worstelshorts","status":"publish","type":"page","link":"https:\/\/shapesfightwear.com\/de\/custom-gear\/aangepaste-bjj-uitrusting\/op-maat-gemaakte-worstelshorts\/","title":{"rendered":"Aangepaste grapplingshorts"},"content":{"rendered":"<div class=\"wpb-content-wrapper\"><div data-vc-full-width=\"true\" data-vc-full-width-temp=\"true\" data-vc-full-width-init=\"false\" data-vc-stretch-content=\"true\" class=\"vc_row wpb_row top-row vc_custom_1607362494997 vc_row-has-fill vc_row-no-padding porto-inner-container wpb_custom_034b39d9bc6c6b310d69e39f0ccf274f\"><div class=\"porto-wrap-container container\"><div class=\"row\"><div class=\"vc_column_container col-md-6\"><div class=\"wpb_wrapper vc_column-inner\">\r\n\t<div class=\"wpb_text_column wpb_content_element vc_custom_1774373409330 wpb_custom_7c91d232724f73626cc933bd95b25ff0\" >\r\n\t\t<div class=\"wpb_wrapper\">\r\n\t\t\t<h2><span style=\"color: #ffffff;\"><strong><span style=\"font-size: 38px;\">Aangepaste grapplingshorts<\/span><\/strong><\/span><\/h2>\n<p><span style=\"font-size: 15px; color: #ffffff;\"><strong>Onze met kleurstof gesublimeerde, gesneden en gestikte Custom Grappling Shorts kunnen al uw ontwerpidee\u00ebn tot leven brengen met een minimale afname van 15 stuks en een korte productietijd van gemiddeld 3-4 weken.<\/strong><\/span><\/p>\n<p><span style=\"font-size: 15px; color: #ffffff;\"><strong>Laat je fantasie de vrije loop en cre\u00eber \u00e9cht op maat gemaakte BJJ Shorts voor je distributiebedrijf, club of merk, MMA-sportschool, academieteam of gevechtspromotie. Hulp nodig bij het ontwerpen? Laat onze professionele ontwerpers het voor je doen tegen zeer redelijke tarieven!<\/strong><\/span><\/p>\n\r\n\t\t<\/div>\r\n\t<\/div>\r\n<\/div><\/div><div class=\"vc_column_container col-md-6\"><div class=\"wpb_wrapper vc_column-inner\">\r\n\t<div class=\"wpb_single_image wpb_content_element vc_align_left wpb_content_element  vc_custom_1755339051419 wpb_custom_81a4f7ef9830bf958462581aa01150fb\"><div class=\"wpb_wrapper\">\r\n\t\t\t\r\n\t\t\t<div class=\"vc_single_image-wrapper   vc_box_border_grey\"><img decoding=\"async\" class=\"vc_single_image-img\" src=\"https:\/\/shapesfightwear.com\/wp-content\/uploads\/2025\/08\/Custom-MMA-Shorts-min.jpg\" width=\"800\" height=\"615\" alt=\"Aangepaste grapplingshorts\" title=\"Custom-MMA-Shorts-min\" loading=\"lazy\" \/><\/div>\r\n\t\t<\/div>\r\n\t<\/div>\r\n<\/div><\/div><\/div><\/div><\/div><div class=\"vc_row-full-width vc_clearfix\"><\/div><div class=\"vc_row wpb_row row top-row wpb_custom_034b39d9bc6c6b310d69e39f0ccf274f\"><div class=\"vc_column_container col-md-2\"><div class=\"wpb_wrapper vc_column-inner\"><\/div><\/div><div class=\"vc_column_container col-md-8\"><div class=\"wpb_wrapper vc_column-inner\"><div class=\"vc_empty_space  vc_custom_1601996902733\"   style=\"height: 28px\"><span class=\"vc_empty_space_inner\"><\/span><\/div><h2 style=\"font-size: 32px;color: #000000;text-align: center;font-family:Lato;font-weight:700;font-style:normal\" class=\"vc_custom_heading vc_do_custom_heading vc_custom_1774373420374 wpb_custom_aa365bd5046e8294520b4e73732b9d15\" >LAAT ONS HET VOOR U ONTWERPEN!<\/h2>\r\n\t<div class=\"wpb_text_column wpb_content_element wpb_custom_7c91d232724f73626cc933bd95b25ff0\" >\r\n\t\t<div class=\"wpb_wrapper\">\r\n\t\t\t\r\n\t\t<\/div>\r\n\t<\/div>\r\n<\/div><\/div><div class=\"vc_column_container col-md-2\"><div class=\"wpb_wrapper vc_column-inner\"><\/div><\/div><\/div><div class=\"vc_row wpb_row row top-row wpb_custom_034b39d9bc6c6b310d69e39f0ccf274f\"><div class=\"vc_column_container col-md-2\"><div class=\"wpb_wrapper vc_column-inner\"><\/div><\/div><div class=\"vc_column_container col-md-8\"><div class=\"wpb_wrapper vc_column-inner\">\r\n\t<div class=\"wpb_text_column wpb_content_element wpb_custom_7c91d232724f73626cc933bd95b25ff0\" >\r\n\t\t<div class=\"wpb_wrapper\">\r\n\t\t\t<div class=\"forminator-ui forminator-custom-form forminator-custom-form-6238 forminator-design--default forminator-custom forminator_ajax\" data-forminator-render=\"0\" data-form=\"forminator-module-6238\" data-uid=\"69f11703c515e\"><br\/><\/div><form\n\t\t\t\tid=\"forminator-module-6238\"\n\t\t\t\tclass=\"forminator-ui forminator-custom-form forminator-custom-form-6238 forminator-design--default forminator-custom forminator_ajax\"\n\t\t\t\tmethod=\"post\"\n\t\t\t\tdata-forminator-render=\"0\"\n\t\t\t\tdata-form-id=\"6238\"\n\t\t\t\tenctype=\"multipart\/form-data\" data-color-option=\"default\" data-design=\"default\" data-grid=\"custom\" style=\"display: none;\"\n\t\t\t\tdata-uid=\"69f11703c515e\" action=\"\"\n\t\t\t><div role=\"alert\" aria-live=\"polite\" class=\"forminator-response-message forminator-error\" aria-hidden=\"true\"><\/div><div class=\"forminator-row\"><div id=\"name-2\" class=\"forminator-field-name forminator-col forminator-col-6\"><div class=\"forminator-field\"><label for=\"forminator-field-name-2_69f11703c515e\" id=\"forminator-field-name-2_69f11703c515e-label\" class=\"forminator-label\">Voornaam <span class=\"forminator-required\">*<\/span><\/label><input type=\"text\" name=\"name-2\" value=\"\" placeholder=\"\" id=\"forminator-field-name-2_69f11703c515e\" class=\"forminator-input forminator-name--field\" aria-required=\"true\" autocomplete=\"name\" \/><\/div><\/div><div id=\"name-1\" class=\"forminator-field-name forminator-col forminator-col-6\"><div class=\"forminator-field\"><label for=\"forminator-field-name-1_69f11703c515e\" id=\"forminator-field-name-1_69f11703c515e-label\" class=\"forminator-label\">Achternaam <span class=\"forminator-required\">*<\/span><\/label><input type=\"text\" name=\"name-1\" value=\"\" placeholder=\"\" id=\"forminator-field-name-1_69f11703c515e\" class=\"forminator-input forminator-name--field\" aria-required=\"true\" autocomplete=\"name\" \/><\/div><\/div><\/div><div class=\"forminator-row\"><div id=\"email-1\" class=\"forminator-field-email forminator-col forminator-col-12\"><div class=\"forminator-field\"><label for=\"forminator-field-email-1_69f11703c515e\" id=\"forminator-field-email-1_69f11703c515e-label\" class=\"forminator-label\">E-mailadres <span class=\"forminator-required\">*<\/span><\/label><input type=\"email\" name=\"email-1\" value=\"\" placeholder=\"\" id=\"forminator-field-email-1_69f11703c515e\" class=\"forminator-input forminator-email--field\" data-required=\"1\" aria-required=\"true\" autocomplete=\"email\" \/><\/div><\/div><\/div><div class=\"forminator-row\"><div id=\"name-3\" class=\"forminator-field-name forminator-col forminator-col-12\"><div class=\"forminator-field\"><label for=\"forminator-field-name-3_69f11703c515e\" id=\"forminator-field-name-3_69f11703c515e-label\" class=\"forminator-label\">Bedrijfsnaam<\/label><input type=\"text\" name=\"name-3\" value=\"\" placeholder=\"\" id=\"forminator-field-name-3_69f11703c515e\" class=\"forminator-input forminator-name--field\" aria-required=\"false\" autocomplete=\"name\" \/><\/div><\/div><\/div><div class=\"forminator-row\"><div id=\"phone-1\" class=\"forminator-field-phone forminator-col forminator-col-12\"><div class=\"forminator-field\"><label for=\"forminator-field-phone-1_69f11703c515e\" id=\"forminator-field-phone-1_69f11703c515e-label\" class=\"forminator-label\">Telefoonnummer <span class=\"forminator-required\">*<\/span><\/label><input type=\"text\" name=\"phone-1\" value=\"\" placeholder=\"\" id=\"forminator-field-phone-1_69f11703c515e\" class=\"forminator-input forminator-field--phone\" data-required=\"1\" aria-required=\"true\" autocomplete=\"off\" \/><\/div><\/div><\/div><div class=\"forminator-row\"><div id=\"html-2\" class=\"forminator-field-html forminator-col forminator-col-12\"><div class=\"forminator-field forminator-merge-tags\" data-field=\"html-2\"><p><img loading=\"lazy\" decoding=\"async\" height=\"357\" width=\"450\" alt=\"\" src=\"https:\/\/shapesfightwear.com\/wp-content\/uploads\/2025\/08\/ShotsTypes.jpg\" class=\"alignleft wp-image-2272\"><\/p><\/div><\/div><\/div><div class=\"forminator-row\"><div id=\"checkbox-1\" class=\"forminator-field-checkbox forminator-col forminator-col-12\"><div role=\"group\" class=\"forminator-field required\" aria-labelledby=\"forminator-checkbox-group-forminator-field-checkbox-1-69f11703c515e-label\"><span id=\"forminator-checkbox-group-forminator-field-checkbox-1-69f11703c515e-label\" class=\"forminator-label\">Kort type <span class=\"forminator-required\">*<\/span><\/span><label id=\"forminator-field-checkbox-1-1-69f11703c515e-label\" for=\"forminator-field-checkbox-1-1-69f11703c515e\" class=\"forminator-checkbox\" title=\"A. Pro MMA Shorts\"><input type=\"checkbox\" name=\"checkbox-1[]\" value=\"a-pro-mma-shorts\" id=\"forminator-field-checkbox-1-1-69f11703c515e\" aria-labelledby=\"forminator-field-checkbox-1-1-69f11703c515e-label\" data-calculation=\"0\"  \/><span class=\"forminator-checkbox-box\" aria-hidden=\"true\"><\/span><span class=\"forminator-checkbox-label\">A. Pro MMA Shorts<\/span><\/label><label id=\"forminator-field-checkbox-1-2-69f11703c515e-label\" for=\"forminator-field-checkbox-1-2-69f11703c515e\" class=\"forminator-checkbox\" title=\"B. Vale Tudo Shorts\"><input type=\"checkbox\" name=\"checkbox-1[]\" value=\"b-vale-tudo-shorts\" id=\"forminator-field-checkbox-1-2-69f11703c515e\" aria-labelledby=\"forminator-field-checkbox-1-2-69f11703c515e-label\" data-calculation=\"0\"  \/><span class=\"forminator-checkbox-box\" aria-hidden=\"true\"><\/span><span class=\"forminator-checkbox-label\">B. Vale Tudo Shorts<\/span><\/label><label id=\"forminator-field-checkbox-1-3-69f11703c515e-label\" for=\"forminator-field-checkbox-1-3-69f11703c515e\" class=\"forminator-checkbox\" title=\"C. HWD Shorts\"><input type=\"checkbox\" name=\"checkbox-1[]\" value=\"c-hwd-shorts\" id=\"forminator-field-checkbox-1-3-69f11703c515e\" aria-labelledby=\"forminator-field-checkbox-1-3-69f11703c515e-label\" data-calculation=\"0\"  \/><span class=\"forminator-checkbox-box\" aria-hidden=\"true\"><\/span><span class=\"forminator-checkbox-label\">C. HWD Shorts<\/span><\/label><label id=\"forminator-field-checkbox-1-4-69f11703c515e-label\" for=\"forminator-field-checkbox-1-4-69f11703c515e\" class=\"forminator-checkbox\" title=\"D. Supreme Hybrid Shorts\"><input type=\"checkbox\" name=\"checkbox-1[]\" value=\"d-supreme-hybrid-shorts\" id=\"forminator-field-checkbox-1-4-69f11703c515e\" aria-labelledby=\"forminator-field-checkbox-1-4-69f11703c515e-label\" data-calculation=\"0\"  \/><span class=\"forminator-checkbox-box\" aria-hidden=\"true\"><\/span><span class=\"forminator-checkbox-label\">D. Supreme Hybrid Shorts<\/span><\/label><label id=\"forminator-field-checkbox-1-5-69f11703c515e-label\" for=\"forminator-field-checkbox-1-5-69f11703c515e\" class=\"forminator-checkbox\" title=\"E. Youth Elastic Shorts\"><input type=\"checkbox\" name=\"checkbox-1[]\" value=\"e-youth-elastic-shorts\" id=\"forminator-field-checkbox-1-5-69f11703c515e\" aria-labelledby=\"forminator-field-checkbox-1-5-69f11703c515e-label\" data-calculation=\"0\"  \/><span class=\"forminator-checkbox-box\" aria-hidden=\"true\"><\/span><span class=\"forminator-checkbox-label\">E. Youth Elastic Shorts<\/span><\/label><label id=\"forminator-field-checkbox-1-6-69f11703c515e-label\" for=\"forminator-field-checkbox-1-6-69f11703c515e\" class=\"forminator-checkbox\" title=\"F. Collab Shorts\"><input type=\"checkbox\" name=\"checkbox-1[]\" value=\"f-collab-shorts\" id=\"forminator-field-checkbox-1-6-69f11703c515e\" aria-labelledby=\"forminator-field-checkbox-1-6-69f11703c515e-label\" data-calculation=\"0\"  \/><span class=\"forminator-checkbox-box\" aria-hidden=\"true\"><\/span><span class=\"forminator-checkbox-label\">F. Collab Shorts<\/span><\/label><label id=\"forminator-field-checkbox-1-7-69f11703c515e-label\" for=\"forminator-field-checkbox-1-7-69f11703c515e\" class=\"forminator-checkbox\" title=\"G. Boss Shorts\"><input type=\"checkbox\" name=\"checkbox-1[]\" value=\"g-boss-shorts\" id=\"forminator-field-checkbox-1-7-69f11703c515e\" aria-labelledby=\"forminator-field-checkbox-1-7-69f11703c515e-label\" data-calculation=\"0\"  \/><span class=\"forminator-checkbox-box\" aria-hidden=\"true\"><\/span><span class=\"forminator-checkbox-label\">G. Boss Shorts<\/span><\/label><label id=\"forminator-field-checkbox-1-8-69f11703c515e-label\" for=\"forminator-field-checkbox-1-8-69f11703c515e\" class=\"forminator-checkbox\" title=\"H. CompLite Shorts\"><input type=\"checkbox\" name=\"checkbox-1[]\" value=\"h-complite-shorts\" id=\"forminator-field-checkbox-1-8-69f11703c515e\" aria-labelledby=\"forminator-field-checkbox-1-8-69f11703c515e-label\" data-calculation=\"0\"  \/><span class=\"forminator-checkbox-box\" aria-hidden=\"true\"><\/span><span class=\"forminator-checkbox-label\">H. CompLite Shorts<\/span><\/label><label id=\"forminator-field-checkbox-1-9-69f11703c515e-label\" for=\"forminator-field-checkbox-1-9-69f11703c515e\" class=\"forminator-checkbox\" title=\"I. CompTrainer Shorts\"><input type=\"checkbox\" name=\"checkbox-1[]\" value=\"i-comptrainer-shorts\" id=\"forminator-field-checkbox-1-9-69f11703c515e\" aria-labelledby=\"forminator-field-checkbox-1-9-69f11703c515e-label\" data-calculation=\"0\"  \/><span class=\"forminator-checkbox-box\" aria-hidden=\"true\"><\/span><span class=\"forminator-checkbox-label\">I. CompTrainer Shorts<\/span><\/label><label id=\"forminator-field-checkbox-1-10-69f11703c515e-label\" for=\"forminator-field-checkbox-1-10-69f11703c515e\" class=\"forminator-checkbox\" title=\"J. Compressieshorts voor dames\"><input type=\"checkbox\" name=\"checkbox-1[]\" value=\"j-womens-compression-shorts\" id=\"forminator-field-checkbox-1-10-69f11703c515e\" aria-labelledby=\"forminator-field-checkbox-1-10-69f11703c515e-label\" data-calculation=\"0\"  \/><span class=\"forminator-checkbox-box\" aria-hidden=\"true\"><\/span><span class=\"forminator-checkbox-label\">J. Compressieshorts voor dames<\/span><\/label><\/div><\/div><\/div><div class=\"forminator-row\"><div id=\"select-1\" class=\"forminator-field-select forminator-col forminator-col-12\"><div class=\"forminator-field\"><label for=\"forminator-form-6238__field--select-1_69f11703c515e\" id=\"forminator-form-6238__field--select-1_69f11703c515e-label\" class=\"forminator-label\">Geschatte hoeveelheid vechtshorts <span class=\"forminator-required\">*<\/span><\/label><select  id=\"forminator-form-6238__field--select-1_69f11703c515e\" class=\"forminator-select--field forminator-select2 forminator-select2-multiple\" data-required=\"1\" name=\"select-1\" data-default-value=\"\" data-placeholder=\"Please Select\" data-search=\"false\" data-search-placeholder=\"Please Select\" data-checkbox=\"false\" data-allow-clear=\"false\" aria-labelledby=\"forminator-form-6238__field--select-1_69f11703c515e-label\" aria-describedby=\"forminator-form-6238__field--select-1_69f11703c515e-description\"><option value=\"\"  >Selecteer<\/option><option value=\"15\"  data-calculation=\"0\">15<\/option><option value=\"1624\"  data-calculation=\"0\">16-24<\/option><option value=\"2549\"  data-calculation=\"0\">25-49<\/option><option value=\"5099\"  data-calculation=\"0\">50-99<\/option><option value=\"100\"  data-calculation=\"0\">100+<\/option><\/select><span id=\"forminator-form-6238__field--select-1_69f11703c515e-description\" class=\"forminator-description\">Geef ons een schatting van het aantal shorts dat u wilt bestellen. Selecteer de gewenste maat.<\/span><\/div><\/div><\/div><div class=\"forminator-row\"><div id=\"upload-1\" class=\"forminator-field-upload forminator-col forminator-col-12\"><div class=\"forminator-field\"><label for=\"forminator-field-upload-1_69f11703c515e\" id=\"forminator-field-upload-1_69f11703c515e-label\" class=\"forminator-label\">Upload je artwork - Fight Shorts<\/label><div class=\"forminator-multi-upload\" data-element=\"upload-1_69f11703c515e\" aria-describedby=\"forminator-field-upload-1_69f11703c515e-description\"><input type=\"file\" name=\"upload-1[]\" id=\"forminator-field-upload-1_69f11703c515e\" class=\"forminator-input-file forminator-field-upload-1_69f11703c515e-6238\" multiple=\"multiple\" data-method=\"ajax\" data-size=\"15000000\" data-size-message=\"Die maximale Dateigr\u00f6\u00dfe betr\u00e4gt 15 MB. \"><div class=\"forminator-multi-upload-message\" aria-hidden=\"true\"><span class=\"forminator-icon-upload\" aria-hidden=\"true\"><\/span><p>Drag &amp; Drop (oder) <a class=\"forminator-upload-file--forminator-field-upload-1_69f11703c515e\" href=\"#\" onclick=\"return false;\">W\u00e4hle Dateien<\/a><\/p><\/div><\/div><span id=\"forminator-field-upload-1_69f11703c515e-description\" class=\"forminator-description\">Upload de afbeelding\/het bestand met de beste kwaliteit. Voor vectorbestanden kunt u ons een e-mail sturen naar sales@mediumspringgreen-meerkat-571505.hostingersite.com met het bijgevoegde vectorbestand (.cdr, .ai, .eps, .svg, .pdf) of hieronder een bitmap-rasterbestand met hoge resolutie (.jpg, .png, .tiff) van minimaal 1000x1000 pixels bij 300 dpi.<\/span><ul class=\"forminator-uploaded-files upload-container-upload-1_69f11703c515e\"><\/ul><\/div><\/div><\/div><div class=\"forminator-row\"><div id=\"checkbox-2\" class=\"forminator-field-checkbox forminator-col forminator-col-12\"><div role=\"group\" class=\"forminator-field\" aria-labelledby=\"forminator-checkbox-group-forminator-field-checkbox-2-69f11703c515e-label\"><label id=\"forminator-field-checkbox-2-1-69f11703c515e-label\" for=\"forminator-field-checkbox-2-1-69f11703c515e\" class=\"forminator-checkbox\" title=\"Ik heb GEEN artwork en ik heb hulp nodig met grafisch\/kunstzinnig ontwerp\"><input type=\"checkbox\" name=\"checkbox-2[]\" value=\"i-dont-have-the-artwork-and-i-need-graphicart-design-help\" id=\"forminator-field-checkbox-2-1-69f11703c515e\" aria-labelledby=\"forminator-field-checkbox-2-1-69f11703c515e-label\" data-calculation=\"0\"  \/><span class=\"forminator-checkbox-box\" aria-hidden=\"true\"><\/span><span class=\"forminator-checkbox-label\">Ik heb GEEN artwork en ik heb hulp nodig met grafisch\/kunstzinnig ontwerp<\/span><\/label><\/div><\/div><\/div><div class=\"forminator-row\"><div id=\"section-1\" class=\"forminator-field-section forminator-col forminator-col-12\"><div class=\"forminator-field\"><h2 class=\"forminator-title\">Ontwerpinstructies<\/h2><\/div><\/div><\/div><div class=\"forminator-row\"><div id=\"textarea-1\" class=\"forminator-field-textarea forminator-col forminator-col-12\"><div class=\"forminator-field\"><label for=\"forminator-field-textarea-1_69f11703c515e\" id=\"forminator-field-textarea-1_69f11703c515e-label\" class=\"forminator-label\">Fight Shorts Color(s) <span class=\"forminator-required\">*<\/span><\/label><textarea name=\"textarea-1\" placeholder=\"Zwart (primair), rood (secundair)\" id=\"forminator-field-textarea-1_69f11703c515e\" class=\"forminator-textarea\" rows=\"6\" style=\"--forminator-textarea-min-height:70px;\" aria-describedby=\"forminator-field-textarea-1_69f11703c515e-description\" ><\/textarea><span id=\"forminator-field-textarea-1_69f11703c515e-description\" class=\"forminator-description\">Het korte model is gebaseerd op onze standaardpatronen, waarvan u de verschillende modellen hierboven kunt bekijken. Dit geldt alleen voor het naaipatroon en de snit. De rest van de shorts kan naar wens worden aangepast.<\/span><\/div><\/div><\/div><div class=\"forminator-row\"><div id=\"textarea-2\" class=\"forminator-field-textarea forminator-col forminator-col-6\"><div class=\"forminator-field\"><label for=\"forminator-field-textarea-2_69f11703c515e\" id=\"forminator-field-textarea-2_69f11703c515e-label\" class=\"forminator-label\">Ontwerpinstructies - Voorkant van shorts<\/label><textarea name=\"textarea-2\" placeholder=\"logo op linker voorbeen\" id=\"forminator-field-textarea-2_69f11703c515e\" class=\"forminator-textarea\" rows=\"6\" style=\"--forminator-textarea-min-height:70px;\" ><\/textarea><\/div><\/div><div id=\"textarea-3\" class=\"forminator-field-textarea forminator-col forminator-col-6\"><div class=\"forminator-field\"><label for=\"forminator-field-textarea-3_69f11703c515e\" id=\"forminator-field-textarea-3_69f11703c515e-label\" class=\"forminator-label\">Ontwerpinstructies - achterkant van shorts<\/label><textarea name=\"textarea-3\" placeholder=\"logo op de achterkant rechts laat\" id=\"forminator-field-textarea-3_69f11703c515e\" class=\"forminator-textarea\" rows=\"6\" style=\"--forminator-textarea-min-height:70px;\" ><\/textarea><\/div><\/div><\/div><div class=\"forminator-row\"><div id=\"textarea-4\" class=\"forminator-field-textarea forminator-col forminator-col-6\"><div class=\"forminator-field\"><label for=\"forminator-field-textarea-4_69f11703c515e\" id=\"forminator-field-textarea-4_69f11703c515e-label\" class=\"forminator-label\">Ontwerpinstructies - Tailleband voor shorts<\/label><textarea name=\"textarea-4\" placeholder=\"Tailleband Geel\" id=\"forminator-field-textarea-4_69f11703c515e\" class=\"forminator-textarea\" rows=\"6\" style=\"--forminator-textarea-min-height:70px;\" ><\/textarea><\/div><\/div><div id=\"textarea-5\" class=\"forminator-field-textarea forminator-col forminator-col-6\"><div class=\"forminator-field\"><label for=\"forminator-field-textarea-5_69f11703c515e\" id=\"forminator-field-textarea-5_69f11703c515e-label\" class=\"forminator-label\">Ontwerpinstructies - Zijpanelen (indien van toepassing)<\/label><textarea name=\"textarea-5\" placeholder=\"academienaam horizontaal in beide zijpanelen\" id=\"forminator-field-textarea-5_69f11703c515e\" class=\"forminator-textarea\" rows=\"6\" style=\"--forminator-textarea-min-height:70px;\" ><\/textarea><\/div><\/div><\/div><div class=\"forminator-row\"><div id=\"textarea-6\" class=\"forminator-field-textarea forminator-col forminator-col-12\"><div class=\"forminator-field\"><label for=\"forminator-field-textarea-6_69f11703c515e\" id=\"forminator-field-textarea-6_69f11703c515e-label\" class=\"forminator-label\">Aanvullende ontwerpinstructies - Fight Shorts <span class=\"forminator-required\">*<\/span><\/label><textarea name=\"textarea-6\" placeholder=\"herhalend spookpatroon op de achtergrond dat zich om de voor- en achterkant van de korte broek wikkelt\" id=\"forminator-field-textarea-6_69f11703c515e\" class=\"forminator-textarea\" rows=\"6\" style=\"--forminator-textarea-min-height:70px;\" aria-describedby=\"forminator-field-textarea-6_69f11703c515e-description\" ><\/textarea><span id=\"forminator-field-textarea-6_69f11703c515e-description\" class=\"forminator-description\">Alle andere ontwerpinstructies waarvan u denkt dat we die nodig hebben voor uw verzoek.<\/span><\/div><\/div><\/div><div class=\"forminator-row\"><div id=\"captcha-1\" class=\"forminator-field-captcha forminator-col forminator-col-12\"><div class=\"forminator-captcha-left forminator-g-recaptcha recaptcha-invisible\" data-theme=\"light\" data-badge=\"inline\" data-sitekey=\"6LdV2tIrAAAAAFw0llFHDM5B-U4rGXC5wUBZc73K\" data-size=\"invisible\"><\/div> <\/div><\/div><input type=\"hidden\" name=\"referer_url\" value=\"\" \/><div class=\"forminator-row forminator-row-last\"><div class=\"forminator-col\"><div class=\"forminator-field\"><button class=\"forminator-button forminator-button-submit\">Indienen<\/button><\/div><\/div><\/div><input type=\"hidden\" id=\"forminator_nonce\" name=\"forminator_nonce\" value=\"df8f1918f6\" \/><input type=\"hidden\" name=\"_wp_http_referer\" value=\"\/de\/wp-json\/wp\/v2\/pages\/47486\" \/><input type=\"hidden\" name=\"form_id\" value=\"6238\"><input type=\"hidden\" name=\"page_id\" value=\"47486\"><input type=\"hidden\" name=\"form_type\" value=\"default\"><input type=\"hidden\" name=\"current_url\" value=\"https:\/\/shapesfightwear.com\/de\/custom-gear\/aangepaste-bjj-uitrusting\/op-maat-gemaakte-worstelshorts\/\"><input type=\"hidden\" name=\"render_id\" value=\"0\"><input type=\"hidden\" name=\"forminator-multifile-hidden\" class=\"forminator-multifile-hidden\"><input type=\"hidden\" name=\"action\" value=\"forminator_submit_form_custom-forms\"><input type=\"hidden\" name=\"trp-form-language\" value=\"de\"\/><\/form>\n\r\n\t\t<\/div>\r\n\t<\/div>\r\n<\/div><\/div><div class=\"vc_column_container col-md-2\"><div class=\"wpb_wrapper vc_column-inner\"><\/div><\/div><\/div><div class=\"vc_row wpb_row row top-row wpb_custom_034b39d9bc6c6b310d69e39f0ccf274f\"><div class=\"vc_column_container col-md-12\"><div class=\"wpb_wrapper vc_column-inner\"><div class=\"vc_empty_space\"   style=\"height: 32px\"><span class=\"vc_empty_space_inner\"><\/span><\/div><\/div><\/div><\/div><div class=\"vc_row wpb_row row top-row wpb_custom_034b39d9bc6c6b310d69e39f0ccf274f\"><div class=\"vc_column_container col-md-12\"><div class=\"wpb_wrapper vc_column-inner\"><section class=\"vc_do_toggle toggle\"><label>Aufklappelement Titel<\/label><div class=\"toggle-content\"><p>Toggle content goes here, click edit button to change this text.<\/p>\n<\/div><\/section><\/div><\/div><\/div>\n<\/div>","protected":false},"excerpt":{"rendered":"Custom Grappling Shorts Our dye sublimated cut &amp; sew Custom Grappling Shorts can bring to live any of your design ideas with a low min of 15 units and a short production time averaging 3-4 weeks. Let your imagination flow and create truly custom BJJ Shorts for your &gt;Distribution Business, &gt;Club or Brand &gt;MMA Gym, [...]","protected":false},"author":2,"featured_media":0,"parent":49578,"menu_order":0,"comment_status":"closed","ping_status":"closed","template":"","meta":{"footnotes":""},"class_list":["post-47486","page","type-page","status-publish","hentry"],"_links":{"self":[{"href":"https:\/\/shapesfightwear.com\/de\/wp-json\/wp\/v2\/pages\/47486","targetHints":{"allow":["GET"]}}],"collection":[{"href":"https:\/\/shapesfightwear.com\/de\/wp-json\/wp\/v2\/pages"}],"about":[{"href":"https:\/\/shapesfightwear.com\/de\/wp-json\/wp\/v2\/types\/page"}],"author":[{"embeddable":true,"href":"https:\/\/shapesfightwear.com\/de\/wp-json\/wp\/v2\/users\/2"}],"replies":[{"embeddable":true,"href":"https:\/\/shapesfightwear.com\/de\/wp-json\/wp\/v2\/comments?post=47486"}],"version-history":[{"count":8,"href":"https:\/\/shapesfightwear.com\/de\/wp-json\/wp\/v2\/pages\/47486\/revisions"}],"predecessor-version":[{"id":50336,"href":"https:\/\/shapesfightwear.com\/de\/wp-json\/wp\/v2\/pages\/47486\/revisions\/50336"}],"up":[{"embeddable":true,"href":"https:\/\/shapesfightwear.com\/de\/wp-json\/wp\/v2\/pages\/49578"}],"wp:attachment":[{"href":"https:\/\/shapesfightwear.com\/de\/wp-json\/wp\/v2\/media?parent=47486"}],"curies":[{"name":"wp","href":"https:\/\/api.w.org\/{rel}","templated":true}]}}