{"id":47603,"date":"2025-08-24T17:21:58","date_gmt":"2025-08-24T17:21:58","guid":{"rendered":"https:\/\/mediumspringgreen-meerkat-571505.hostingersite.com\/?page_id=47603"},"modified":"2025-09-26T18:52:04","modified_gmt":"2025-09-26T18:52:04","slug":"shipping","status":"publish","type":"page","link":"https:\/\/shapesfightwear.com\/de\/shipping\/","title":{"rendered":"SHIPPING &#038; DELIVERY TIME"},"content":{"rendered":"<div class=\"wpb-content-wrapper\"><div class=\"vc_row wpb_row row top-row wpb_custom_034b39d9bc6c6b310d69e39f0ccf274f\"><div class=\"vc_column_container col-md-12\"><div class=\"wpb_wrapper vc_column-inner\"><h5 style=\"font-size: 22px;color: #000000;text-align: center;font-family:Josefin Sans;font-weight:700;font-style:normal\" class=\"vc_custom_heading vc_do_custom_heading wpb_custom_aa365bd5046e8294520b4e73732b9d15\" >VERZENDING &amp; LEVERTIJD<\/h5><\/div><\/div><\/div><div class=\"vc_row wpb_row row top-row wpb_custom_034b39d9bc6c6b310d69e39f0ccf274f\"><div class=\"vc_column_container col-md-12\"><div class=\"wpb_wrapper vc_column-inner\"><div class=\"porto-separator\"><hr class=\"separator-line  wpb_content_element align_center\" style=\"background-image: -webkit-linear-gradient(left, transparent, #dd3333, transparent); background-image: linear-gradient(to right, transparent, #dd3333, transparent);\"><\/div><\/div><\/div><\/div><div class=\"vc_row wpb_row row top-row wpb_custom_034b39d9bc6c6b310d69e39f0ccf274f\"><div class=\"vc_column_container col-md-12\"><div class=\"wpb_wrapper vc_column-inner\">\r\n\t<div class=\"wpb_text_column wpb_content_element wpb_custom_7c91d232724f73626cc933bd95b25ff0\" >\r\n\t\t<div class=\"wpb_wrapper\">\r\n\t\t\t<p>Shapes Fightwear verzendt wereldwijd met zeer betaalbare verzendkosten. Op maat gemaakte producten worden wereldwijd individueel en direct na voltooiing van de productie rechtstreeks vanuit onze productiefaciliteiten verzonden, en ready-to-wear artikelen worden vanuit het hoofdmagazijn in Pakistan bij de klant afgeleverd. We verwerken en verzenden bestellingen op reguliere werkdagen (ma-za), met uitzondering van nationale feestdagen in Pakistan.<\/p>\n<p><span class=\"trem-doc-gr\"><strong><span style=\"color: #000000;\">Internationale verzending<\/span><br \/>\n<\/strong><\/span>We verzenden bestellingen vanuit Pakistan naar vrijwel elk adres ter wereld. Sterker nog, we hebben vaste klanten over de hele wereld en verzenden dagelijks wereldwijd. Hieronder vindt u een lijst met landen waarnaar we momenteel verzenden.<\/p>\n<p><span class=\"trem-doc212\" style=\"color: #800000;\"><strong>NOORD-\/CENTRAAL-\/ZUID-AMERIKA + CARIBISCH GEBIED<\/strong><\/span><strong><br \/>\n<\/strong>Argentini\u00eb, Brazili\u00eb, Canada, Chili, Colombia, Mexico, Verenigde Staten<br \/>\n<span class=\"trem-doc212\"><strong><span class=\"trem-doc212\" style=\"color: #800000;\">EUROPE<\/span><br \/>\n<\/strong><\/span>Oostenrijk, Belgi\u00eb, Bulgarije, Canarische Eilanden, Cyprus, Tsjechi\u00eb, Denemarken, Finland, Frankrijk, Duitsland, Griekenland, Hongarije, Ierland, Itali\u00eb, Luxemburg, Nederland, Noorwegen, Polen, Portugal, Roemeni\u00eb, Rusland, Schotland, Slowakije, Spanje, Zweden, Zwitserland, Verenigd Koninkrijk<br \/>\n<span class=\"trem-doc1\"><strong><span class=\"trem-doc212\" style=\"color: #800000;\">ASIA<\/span><br \/>\n<\/strong><\/span>Brunei China,\u00a0Hong Kong, India,\u00a0Indonesia,\u00a0Japan,\u00a0Macao,\u00a0Malaysia, Philippines,\u00a0Singapore,\u00a0South Korea,\u00a0Taiwan,\u00a0Thailand,\u00a0Vietnam<br \/>\n<span class=\"trem-doc212\" style=\"color: #800000;\"><strong>OCEANIA<\/strong><\/span><br \/>\nAustralia,\u00a0New Zealand<br \/>\n<strong><span class=\"trem-doc212\" style=\"color: #800000;\">MIDDLE EAST<\/span><br \/>\n<\/strong>Bahrain, Kuwait, Oman, Qatar,\u00a0Saudi Arabia,\u00a0Turkey,\u00a0United Arab Emirates<span class=\"trem-doc1\"><br \/>\n<strong><span class=\"trem-doc212\" style=\"color: #800000;\">AFRICA<\/span><\/strong><\/span><strong><br \/>\n<\/strong>South Africa, Kenya<span class=\"trem-doc1\"><br \/>\n<em><br \/>\n<\/em><\/span><em>Kunt u uw land niet vinden?\u00a0<a href=\"mailto:info@shapesfightwear.com\"><span class=\"style4\">Neem contact op met ons supportteam.<\/span><\/a><\/em><strong class=\"trem-doc-gr\"><br \/>\n<\/strong><\/p>\n<p><strong class=\"trem-doc-gr\"><span style=\"color: #000000;\">Verzending volgen<\/span><br \/>\n<\/strong>Zodra uw bestelling is verwerkt en verzonden, ontvangt u een bevestigingsmail van Shapes Fightwear met een trackingnummer. U kunt uw bestelling volgen tot 24 uur na verzending.<\/p>\n<p><strong class=\"trem-doc-gr\"><span style=\"color: #000000;\">Verzendkosten berekenen<\/span><br \/>\n<\/strong>Het is heel eenvoudig om de exacte verzendkosten voor uw bestelling te berekenen: voeg eenvoudigweg de gewenste artikelen toe aan het winkelwagentje en klik op \"Verzendkosten schatten\". U kunt zo vaak artikelen toevoegen en verwijderen als nodig is voordat u naar de kassa gaat.<\/p>\n<p>De verzendkosten voor veel artikelen die wij verkopen, zijn gebaseerd op gewicht. Ons systeem berekent de verzendkosten op basis van het totale gewicht van uw bestelde producten. Zo profiteert u automatisch van gecombineerde verzendkortingen.<\/p>\n<p><strong class=\"trem-doc-gr\"><span style=\"color: #000000;\">Afgelegen gebied<\/span><br \/>\n<\/strong>De rederijen kunnen een toeslag in rekening brengen voor bezorging in afgelegen gebieden, gebieden buiten de bezorgzone of op minder toegankelijke locaties. Er kan een extra factuur aan de klant worden gestuurd om deze extra Kosten te innen.<\/p>\n<p><strong class=\"trem-doc-gr\"><span style=\"color: #000000;\">Verzendmethoden<\/span><br \/>\n<\/strong>We maken gebruik van verschillende verzenddiensten (DHL, UPS). We geven alleen de voorkeur aan de snelste, goedkoopste en traceerbaarste vervoerders voor uw zone\/regio. Dit doen we door continu de beste tarieven en beste dienstverleners op de markt te volgen en deze tarieven vervolgens in ons verzendsysteem te verwerken.<\/p>\n<p>Wij bevelen de verzenddiensten die onze tarieven hebben geselecteerd en in ons systeem hebben opgenomen, van harte aan. We hebben met deze diensten lage tarieven onderhandeld en bieden momenteel de beste prijzen.<\/p>\n\r\n\t\t<\/div>\r\n\t<\/div>\r\n<\/div><\/div><\/div><div class=\"vc_row wpb_row row top-row wpb_custom_034b39d9bc6c6b310d69e39f0ccf274f\"><div class=\"vc_column_container col-md-12\"><div class=\"wpb_wrapper vc_column-inner\"><div class=\"vc_empty_space\"   style=\"height: 32px\"><span class=\"vc_empty_space_inner\"><\/span><\/div><\/div><\/div><\/div>\n<\/div>","protected":false},"excerpt":{"rendered":"SHIPPING & DELIVERY TIME Shapes Fightwear ships anywhere in the world with very affordable shipping rates. Custom Made Products shipped worldwide individually and immediately upon production completion, directly from our production facilities and Ready to Wear items from the main warehouse in Pakistan to the customer's door. We process and dispatch orders on regular business [...]","protected":false},"author":2,"featured_media":0,"parent":0,"menu_order":0,"comment_status":"closed","ping_status":"closed","template":"","meta":{"footnotes":""},"class_list":["post-47603","page","type-page","status-publish","hentry"],"_links":{"self":[{"href":"https:\/\/shapesfightwear.com\/de\/wp-json\/wp\/v2\/pages\/47603","targetHints":{"allow":["GET"]}}],"collection":[{"href":"https:\/\/shapesfightwear.com\/de\/wp-json\/wp\/v2\/pages"}],"about":[{"href":"https:\/\/shapesfightwear.com\/de\/wp-json\/wp\/v2\/types\/page"}],"author":[{"embeddable":true,"href":"https:\/\/shapesfightwear.com\/de\/wp-json\/wp\/v2\/users\/2"}],"replies":[{"embeddable":true,"href":"https:\/\/shapesfightwear.com\/de\/wp-json\/wp\/v2\/comments?post=47603"}],"version-history":[{"count":3,"href":"https:\/\/shapesfightwear.com\/de\/wp-json\/wp\/v2\/pages\/47603\/revisions"}],"predecessor-version":[{"id":48861,"href":"https:\/\/shapesfightwear.com\/de\/wp-json\/wp\/v2\/pages\/47603\/revisions\/48861"}],"wp:attachment":[{"href":"https:\/\/shapesfightwear.com\/de\/wp-json\/wp\/v2\/media?parent=47603"}],"curies":[{"name":"wp","href":"https:\/\/api.w.org\/{rel}","templated":true}]}}