{"id":48680,"date":"2025-08-26T13:27:44","date_gmt":"2025-08-26T13:27:44","guid":{"rendered":"https:\/\/mediumspringgreen-meerkat-571505.hostingersite.com\/?page_id=48680"},"modified":"2025-10-13T16:37:23","modified_gmt":"2025-10-13T16:37:23","slug":"academy-store-form","status":"publish","type":"page","link":"https:\/\/shapesfightwear.com\/de\/academy-store-form\/","title":{"rendered":"Academy Webstore Form"},"content":{"rendered":"<div class=\"wpb-content-wrapper\"><div class=\"vc_row wpb_row row top-row wpb_custom_034b39d9bc6c6b310d69e39f0ccf274f\"><div class=\"vc_column_container col-md-12\"><div class=\"wpb_wrapper vc_column-inner\">\r\n\t<div class=\"wpb_single_image wpb_content_element vc_align_center wpb_content_element  wpb_custom_81a4f7ef9830bf958462581aa01150fb\"><div class=\"wpb_wrapper\">\r\n\t\t\t\r\n\t\t\t<div class=\"vc_single_image-wrapper   vc_box_border_grey\"><img decoding=\"async\" class=\"vc_single_image-img\" src=\"https:\/\/shapesfightwear.com\/wp-content\/uploads\/2025\/08\/Shapes-Custom-Logo.png\" width=\"161\" height=\"180\" alt=\"Shapes-Custom-Logo\" title=\"Shapes-Custom-Logo\" loading=\"lazy\" \/><\/div>\r\n\t\t<\/div>\r\n\t<\/div>\r\n<h2 style=\"font-size: 35px;color: #000000;text-align: center;font-family:Roboto;font-weight:900;font-style:normal\" class=\"vc_custom_heading vc_do_custom_heading wpb_custom_aa365bd5046e8294520b4e73732b9d15\" >ACADEMIE WESTORE AANVRAAGFORMULIER<\/h2><div class=\"vc_empty_space\"   style=\"height: 32px\"><span class=\"vc_empty_space_inner\"><\/span><\/div><\/div><\/div><\/div><div class=\"vc_row wpb_row row top-row wpb_custom_034b39d9bc6c6b310d69e39f0ccf274f\"><div class=\"vc_column_container col-md-2\"><div class=\"wpb_wrapper vc_column-inner\"><\/div><\/div><div class=\"vc_column_container col-md-8\"><div class=\"wpb_wrapper vc_column-inner\">\r\n\t<div class=\"wpb_text_column wpb_content_element wpb_custom_7c91d232724f73626cc933bd95b25ff0\" >\r\n\t\t<div class=\"wpb_wrapper\">\r\n\t\t\t<div class=\"forminator-ui forminator-custom-form forminator-custom-form-6178 forminator-design--default forminator-custom forminator_ajax\" data-forminator-render=\"0\" data-form=\"forminator-module-6178\" data-uid=\"69f98fb25d636\"><br\/><\/div><form\n\t\t\t\tid=\"forminator-module-6178\"\n\t\t\t\tclass=\"forminator-ui forminator-custom-form forminator-custom-form-6178 forminator-design--default forminator-custom forminator_ajax\"\n\t\t\t\tmethod=\"post\"\n\t\t\t\tdata-forminator-render=\"0\"\n\t\t\t\tdata-form-id=\"6178\"\n\t\t\t\tenctype=\"multipart\/form-data\" data-color-option=\"default\" data-design=\"default\" data-grid=\"custom\" style=\"display: none;\"\n\t\t\t\tdata-uid=\"69f98fb25d636\" action=\"\"\n\t\t\t><div role=\"alert\" aria-live=\"polite\" class=\"forminator-response-message forminator-error\" aria-hidden=\"true\"><\/div><div class=\"forminator-row\"><div id=\"name-2\" class=\"forminator-field-name forminator-col forminator-col-6\"><div class=\"forminator-field\"><label for=\"forminator-field-name-2_69f98fb25d636\" id=\"forminator-field-name-2_69f98fb25d636-label\" class=\"forminator-label\">Naam <span class=\"forminator-required\">*<\/span><\/label><input type=\"text\" name=\"name-2\" value=\"\" placeholder=\"\" id=\"forminator-field-name-2_69f98fb25d636\" class=\"forminator-input forminator-name--field\" aria-required=\"true\" autocomplete=\"name\" \/><\/div><\/div><div id=\"name-4\" class=\"forminator-field-name forminator-col forminator-col-6\"><div class=\"forminator-field\"><label for=\"forminator-field-name-4_69f98fb25d636\" id=\"forminator-field-name-4_69f98fb25d636-label\" class=\"forminator-label\">Land <span class=\"forminator-required\">*<\/span><\/label><input type=\"text\" name=\"name-4\" value=\"\" placeholder=\"\" id=\"forminator-field-name-4_69f98fb25d636\" class=\"forminator-input forminator-name--field\" aria-required=\"true\" autocomplete=\"name\" \/><\/div><\/div><\/div><div class=\"forminator-row\"><div id=\"email-1\" class=\"forminator-field-email forminator-col forminator-col-12\"><div class=\"forminator-field\"><label for=\"forminator-field-email-1_69f98fb25d636\" id=\"forminator-field-email-1_69f98fb25d636-label\" class=\"forminator-label\">E-mailadres <span class=\"forminator-required\">*<\/span><\/label><input type=\"email\" name=\"email-1\" value=\"\" placeholder=\"\" id=\"forminator-field-email-1_69f98fb25d636\" class=\"forminator-input forminator-email--field\" data-required=\"1\" aria-required=\"true\" autocomplete=\"email\" \/><\/div><\/div><\/div><div class=\"forminator-row\"><div id=\"select-1\" class=\"forminator-field-select forminator-col forminator-col-6\"><div class=\"forminator-field\"><label for=\"forminator-form-6178__field--select-1_69f98fb25d636\" id=\"forminator-form-6178__field--select-1_69f98fb25d636-label\" class=\"forminator-label\">Ik kom uit een: <span class=\"forminator-required\">*<\/span><\/label><select  id=\"forminator-form-6178__field--select-1_69f98fb25d636\" class=\"forminator-select--field forminator-select2 forminator-select2-multiple\" data-required=\"1\" name=\"select-1\" data-default-value=\"\" data-placeholder=\"Bitte w\u00e4hle eine Option aus\" data-search=\"false\" data-search-placeholder=\"Bitte w\u00e4hle eine Option aus\" data-checkbox=\"false\" data-allow-clear=\"false\" aria-labelledby=\"forminator-form-6178__field--select-1_69f98fb25d636-label\"><option value=\"\"  >Bitte w\u00e4hle eine Option aus<\/option><option value=\"club\"  data-calculation=\"0\">Club<\/option><option value=\"school\"  data-calculation=\"0\">School<\/option><option value=\"corporate\"  data-calculation=\"0\">Zakelijk<\/option><option value=\"brand\"  data-calculation=\"0\">Merk<\/option><option value=\"shop-owner\"  data-calculation=\"0\">Winkeleigenaar<\/option><option value=\"other\"  data-calculation=\"0\">Ander<\/option><\/select><\/div><\/div><div id=\"name-3\" class=\"forminator-field-name forminator-col forminator-col-6\"><div class=\"forminator-field\"><label for=\"forminator-field-name-3_69f98fb25d636\" id=\"forminator-field-name-3_69f98fb25d636-label\" class=\"forminator-label\">Naam <span class=\"forminator-required\">*<\/span><\/label><input type=\"text\" name=\"name-3\" value=\"\" placeholder=\"Naam van club, school, bedrijf, merk, winkelnaam\" id=\"forminator-field-name-3_69f98fb25d636\" class=\"forminator-input forminator-name--field\" aria-required=\"true\" autocomplete=\"name\" \/><\/div><\/div><\/div><div class=\"forminator-row\"><div id=\"html-1\" class=\"forminator-field-html forminator-col forminator-col-12\"><div class=\"forminator-field forminator-merge-tags\" data-field=\"html-1\"><p style=\"font-size: 16px\"><span style=\"color: #993300\"><strong>In welk type producten bent u ge\u00efnteresseerd? (Selecteer alle van toepassing zijnde opties)<\/strong><\/span><\/p><\/div><\/div><\/div><div class=\"forminator-row\"><div id=\"checkbox-1\" class=\"forminator-field-checkbox forminator-col forminator-col-12\"><div role=\"group\" class=\"forminator-field required\" aria-labelledby=\"forminator-checkbox-group-forminator-field-checkbox-1-69f98fb25d636-label\"><label id=\"forminator-field-checkbox-1-1-69f98fb25d636-label\" for=\"forminator-field-checkbox-1-1-69f98fb25d636\" class=\"forminator-checkbox forminator-checkbox-inline\" title=\"Gis \/ Kimonos\"><input type=\"checkbox\" name=\"checkbox-1[]\" value=\"gis---kimonos\" id=\"forminator-field-checkbox-1-1-69f98fb25d636\" aria-labelledby=\"forminator-field-checkbox-1-1-69f98fb25d636-label\" data-calculation=\"0\"  \/><span class=\"forminator-checkbox-box\" aria-hidden=\"true\"><\/span><span class=\"forminator-checkbox-label\">Gis \/ Kimonos<\/span><\/label><label id=\"forminator-field-checkbox-1-2-69f98fb25d636-label\" for=\"forminator-field-checkbox-1-2-69f98fb25d636\" class=\"forminator-checkbox forminator-checkbox-inline\" title=\"Rashguards\"><input type=\"checkbox\" name=\"checkbox-1[]\" value=\"rashguards\" id=\"forminator-field-checkbox-1-2-69f98fb25d636\" aria-labelledby=\"forminator-field-checkbox-1-2-69f98fb25d636-label\" data-calculation=\"0\"  \/><span class=\"forminator-checkbox-box\" aria-hidden=\"true\"><\/span><span class=\"forminator-checkbox-label\">Rashguards<\/span><\/label><label id=\"forminator-field-checkbox-1-3-69f98fb25d636-label\" for=\"forminator-field-checkbox-1-3-69f98fb25d636\" class=\"forminator-checkbox forminator-checkbox-inline\" title=\"Spats \/ Leggings\"><input type=\"checkbox\" name=\"checkbox-1[]\" value=\"spats---leggings\" id=\"forminator-field-checkbox-1-3-69f98fb25d636\" aria-labelledby=\"forminator-field-checkbox-1-3-69f98fb25d636-label\" data-calculation=\"0\"  \/><span class=\"forminator-checkbox-box\" aria-hidden=\"true\"><\/span><span class=\"forminator-checkbox-label\">Spats \/ Leggings<\/span><\/label><label id=\"forminator-field-checkbox-1-4-69f98fb25d636-label\" for=\"forminator-field-checkbox-1-4-69f98fb25d636\" class=\"forminator-checkbox forminator-checkbox-inline\" title=\"Fight Shorts\"><input type=\"checkbox\" name=\"checkbox-1[]\" value=\"fight-shorts\" id=\"forminator-field-checkbox-1-4-69f98fb25d636\" aria-labelledby=\"forminator-field-checkbox-1-4-69f98fb25d636-label\" data-calculation=\"0\"  \/><span class=\"forminator-checkbox-box\" aria-hidden=\"true\"><\/span><span class=\"forminator-checkbox-label\">Fight Shorts<\/span><\/label><label id=\"forminator-field-checkbox-1-5-69f98fb25d636-label\" for=\"forminator-field-checkbox-1-5-69f98fb25d636\" class=\"forminator-checkbox forminator-checkbox-inline\" title=\"Grappling Shorts\"><input type=\"checkbox\" name=\"checkbox-1[]\" value=\"grappling-shorts\" id=\"forminator-field-checkbox-1-5-69f98fb25d636\" aria-labelledby=\"forminator-field-checkbox-1-5-69f98fb25d636-label\" data-calculation=\"0\"  \/><span class=\"forminator-checkbox-box\" aria-hidden=\"true\"><\/span><span class=\"forminator-checkbox-label\">Grappling Shorts<\/span><\/label><label id=\"forminator-field-checkbox-1-6-69f98fb25d636-label\" for=\"forminator-field-checkbox-1-6-69f98fb25d636\" class=\"forminator-checkbox forminator-checkbox-inline\" title=\"Muay Thai \/ Kickboxing Shorts\"><input type=\"checkbox\" name=\"checkbox-1[]\" value=\"muay-thai---kickboxing-shorts\" id=\"forminator-field-checkbox-1-6-69f98fb25d636\" aria-labelledby=\"forminator-field-checkbox-1-6-69f98fb25d636-label\" data-calculation=\"0\"  \/><span class=\"forminator-checkbox-box\" aria-hidden=\"true\"><\/span><span class=\"forminator-checkbox-label\">Muay Thai \/ Kickboxing Shorts<\/span><\/label><label id=\"forminator-field-checkbox-1-7-69f98fb25d636-label\" for=\"forminator-field-checkbox-1-7-69f98fb25d636\" class=\"forminator-checkbox forminator-checkbox-inline\" title=\"Vale Tudo \/ Compression Shorts\"><input type=\"checkbox\" name=\"checkbox-1[]\" value=\"vale-tudo---compression-shorts\" id=\"forminator-field-checkbox-1-7-69f98fb25d636\" aria-labelledby=\"forminator-field-checkbox-1-7-69f98fb25d636-label\" data-calculation=\"0\"  \/><span class=\"forminator-checkbox-box\" aria-hidden=\"true\"><\/span><span class=\"forminator-checkbox-label\">Vale Tudo \/ Compression Shorts<\/span><\/label><label id=\"forminator-field-checkbox-1-8-69f98fb25d636-label\" for=\"forminator-field-checkbox-1-8-69f98fb25d636\" class=\"forminator-checkbox forminator-checkbox-inline\" title=\"T-Shirts\"><input type=\"checkbox\" name=\"checkbox-1[]\" value=\"t-shirts\" id=\"forminator-field-checkbox-1-8-69f98fb25d636\" aria-labelledby=\"forminator-field-checkbox-1-8-69f98fb25d636-label\" data-calculation=\"0\"  \/><span class=\"forminator-checkbox-box\" aria-hidden=\"true\"><\/span><span class=\"forminator-checkbox-label\">T-Shirts<\/span><\/label><label id=\"forminator-field-checkbox-1-9-69f98fb25d636-label\" for=\"forminator-field-checkbox-1-9-69f98fb25d636\" class=\"forminator-checkbox forminator-checkbox-inline\" title=\"Tank Tops\"><input type=\"checkbox\" name=\"checkbox-1[]\" value=\"tank-tops\" id=\"forminator-field-checkbox-1-9-69f98fb25d636\" aria-labelledby=\"forminator-field-checkbox-1-9-69f98fb25d636-label\" data-calculation=\"0\"  \/><span class=\"forminator-checkbox-box\" aria-hidden=\"true\"><\/span><span class=\"forminator-checkbox-label\">Tank Tops<\/span><\/label><label id=\"forminator-field-checkbox-1-10-69f98fb25d636-label\" for=\"forminator-field-checkbox-1-10-69f98fb25d636\" class=\"forminator-checkbox forminator-checkbox-inline\" title=\"Hoodies\"><input type=\"checkbox\" name=\"checkbox-1[]\" value=\"hoodies\" id=\"forminator-field-checkbox-1-10-69f98fb25d636\" aria-labelledby=\"forminator-field-checkbox-1-10-69f98fb25d636-label\" data-calculation=\"0\"  \/><span class=\"forminator-checkbox-box\" aria-hidden=\"true\"><\/span><span class=\"forminator-checkbox-label\">Hoodies<\/span><\/label><label id=\"forminator-field-checkbox-1-11-69f98fb25d636-label\" for=\"forminator-field-checkbox-1-11-69f98fb25d636\" class=\"forminator-checkbox forminator-checkbox-inline\" title=\"Sports Bras\"><input type=\"checkbox\" name=\"checkbox-1[]\" value=\"sports-bras\" id=\"forminator-field-checkbox-1-11-69f98fb25d636\" aria-labelledby=\"forminator-field-checkbox-1-11-69f98fb25d636-label\" data-calculation=\"0\"  \/><span class=\"forminator-checkbox-box\" aria-hidden=\"true\"><\/span><span class=\"forminator-checkbox-label\">Sports Bras<\/span><\/label><label id=\"forminator-field-checkbox-1-12-69f98fb25d636-label\" for=\"forminator-field-checkbox-1-12-69f98fb25d636\" class=\"forminator-checkbox forminator-checkbox-inline\" title=\"Singlets\"><input type=\"checkbox\" name=\"checkbox-1[]\" value=\"singlets\" id=\"forminator-field-checkbox-1-12-69f98fb25d636\" aria-labelledby=\"forminator-field-checkbox-1-12-69f98fb25d636-label\" data-calculation=\"0\"  \/><span class=\"forminator-checkbox-box\" aria-hidden=\"true\"><\/span><span class=\"forminator-checkbox-label\">Singlets<\/span><\/label><label id=\"forminator-field-checkbox-1-13-69f98fb25d636-label\" for=\"forminator-field-checkbox-1-13-69f98fb25d636\" class=\"forminator-checkbox forminator-checkbox-inline\" title=\"Drawstring Bags\"><input type=\"checkbox\" name=\"checkbox-1[]\" value=\"drawstring-bags\" id=\"forminator-field-checkbox-1-13-69f98fb25d636\" aria-labelledby=\"forminator-field-checkbox-1-13-69f98fb25d636-label\" data-calculation=\"0\"  \/><span class=\"forminator-checkbox-box\" aria-hidden=\"true\"><\/span><span class=\"forminator-checkbox-label\">Drawstring Bags<\/span><\/label><label id=\"forminator-field-checkbox-1-14-69f98fb25d636-label\" for=\"forminator-field-checkbox-1-14-69f98fb25d636\" class=\"forminator-checkbox forminator-checkbox-inline\" title=\"Gear Bags\"><input type=\"checkbox\" name=\"checkbox-1[]\" value=\"gear-bags\" id=\"forminator-field-checkbox-1-14-69f98fb25d636\" aria-labelledby=\"forminator-field-checkbox-1-14-69f98fb25d636-label\" data-calculation=\"0\"  \/><span class=\"forminator-checkbox-box\" aria-hidden=\"true\"><\/span><span class=\"forminator-checkbox-label\">Gear Bags<\/span><\/label><label id=\"forminator-field-checkbox-1-15-69f98fb25d636-label\" for=\"forminator-field-checkbox-1-15-69f98fb25d636\" class=\"forminator-checkbox forminator-checkbox-inline\" title=\"Face Masks\"><input type=\"checkbox\" name=\"checkbox-1[]\" value=\"face-masks\" id=\"forminator-field-checkbox-1-15-69f98fb25d636\" aria-labelledby=\"forminator-field-checkbox-1-15-69f98fb25d636-label\" data-calculation=\"0\"  \/><span class=\"forminator-checkbox-box\" aria-hidden=\"true\"><\/span><span class=\"forminator-checkbox-label\">Face Masks<\/span><\/label><\/div><\/div><\/div><div class=\"forminator-row\"><div id=\"upload-1\" class=\"forminator-field-upload forminator-col forminator-col-12\"><div class=\"forminator-field\"><label for=\"forminator-field-upload-1_69f98fb25d636\" id=\"forminator-field-upload-1_69f98fb25d636-label\" class=\"forminator-label\">Upload your Artwork, Logo<\/label><div class=\"forminator-multi-upload\" data-element=\"upload-1_69f98fb25d636\" aria-describedby=\"forminator-field-upload-1_69f98fb25d636-description\"><input type=\"file\" name=\"upload-1[]\" id=\"forminator-field-upload-1_69f98fb25d636\" class=\"forminator-input-file forminator-field-upload-1_69f98fb25d636-6178\" multiple=\"multiple\" data-method=\"ajax\" data-size=\"15000000\" data-size-message=\"Die maximale Dateigr\u00f6\u00dfe betr\u00e4gt 15 MB. \"><div class=\"forminator-multi-upload-message\" aria-hidden=\"true\"><span class=\"forminator-icon-upload\" aria-hidden=\"true\"><\/span><p>Drag &amp; Drop (oder) <a class=\"forminator-upload-file--forminator-field-upload-1_69f98fb25d636\" href=\"#\" onclick=\"return false;\">W\u00e4hle Dateien<\/a><\/p><\/div><\/div><span id=\"forminator-field-upload-1_69f98fb25d636-description\" class=\"forminator-description\">Upload de afbeelding\/het bestand met de beste kwaliteit. Voor vectorbestanden kunt u ons een e-mail sturen naar sales@mediumspringgreen-meerkat-571505.hostingersite.com met het bijgevoegde vectorbestand (.cdr, .ai, .eps, .svg, .pdf) of hieronder een bitmap-rasterbestand met hoge resolutie (.jpg, .png, .tiff) toevoegen.<\/span><ul class=\"forminator-uploaded-files upload-container-upload-1_69f98fb25d636\"><\/ul><\/div><\/div><\/div><div class=\"forminator-row\"><div id=\"textarea-2\" class=\"forminator-field-textarea forminator-col forminator-col-12\"><div class=\"forminator-field\"><label for=\"forminator-field-textarea-2_69f98fb25d636\" id=\"forminator-field-textarea-2_69f98fb25d636-label\" class=\"forminator-label\">Eventuele aanvullende informatie<\/label><textarea name=\"textarea-2\" placeholder=\"\" id=\"forminator-field-textarea-2_69f98fb25d636\" class=\"forminator-textarea\" rows=\"6\" style=\"--forminator-textarea-min-height:50px;\" ><\/textarea><\/div><\/div><\/div><div class=\"forminator-row\"><div id=\"captcha-1\" class=\"forminator-field-captcha forminator-col forminator-col-12\"><div class=\"forminator-captcha-left forminator-g-recaptcha recaptcha-invisible\" data-theme=\"light\" data-badge=\"inline\" data-sitekey=\"6LdV2tIrAAAAAFw0llFHDM5B-U4rGXC5wUBZc73K\" data-size=\"invisible\"><\/div> <\/div><\/div><input type=\"hidden\" name=\"referer_url\" value=\"\" \/><div class=\"forminator-row forminator-row-last\"><div class=\"forminator-col\"><div class=\"forminator-field\"><button class=\"forminator-button forminator-button-submit\">INDIENEN<\/button><\/div><\/div><\/div><input type=\"hidden\" id=\"forminator_nonce\" name=\"forminator_nonce\" value=\"a0ee4d7cd2\" \/><input type=\"hidden\" name=\"_wp_http_referer\" value=\"\/de\/wp-json\/wp\/v2\/pages\/48680\" \/><input type=\"hidden\" name=\"form_id\" value=\"6178\"><input type=\"hidden\" name=\"page_id\" value=\"48680\"><input type=\"hidden\" name=\"form_type\" value=\"default\"><input type=\"hidden\" name=\"current_url\" value=\"https:\/\/shapesfightwear.com\/de\/academy-store-form\/\"><input type=\"hidden\" name=\"render_id\" value=\"0\"><input type=\"hidden\" name=\"forminator-multifile-hidden\" class=\"forminator-multifile-hidden\"><input type=\"hidden\" name=\"action\" value=\"forminator_submit_form_custom-forms\"><input type=\"hidden\" name=\"trp-form-language\" value=\"de\"\/><\/form>\n\r\n\t\t<\/div>\r\n\t<\/div>\r\n<\/div><\/div><div class=\"vc_column_container col-md-2\"><div class=\"wpb_wrapper vc_column-inner\"><\/div><\/div><\/div><div class=\"vc_row wpb_row row top-row wpb_custom_034b39d9bc6c6b310d69e39f0ccf274f\"><div class=\"vc_column_container col-md-12\"><div class=\"wpb_wrapper vc_column-inner\"><div class=\"vc_empty_space\"   style=\"height: 32px\"><span class=\"vc_empty_space_inner\"><\/span><\/div><\/div><\/div><\/div>\n<\/div>","protected":false},"excerpt":{"rendered":"ACADEMY WESTORE INQUIRY FORM Name *Country *Email Address *I&#039;m from a: *Bitte w\u00e4hle eine Option ausClubSchoolCorporateBrandShop OwnerOtherName *What type of products are you interested in? (Check all that apply)Gis \/ KimonosRashguardsSpats \/ LeggingsFight ShortsGrappling ShortsMuay Thai \/ Kickboxing ShortsVale Tudo \/ Compression ShortsT-ShirtsTank TopsHoodiesSports BrasSingletsDrawstring BagsGear BagsFace MasksUpload your Artwork, LogoDrag &amp; Drop (oder) W\u00e4hle [...]","protected":false},"author":2,"featured_media":0,"parent":0,"menu_order":0,"comment_status":"closed","ping_status":"closed","template":"","meta":{"footnotes":""},"class_list":["post-48680","page","type-page","status-publish","hentry"],"_links":{"self":[{"href":"https:\/\/shapesfightwear.com\/de\/wp-json\/wp\/v2\/pages\/48680","targetHints":{"allow":["GET"]}}],"collection":[{"href":"https:\/\/shapesfightwear.com\/de\/wp-json\/wp\/v2\/pages"}],"about":[{"href":"https:\/\/shapesfightwear.com\/de\/wp-json\/wp\/v2\/types\/page"}],"author":[{"embeddable":true,"href":"https:\/\/shapesfightwear.com\/de\/wp-json\/wp\/v2\/users\/2"}],"replies":[{"embeddable":true,"href":"https:\/\/shapesfightwear.com\/de\/wp-json\/wp\/v2\/comments?post=48680"}],"version-history":[{"count":3,"href":"https:\/\/shapesfightwear.com\/de\/wp-json\/wp\/v2\/pages\/48680\/revisions"}],"predecessor-version":[{"id":48684,"href":"https:\/\/shapesfightwear.com\/de\/wp-json\/wp\/v2\/pages\/48680\/revisions\/48684"}],"wp:attachment":[{"href":"https:\/\/shapesfightwear.com\/de\/wp-json\/wp\/v2\/media?parent=48680"}],"curies":[{"name":"wp","href":"https:\/\/api.w.org\/{rel}","templated":true}]}}