{"id":47416,"date":"2025-08-24T16:23:28","date_gmt":"2025-08-24T16:23:28","guid":{"rendered":"https:\/\/mediumspringgreen-meerkat-571505.hostingersite.com\/?page_id=47416"},"modified":"2026-03-24T17:33:10","modified_gmt":"2026-03-24T17:33:10","slug":"polainas-personalizadas-de-bjj","status":"publish","type":"page","link":"https:\/\/shapesfightwear.com\/es\/custom-gear\/equipo-personalizado-de-bjj\/polainas-personalizadas-de-bjj\/","title":{"rendered":"Mallas de BJJ personalizadas"},"content":{"rendered":"<div class=\"wpb-content-wrapper\"><div data-vc-full-width=\"true\" data-vc-full-width-temp=\"true\" data-vc-full-width-init=\"false\" data-vc-stretch-content=\"true\" class=\"vc_row wpb_row top-row vc_custom_1607365777550 vc_row-has-fill vc_row-no-padding porto-inner-container wpb_custom_034b39d9bc6c6b310d69e39f0ccf274f\"><div class=\"porto-wrap-container container\"><div class=\"row\"><div class=\"vc_column_container col-md-6\"><div class=\"wpb_wrapper vc_column-inner\">\r\n\t<div class=\"wpb_text_column wpb_content_element vc_custom_1774373571994 wpb_custom_7c91d232724f73626cc933bd95b25ff0\" >\r\n\t\t<div class=\"wpb_wrapper\">\r\n\t\t\t<h2><span style=\"color: #ffffff; font-size: 38px;\"><strong>Mallas de BJJ personalizadas<\/strong><\/span><\/h2>\n<p><span style=\"font-size: 15px; color: #ffffff;\"><strong>Our Custom BJJ Spats can bring to life any of your design ideas with a low min and a short production time.<\/strong><\/span><\/p>\n<p><span style=\"font-size: 15px; color: #ffffff;\"><strong>Let your imagination flow and create truly Custom BJJ Spats for your &gt;Distribution Business, &gt;Club or Brand &gt;MMA Gym, &gt;Academy Team, &gt;Fight Promotion, or your next Jiu Jitsu tournament or event.<\/strong><\/span><\/p>\n<p><span style=\"font-size: 15px; color: #ffffff;\"><strong>\u00bfNecesitas ayuda con tu dise\u00f1o? \u00a1Deja que nuestros dise\u00f1adores profesionales lo hagan a precios muy accesibles!<\/strong><\/span><\/p>\n\r\n\t\t<\/div>\r\n\t<\/div>\r\n<\/div><\/div><div class=\"vc_column_container col-md-6\"><div class=\"wpb_wrapper vc_column-inner\">\r\n\t<div class=\"wpb_single_image wpb_content_element vc_align_left wpb_content_element  vc_custom_1755281884946 wpb_custom_81a4f7ef9830bf958462581aa01150fb\"><div class=\"wpb_wrapper\">\r\n\t\t\t\r\n\t\t\t<div class=\"vc_single_image-wrapper   vc_box_border_grey\"><img decoding=\"async\" class=\"vc_single_image-img\" src=\"https:\/\/shapesfightwear.com\/wp-content\/uploads\/2025\/08\/Custom-BJJ-Spats-min.jpg\" width=\"800\" height=\"615\" alt=\"custom bjj Spats\" title=\"Custom-BJJ-Spats-min\" loading=\"lazy\" \/><\/div>\r\n\t\t<\/div>\r\n\t<\/div>\r\n<\/div><\/div><\/div><\/div><\/div><div class=\"vc_row-full-width vc_clearfix\"><\/div><div class=\"vc_row wpb_row row top-row wpb_custom_034b39d9bc6c6b310d69e39f0ccf274f\"><div class=\"vc_column_container col-md-2\"><div class=\"wpb_wrapper vc_column-inner\"><\/div><\/div><div class=\"vc_column_container col-md-8\"><div class=\"wpb_wrapper vc_column-inner\"><div class=\"vc_empty_space  vc_custom_1601996902733\"   style=\"height: 28px\"><span class=\"vc_empty_space_inner\"><\/span><\/div><h2 style=\"font-size: 32px;color: #000000;text-align: center;font-family:Lato;font-weight:700;font-style:normal\" class=\"vc_custom_heading vc_do_custom_heading vc_custom_1774373581237 wpb_custom_aa365bd5046e8294520b4e73732b9d15\" >\u00a1D\u00c9JENOS DISE\u00d1ARLO PARA USTED!<\/h2>\r\n\t<div class=\"wpb_text_column wpb_content_element wpb_custom_7c91d232724f73626cc933bd95b25ff0\" >\r\n\t\t<div class=\"wpb_wrapper\">\r\n\t\t\t<p style=\"text-align: center;\"><span style=\"color: #000000;\">Mallas de BJJ, pantalones de compresi\u00f3n o mallas de compresi\u00f3n, como quieras llamarlas, hazlas a medida para tus necesidades. <strong>&gt;Negocio de distribuci\u00f3n, &gt;Club o marca, &gt;Gimnasio de MMA, &gt;Equipo de la academia de BJJ, &gt;Promoci\u00f3n de peleas<\/strong> \u00a1con un dise\u00f1o incre\u00edble!<\/span><\/p>\n<p style=\"text-align: center;\"><span style=\"color: #000000;\">Complete el formulario a continuaci\u00f3n para darnos una idea de lo que busca. Nos pondremos en contacto con usted si tiene alguna pregunta adicional para su revisi\u00f3n.<\/span><\/p>\n<p style=\"text-align: center;\"><span style=\"color: #000000;\">Este formulario no es vinculante; lo utilizamos como herramienta para iniciar el proceso. Nos pondremos en contacto con usted para asegurarnos de que reciba toda la informaci\u00f3n necesaria. Para ofrecerle el mejor precio posible, cotizamos cada trabajo individualmente.<\/span><\/p>\n\r\n\t\t<\/div>\r\n\t<\/div>\r\n<\/div><\/div><div class=\"vc_column_container col-md-2\"><div class=\"wpb_wrapper vc_column-inner\"><\/div><\/div><\/div><div class=\"vc_row wpb_row row top-row wpb_custom_034b39d9bc6c6b310d69e39f0ccf274f\"><div class=\"vc_column_container col-md-2\"><div class=\"wpb_wrapper vc_column-inner\"><\/div><\/div><div class=\"vc_column_container col-md-8\"><div class=\"wpb_wrapper vc_column-inner\">\r\n\t<div class=\"wpb_text_column wpb_content_element wpb_custom_7c91d232724f73626cc933bd95b25ff0\" >\r\n\t\t<div class=\"wpb_wrapper\">\r\n\t\t\t<div class=\"forminator-ui forminator-custom-form forminator-custom-form-6231 forminator-design--default forminator-custom forminator_ajax\" data-forminator-render=\"0\" data-form=\"forminator-module-6231\" data-uid=\"69f28b3c6f9f8\"><br\/><\/div><form\n\t\t\t\tid=\"forminator-module-6231\"\n\t\t\t\tclass=\"forminator-ui forminator-custom-form forminator-custom-form-6231 forminator-design--default forminator-custom forminator_ajax\"\n\t\t\t\tmethod=\"post\"\n\t\t\t\tdata-forminator-render=\"0\"\n\t\t\t\tdata-form-id=\"6231\"\n\t\t\t\tenctype=\"multipart\/form-data\" data-color-option=\"default\" data-design=\"default\" data-grid=\"custom\" style=\"display: none;\"\n\t\t\t\tdata-uid=\"69f28b3c6f9f8\" action=\"\"\n\t\t\t><div role=\"alert\" aria-live=\"polite\" class=\"forminator-response-message forminator-error\" aria-hidden=\"true\"><\/div><div class=\"forminator-row\"><div id=\"name-2\" class=\"forminator-field-name forminator-col forminator-col-6\"><div class=\"forminator-field\"><label for=\"forminator-field-name-2_69f28b3c6f9f8\" id=\"forminator-field-name-2_69f28b3c6f9f8-label\" class=\"forminator-label\">Nombre de pila <span class=\"forminator-required\">*<\/span><\/label><input type=\"text\" name=\"name-2\" value=\"\" placeholder=\"\" id=\"forminator-field-name-2_69f28b3c6f9f8\" class=\"forminator-input forminator-name--field\" aria-required=\"true\" autocomplete=\"name\" \/><\/div><\/div><div id=\"name-1\" class=\"forminator-field-name forminator-col forminator-col-6\"><div class=\"forminator-field\"><label for=\"forminator-field-name-1_69f28b3c6f9f8\" id=\"forminator-field-name-1_69f28b3c6f9f8-label\" class=\"forminator-label\">Apellido <span class=\"forminator-required\">*<\/span><\/label><input type=\"text\" name=\"name-1\" value=\"\" placeholder=\"\" id=\"forminator-field-name-1_69f28b3c6f9f8\" class=\"forminator-input forminator-name--field\" aria-required=\"true\" autocomplete=\"name\" \/><\/div><\/div><\/div><div class=\"forminator-row\"><div id=\"email-1\" class=\"forminator-field-email forminator-col forminator-col-12\"><div class=\"forminator-field\"><label for=\"forminator-field-email-1_69f28b3c6f9f8\" id=\"forminator-field-email-1_69f28b3c6f9f8-label\" class=\"forminator-label\">Direcci\u00f3n de correo electr\u00f3nico <span class=\"forminator-required\">*<\/span><\/label><input type=\"email\" name=\"email-1\" value=\"\" placeholder=\"\" id=\"forminator-field-email-1_69f28b3c6f9f8\" class=\"forminator-input forminator-email--field\" data-required=\"1\" aria-required=\"true\" autocomplete=\"email\" \/><\/div><\/div><\/div><div class=\"forminator-row\"><div id=\"name-3\" class=\"forminator-field-name forminator-col forminator-col-12\"><div class=\"forminator-field\"><label for=\"forminator-field-name-3_69f28b3c6f9f8\" id=\"forminator-field-name-3_69f28b3c6f9f8-label\" class=\"forminator-label\">nombre de empresa<\/label><input type=\"text\" name=\"name-3\" value=\"\" placeholder=\"\" id=\"forminator-field-name-3_69f28b3c6f9f8\" class=\"forminator-input forminator-name--field\" aria-required=\"false\" autocomplete=\"name\" \/><\/div><\/div><\/div><div class=\"forminator-row\"><div id=\"phone-1\" class=\"forminator-field-phone forminator-col forminator-col-12\"><div class=\"forminator-field\"><label for=\"forminator-field-phone-1_69f28b3c6f9f8\" id=\"forminator-field-phone-1_69f28b3c6f9f8-label\" class=\"forminator-label\">N\u00famero de tel\u00e9fono <span class=\"forminator-required\">*<\/span><\/label><input type=\"text\" name=\"phone-1\" value=\"\" placeholder=\"\" id=\"forminator-field-phone-1_69f28b3c6f9f8\" class=\"forminator-input forminator-field--phone\" data-required=\"1\" aria-required=\"true\" autocomplete=\"off\" \/><\/div><\/div><\/div><div class=\"forminator-row\"><div id=\"number-1\" class=\"forminator-field-number forminator-col forminator-col-12\"><div class=\"forminator-field\"><label for=\"forminator-field-number-1_69f28b3c6f9f8\" id=\"forminator-field-number-1_69f28b3c6f9f8-label\" class=\"forminator-label\">Estimated Quantity - Grappling Spats<\/label><input name=\"number-1\" value=\"\" placeholder=\"15\" id=\"forminator-field-number-1_69f28b3c6f9f8\" class=\"forminator-input forminator-number--field\" inputmode=\"decimal\" data-required=\"\" data-decimals=\"0\" aria-required=\"false\" data-inputmask=\"&#039;groupSeparator&#039;: &#039;&#039;, &#039;radixPoint&#039;: &#039;&#039;, &#039;digits&#039;: &#039;0&#039;\" type=\"number\" step=\"any\" min=\"15\" aria-describedby=\"forminator-field-number-1_69f28b3c6f9f8-description\" \/><span id=\"forminator-field-number-1_69f28b3c6f9f8-description\" class=\"forminator-description\">Por favor, danos una estimaci\u00f3n de cu\u00e1ntos pantalones cortos te gustar\u00eda pedir. Por favor, introduce un n\u00famero mayor o igual a 15.<\/span><\/div><\/div><\/div><div class=\"forminator-row\"><div id=\"upload-1\" class=\"forminator-field-upload forminator-col forminator-col-12\"><div class=\"forminator-field\"><label for=\"forminator-field-upload-1_69f28b3c6f9f8\" id=\"forminator-field-upload-1_69f28b3c6f9f8-label\" class=\"forminator-label\">Sube tu obra de arte<\/label><div class=\"forminator-file-upload\" data-element=\"upload-1_69f28b3c6f9f8\" aria-describedby=\"forminator-field-upload-1_69f28b3c6f9f8-description\"><input type=\"file\" name=\"upload-1\" id=\"forminator-field-upload-1_69f28b3c6f9f8\" class=\"forminator-input-file\" accept=\".jpg,.jpeg,.jpe,.gif,.png,.bmp,.tiff,.tif,.ico,.heic,.asf,.asx,.wmv,.wmx,.wm,.avi,.divx,.flv,.mov,.qt,.mpeg,.mpg,.mpe,.mp4,.m4v,.ogv,.webm,.mkv,.3gp,.3gpp,.3g2,.3gp2,.txt,.asc,.c,.cc,.h,.srt,.csv,.tsv,.ics,.rtx,.vtt,.mp3,.m4a,.m4b,.aac,.ra,.ram,.wav,.ogg,.oga,.flac,.mid,.midi,.wma,.wax,.mka,.rtf,.pdf,.class,.tar,.zip,.gz,.gzip,.7z,.psd,.xcf,.doc,.pot,.pps,.ppt,.wri,.xla,.xls,.xlt,.xlw,.mdb,.mpp,.docx,.docm,.dotx,.dotm,.xlsx,.xlsm,.xlsb,.xltx,.xltm,.xlam,.pptx,.pptm,.ppsx,.ppsm,.potx,.potm,.ppam,.sldx,.sldm,.onetoc,.onetoc2,.onetmp,.onepkg,.oxps,.xps,.odt,.odp,.ods,.odg,.odc,.odb,.odf,.wp,.wpd,.key,.numbers,.pages\" tabindex=\"-1\"><button id=\"forminator-field-upload-1_69f28b3c6f9f8_button\" class=\"forminator-button forminator-button-upload\" data-id=\"forminator-field-upload-1_69f28b3c6f9f8\">Elegir archivo<\/button><span data-empty-text=\"Ning\u00fan archivo seleccionado\">Ning\u00fan archivo seleccionado<\/span><button class=\"forminator-button-delete\" style=\"display: none;\"><i class=\"forminator-icon-close\" aria-hidden=\"true\"><\/i><span class=\"forminator-screen-reader-only\">Eliminar el archivo subido<\/span><\/button><\/div><span id=\"forminator-field-upload-1_69f28b3c6f9f8-description\" class=\"forminator-description\">Por favor, suba la imagen o archivo de mejor calidad que tenga. Para archivos vectoriales, env\u00edenos un correo electr\u00f3nico a sales@mediumspringgreen-meerkat-571505.hostingersite.com con el archivo vectorial adjunto (.cdr, .ai, .eps, .svg, .pdf) o adjunte a continuaci\u00f3n un archivo raster de mapa de bits de alta resoluci\u00f3n (.jpg, .png, .tiff) de al menos 1000x1000 pixels a 300 ppp.<\/span><\/div><\/div><\/div><div class=\"forminator-row\"><div id=\"section-1\" class=\"forminator-field-section forminator-col forminator-col-12\"><div class=\"forminator-field\"><h2 class=\"forminator-title\">Instrucciones de dise\u00f1o<\/h2><\/div><\/div><\/div><div class=\"forminator-row\"><div id=\"text-1\" class=\"forminator-field-text forminator-col forminator-col-12\"><div class=\"forminator-field\"><label for=\"forminator-field-text-1_69f28b3c6f9f8\" id=\"forminator-field-text-1_69f28b3c6f9f8-label\" class=\"forminator-label\">Custom Grappling Spats Color(s)<\/label><input type=\"text\" name=\"text-1\" value=\"\" placeholder=\"Color de carrocer\u00eda negro con cinturilla roja, etc.\" id=\"forminator-field-text-1_69f28b3c6f9f8\" class=\"forminator-input forminator-name--field\" data-required=\"\" aria-describedby=\"forminator-field-text-1_69f28b3c6f9f8-description\" \/><span id=\"forminator-field-text-1_69f28b3c6f9f8-description\" class=\"forminator-description\">Haznos saber qu\u00e9 colores principales te gustar\u00eda que Tengan tus mallas.<\/span><\/div><\/div><\/div><div class=\"forminator-row\"><div id=\"textarea-2\" class=\"forminator-field-textarea forminator-col forminator-col-6\"><div class=\"forminator-field\"><label for=\"forminator-field-textarea-2_69f28b3c6f9f8\" id=\"forminator-field-textarea-2_69f28b3c6f9f8-label\" class=\"forminator-label\">Instrucciones de dise\u00f1o -principalselanteros<\/label><textarea name=\"textarea-2\" placeholder=\"\" id=\"forminator-field-textarea-2_69f28b3c6f9f8\" class=\"forminator-textarea\" rows=\"6\" style=\"--forminator-textarea-min-height:65px;\" ><\/textarea><\/div><\/div><div id=\"textarea-3\" class=\"forminator-field-textarea forminator-col forminator-col-6\"><div class=\"forminator-field\"><label for=\"forminator-field-textarea-3_69f28b3c6f9f8\" id=\"forminator-field-textarea-3_69f28b3c6f9f8-label\" class=\"forminator-label\">Instrucciones de dise\u00f1o: Leggings traseros<\/label><textarea name=\"textarea-3\" placeholder=\"\" id=\"forminator-field-textarea-3_69f28b3c6f9f8\" class=\"forminator-textarea\" rows=\"6\" style=\"--forminator-textarea-min-height:65px;\" ><\/textarea><\/div><\/div><\/div><div class=\"forminator-row\"><div id=\"textarea-4\" class=\"forminator-field-textarea forminator-col forminator-col-6\"><div class=\"forminator-field\"><label for=\"forminator-field-textarea-4_69f28b3c6f9f8\" id=\"forminator-field-textarea-4_69f28b3c6f9f8-label\" class=\"forminator-label\">Instrucciones de dise\u00f1o - Cintura para leggings<\/label><textarea name=\"textarea-4\" placeholder=\"\" id=\"forminator-field-textarea-4_69f28b3c6f9f8\" class=\"forminator-textarea\" rows=\"6\" style=\"--forminator-textarea-min-height:65px;\" ><\/textarea><\/div><\/div><div id=\"textarea-5\" class=\"forminator-field-textarea forminator-col forminator-col-6\"><div class=\"forminator-field\"><label for=\"forminator-field-textarea-5_69f28b3c6f9f8\" id=\"forminator-field-textarea-5_69f28b3c6f9f8-label\" class=\"forminator-label\">Instrucciones de dise\u00f1o adicionales - Leggings<\/label><textarea name=\"textarea-5\" placeholder=\"\" id=\"forminator-field-textarea-5_69f28b3c6f9f8\" class=\"forminator-textarea\" rows=\"6\" style=\"--forminator-textarea-min-height:65px;\" ><\/textarea><\/div><\/div><\/div><div class=\"forminator-row\"><div id=\"checkbox-2\" class=\"forminator-field-checkbox forminator-col forminator-col-12\"><div role=\"group\" class=\"forminator-field\" aria-labelledby=\"forminator-checkbox-group-forminator-field-checkbox-2-69f28b3c6f9f8-label\"><label id=\"forminator-field-checkbox-2-1-69f28b3c6f9f8-label\" for=\"forminator-field-checkbox-2-1-69f28b3c6f9f8\" class=\"forminator-checkbox\" title=\"NO tengo ilustraciones y necesito ayuda con dise\u00f1o gr\u00e1fico\/art\u00edstico.\"><input type=\"checkbox\" name=\"checkbox-2[]\" value=\"i-dont-have-artwork-and-i-need-graphicart-design-help\" id=\"forminator-field-checkbox-2-1-69f28b3c6f9f8\" aria-labelledby=\"forminator-field-checkbox-2-1-69f28b3c6f9f8-label\" data-calculation=\"0\"  \/><span class=\"forminator-checkbox-box\" aria-hidden=\"true\"><\/span><span class=\"forminator-checkbox-label\">NO tengo ilustraciones y necesito ayuda con dise\u00f1o gr\u00e1fico\/art\u00edstico.<\/span><\/label><\/div><\/div><\/div><div class=\"forminator-row\"><div id=\"captcha-1\" class=\"forminator-field-captcha forminator-col forminator-col-12\"><div class=\"forminator-captcha-left forminator-g-recaptcha\" data-theme=\"light\"  data-sitekey=\"6LdV2tIrAAAAAFw0llFHDM5B-U4rGXC5wUBZc73K\" data-size=\"normal\"><\/div> <\/div><\/div><input type=\"hidden\" name=\"referer_url\" value=\"\" \/><div class=\"forminator-row forminator-row-last\"><div class=\"forminator-col\"><div class=\"forminator-field\"><button class=\"forminator-button forminator-button-submit\">Entregar<\/button><\/div><\/div><\/div><input type=\"hidden\" id=\"forminator_nonce\" name=\"forminator_nonce\" value=\"8cffa9d968\" \/><input type=\"hidden\" name=\"_wp_http_referer\" value=\"\/es\/wp-json\/wp\/v2\/pages\/47416\" \/><input type=\"hidden\" name=\"form_id\" value=\"6231\"><input type=\"hidden\" name=\"page_id\" value=\"47416\"><input type=\"hidden\" name=\"form_type\" value=\"default\"><input type=\"hidden\" name=\"current_url\" value=\"https:\/\/shapesfightwear.com\/es\/custom-gear\/equipo-personalizado-de-bjj\/polainas-personalizadas-de-bjj\/\"><input type=\"hidden\" name=\"render_id\" value=\"0\"><input type=\"hidden\" name=\"action\" value=\"forminator_submit_form_custom-forms\"><input type=\"hidden\" name=\"trp-form-language\" value=\"es\"\/><\/form>\n\r\n\t\t<\/div>\r\n\t<\/div>\r\n<\/div><\/div><div class=\"vc_column_container col-md-2\"><div class=\"wpb_wrapper vc_column-inner\"><\/div><\/div><\/div><div class=\"vc_row wpb_row row top-row wpb_custom_034b39d9bc6c6b310d69e39f0ccf274f\"><div class=\"vc_column_container col-md-12\"><div class=\"wpb_wrapper vc_column-inner\"><div class=\"vc_empty_space\"   style=\"height: 32px\"><span class=\"vc_empty_space_inner\"><\/span><\/div><\/div><\/div><\/div>\n<\/div>","protected":false},"excerpt":{"rendered":"Custom BJJ Spats Our Custom BJJ Spats can bring to life any of your design ideas with a low min and a short production time. Let your imagination flow and create truly Custom BJJ Spats for your &gt;Distribution Business, &gt;Club or Brand &gt;MMA Gym, &gt;Academy Team, &gt;Fight Promotion, or your next Jiu Jitsu tournament or [...]","protected":false},"author":2,"featured_media":0,"parent":49578,"menu_order":0,"comment_status":"closed","ping_status":"closed","template":"","meta":{"footnotes":""},"class_list":["post-47416","page","type-page","status-publish","hentry"],"_links":{"self":[{"href":"https:\/\/shapesfightwear.com\/es\/wp-json\/wp\/v2\/pages\/47416","targetHints":{"allow":["GET"]}}],"collection":[{"href":"https:\/\/shapesfightwear.com\/es\/wp-json\/wp\/v2\/pages"}],"about":[{"href":"https:\/\/shapesfightwear.com\/es\/wp-json\/wp\/v2\/types\/page"}],"author":[{"embeddable":true,"href":"https:\/\/shapesfightwear.com\/es\/wp-json\/wp\/v2\/users\/2"}],"replies":[{"embeddable":true,"href":"https:\/\/shapesfightwear.com\/es\/wp-json\/wp\/v2\/comments?post=47416"}],"version-history":[{"count":10,"href":"https:\/\/shapesfightwear.com\/es\/wp-json\/wp\/v2\/pages\/47416\/revisions"}],"predecessor-version":[{"id":49291,"href":"https:\/\/shapesfightwear.com\/es\/wp-json\/wp\/v2\/pages\/47416\/revisions\/49291"}],"up":[{"embeddable":true,"href":"https:\/\/shapesfightwear.com\/es\/wp-json\/wp\/v2\/pages\/49578"}],"wp:attachment":[{"href":"https:\/\/shapesfightwear.com\/es\/wp-json\/wp\/v2\/media?parent=47416"}],"curies":[{"name":"wp","href":"https:\/\/api.w.org\/{rel}","templated":true}]}}