{"id":47423,"date":"2025-08-24T16:24:04","date_gmt":"2025-08-24T16:24:04","guid":{"rendered":"https:\/\/mediumspringgreen-meerkat-571505.hostingersite.com\/?page_id=47423"},"modified":"2026-03-24T17:42:45","modified_gmt":"2026-03-24T17:42:45","slug":"guantes-de-boxeo-personalizados","status":"publish","type":"page","link":"https:\/\/shapesfightwear.com\/es\/custom-gear\/equipo-de-boxeo-personalizado\/guantes-de-boxeo-personalizados\/","title":{"rendered":"Guantes de boxeo personalizados"},"content":{"rendered":"<div class=\"wpb-content-wrapper\"><div data-vc-full-width=\"true\" data-vc-full-width-temp=\"true\" data-vc-full-width-init=\"false\" data-vc-stretch-content=\"true\" class=\"vc_row wpb_row top-row vc_custom_1607622943699 vc_row-has-fill vc_row-no-padding porto-inner-container wpb_custom_034b39d9bc6c6b310d69e39f0ccf274f\"><div class=\"porto-wrap-container container\"><div class=\"row\"><div class=\"vc_column_container col-md-6\"><div class=\"wpb_wrapper vc_column-inner\">\r\n\t<div class=\"wpb_text_column wpb_content_element vc_custom_1774374156545 wpb_custom_7c91d232724f73626cc933bd95b25ff0\" >\r\n\t\t<div class=\"wpb_wrapper\">\r\n\t\t\t<h2><span style=\"color: #ffffff;\"><strong><span style=\"font-size: 38px;\">Guantes de boxeo personalizados<\/span><\/strong><\/span><\/h2>\n<p><span style=\"color: #ffffff;\"><strong>Guantes de boxeo personalizados, guantes de sparring o guantes con almohadilla\/bolsa, cualquiera que necesite, podemos personalizarlos para su &gt; Negocio de distribuci\u00f3n, &gt; Club o marca &gt; Gimnasio de MMA, &gt; Equipo de academia, &gt; Promoci\u00f3n de peleas y torneos<\/strong><\/span><\/p>\n<p><span style=\"color: #ffffff;\"><strong>Nuestros guantes de boxeo personalizados hacen realidad cualquier idea de dise\u00f1o con un pedido m\u00ednimo y un plazo de producci\u00f3n corto. El pedido m\u00ednimo es de 10 unidades.<\/strong><\/span><\/p>\n<p><span style=\"color: #ffffff;\"><strong>Deja volar tu imaginaci\u00f3n y crea el par de guantes de boxeo perfecto. \u00bfNecesitas ayuda con el dise\u00f1o? \u00a1Deja que nuestros dise\u00f1adores profesionales lo hagan por ti a precios muy accesibles y consigue el look perfecto!<\/strong><\/span><\/p>\n\r\n\t\t<\/div>\r\n\t<\/div>\r\n<\/div><\/div><div class=\"vc_column_container col-md-6\"><div class=\"wpb_wrapper vc_column-inner\">\r\n\t<div class=\"wpb_single_image wpb_content_element vc_align_left wpb_content_element  vc_custom_1755282552349 wpb_custom_81a4f7ef9830bf958462581aa01150fb\"><div class=\"wpb_wrapper\">\r\n\t\t\t\r\n\t\t\t<div class=\"vc_single_image-wrapper   vc_box_border_grey\"><img decoding=\"async\" class=\"vc_single_image-img\" src=\"https:\/\/shapesfightwear.com\/wp-content\/uploads\/2025\/08\/Custom-Gloves-min-1.jpg\" width=\"800\" height=\"615\" alt=\"custom boxing gloves\" title=\"Custom-Gloves-min-1\" loading=\"lazy\" \/><\/div>\r\n\t\t<\/div>\r\n\t<\/div>\r\n<\/div><\/div><\/div><\/div><\/div><div class=\"vc_row-full-width vc_clearfix\"><\/div><div class=\"vc_row wpb_row row top-row wpb_custom_034b39d9bc6c6b310d69e39f0ccf274f\"><div class=\"vc_column_container col-md-2\"><div class=\"wpb_wrapper vc_column-inner\"><\/div><\/div><div class=\"vc_column_container col-md-8\"><div class=\"wpb_wrapper vc_column-inner\"><div class=\"vc_empty_space  vc_custom_1601996902733\"   style=\"height: 28px\"><span class=\"vc_empty_space_inner\"><\/span><\/div><h2 style=\"font-size: 32px;color: #000000;text-align: center;font-family:Lato;font-weight:700;font-style:normal\" class=\"vc_custom_heading vc_do_custom_heading vc_custom_1774374162708 wpb_custom_aa365bd5046e8294520b4e73732b9d15\" >\u00a1D\u00c9JENOS DISE\u00d1ARLO PARA USTED!<\/h2>\r\n\t<div class=\"wpb_text_column wpb_content_element wpb_custom_7c91d232724f73626cc933bd95b25ff0\" >\r\n\t\t<div class=\"wpb_wrapper\">\r\n\t\t\t<p style=\"text-align: center;\" align=\"center\"><span style=\"color: #000000;\"><span lang=\"EN-US\">Perm\u00edtanos crear guantes de boxeo personalizados para usted. <\/span><b><span lang=\"EN-US\">&gt;Negocio de Distribuci\u00f3n, &gt;Club o Marca &gt;<\/span><\/b><span lang=\"EN-US\"> <b>Gimnasio de MMA, &gt;Equipo de la academia, &gt;Promoci\u00f3n de peleas y torneos<br \/>\n<\/b><\/span><span lang=\"EN-US\" style=\"font-size: 10.5pt; font-family: Arial, sans-serif; letter-spacing: 0.15pt;\">Podemos ayudarte con el dise\u00f1o, la elecci\u00f3n de materiales y la creaci\u00f3n de un producto que se adapte perfectamente a tus necesidades. Completa el formulario a la derecha para comenzar. \u00a0<strong style=\"box-sizing: border-box;\"><span style=\"font-family: 'Arial',sans-serif;\">La cantidad m\u00ednima de pedido es de 10 unidades.<\/span><\/strong><\/span><\/span><\/p>\n<p style=\"text-align: center; box-sizing: border-box; margin: 1.25rem; font-variant-ligatures: normal; font-variant-caps: normal; orphans: 2; widows: 2; -webkit-text-stroke-width: 0px; word-spacing: 0px;\" align=\"center\"><span style=\"color: #000000;\"><span lang=\"EN-US\">Complete el formulario a continuaci\u00f3n para darnos una idea de lo que busca. Nos pondremos en contacto con usted para hacerle m\u00e1s preguntas.<\/span> <span lang=\"EN-US\">Este formulario no es vinculante, lo utilizamos como una herramienta para poner en marcha el proceso, nos comunicaremos con usted para asegurarnos de que obtenga toda la informaci\u00f3n que necesita.<\/span><\/span><\/p>\n<p style=\"margin: 0cm; margin-bottom: .0001pt; text-align: center; background: white;\" align=\"center\"><span lang=\"EN-US\" style=\"color: #000000;\">Para ofrecerle el mejor precio posible, cotizamos cada trabajo individualmente.<\/span><\/p>\n<p style=\"margin: 0cm; margin-bottom: .0001pt; text-align: center; background: white;\" align=\"center\"><span lang=\"EN-US\" style=\"color: #000000;\">Complete el formulario y le detallaremos la revisi\u00f3n y le enviaremos una cotizaci\u00f3n.<\/span><\/p>\n\r\n\t\t<\/div>\r\n\t<\/div>\r\n<\/div><\/div><div class=\"vc_column_container col-md-2\"><div class=\"wpb_wrapper vc_column-inner\"><\/div><\/div><\/div><div class=\"vc_row wpb_row row top-row wpb_custom_034b39d9bc6c6b310d69e39f0ccf274f\"><div class=\"vc_column_container col-md-2\"><div class=\"wpb_wrapper vc_column-inner\"><\/div><\/div><div class=\"vc_column_container col-md-8\"><div class=\"wpb_wrapper vc_column-inner\">\r\n\t<div class=\"wpb_text_column wpb_content_element wpb_custom_7c91d232724f73626cc933bd95b25ff0\" >\r\n\t\t<div class=\"wpb_wrapper\">\r\n\t\t\t<div class=\"forminator-ui forminator-custom-form forminator-custom-form-6224 forminator-design--default forminator-custom forminator_ajax\" data-forminator-render=\"0\" data-form=\"forminator-module-6224\" data-uid=\"69f101e7bd6bd\"><br\/><\/div><form\n\t\t\t\tid=\"forminator-module-6224\"\n\t\t\t\tclass=\"forminator-ui forminator-custom-form forminator-custom-form-6224 forminator-design--default forminator-custom forminator_ajax\"\n\t\t\t\tmethod=\"post\"\n\t\t\t\tdata-forminator-render=\"0\"\n\t\t\t\tdata-form-id=\"6224\"\n\t\t\t\tenctype=\"multipart\/form-data\" data-color-option=\"default\" data-design=\"default\" data-grid=\"custom\" style=\"display: none;\"\n\t\t\t\tdata-uid=\"69f101e7bd6bd\" action=\"\"\n\t\t\t><div role=\"alert\" aria-live=\"polite\" class=\"forminator-response-message forminator-error\" aria-hidden=\"true\"><\/div><div class=\"forminator-row\"><div id=\"name-2\" class=\"forminator-field-name forminator-col forminator-col-6\"><div class=\"forminator-field\"><label for=\"forminator-field-name-2_69f101e7bd6bd\" id=\"forminator-field-name-2_69f101e7bd6bd-label\" class=\"forminator-label\">Nombre de pila <span class=\"forminator-required\">*<\/span><\/label><input type=\"text\" name=\"name-2\" value=\"\" placeholder=\"\" id=\"forminator-field-name-2_69f101e7bd6bd\" class=\"forminator-input forminator-name--field\" aria-required=\"true\" autocomplete=\"name\" \/><\/div><\/div><div id=\"name-1\" class=\"forminator-field-name forminator-col forminator-col-6\"><div class=\"forminator-field\"><label for=\"forminator-field-name-1_69f101e7bd6bd\" id=\"forminator-field-name-1_69f101e7bd6bd-label\" class=\"forminator-label\">Apellido <span class=\"forminator-required\">*<\/span><\/label><input type=\"text\" name=\"name-1\" value=\"\" placeholder=\"\" id=\"forminator-field-name-1_69f101e7bd6bd\" class=\"forminator-input forminator-name--field\" aria-required=\"true\" autocomplete=\"name\" \/><\/div><\/div><\/div><div class=\"forminator-row\"><div id=\"email-1\" class=\"forminator-field-email forminator-col forminator-col-12\"><div class=\"forminator-field\"><label for=\"forminator-field-email-1_69f101e7bd6bd\" id=\"forminator-field-email-1_69f101e7bd6bd-label\" class=\"forminator-label\">Direcci\u00f3n de correo electr\u00f3nico <span class=\"forminator-required\">*<\/span><\/label><input type=\"email\" name=\"email-1\" value=\"\" placeholder=\"\" id=\"forminator-field-email-1_69f101e7bd6bd\" class=\"forminator-input forminator-email--field\" data-required=\"1\" aria-required=\"true\" autocomplete=\"email\" \/><\/div><\/div><\/div><div class=\"forminator-row\"><div id=\"name-3\" class=\"forminator-field-name forminator-col forminator-col-12\"><div class=\"forminator-field\"><label for=\"forminator-field-name-3_69f101e7bd6bd\" id=\"forminator-field-name-3_69f101e7bd6bd-label\" class=\"forminator-label\">nombre de empresa<\/label><input type=\"text\" name=\"name-3\" value=\"\" placeholder=\"\" id=\"forminator-field-name-3_69f101e7bd6bd\" class=\"forminator-input forminator-name--field\" aria-required=\"false\" autocomplete=\"name\" \/><\/div><\/div><\/div><div class=\"forminator-row\"><div id=\"phone-1\" class=\"forminator-field-phone forminator-col forminator-col-12\"><div class=\"forminator-field\"><label for=\"forminator-field-phone-1_69f101e7bd6bd\" id=\"forminator-field-phone-1_69f101e7bd6bd-label\" class=\"forminator-label\">N\u00famero de tel\u00e9fono <span class=\"forminator-required\">*<\/span><\/label><input type=\"text\" name=\"phone-1\" value=\"\" placeholder=\"\" id=\"forminator-field-phone-1_69f101e7bd6bd\" class=\"forminator-input forminator-field--phone\" data-required=\"1\" aria-required=\"true\" autocomplete=\"off\" \/><\/div><\/div><\/div><div class=\"forminator-row\"><div id=\"checkbox-1\" class=\"forminator-field-checkbox forminator-col forminator-col-12\"><div role=\"group\" class=\"forminator-field required\" aria-labelledby=\"forminator-checkbox-group-forminator-field-checkbox-1-69f101e7bd6bd-label\"><span id=\"forminator-checkbox-group-forminator-field-checkbox-1-69f101e7bd6bd-label\" class=\"forminator-label\">Uso de Guantes de boxeo <span class=\"forminator-required\">*<\/span><\/span><label id=\"forminator-field-checkbox-1-1-69f101e7bd6bd-label\" for=\"forminator-field-checkbox-1-1-69f101e7bd6bd\" class=\"forminator-checkbox\" title=\"Combate\"><input type=\"checkbox\" name=\"checkbox-1[]\" value=\"sparring\" id=\"forminator-field-checkbox-1-1-69f101e7bd6bd\" aria-labelledby=\"forminator-field-checkbox-1-1-69f101e7bd6bd-label\" data-calculation=\"0\"  \/><span class=\"forminator-checkbox-box\" aria-hidden=\"true\"><\/span><span class=\"forminator-checkbox-label\">Combate<\/span><\/label><label id=\"forminator-field-checkbox-1-2-69f101e7bd6bd-label\" for=\"forminator-field-checkbox-1-2-69f101e7bd6bd\" class=\"forminator-checkbox\" title=\"Competencia\"><input type=\"checkbox\" name=\"checkbox-1[]\" value=\"competition\" id=\"forminator-field-checkbox-1-2-69f101e7bd6bd\" aria-labelledby=\"forminator-field-checkbox-1-2-69f101e7bd6bd-label\" data-calculation=\"0\"  \/><span class=\"forminator-checkbox-box\" aria-hidden=\"true\"><\/span><span class=\"forminator-checkbox-label\">Competencia<\/span><\/label><label id=\"forminator-field-checkbox-1-3-69f101e7bd6bd-label\" for=\"forminator-field-checkbox-1-3-69f101e7bd6bd\" class=\"forminator-checkbox\" title=\"Trabajo con bolsa\/almohadilla\"><input type=\"checkbox\" name=\"checkbox-1[]\" value=\"bagpad-work\" id=\"forminator-field-checkbox-1-3-69f101e7bd6bd\" aria-labelledby=\"forminator-field-checkbox-1-3-69f101e7bd6bd-label\" data-calculation=\"0\"  \/><span class=\"forminator-checkbox-box\" aria-hidden=\"true\"><\/span><span class=\"forminator-checkbox-label\">Trabajo con bolsa\/almohadilla<\/span><\/label><label id=\"forminator-field-checkbox-1-4-69f101e7bd6bd-label\" for=\"forminator-field-checkbox-1-4-69f101e7bd6bd\" class=\"forminator-checkbox\" title=\"Guante Class Trail\"><input type=\"checkbox\" name=\"checkbox-1[]\" value=\"class-trail-glove\" id=\"forminator-field-checkbox-1-4-69f101e7bd6bd\" aria-labelledby=\"forminator-field-checkbox-1-4-69f101e7bd6bd-label\" data-calculation=\"0\"  \/><span class=\"forminator-checkbox-box\" aria-hidden=\"true\"><\/span><span class=\"forminator-checkbox-label\">Guante Class Trail<\/span><\/label><\/div><\/div><\/div><div class=\"forminator-row\"><div id=\"radio-1\" class=\"forminator-field-radio forminator-col forminator-col-12\"><div role=\"radiogroup\" class=\"forminator-field\" aria-labelledby=\"forminator-radiogroup-radio-1-69f101e7bd6bd-label\"><span id=\"forminator-radiogroup-radio-1-69f101e7bd6bd-label\" class=\"forminator-label\">Material de los Guantes de boxeo <span class=\"forminator-required\">*<\/span><\/span><label id=\"forminator-field-radio-1-label-1\" for=\"forminator-field-radio-1-1-69f101e7bd6bd\" class=\"forminator-radio\" title=\"Piel genuina\"><input type=\"radio\" name=\"radio-1\" value=\"genuine-leather\" id=\"forminator-field-radio-1-1-69f101e7bd6bd\" aria-labelledby=\"forminator-field-radio-1-label-1\" data-calculation=\"0\"  \/><span class=\"forminator-radio-bullet\" aria-hidden=\"true\"><\/span><span class=\"forminator-radio-label\">Piel genuina<\/span><\/label><label id=\"forminator-field-radio-1-label-2\" for=\"forminator-field-radio-1-2-69f101e7bd6bd\" class=\"forminator-radio\" title=\"Sint\u00e9tica\"><input type=\"radio\" name=\"radio-1\" value=\"synthetic\" id=\"forminator-field-radio-1-2-69f101e7bd6bd\" aria-labelledby=\"forminator-field-radio-1-label-2\" data-calculation=\"0\"  \/><span class=\"forminator-radio-bullet\" aria-hidden=\"true\"><\/span><span class=\"forminator-radio-label\">Sint\u00e9tica<\/span><\/label><label id=\"forminator-field-radio-1-label-3\" for=\"forminator-field-radio-1-3-69f101e7bd6bd\" class=\"forminator-radio\" title=\"Otra\"><input type=\"radio\" name=\"radio-1\" value=\"other\" id=\"forminator-field-radio-1-3-69f101e7bd6bd\" aria-labelledby=\"forminator-field-radio-1-label-3\" data-calculation=\"0\"  \/><span class=\"forminator-radio-bullet\" aria-hidden=\"true\"><\/span><span class=\"forminator-radio-label\">Otra<\/span><\/label><\/div><\/div><\/div><div class=\"forminator-row\"><div id=\"number-1\" class=\"forminator-field-number forminator-col forminator-col-12\"><div class=\"forminator-field\"><label for=\"forminator-field-number-1_69f101e7bd6bd\" id=\"forminator-field-number-1_69f101e7bd6bd-label\" class=\"forminator-label\">Cantidades estimadas (guantes de boxeo personalizados) <span class=\"forminator-required\">*<\/span><\/label><input name=\"number-1\" value=\"\" placeholder=\"20\" id=\"forminator-field-number-1_69f101e7bd6bd\" class=\"forminator-input forminator-number--field\" inputmode=\"decimal\" data-required=\"1\" data-decimals=\"0\" aria-required=\"true\" data-inputmask=\"&#039;groupSeparator&#039;: &#039;&#039;, &#039;radixPoint&#039;: &#039;&#039;, &#039;digits&#039;: &#039;0&#039;\" type=\"number\" step=\"any\" min=\"20\" aria-describedby=\"forminator-field-number-1_69f101e7bd6bd-description\" \/><span id=\"forminator-field-number-1_69f101e7bd6bd-description\" class=\"forminator-description\">Por favor, introduzca un n\u00famero mayor o igual a 20<\/span><\/div><\/div><\/div><div class=\"forminator-row\"><div id=\"section-1\" class=\"forminator-field-section forminator-col forminator-col-12\"><div class=\"forminator-field\"><h2 class=\"forminator-title\">INSTRUCCIONES DE DISE\u00d1O<\/h2><\/div><\/div><\/div><div class=\"forminator-row\"><div id=\"text-1\" class=\"forminator-field-text forminator-col forminator-col-12\"><div class=\"forminator-field\"><label for=\"forminator-field-text-1_69f101e7bd6bd\" id=\"forminator-field-text-1_69f101e7bd6bd-label\" class=\"forminator-label\">Colores de los Guantes de boxeo<\/label><input type=\"text\" name=\"text-1\" value=\"\" placeholder=\"Negro (color primario), Rojo (color secundario)\" id=\"forminator-field-text-1_69f101e7bd6bd\" class=\"forminator-input forminator-name--field\" data-required=\"\" aria-describedby=\"forminator-field-text-1_69f101e7bd6bd-description\" \/><span id=\"forminator-field-text-1_69f101e7bd6bd-description\" class=\"forminator-description\">Indique el color principal o los colores principales de los guantes (colores adicionales y detalles en los comentarios a continuaci\u00f3n)<\/span><\/div><\/div><\/div><div class=\"forminator-row\"><div id=\"textarea-2\" class=\"forminator-field-textarea forminator-col forminator-col-12\"><div class=\"forminator-field\"><label for=\"forminator-field-textarea-2_69f101e7bd6bd\" id=\"forminator-field-textarea-2_69f101e7bd6bd-label\" class=\"forminator-label\">Instrucciones de dise\u00f1o<\/label><textarea name=\"textarea-2\" placeholder=\"Logotipo de la academia en el dorso de la mano, ribete naranja, etiqueta tejida posterior con el nombre de la academia, etc.\" id=\"forminator-field-textarea-2_69f101e7bd6bd\" class=\"forminator-textarea\" rows=\"6\" style=\"--forminator-textarea-min-height:50px;\" aria-describedby=\"forminator-field-textarea-2_69f101e7bd6bd-description\" ><\/textarea><span id=\"forminator-field-textarea-2_69f101e7bd6bd-description\" class=\"forminator-description\">Descr\u00edbanos c\u00f3mo desea que se vean sus guantes terminados: ubicaci\u00f3n, logotipos, ilustraciones, texto, requisitos, colores, etc. Cualquier informaci\u00f3n que considere necesaria para su solicitud.<\/span><\/div><\/div><\/div><div class=\"forminator-row\"><div id=\"upload-1\" class=\"forminator-field-upload forminator-col forminator-col-12\"><div class=\"forminator-field\"><label for=\"forminator-field-upload-1_69f101e7bd6bd\" id=\"forminator-field-upload-1_69f101e7bd6bd-label\" class=\"forminator-label\">Upload uw kunstwerk - Bokshandschoenen<\/label><div class=\"forminator-file-upload\" data-element=\"upload-1_69f101e7bd6bd\" aria-describedby=\"forminator-field-upload-1_69f101e7bd6bd-description\"><input type=\"file\" name=\"upload-1\" id=\"forminator-field-upload-1_69f101e7bd6bd\" class=\"forminator-input-file\" accept=\".jpg,.jpeg,.jpe,.gif,.png,.bmp,.tiff,.tif,.ico,.heic,.asf,.asx,.wmv,.wmx,.wm,.avi,.divx,.flv,.mov,.qt,.mpeg,.mpg,.mpe,.mp4,.m4v,.ogv,.webm,.mkv,.3gp,.3gpp,.3g2,.3gp2,.txt,.asc,.c,.cc,.h,.srt,.csv,.tsv,.ics,.rtx,.vtt,.mp3,.m4a,.m4b,.aac,.ra,.ram,.wav,.ogg,.oga,.flac,.mid,.midi,.wma,.wax,.mka,.rtf,.pdf,.class,.tar,.zip,.gz,.gzip,.7z,.psd,.xcf,.doc,.pot,.pps,.ppt,.wri,.xla,.xls,.xlt,.xlw,.mdb,.mpp,.docx,.docm,.dotx,.dotm,.xlsx,.xlsm,.xlsb,.xltx,.xltm,.xlam,.pptx,.pptm,.ppsx,.ppsm,.potx,.potm,.ppam,.sldx,.sldm,.onetoc,.onetoc2,.onetmp,.onepkg,.oxps,.xps,.odt,.odp,.ods,.odg,.odc,.odb,.odf,.wp,.wpd,.key,.numbers,.pages\" tabindex=\"-1\"><button id=\"forminator-field-upload-1_69f101e7bd6bd_button\" class=\"forminator-button forminator-button-upload\" data-id=\"forminator-field-upload-1_69f101e7bd6bd\">Elegir archivo<\/button><span data-empty-text=\"Ning\u00fan archivo seleccionado\">Ning\u00fan archivo seleccionado<\/span><button class=\"forminator-button-delete\" style=\"display: none;\"><i class=\"forminator-icon-close\" aria-hidden=\"true\"><\/i><span class=\"forminator-screen-reader-only\">Eliminar el archivo subido<\/span><\/button><\/div><span id=\"forminator-field-upload-1_69f101e7bd6bd-description\" class=\"forminator-description\">Por favor, suba la imagen o archivo de mejor calidad que tenga. Para archivos vectoriales, env\u00edenos un correo electr\u00f3nico a sales@mediumspringgreen-meerkat-571505.hostingersite.com con el archivo vectorial adjunto (.cdr, .ai, .eps, .svg, .pdf) o adjunte a continuaci\u00f3n un archivo raster de mapa de bits de alta resoluci\u00f3n (.jpg, .png, .tiff) de al menos 1000x1000 pixels a 300 ppp.<\/span><\/div><\/div><\/div><div class=\"forminator-row\"><div id=\"checkbox-2\" class=\"forminator-field-checkbox forminator-col forminator-col-12\"><div role=\"group\" class=\"forminator-field\" aria-labelledby=\"forminator-checkbox-group-forminator-field-checkbox-2-69f101e7bd6bd-label\"><label id=\"forminator-field-checkbox-2-1-69f101e7bd6bd-label\" for=\"forminator-field-checkbox-2-1-69f101e7bd6bd\" class=\"forminator-checkbox\" title=\"NO tengo ilustraciones y necesito ayuda con dise\u00f1o gr\u00e1fico\/art\u00edstico.\"><input type=\"checkbox\" name=\"checkbox-2[]\" value=\"i-dont-have-artwork-and-i-need-graphicart-design-help\" id=\"forminator-field-checkbox-2-1-69f101e7bd6bd\" aria-labelledby=\"forminator-field-checkbox-2-1-69f101e7bd6bd-label\" data-calculation=\"0\"  \/><span class=\"forminator-checkbox-box\" aria-hidden=\"true\"><\/span><span class=\"forminator-checkbox-label\">NO tengo ilustraciones y necesito ayuda con dise\u00f1o gr\u00e1fico\/art\u00edstico.<\/span><\/label><\/div><\/div><\/div><div class=\"forminator-row\"><div id=\"captcha-1\" class=\"forminator-field-captcha forminator-col forminator-col-12\"><div class=\"forminator-captcha-left forminator-g-recaptcha recaptcha-invisible\" data-theme=\"light\" data-badge=\"inline\" data-sitekey=\"6LdV2tIrAAAAAFw0llFHDM5B-U4rGXC5wUBZc73K\" data-size=\"invisible\"><\/div> <\/div><\/div><input type=\"hidden\" name=\"referer_url\" value=\"\" \/><div class=\"forminator-row forminator-row-last\"><div class=\"forminator-col\"><div class=\"forminator-field\"><button class=\"forminator-button forminator-button-submit\">Entregar<\/button><\/div><\/div><\/div><input type=\"hidden\" id=\"forminator_nonce\" name=\"forminator_nonce\" value=\"a1dc28137e\" \/><input type=\"hidden\" name=\"_wp_http_referer\" value=\"\/es\/wp-json\/wp\/v2\/pages\/47423\" \/><input type=\"hidden\" name=\"form_id\" value=\"6224\"><input type=\"hidden\" name=\"page_id\" value=\"47423\"><input type=\"hidden\" name=\"form_type\" value=\"default\"><input type=\"hidden\" name=\"current_url\" value=\"https:\/\/shapesfightwear.com\/es\/custom-gear\/equipo-de-boxeo-personalizado\/guantes-de-boxeo-personalizados\/\"><input type=\"hidden\" name=\"render_id\" value=\"0\"><input type=\"hidden\" name=\"action\" value=\"forminator_submit_form_custom-forms\"><input type=\"hidden\" name=\"trp-form-language\" value=\"es\"\/><\/form>\n\r\n\t\t<\/div>\r\n\t<\/div>\r\n<\/div><\/div><div class=\"vc_column_container col-md-2\"><div class=\"wpb_wrapper vc_column-inner\"><\/div><\/div><\/div><div class=\"vc_row wpb_row row top-row wpb_custom_034b39d9bc6c6b310d69e39f0ccf274f\"><div class=\"vc_column_container col-md-12\"><div class=\"wpb_wrapper vc_column-inner\"><div class=\"vc_empty_space\"   style=\"height: 32px\"><span class=\"vc_empty_space_inner\"><\/span><\/div><\/div><\/div><\/div>\n<\/div>","protected":false},"excerpt":{"rendered":"Custom Boxing Gloves Custom Boxing Gloves, Sparring Gloves or Pad\/Bag Gloves, Whichever one you need, we can customize them for your &gt;Distribution Business, &gt;Club or Brand &gt; MMA Gym, &gt;Academy Team, &gt;Fight Promotion &amp; tournament Our Custom Boxing Gloves can bring to life any of your design ideas with a low min and a short [...]","protected":false},"author":2,"featured_media":0,"parent":49755,"menu_order":0,"comment_status":"closed","ping_status":"closed","template":"","meta":{"footnotes":""},"class_list":["post-47423","page","type-page","status-publish","hentry"],"_links":{"self":[{"href":"https:\/\/shapesfightwear.com\/es\/wp-json\/wp\/v2\/pages\/47423","targetHints":{"allow":["GET"]}}],"collection":[{"href":"https:\/\/shapesfightwear.com\/es\/wp-json\/wp\/v2\/pages"}],"about":[{"href":"https:\/\/shapesfightwear.com\/es\/wp-json\/wp\/v2\/types\/page"}],"author":[{"embeddable":true,"href":"https:\/\/shapesfightwear.com\/es\/wp-json\/wp\/v2\/users\/2"}],"replies":[{"embeddable":true,"href":"https:\/\/shapesfightwear.com\/es\/wp-json\/wp\/v2\/comments?post=47423"}],"version-history":[{"count":5,"href":"https:\/\/shapesfightwear.com\/es\/wp-json\/wp\/v2\/pages\/47423\/revisions"}],"predecessor-version":[{"id":50347,"href":"https:\/\/shapesfightwear.com\/es\/wp-json\/wp\/v2\/pages\/47423\/revisions\/50347"}],"up":[{"embeddable":true,"href":"https:\/\/shapesfightwear.com\/es\/wp-json\/wp\/v2\/pages\/49755"}],"wp:attachment":[{"href":"https:\/\/shapesfightwear.com\/es\/wp-json\/wp\/v2\/media?parent=47423"}],"curies":[{"name":"wp","href":"https:\/\/api.w.org\/{rel}","templated":true}]}}