{"id":47442,"date":"2025-08-24T16:26:33","date_gmt":"2025-08-24T16:26:33","guid":{"rendered":"https:\/\/mediumspringgreen-meerkat-571505.hostingersite.com\/?page_id=47442"},"modified":"2026-03-24T18:45:47","modified_gmt":"2026-03-24T18:45:47","slug":"mascarillas-facials-personalizadas","status":"publish","type":"page","link":"https:\/\/shapesfightwear.com\/es\/custom-apparel\/custom-outerwear-workwear\/mascarillas-facials-personalizadas\/","title":{"rendered":"Mascarillas faciales personalizadas"},"content":{"rendered":"<div class=\"wpb-content-wrapper\"><div data-vc-full-width=\"true\" data-vc-full-width-temp=\"true\" data-vc-full-width-init=\"false\" data-vc-stretch-content=\"true\" class=\"vc_row wpb_row top-row vc_custom_1607779279854 vc_row-has-fill vc_row-no-padding porto-inner-container wpb_custom_034b39d9bc6c6b310d69e39f0ccf274f\"><div class=\"porto-wrap-container container\"><div class=\"row\"><div class=\"vc_column_container col-md-6\"><div class=\"wpb_wrapper vc_column-inner\">\r\n\t<div class=\"wpb_text_column wpb_content_element vc_custom_1774377917213 wpb_custom_7c91d232724f73626cc933bd95b25ff0\" >\r\n\t\t<div class=\"wpb_wrapper\">\r\n\t\t\t<h2><span style=\"color: #ffffff;\"><strong><span style=\"font-size: 38px;\">Mascarillas faciales personalizadas<\/span><\/strong><\/span><\/h2>\n<p><span style=\"font-size: 17px; color: #ffffff;\"><strong>Podemos confeccionar mascarillas personalizadas, ya sea con tela de algod\u00f3n o 100 % sublimadas, con corte y confecci\u00f3n, con su dise\u00f1o y marca. Adem\u00e1s, le ayudamos con el dise\u00f1o para crear mascarillas personalizadas verdaderamente \u00fanicas.<\/strong><\/span><\/p>\n<p><span style=\"font-size: 17px; color: #ffffff;\"><strong>Ahora ofrecemos 2 tipos diferentes de cubiertas facials.<\/strong><\/span><\/p>\n\r\n\t\t<\/div>\r\n\t<\/div>\r\n<\/div><\/div><div class=\"vc_column_container col-md-6\"><div class=\"wpb_wrapper vc_column-inner\">\r\n\t<div class=\"wpb_single_image wpb_content_element vc_align_right wpb_content_element  vc_custom_1755285206027 wpb_custom_81a4f7ef9830bf958462581aa01150fb\"><div class=\"wpb_wrapper\">\r\n\t\t\t\r\n\t\t\t<div class=\"vc_single_image-wrapper   vc_box_border_grey\"><img decoding=\"async\" class=\"vc_single_image-img\" src=\"https:\/\/shapesfightwear.com\/wp-content\/uploads\/2025\/08\/FaceM-min-1.jpg\" width=\"800\" height=\"615\" alt=\"custom face mask\" title=\"FaceM-min-1\" loading=\"lazy\" \/><\/div>\r\n\t\t<\/div>\r\n\t<\/div>\r\n<\/div><\/div><\/div><\/div><\/div><div class=\"vc_row-full-width vc_clearfix\"><\/div><div class=\"vc_row wpb_row top-row porto-inner-container wpb_custom_034b39d9bc6c6b310d69e39f0ccf274f\"><div class=\"porto-wrap-container container\"><div class=\"row\"><div class=\"vc_column_container col-md-6\"><div class=\"wpb_wrapper vc_column-inner\">\r\n\t<div class=\"wpb_single_image wpb_content_element vc_align_center wpb_content_element  wpb_custom_81a4f7ef9830bf958462581aa01150fb\"><div class=\"wpb_wrapper\">\r\n\t\t\t\r\n\t\t\t<div class=\"vc_single_image-wrapper   vc_box_border_grey\"><img decoding=\"async\" class=\"vc_single_image-img\" src=\"https:\/\/shapesfightwear.com\/wp-content\/uploads\/2025\/08\/M1.jpg\" width=\"315\" height=\"315\" alt=\"customize cloth Face mask\" title=\"customize Cloth Face mask\" loading=\"lazy\" \/><\/div>\r\n\t\t<\/div>\r\n\t<\/div>\r\n<p style=\"font-size: 15px;color: #1e73be;text-align: center;font-family:Lato;font-weight:900;font-style:normal\" class=\"vc_custom_heading vc_do_custom_heading vc_custom_1602428434576 wpb_custom_aa365bd5046e8294520b4e73732b9d15\" >Mascarillas de tela<\/p><\/div><\/div><div class=\"vc_column_container col-md-6\"><div class=\"wpb_wrapper vc_column-inner\">\r\n\t<div class=\"wpb_single_image wpb_content_element vc_align_center wpb_content_element  wpb_custom_81a4f7ef9830bf958462581aa01150fb\"><div class=\"wpb_wrapper\">\r\n\t\t\t\r\n\t\t\t<div class=\"vc_single_image-wrapper   vc_box_border_grey\"><img decoding=\"async\" class=\"vc_single_image-img\" src=\"https:\/\/shapesfightwear.com\/wp-content\/uploads\/2025\/08\/M2.jpg\" width=\"315\" height=\"315\" alt=\"customize Active Face mask\" title=\"customize Active Face mask\" loading=\"lazy\" \/><\/div>\r\n\t\t<\/div>\r\n\t<\/div>\r\n<p style=\"font-size: 15px;color: #1e73be;text-align: center;font-family:Lato;font-weight:900;font-style:normal\" class=\"vc_custom_heading vc_do_custom_heading vc_custom_1602428424799 wpb_custom_aa365bd5046e8294520b4e73732b9d15\" >Cobertura facial activa<\/p><\/div><\/div><\/div><\/div><\/div><div class=\"vc_row wpb_row top-row porto-inner-container wpb_custom_034b39d9bc6c6b310d69e39f0ccf274f\"><div class=\"porto-wrap-container container\"><div class=\"row\"><div class=\"vc_column_container col-md-6\"><div class=\"wpb_wrapper vc_column-inner\">\r\n\t<div class=\"wpb_text_column wpb_content_element wpb_custom_7c91d232724f73626cc933bd95b25ff0\" >\r\n\t\t<div class=\"wpb_wrapper\">\r\n\t\t\t<h2 style=\"text-align: center;\"><span style=\"color: #000000; font-size: 17px;\"><strong>NO hay pedidos M\u00cdNIMOS en mascarillas personalizadas de algod\u00f3n o sublimadas<\/strong>. El tiempo de producci\u00f3n actualmente promedia entre 2-3 Semanas.<\/span><\/h2>\n\r\n\t\t<\/div>\r\n\t<\/div>\r\n\r\n\t<div class=\"wpb_text_column wpb_content_element vc_custom_1773596589221 wpb_custom_7c91d232724f73626cc933bd95b25ff0\" >\r\n\t\t<div class=\"wpb_wrapper\">\r\n\t\t\t<h3><span style=\"color: #000000; font-size: 17px;\"><strong>Especificaciones de la mascara:<\/strong><\/span><\/h3>\n<ul>\n<li><span style=\"color: #000000;\">M\u00faltiples capas<\/span><\/li>\n<li><span style=\"color: #000000;\">Fabricado con 100% algod\u00f3n de primera calidad, 100% poli\u00e9ster y una combinaci\u00f3n de tejidos de algod\u00f3n y poli\u00e9ster.&nbsp;<\/span><\/li>\n<li><span style=\"color: #000000;\">Patr\u00f3n ajustado con 4 tallas<\/span><\/li>\n<li><span style=\"color: #000000;\">Lavable<\/span><\/li>\n<li><span style=\"color: #000000;\">C\u00f3modas orejeras<\/span><\/li>\n<\/ul>\n\r\n\t\t<\/div>\r\n\t<\/div>\r\n<\/div><\/div><div class=\"vc_column_container col-md-6\"><div class=\"wpb_wrapper vc_column-inner\">\r\n\t<div class=\"wpb_text_column wpb_content_element wpb_custom_7c91d232724f73626cc933bd95b25ff0\" >\r\n\t\t<div class=\"wpb_wrapper\">\r\n\t\t\t<h2 style=\"text-align: center;\"><span style=\"color: #000000; font-size: 17px;\"><strong>Los tapabocas activos tienen un m\u00ednimo de (50) unidades. <\/strong>El tiempo de producci\u00f3n actualmente promedia entre 2 y 3 Semanas.<\/span><\/h2>\n\r\n\t\t<\/div>\r\n\t<\/div>\r\n\r\n\t<div class=\"wpb_text_column wpb_content_element vc_custom_1773596582213 wpb_custom_7c91d232724f73626cc933bd95b25ff0\" >\r\n\t\t<div class=\"wpb_wrapper\">\r\n\t\t\t<h3><span style=\"color: #000000; font-size: 17px;\"><strong>Especificaciones de la cubierta:<\/strong><\/span><\/h3>\n<ul>\n<li><span style=\"color: #000000;\">1 capa<\/span><\/li>\n<li><span style=\"color: #000000;\">Fabricado en material el\u00e1stico de licra.<\/span><\/li>\n<li><span style=\"color: #000000;\">Patr\u00f3n el\u00e1stico con 2 tallas<\/span><\/li>\n<li><span style=\"color: #000000;\">Lavable<\/span><\/li>\n<li><span style=\"color: #000000;\">Se envuelve alrededor de la cabeza y el cuello.<\/span><\/li>\n<li><span style=\"color: #000000;\">Gran opci\u00f3n para uso active.<\/span><\/li>\n<\/ul>\n\r\n\t\t<\/div>\r\n\t<\/div>\r\n<\/div><\/div><\/div><\/div><\/div><div class=\"vc_row wpb_row row top-row wpb_custom_034b39d9bc6c6b310d69e39f0ccf274f\"><div class=\"vc_column_container col-md-12\"><div class=\"wpb_wrapper vc_column-inner\"><div class=\"porto-separator\"><hr class=\"separator-line  wpb_content_element align_center\" style=\"background-image: -webkit-linear-gradient(left, transparent, grey, transparent); background-image: linear-gradient(to right, transparent, grey, transparent);\"><\/div><\/div><\/div><\/div><div class=\"vc_row wpb_row row top-row wpb_custom_034b39d9bc6c6b310d69e39f0ccf274f\"><div class=\"vc_column_container col-md-12\"><div class=\"wpb_wrapper vc_column-inner\">\r\n\t<div class=\"wpb_text_column wpb_content_element wpb_custom_7c91d232724f73626cc933bd95b25ff0\" >\r\n\t\t<div class=\"wpb_wrapper\">\r\n\t\t\t<div id=\"s-d72972ca-fc8d-40de-a47e-8606b6f1994d\" class=\"shg-c\">\n<div class=\"shg-rich-text shg-theme-text-content\">\n<p style=\"text-align: center;\">Simplemente complete el formulario a continuaci\u00f3n y nuestro representante se comunicar\u00e1 con usted con una factura para completar su pedido. A continuaci\u00f3n se muestran PLANTILLAS DE M\u00c1SCARA. Debe dise\u00f1ar su propio arte, los imprimiremos \"tal cual\" en funci\u00f3n de su envoi.<\/p>\n<p style=\"text-align: center;\">Si necesita ayuda con el dise\u00f1o de sus m\u00e1scaras, podemos dise\u00f1arlas para usted a precios razonables.<\/p>\n<p style=\"text-align: center;\">Este formulario no es vinculante, lo utilizamos como una herramienta para poner en marcha el proceso, nos comunicaremos con usted para asegurarnos de que obtenga toda la informaci\u00f3n que necesitamos.<\/p>\n<h5 style=\"text-align: center;\"><span lang=\"EN-GB\" style=\"font-size: 10.5pt; line-height: 107%;\">Si tienes alguna pregunta, por favor <a href=\"https:\/\/shapesfightwear.com\/contact-us\/\" target=\"_blank\" rel=\"noopener noreferrer\">Contacta con nosotras<\/a> y nos pondremos en contacto con usted lo antes posible.<\/span><\/h5>\n<\/div>\n<\/div>\n\r\n\t\t<\/div>\r\n\t<\/div>\r\n<\/div><\/div><\/div><div class=\"vc_row wpb_row row top-row wpb_custom_034b39d9bc6c6b310d69e39f0ccf274f\"><div class=\"vc_column_container col-md-2\"><div class=\"wpb_wrapper vc_column-inner\"><\/div><\/div><div class=\"vc_column_container col-md-8\"><div class=\"wpb_wrapper vc_column-inner\">\r\n\t<div class=\"wpb_text_column wpb_content_element wpb_custom_7c91d232724f73626cc933bd95b25ff0\" >\r\n\t\t<div class=\"wpb_wrapper\">\r\n\t\t\t<div class=\"forminator-ui forminator-custom-form forminator-custom-form-6210 forminator-design--default forminator-custom forminator_ajax\" data-forminator-render=\"0\" data-form=\"forminator-module-6210\" data-uid=\"69f97e6fa4328\"><br\/><\/div><form\n\t\t\t\tid=\"forminator-module-6210\"\n\t\t\t\tclass=\"forminator-ui forminator-custom-form forminator-custom-form-6210 forminator-design--default forminator-custom forminator_ajax\"\n\t\t\t\tmethod=\"post\"\n\t\t\t\tdata-forminator-render=\"0\"\n\t\t\t\tdata-form-id=\"6210\"\n\t\t\t\tenctype=\"multipart\/form-data\" data-color-option=\"default\" data-design=\"default\" data-grid=\"custom\" style=\"display: none;\"\n\t\t\t\tdata-uid=\"69f97e6fa4328\" action=\"\"\n\t\t\t><div role=\"alert\" aria-live=\"polite\" class=\"forminator-response-message forminator-error\" aria-hidden=\"true\"><\/div><div class=\"forminator-row\"><div id=\"name-2\" class=\"forminator-field-name forminator-col forminator-col-6\"><div class=\"forminator-field\"><label for=\"forminator-field-name-2_69f97e6fa4328\" id=\"forminator-field-name-2_69f97e6fa4328-label\" class=\"forminator-label\">Nombre de pila <span class=\"forminator-required\">*<\/span><\/label><input type=\"text\" name=\"name-2\" value=\"\" placeholder=\"\" id=\"forminator-field-name-2_69f97e6fa4328\" class=\"forminator-input forminator-name--field\" aria-required=\"true\" autocomplete=\"name\" \/><\/div><\/div><div id=\"name-1\" class=\"forminator-field-name forminator-col forminator-col-6\"><div class=\"forminator-field\"><label for=\"forminator-field-name-1_69f97e6fa4328\" id=\"forminator-field-name-1_69f97e6fa4328-label\" class=\"forminator-label\">Apellido <span class=\"forminator-required\">*<\/span><\/label><input type=\"text\" name=\"name-1\" value=\"\" placeholder=\"\" id=\"forminator-field-name-1_69f97e6fa4328\" class=\"forminator-input forminator-name--field\" aria-required=\"true\" autocomplete=\"name\" \/><\/div><\/div><\/div><div class=\"forminator-row\"><div id=\"email-1\" class=\"forminator-field-email forminator-col forminator-col-12\"><div class=\"forminator-field\"><label for=\"forminator-field-email-1_69f97e6fa4328\" id=\"forminator-field-email-1_69f97e6fa4328-label\" class=\"forminator-label\">Direcci\u00f3n de correo electr\u00f3nico <span class=\"forminator-required\">*<\/span><\/label><input type=\"email\" name=\"email-1\" value=\"\" placeholder=\"\" id=\"forminator-field-email-1_69f97e6fa4328\" class=\"forminator-input forminator-email--field\" data-required=\"1\" aria-required=\"true\" autocomplete=\"email\" \/><\/div><\/div><\/div><div class=\"forminator-row\"><div id=\"name-3\" class=\"forminator-field-name forminator-col forminator-col-12\"><div class=\"forminator-field\"><label for=\"forminator-field-name-3_69f97e6fa4328\" id=\"forminator-field-name-3_69f97e6fa4328-label\" class=\"forminator-label\">nombre de empresa<\/label><input type=\"text\" name=\"name-3\" value=\"\" placeholder=\"\" id=\"forminator-field-name-3_69f97e6fa4328\" class=\"forminator-input forminator-name--field\" aria-required=\"false\" autocomplete=\"name\" \/><\/div><\/div><\/div><div class=\"forminator-row\"><div id=\"phone-1\" class=\"forminator-field-phone forminator-col forminator-col-12\"><div class=\"forminator-field\"><label for=\"forminator-field-phone-1_69f97e6fa4328\" id=\"forminator-field-phone-1_69f97e6fa4328-label\" class=\"forminator-label\">N\u00famero de tel\u00e9fono <span class=\"forminator-required\">*<\/span><\/label><input type=\"text\" name=\"phone-1\" value=\"\" placeholder=\"\" id=\"forminator-field-phone-1_69f97e6fa4328\" class=\"forminator-input forminator-field--phone\" data-required=\"1\" aria-required=\"true\" autocomplete=\"off\" \/><\/div><\/div><\/div><div class=\"forminator-row\"><div id=\"checkbox-1\" class=\"forminator-field-checkbox forminator-col forminator-col-12\"><div role=\"group\" class=\"forminator-field required\" aria-labelledby=\"forminator-checkbox-group-forminator-field-checkbox-1-69f97e6fa4328-label\"><span id=\"forminator-checkbox-group-forminator-field-checkbox-1-69f97e6fa4328-label\" class=\"forminator-label\">Mascarilla facial o cobertura facial activa <span class=\"forminator-required\">*<\/span><\/span><label id=\"forminator-field-checkbox-1-1-69f97e6fa4328-label\" for=\"forminator-field-checkbox-1-1-69f97e6fa4328\" class=\"forminator-checkbox\" title=\"Marca facial de poli\u00e9ster\"><input type=\"checkbox\" name=\"checkbox-1[]\" value=\"polyester-face-mark\" id=\"forminator-field-checkbox-1-1-69f97e6fa4328\" aria-labelledby=\"forminator-field-checkbox-1-1-69f97e6fa4328-label\" data-calculation=\"0\"  \/><span class=\"forminator-checkbox-box\" aria-hidden=\"true\"><\/span><span class=\"forminator-checkbox-label\">Marca facial de poli\u00e9ster<\/span><\/label><label id=\"forminator-field-checkbox-1-2-69f97e6fa4328-label\" for=\"forminator-field-checkbox-1-2-69f97e6fa4328\" class=\"forminator-checkbox\" title=\"Mascarilla de tela\"><input type=\"checkbox\" name=\"checkbox-1[]\" value=\"cloth-face-mask\" id=\"forminator-field-checkbox-1-2-69f97e6fa4328\" aria-labelledby=\"forminator-field-checkbox-1-2-69f97e6fa4328-label\" data-calculation=\"0\"  \/><span class=\"forminator-checkbox-box\" aria-hidden=\"true\"><\/span><span class=\"forminator-checkbox-label\">Mascarilla de tela<\/span><\/label><label id=\"forminator-field-checkbox-1-3-69f97e6fa4328-label\" for=\"forminator-field-checkbox-1-3-69f97e6fa4328\" class=\"forminator-checkbox\" title=\"Cobertura facial activa\"><input type=\"checkbox\" name=\"checkbox-1[]\" value=\"active-face-covering\" id=\"forminator-field-checkbox-1-3-69f97e6fa4328\" aria-labelledby=\"forminator-field-checkbox-1-3-69f97e6fa4328-label\" data-calculation=\"0\"  \/><span class=\"forminator-checkbox-box\" aria-hidden=\"true\"><\/span><span class=\"forminator-checkbox-label\">Cobertura facial activa<\/span><\/label><\/div><\/div><\/div><div class=\"forminator-row\"><div id=\"checkbox-2\" class=\"forminator-field-checkbox forminator-col forminator-col-12\"><div role=\"group\" class=\"forminator-field required\" aria-labelledby=\"forminator-checkbox-group-forminator-field-checkbox-2-69f97e6fa4328-label\"><span id=\"forminator-checkbox-group-forminator-field-checkbox-2-69f97e6fa4328-label\" class=\"forminator-label\">Tama\u00f1os de mascarillas faciales <span class=\"forminator-required\">*<\/span><\/span><label id=\"forminator-field-checkbox-2-1-69f97e6fa4328-label\" for=\"forminator-field-checkbox-2-1-69f97e6fa4328\" class=\"forminator-checkbox\" title=\"Mascarilla para adultos\"><input type=\"checkbox\" name=\"checkbox-2[]\" value=\"adult-mask\" id=\"forminator-field-checkbox-2-1-69f97e6fa4328\" aria-labelledby=\"forminator-field-checkbox-2-1-69f97e6fa4328-label\" data-calculation=\"0\"   aria-describedby=\"forminator-field-checkbox-2-69f97e6fa4328-description\"\/><span class=\"forminator-checkbox-box\" aria-hidden=\"true\"><\/span><span class=\"forminator-checkbox-label\">Mascarilla para adultos<\/span><\/label><label id=\"forminator-field-checkbox-2-2-69f97e6fa4328-label\" for=\"forminator-field-checkbox-2-2-69f97e6fa4328\" class=\"forminator-checkbox\" title=\"M\u00e1scara de adolescente\"><input type=\"checkbox\" name=\"checkbox-2[]\" value=\"teen-mask\" id=\"forminator-field-checkbox-2-2-69f97e6fa4328\" aria-labelledby=\"forminator-field-checkbox-2-2-69f97e6fa4328-label\" data-calculation=\"0\"   aria-describedby=\"forminator-field-checkbox-2-69f97e6fa4328-description\"\/><span class=\"forminator-checkbox-box\" aria-hidden=\"true\"><\/span><span class=\"forminator-checkbox-label\">M\u00e1scara de adolescente<\/span><\/label><label id=\"forminator-field-checkbox-2-3-69f97e6fa4328-label\" for=\"forminator-field-checkbox-2-3-69f97e6fa4328\" class=\"forminator-checkbox\" title=\"Mascarilla para ni\u00f1os grandes de 7 a 12 a\u00f1os\"><input type=\"checkbox\" name=\"checkbox-2[]\" value=\"big-kids-712-mask\" id=\"forminator-field-checkbox-2-3-69f97e6fa4328\" aria-labelledby=\"forminator-field-checkbox-2-3-69f97e6fa4328-label\" data-calculation=\"0\"   aria-describedby=\"forminator-field-checkbox-2-69f97e6fa4328-description\"\/><span class=\"forminator-checkbox-box\" aria-hidden=\"true\"><\/span><span class=\"forminator-checkbox-label\">Mascarilla para ni\u00f1os grandes de 7 a 12 a\u00f1os<\/span><\/label><label id=\"forminator-field-checkbox-2-4-69f97e6fa4328-label\" for=\"forminator-field-checkbox-2-4-69f97e6fa4328\" class=\"forminator-checkbox\" title=\"Mascarilla para ni\u00f1os peque\u00f1os de 3 a 6 a\u00f1os\"><input type=\"checkbox\" name=\"checkbox-2[]\" value=\"little-kids-36-mask\" id=\"forminator-field-checkbox-2-4-69f97e6fa4328\" aria-labelledby=\"forminator-field-checkbox-2-4-69f97e6fa4328-label\" data-calculation=\"0\"   aria-describedby=\"forminator-field-checkbox-2-69f97e6fa4328-description\"\/><span class=\"forminator-checkbox-box\" aria-hidden=\"true\"><\/span><span class=\"forminator-checkbox-label\">Mascarilla para ni\u00f1os peque\u00f1os de 3 a 6 a\u00f1os<\/span><\/label><span id=\"forminator-field-checkbox-2-69f97e6fa4328-description\" class=\"forminator-description\">Por favor seleccione todos los tama\u00f1os que le interesa comprar<\/span><\/div><\/div><\/div><div class=\"forminator-row\"><div id=\"number-1\" class=\"forminator-field-number forminator-col forminator-col-12\"><div class=\"forminator-field\"><label for=\"forminator-field-number-1_69f97e6fa4328\" id=\"forminator-field-number-1_69f97e6fa4328-label\" class=\"forminator-label\">Cantidad de mascarillas <span class=\"forminator-required\">*<\/span><\/label><input name=\"number-1\" value=\"\" placeholder=\"\" id=\"forminator-field-number-1_69f97e6fa4328\" class=\"forminator-input forminator-number--field\" inputmode=\"decimal\" data-required=\"1\" data-decimals=\"0\" aria-required=\"true\" data-inputmask=\"&#039;groupSeparator&#039;: &#039;&#039;, &#039;radixPoint&#039;: &#039;&#039;, &#039;digits&#039;: &#039;0&#039;\" type=\"number\" step=\"any\" min=\"\" aria-describedby=\"forminator-field-number-1_69f97e6fa4328-description\" \/><span id=\"forminator-field-number-1_69f97e6fa4328-description\" class=\"forminator-description\">Por favor ingrese el n\u00famero total de mascarillas que desea comprar<\/span><\/div><\/div><\/div><div class=\"forminator-row\"><div id=\"upload-1\" class=\"forminator-field-upload forminator-col forminator-col-12\"><div class=\"forminator-field\"><label for=\"forminator-field-upload-1_69f97e6fa4328\" id=\"forminator-field-upload-1_69f97e6fa4328-label\" class=\"forminator-label\">Sube tu obra de arte<\/label><div class=\"forminator-file-upload\" data-element=\"upload-1_69f97e6fa4328\" aria-describedby=\"forminator-field-upload-1_69f97e6fa4328-description\"><input type=\"file\" name=\"upload-1\" id=\"forminator-field-upload-1_69f97e6fa4328\" class=\"forminator-input-file\" accept=\".jpg,.jpeg,.jpe,.gif,.png,.bmp,.tiff,.tif,.ico,.heic,.asf,.asx,.wmv,.wmx,.wm,.avi,.divx,.flv,.mov,.qt,.mpeg,.mpg,.mpe,.mp4,.m4v,.ogv,.webm,.mkv,.3gp,.3gpp,.3g2,.3gp2,.txt,.asc,.c,.cc,.h,.srt,.csv,.tsv,.ics,.rtx,.vtt,.mp3,.m4a,.m4b,.aac,.ra,.ram,.wav,.ogg,.oga,.flac,.mid,.midi,.wma,.wax,.mka,.rtf,.pdf,.class,.tar,.zip,.gz,.gzip,.7z,.psd,.xcf,.doc,.pot,.pps,.ppt,.wri,.xla,.xls,.xlt,.xlw,.mdb,.mpp,.docx,.docm,.dotx,.dotm,.xlsx,.xlsm,.xlsb,.xltx,.xltm,.xlam,.pptx,.pptm,.ppsx,.ppsm,.potx,.potm,.ppam,.sldx,.sldm,.onetoc,.onetoc2,.onetmp,.onepkg,.oxps,.xps,.odt,.odp,.ods,.odg,.odc,.odb,.odf,.wp,.wpd,.key,.numbers,.pages\" tabindex=\"-1\"><button id=\"forminator-field-upload-1_69f97e6fa4328_button\" class=\"forminator-button forminator-button-upload\" data-id=\"forminator-field-upload-1_69f97e6fa4328\">Elegir archivo<\/button><span data-empty-text=\"Ning\u00fan archivo seleccionado\">Ning\u00fan archivo seleccionado<\/span><button class=\"forminator-button-delete\" style=\"display: none;\"><i class=\"forminator-icon-close\" aria-hidden=\"true\"><\/i><span class=\"forminator-screen-reader-only\">Eliminar el archivo subido<\/span><\/button><\/div><span id=\"forminator-field-upload-1_69f97e6fa4328-description\" class=\"forminator-description\">Por favor, suba la imagen o archivo de mejor calidad que tenga. Para archivos vectoriales, env\u00edenos un correo electr\u00f3nico a sales@mediumspringgreen-meerkat-571505.hostingersite.com con el archivo vectorial adjunto (.cdr, .ai, .eps, .svg, .pdf) o adjunte a continuaci\u00f3n un archivo raster de mapa de bits de alta resoluci\u00f3n (.jpg, .png, .tiff) de al menos 1000x1000 pixels a 300 ppp.<\/span><\/div><\/div><\/div><div class=\"forminator-row\"><div id=\"textarea-2\" class=\"forminator-field-textarea forminator-col forminator-col-12\"><div class=\"forminator-field\"><label for=\"forminator-field-textarea-2_69f97e6fa4328\" id=\"forminator-field-textarea-2_69f97e6fa4328-label\" class=\"forminator-label\">Instrucciones de dise\u00f1o<\/label><textarea name=\"textarea-2\" placeholder=\"\" id=\"forminator-field-textarea-2_69f97e6fa4328\" class=\"forminator-textarea\" rows=\"6\" style=\"--forminator-textarea-min-height:50px;\" aria-describedby=\"forminator-field-textarea-2_69f97e6fa4328-description\" ><\/textarea><span id=\"forminator-field-textarea-2_69f97e6fa4328-description\" class=\"forminator-description\">Instrucciones de dise\u00f1o, ubicaciones, ilustraciones, notas de requisitos, etc. Cualquier cosa que crea que podamos necesitar saber para su solicitud.<\/span><\/div><\/div><\/div><div class=\"forminator-row\"><div id=\"captcha-1\" class=\"forminator-field-captcha forminator-col forminator-col-12\"><div class=\"forminator-captcha-left forminator-g-recaptcha recaptcha-invisible\" data-theme=\"light\" data-badge=\"inline\" data-sitekey=\"6LdV2tIrAAAAAFw0llFHDM5B-U4rGXC5wUBZc73K\" data-size=\"invisible\"><\/div> <\/div><\/div><input type=\"hidden\" name=\"referer_url\" value=\"\" \/><div class=\"forminator-row forminator-row-last\"><div class=\"forminator-col\"><div class=\"forminator-field\"><button class=\"forminator-button forminator-button-submit\">Entregar<\/button><\/div><\/div><\/div><input type=\"hidden\" id=\"forminator_nonce\" name=\"forminator_nonce\" value=\"294f81c77b\" \/><input type=\"hidden\" name=\"_wp_http_referer\" value=\"\/es\/wp-json\/wp\/v2\/pages\/47442\" \/><input type=\"hidden\" name=\"form_id\" value=\"6210\"><input type=\"hidden\" name=\"page_id\" value=\"47442\"><input type=\"hidden\" name=\"form_type\" value=\"default\"><input type=\"hidden\" name=\"current_url\" value=\"https:\/\/shapesfightwear.com\/es\/custom-apparel\/custom-outerwear-workwear\/mascarillas-facials-personalizadas\/\"><input type=\"hidden\" name=\"render_id\" value=\"0\"><input type=\"hidden\" name=\"action\" value=\"forminator_submit_form_custom-forms\"><input type=\"hidden\" name=\"trp-form-language\" value=\"es\"\/><\/form>\n\r\n\t\t<\/div>\r\n\t<\/div>\r\n<\/div><\/div><div class=\"vc_column_container col-md-2\"><div class=\"wpb_wrapper vc_column-inner\"><\/div><\/div><\/div><div class=\"vc_row wpb_row row top-row wpb_custom_034b39d9bc6c6b310d69e39f0ccf274f\"><div class=\"vc_column_container col-md-12\"><div class=\"wpb_wrapper vc_column-inner\"><div class=\"vc_empty_space\"   style=\"height: 32px\"><span class=\"vc_empty_space_inner\"><\/span><\/div><\/div><\/div><\/div>\n<\/div>","protected":false},"excerpt":{"rendered":"Custom Face Masks We can make cotton fabrics or 100% dye sublimated cut &amp; sew custom face masks with your artwork and branding. In addition, we can help you with the design, to create truly unique custom face masks. We now offer 2 different types of face coverings. Cloth Face Masks Active Face Covering There [...]","protected":false},"author":2,"featured_media":0,"parent":49975,"menu_order":0,"comment_status":"closed","ping_status":"closed","template":"","meta":{"footnotes":""},"class_list":["post-47442","page","type-page","status-publish","hentry"],"_links":{"self":[{"href":"https:\/\/shapesfightwear.com\/es\/wp-json\/wp\/v2\/pages\/47442","targetHints":{"allow":["GET"]}}],"collection":[{"href":"https:\/\/shapesfightwear.com\/es\/wp-json\/wp\/v2\/pages"}],"about":[{"href":"https:\/\/shapesfightwear.com\/es\/wp-json\/wp\/v2\/types\/page"}],"author":[{"embeddable":true,"href":"https:\/\/shapesfightwear.com\/es\/wp-json\/wp\/v2\/users\/2"}],"replies":[{"embeddable":true,"href":"https:\/\/shapesfightwear.com\/es\/wp-json\/wp\/v2\/comments?post=47442"}],"version-history":[{"count":8,"href":"https:\/\/shapesfightwear.com\/es\/wp-json\/wp\/v2\/pages\/47442\/revisions"}],"predecessor-version":[{"id":50415,"href":"https:\/\/shapesfightwear.com\/es\/wp-json\/wp\/v2\/pages\/47442\/revisions\/50415"}],"up":[{"embeddable":true,"href":"https:\/\/shapesfightwear.com\/es\/wp-json\/wp\/v2\/pages\/49975"}],"wp:attachment":[{"href":"https:\/\/shapesfightwear.com\/es\/wp-json\/wp\/v2\/media?parent=47442"}],"curies":[{"name":"wp","href":"https:\/\/api.w.org\/{rel}","templated":true}]}}