{"id":47461,"date":"2025-08-24T17:18:33","date_gmt":"2025-08-24T17:18:33","guid":{"rendered":"https:\/\/mediumspringgreen-meerkat-571505.hostingersite.com\/?page_id=47461"},"modified":"2025-10-13T16:38:19","modified_gmt":"2025-10-13T16:38:19","slug":"roster-form-info","status":"publish","type":"page","link":"https:\/\/shapesfightwear.com\/es\/roster-form-info\/","title":{"rendered":"Roster Form Info"},"content":{"rendered":"<div class=\"wpb-content-wrapper\"><div class=\"vc_row wpb_row row top-row wpb_custom_034b39d9bc6c6b310d69e39f0ccf274f\"><div class=\"vc_column_container col-md-2\"><div class=\"wpb_wrapper vc_column-inner\"><\/div><\/div><div class=\"vc_column_container col-md-8\"><div class=\"wpb_wrapper vc_column-inner\"><div class=\"vc_empty_space\"   style=\"height: 42px\"><span class=\"vc_empty_space_inner\"><\/span><\/div><h3 style=\"font-size: 36px;color: #000000;text-align: center;font-family:Lato;font-weight:700;font-style:normal\" class=\"vc_custom_heading vc_do_custom_heading wpb_custom_aa365bd5046e8294520b4e73732b9d15\" >Env\u00ede su formulario de lista<\/h3>\r\n\t<div class=\"wpb_text_column wpb_content_element wpb_custom_7c91d232724f73626cc933bd95b25ff0\" >\r\n\t\t<div class=\"wpb_wrapper\">\r\n\t\t\t<p style=\"text-align: center;\"><strong>Para enviar un pedido, complete y env\u00ede un formulario de lista.<\/strong> Puede completarlo y enviarlo en l\u00ednea (versi\u00f3n web), o puede descargar la versi\u00f3n PDF, completarla y envi\u00e1rnosla por correo electr\u00f3nico.<\/p>\n\r\n\t\t<\/div>\r\n\t<\/div>\r\n<\/div><\/div><div class=\"vc_column_container col-md-2\"><div class=\"wpb_wrapper vc_column-inner\"><\/div><\/div><\/div><div class=\"vc_row wpb_row row top-row wpb_custom_034b39d9bc6c6b310d69e39f0ccf274f\"><div class=\"vc_column_container col-md-12\"><div class=\"wpb_wrapper vc_column-inner\"><div class=\"vc_empty_space\"   style=\"height: 32px\"><span class=\"vc_empty_space_inner\"><\/span><\/div>\r\n\t<div class=\"wpb_text_column wpb_content_element vc_custom_1755336248743 wpb_custom_7c91d232724f73626cc933bd95b25ff0\" >\r\n\t\t<div class=\"wpb_wrapper\">\r\n\t\t\t<p style=\"font-size: 23px; text-align: center;\"><span style=\"text-decoration: underline;\"><span style=\"color: #3366ff;\"><a style=\"color: #3366ff;\" href=\"https:\/\/shapesfightwear.com\/wp-content\/uploads\/2025\/08\/Final-Roster_form.pdf\" download=\"SHAPES_Roster_Form\"><strong>Formulario de lista (version PDF)<\/strong><\/a><\/span><\/span><\/p>\n\r\n\t\t<\/div>\r\n\t<\/div>\r\n\r\n\t<div class=\"wpb_text_column wpb_content_element vc_custom_1755336632014 wpb_custom_7c91d232724f73626cc933bd95b25ff0\" >\r\n\t\t<div class=\"wpb_wrapper\">\r\n\t\t\t<p style=\"font-size: 16px; text-align: center;\"><strong><span style=\"color: #ff0000;\"><a href=\"https:\/\/shapesfightwear.com\/wp-content\/uploads\/2025\/08\/Roster-Form-Sample-view-scaled-1.jpg\" target=\"_blank\" rel=\"noopener noreferrer\" data-schema-attribute=\"\">Ver muestra<\/a><\/span><\/strong><\/p>\n\r\n\t\t<\/div>\r\n\t<\/div>\r\n<\/div><\/div><\/div><div class=\"vc_row wpb_row row top-row vc_custom_1630860956224 wpb_custom_034b39d9bc6c6b310d69e39f0ccf274f\"><div class=\"vc_column_container col-md-12\"><div class=\"wpb_wrapper vc_column-inner\"><div class=\"vc_empty_space\"   style=\"height: 32px\"><span class=\"vc_empty_space_inner\"><\/span><\/div>\r\n\t<div class=\"wpb_text_column wpb_content_element vc_custom_1631083534609 wpb_custom_7c91d232724f73626cc933bd95b25ff0\" >\r\n\t\t<div class=\"wpb_wrapper\">\r\n\t\t\t<p style=\"font-size: 23px; text-align: center;\"><span style=\"color: #3366ff;\"><strong>Formulario de lista (version web)<\/strong><\/span><\/p>\n\r\n\t\t<\/div>\r\n\t<\/div>\r\n\r\n\t<div class=\"wpb_text_column wpb_content_element vc_custom_1755336657877 wpb_custom_7c91d232724f73626cc933bd95b25ff0\" >\r\n\t\t<div class=\"wpb_wrapper\">\r\n\t\t\t<p style=\"font-size: 16px; text-align: center;\"><strong><span style=\"color: #ff0000;\"><a href=\"https:\/\/shapesfightwear.com\/wp-content\/uploads\/2025\/08\/Roster-Form-Sample-web-view-scaled-1.jpg\" target=\"_blank\" rel=\"noopener noreferrer\" data-schema-attribute=\"\">Ver muestra<\/a><\/span><\/strong><\/p>\n\r\n\t\t<\/div>\r\n\t<\/div>\r\n\n\t<div class=\"wpb_raw_code wpb_raw_html wpb_content_element vc_custom_1630865356790\" >\n\t\t<div class=\"wpb_wrapper\">\n\t\t\t<script type=\"text\/javascript\" src=\"https:\/\/form.jotform.com\/jsform\/212262098170451\"><\/script>\n\t\t<\/div>\n\t<\/div>\n<div class=\"vc_empty_space  vc_custom_1630865159874\"   style=\"height: 32px\"><span class=\"vc_empty_space_inner\"><\/span><\/div><\/div><\/div><\/div>\n<\/div>","protected":false},"excerpt":{"rendered":"Submit Your Roster Form To submit an order, please complete and submit a Roster Form. You can complete and submit it online (Web version), or you can download the PDF version, complete it and email it to us. Roster Form (PDF Version) View Sample Roster Form (Web Version) View Sample","protected":false},"author":2,"featured_media":0,"parent":0,"menu_order":0,"comment_status":"closed","ping_status":"closed","template":"","meta":{"footnotes":""},"class_list":["post-47461","page","type-page","status-publish","hentry"],"_links":{"self":[{"href":"https:\/\/shapesfightwear.com\/es\/wp-json\/wp\/v2\/pages\/47461","targetHints":{"allow":["GET"]}}],"collection":[{"href":"https:\/\/shapesfightwear.com\/es\/wp-json\/wp\/v2\/pages"}],"about":[{"href":"https:\/\/shapesfightwear.com\/es\/wp-json\/wp\/v2\/types\/page"}],"author":[{"embeddable":true,"href":"https:\/\/shapesfightwear.com\/es\/wp-json\/wp\/v2\/users\/2"}],"replies":[{"embeddable":true,"href":"https:\/\/shapesfightwear.com\/es\/wp-json\/wp\/v2\/comments?post=47461"}],"version-history":[{"count":7,"href":"https:\/\/shapesfightwear.com\/es\/wp-json\/wp\/v2\/pages\/47461\/revisions"}],"predecessor-version":[{"id":47468,"href":"https:\/\/shapesfightwear.com\/es\/wp-json\/wp\/v2\/pages\/47461\/revisions\/47468"}],"wp:attachment":[{"href":"https:\/\/shapesfightwear.com\/es\/wp-json\/wp\/v2\/media?parent=47461"}],"curies":[{"name":"wp","href":"https:\/\/api.w.org\/{rel}","templated":true}]}}