{"id":47473,"date":"2025-08-24T16:31:35","date_gmt":"2025-08-24T16:31:35","guid":{"rendered":"https:\/\/mediumspringgreen-meerkat-571505.hostingersite.com\/?page_id=47473"},"modified":"2026-03-24T17:44:08","modified_gmt":"2026-03-24T17:44:08","slug":"guantes-y-almohadillas-de-enfoque-personalizados","status":"publish","type":"page","link":"https:\/\/shapesfightwear.com\/es\/custom-gear\/equipo-de-boxeo-personalizado\/guantes-y-almohadillas-de-enfoque-personalizados\/","title":{"rendered":"Manoplas y protectores de enfoque personalizados"},"content":{"rendered":"<div class=\"wpb-content-wrapper\"><div data-vc-full-width=\"true\" data-vc-full-width-temp=\"true\" data-vc-full-width-init=\"false\" data-vc-stretch-content=\"true\" class=\"vc_row wpb_row top-row vc_custom_1607623604812 vc_row-has-fill vc_row-no-padding porto-inner-container wpb_custom_034b39d9bc6c6b310d69e39f0ccf274f\"><div class=\"porto-wrap-container container\"><div class=\"row\"><div class=\"vc_column_container col-md-6\"><div class=\"wpb_wrapper vc_column-inner\">\r\n\t<div class=\"wpb_text_column wpb_content_element vc_custom_1774374231867 wpb_custom_7c91d232724f73626cc933bd95b25ff0\" >\r\n\t\t<div class=\"wpb_wrapper\">\r\n\t\t\t<h2><span style=\"color: #ffffff;\"><strong><span style=\"font-size: 35px;\">Manoplas y protectores de enfoque personalizados<\/span><\/strong><\/span><\/h2>\n<p><span style=\"color: #ffffff;\"><strong>Lleva tu negocio de distribuci\u00f3n, club o marca, gimnasio de MMA, equipo de academia, promoci\u00f3n de peleas y torneos al siguiente nivel con tus propios guantes y manoplas Focus personalizados.<\/strong><\/span><\/p>\n<p><span style=\"color: #ffffff;\"><strong>Nuestros mitones de boxeo personalizados pueden darle vida a cualquiera de tus ideas de dise\u00f1o con un m\u00ednimo de 10 unidades y un tiempo de producci\u00f3n corto.<\/strong><\/span><\/p>\n<p><span style=\"color: #ffffff;\"><strong>Deja volar tu imaginaci\u00f3n y crea guantes Focus totalmente personalizados para tu gimnasio, club, academia o equipo de boxeo. \u00bfNecesitas ayuda con el dise\u00f1o? \u00a1Deja que nuestros dise\u00f1adores profesionales lo hagan por ti y consigue el look perfecto!<\/strong><\/span><\/p>\n\r\n\t\t<\/div>\r\n\t<\/div>\r\n<\/div><\/div><div class=\"vc_column_container col-md-6\"><div class=\"wpb_wrapper vc_column-inner\">\r\n\t<div class=\"wpb_single_image wpb_content_element vc_align_left wpb_content_element  vc_custom_1755337500179 wpb_custom_81a4f7ef9830bf958462581aa01150fb\"><div class=\"wpb_wrapper\">\r\n\t\t\t\r\n\t\t\t<div class=\"vc_single_image-wrapper   vc_box_border_grey\"><img decoding=\"async\" class=\"vc_single_image-img\" src=\"https:\/\/shapesfightwear.com\/wp-content\/uploads\/2025\/08\/CUSTOM-THAI-PADS-min.jpg\" width=\"800\" height=\"615\" alt=\"Manoplas y protectores de enfoque personalizados\" title=\"CUSTOM-THAI-PADS-min\" loading=\"lazy\" \/><\/div>\r\n\t\t<\/div>\r\n\t<\/div>\r\n<\/div><\/div><\/div><\/div><\/div><div class=\"vc_row-full-width vc_clearfix\"><\/div><div class=\"vc_row wpb_row row top-row wpb_custom_034b39d9bc6c6b310d69e39f0ccf274f\"><div class=\"vc_column_container col-md-2\"><div class=\"wpb_wrapper vc_column-inner\"><\/div><\/div><div class=\"vc_column_container col-md-8\"><div class=\"wpb_wrapper vc_column-inner\"><div class=\"vc_empty_space  vc_custom_1601996902733\"   style=\"height: 28px\"><span class=\"vc_empty_space_inner\"><\/span><\/div><h2 style=\"font-size: 30px;color: #000000;text-align: center;font-family:Lato;font-weight:700;font-style:normal\" class=\"vc_custom_heading vc_do_custom_heading vc_custom_1774374246977 wpb_custom_aa365bd5046e8294520b4e73732b9d15\" >\u00a1D\u00c9JENOS DISE\u00d1ARLO PARA USTED!<\/h2>\r\n\t<div class=\"wpb_text_column wpb_content_element wpb_custom_7c91d232724f73626cc933bd95b25ff0\" >\r\n\t\t<div class=\"wpb_wrapper\">\r\n\t\t\t<p style=\"text-align: center;\" align=\"center\"><span style=\"color: #000000;\"><span lang=\"EN-US\">Perm\u00edtanos crear guantes y almohadillas de enfoque personalizados para usted <\/span><b><span lang=\"EN-US\">&gt;Negocio de Distribuci\u00f3n, &gt;Club o Marca &gt;<\/span><\/b><span lang=\"EN-US\"> <b>Gimnasio de MMA, &gt;Equipo de la academia, &gt;Promoci\u00f3n de peleas y torneos<br \/>\n<\/b><\/span><span lang=\"EN-US\" style=\"font-size: 10.5pt; font-family: Arial, sans-serif; letter-spacing: 0.15pt;\">Podemos ayudarte con el dise\u00f1o, la elecci\u00f3n de materiales y la creaci\u00f3n de un producto que se adapte perfectamente a tus necesidades. Completa el formulario a la derecha para comenzar. \u00a0<strong style=\"box-sizing: border-box;\"><span style=\"font-family: 'Arial',sans-serif;\">La cantidad m\u00ednima de pedido es de 10 unidades.<br \/>\n<\/span><\/strong><\/span><span lang=\"EN-US\">Complete el formulario a continuaci\u00f3n para darnos una idea de lo que busca. Nos pondremos en contacto con usted para hacerle m\u00e1s preguntas.<\/span> <span lang=\"EN-US\">Este formulario no es vinculante, lo utilizamos como una herramienta para poner en marcha el proceso, nos comunicaremos con usted para asegurarnos de que obtenga toda la informaci\u00f3n que necesita.<\/span><\/span><\/p>\n<p style=\"margin: 0cm; margin-bottom: .0001pt; text-align: center; background: white;\" align=\"center\"><span lang=\"EN-US\" style=\"color: #000000;\">Para ofrecerle el mejor precio posible, cotizamos cada trabajo individualmente.<\/span><\/p>\n<p style=\"margin: 0cm; margin-bottom: .0001pt; text-align: center; background: white;\" align=\"center\"><span lang=\"EN-US\" style=\"color: #000000;\">Complete el formulario y le detallaremos la revisi\u00f3n y le enviaremos una cotizaci\u00f3n.<\/span><\/p>\n<h5 style=\"text-align: center;\"><span lang=\"EN-GB\" style=\"font-size: 10.5pt; line-height: 107%;\">Si tienes alguna pregunta, por favor <a href=\"https:\/\/shapesfightwear.com\/contact-us\/\" target=\"_blank\" rel=\"noopener noreferrer\">Contacta con nosotras<\/a> y nos pondremos en contacto con usted lo antes posible.<\/span><\/h5>\n\r\n\t\t<\/div>\r\n\t<\/div>\r\n<\/div><\/div><div class=\"vc_column_container col-md-2\"><div class=\"wpb_wrapper vc_column-inner\"><\/div><\/div><\/div><div class=\"vc_row wpb_row row top-row wpb_custom_034b39d9bc6c6b310d69e39f0ccf274f\"><div class=\"vc_column_container col-md-2\"><div class=\"wpb_wrapper vc_column-inner\"><\/div><\/div><div class=\"vc_column_container col-md-8\"><div class=\"wpb_wrapper vc_column-inner\">\r\n\t<div class=\"wpb_text_column wpb_content_element wpb_custom_7c91d232724f73626cc933bd95b25ff0\" >\r\n\t\t<div class=\"wpb_wrapper\">\r\n\t\t\t<div class=\"forminator-ui forminator-custom-form forminator-custom-form-6221 forminator-design--default forminator-custom forminator_ajax\" data-forminator-render=\"0\" data-form=\"forminator-module-6221\" data-uid=\"69f102bd73dd2\"><br\/><\/div><form\n\t\t\t\tid=\"forminator-module-6221\"\n\t\t\t\tclass=\"forminator-ui forminator-custom-form forminator-custom-form-6221 forminator-design--default forminator-custom forminator_ajax\"\n\t\t\t\tmethod=\"post\"\n\t\t\t\tdata-forminator-render=\"0\"\n\t\t\t\tdata-form-id=\"6221\"\n\t\t\t\tenctype=\"multipart\/form-data\" data-color-option=\"default\" data-design=\"default\" data-grid=\"custom\" style=\"display: none;\"\n\t\t\t\tdata-uid=\"69f102bd73dd2\" action=\"\"\n\t\t\t><div role=\"alert\" aria-live=\"polite\" class=\"forminator-response-message forminator-error\" aria-hidden=\"true\"><\/div><div class=\"forminator-row\"><div id=\"name-2\" class=\"forminator-field-name forminator-col forminator-col-6\"><div class=\"forminator-field\"><label for=\"forminator-field-name-2_69f102bd73dd2\" id=\"forminator-field-name-2_69f102bd73dd2-label\" class=\"forminator-label\">Nombre de pila <span class=\"forminator-required\">*<\/span><\/label><input type=\"text\" name=\"name-2\" value=\"\" placeholder=\"\" id=\"forminator-field-name-2_69f102bd73dd2\" class=\"forminator-input forminator-name--field\" aria-required=\"true\" autocomplete=\"name\" \/><\/div><\/div><div id=\"name-1\" class=\"forminator-field-name forminator-col forminator-col-6\"><div class=\"forminator-field\"><label for=\"forminator-field-name-1_69f102bd73dd2\" id=\"forminator-field-name-1_69f102bd73dd2-label\" class=\"forminator-label\">Apellido <span class=\"forminator-required\">*<\/span><\/label><input type=\"text\" name=\"name-1\" value=\"\" placeholder=\"\" id=\"forminator-field-name-1_69f102bd73dd2\" class=\"forminator-input forminator-name--field\" aria-required=\"true\" autocomplete=\"name\" \/><\/div><\/div><\/div><div class=\"forminator-row\"><div id=\"email-1\" class=\"forminator-field-email forminator-col forminator-col-12\"><div class=\"forminator-field\"><label for=\"forminator-field-email-1_69f102bd73dd2\" id=\"forminator-field-email-1_69f102bd73dd2-label\" class=\"forminator-label\">Direcci\u00f3n de correo electr\u00f3nico <span class=\"forminator-required\">*<\/span><\/label><input type=\"email\" name=\"email-1\" value=\"\" placeholder=\"\" id=\"forminator-field-email-1_69f102bd73dd2\" class=\"forminator-input forminator-email--field\" data-required=\"1\" aria-required=\"true\" autocomplete=\"email\" \/><\/div><\/div><\/div><div class=\"forminator-row\"><div id=\"name-3\" class=\"forminator-field-name forminator-col forminator-col-12\"><div class=\"forminator-field\"><label for=\"forminator-field-name-3_69f102bd73dd2\" id=\"forminator-field-name-3_69f102bd73dd2-label\" class=\"forminator-label\">nombre de empresa<\/label><input type=\"text\" name=\"name-3\" value=\"\" placeholder=\"\" id=\"forminator-field-name-3_69f102bd73dd2\" class=\"forminator-input forminator-name--field\" aria-required=\"false\" autocomplete=\"name\" \/><\/div><\/div><\/div><div class=\"forminator-row\"><div id=\"phone-1\" class=\"forminator-field-phone forminator-col forminator-col-12\"><div class=\"forminator-field\"><label for=\"forminator-field-phone-1_69f102bd73dd2\" id=\"forminator-field-phone-1_69f102bd73dd2-label\" class=\"forminator-label\">N\u00famero de tel\u00e9fono <span class=\"forminator-required\">*<\/span><\/label><input type=\"text\" name=\"phone-1\" value=\"\" placeholder=\"\" id=\"forminator-field-phone-1_69f102bd73dd2\" class=\"forminator-input forminator-field--phone\" data-required=\"1\" aria-required=\"true\" autocomplete=\"off\" \/><\/div><\/div><\/div><div class=\"forminator-row\"><div id=\"checkbox-3\" class=\"forminator-field-checkbox forminator-col forminator-col-12\"><div role=\"group\" class=\"forminator-field required\" aria-labelledby=\"forminator-checkbox-group-forminator-field-checkbox-3-69f102bd73dd2-label\"><span id=\"forminator-checkbox-group-forminator-field-checkbox-3-69f102bd73dd2-label\" class=\"forminator-label\">Equipo de gimnasio. Tipo de producto <span class=\"forminator-required\">*<\/span><\/span><label id=\"forminator-field-checkbox-3-1-69f102bd73dd2-label\" for=\"forminator-field-checkbox-3-1-69f102bd73dd2\" class=\"forminator-checkbox\" title=\"Bolsas pesadas\"><input type=\"checkbox\" name=\"checkbox-3[]\" value=\"heavy-bags\" id=\"forminator-field-checkbox-3-1-69f102bd73dd2\" aria-labelledby=\"forminator-field-checkbox-3-1-69f102bd73dd2-label\" data-calculation=\"0\"  \/><span class=\"forminator-checkbox-box\" aria-hidden=\"true\"><\/span><span class=\"forminator-checkbox-label\">Bolsas pesadas<\/span><\/label><label id=\"forminator-field-checkbox-3-2-69f102bd73dd2-label\" for=\"forminator-field-checkbox-3-2-69f102bd73dd2\" class=\"forminator-checkbox\" title=\"Almohadillas tailandesas\"><input type=\"checkbox\" name=\"checkbox-3[]\" value=\"thai-pads\" id=\"forminator-field-checkbox-3-2-69f102bd73dd2\" aria-labelledby=\"forminator-field-checkbox-3-2-69f102bd73dd2-label\" data-calculation=\"0\"  \/><span class=\"forminator-checkbox-box\" aria-hidden=\"true\"><\/span><span class=\"forminator-checkbox-label\">Almohadillas tailandesas<\/span><\/label><label id=\"forminator-field-checkbox-3-3-69f102bd73dd2-label\" for=\"forminator-field-checkbox-3-3-69f102bd73dd2\" class=\"forminator-checkbox\" title=\"Lanzando mu\u00f1ecos\"><input type=\"checkbox\" name=\"checkbox-3[]\" value=\"throwing-dummies\" id=\"forminator-field-checkbox-3-3-69f102bd73dd2\" aria-labelledby=\"forminator-field-checkbox-3-3-69f102bd73dd2-label\" data-calculation=\"0\"  \/><span class=\"forminator-checkbox-box\" aria-hidden=\"true\"><\/span><span class=\"forminator-checkbox-label\">Lanzando mu\u00f1ecos<\/span><\/label><label id=\"forminator-field-checkbox-3-4-69f102bd73dd2-label\" for=\"forminator-field-checkbox-3-4-69f102bd73dd2\" class=\"forminator-checkbox\" title=\"Guantes de boxeo\"><input type=\"checkbox\" name=\"checkbox-3[]\" value=\"punch-mitts\" id=\"forminator-field-checkbox-3-4-69f102bd73dd2\" aria-labelledby=\"forminator-field-checkbox-3-4-69f102bd73dd2-label\" data-calculation=\"0\"  \/><span class=\"forminator-checkbox-box\" aria-hidden=\"true\"><\/span><span class=\"forminator-checkbox-label\">Guantes de boxeo<\/span><\/label><label id=\"forminator-field-checkbox-3-5-69f102bd73dd2-label\" for=\"forminator-field-checkbox-3-5-69f102bd73dd2\" class=\"forminator-checkbox\" title=\"Escudos de patada\"><input type=\"checkbox\" name=\"checkbox-3[]\" value=\"kick-shields\" id=\"forminator-field-checkbox-3-5-69f102bd73dd2\" aria-labelledby=\"forminator-field-checkbox-3-5-69f102bd73dd2-label\" data-calculation=\"0\"  \/><span class=\"forminator-checkbox-box\" aria-hidden=\"true\"><\/span><span class=\"forminator-checkbox-label\">Escudos de patada<\/span><\/label><label id=\"forminator-field-checkbox-3-6-69f102bd73dd2-label\" for=\"forminator-field-checkbox-3-6-69f102bd73dd2\" class=\"forminator-checkbox\" title=\"Almohadillas abdominales \/ protectors corporales\"><input type=\"checkbox\" name=\"checkbox-3[]\" value=\"belly-pad-body-protectors\" id=\"forminator-field-checkbox-3-6-69f102bd73dd2\" aria-labelledby=\"forminator-field-checkbox-3-6-69f102bd73dd2-label\" data-calculation=\"0\"  \/><span class=\"forminator-checkbox-box\" aria-hidden=\"true\"><\/span><span class=\"forminator-checkbox-label\">Almohadillas abdominales \/ protectors corporales<\/span><\/label><label id=\"forminator-field-checkbox-3-7-69f102bd73dd2-label\" for=\"forminator-field-checkbox-3-7-69f102bd73dd2\" class=\"forminator-checkbox\" title=\"Otra\"><input type=\"checkbox\" name=\"checkbox-3[]\" value=\"other\" id=\"forminator-field-checkbox-3-7-69f102bd73dd2\" aria-labelledby=\"forminator-field-checkbox-3-7-69f102bd73dd2-label\" data-calculation=\"0\"  \/><span class=\"forminator-checkbox-box\" aria-hidden=\"true\"><\/span><span class=\"forminator-checkbox-label\">Otra<\/span><\/label><\/div><\/div><\/div><div class=\"forminator-row\"><div id=\"number-1\" class=\"forminator-field-number forminator-col forminator-col-12\"><div class=\"forminator-field\"><label for=\"forminator-field-number-1_69f102bd73dd2\" id=\"forminator-field-number-1_69f102bd73dd2-label\" class=\"forminator-label\">Cantidad estimada - Equipo de gimnasio <span class=\"forminator-required\">*<\/span><\/label><input name=\"number-1\" value=\"\" placeholder=\"10\" id=\"forminator-field-number-1_69f102bd73dd2\" class=\"forminator-input forminator-number--field\" inputmode=\"decimal\" data-required=\"1\" data-decimals=\"0\" aria-required=\"true\" data-inputmask=\"&#039;groupSeparator&#039;: &#039;&#039;, &#039;radixPoint&#039;: &#039;&#039;, &#039;digits&#039;: &#039;0&#039;\" type=\"number\" step=\"any\" min=\"10\" aria-describedby=\"forminator-field-number-1_69f102bd73dd2-description\" \/><span id=\"forminator-field-number-1_69f102bd73dd2-description\" class=\"forminator-description\">Por favor, ind\u00edquenos la cantidad estimada de art\u00edculos que desea pedir. El m\u00ednimo es de 10 a 30. Ingrese un n\u00famero mayor o igual a 15.<\/span><\/div><\/div><\/div><div class=\"forminator-row\"><div id=\"text-1\" class=\"forminator-field-text forminator-col forminator-col-12\"><div class=\"forminator-field\"><label for=\"forminator-field-text-1_69f102bd73dd2\" id=\"forminator-field-text-1_69f102bd73dd2-label\" class=\"forminator-label\">Colores de los equipos de gimnasio<\/label><input type=\"text\" name=\"text-1\" value=\"\" placeholder=\"Negro (primario), Amarillo (secundario)\" id=\"forminator-field-text-1_69f102bd73dd2\" class=\"forminator-input forminator-name--field\" data-required=\"\" aria-describedby=\"forminator-field-text-1_69f102bd73dd2-description\" \/><span id=\"forminator-field-text-1_69f102bd73dd2-description\" class=\"forminator-description\">Ind\u00edquenos qu\u00e9 colores principales le gustar\u00eda que tenga su art\u00edculo.<\/span><\/div><\/div><\/div><div class=\"forminator-row\"><div id=\"upload-1\" class=\"forminator-field-upload forminator-col forminator-col-12\"><div class=\"forminator-field\"><label for=\"forminator-field-upload-1_69f102bd73dd2\" id=\"forminator-field-upload-1_69f102bd73dd2-label\" class=\"forminator-label\">Sube tu obra de arte - Equipo de gimnasio<\/label><div class=\"forminator-file-upload\" data-element=\"upload-1_69f102bd73dd2\" aria-describedby=\"forminator-field-upload-1_69f102bd73dd2-description\"><input type=\"file\" name=\"upload-1\" id=\"forminator-field-upload-1_69f102bd73dd2\" class=\"forminator-input-file\" accept=\".jpg,.jpeg,.jpe,.gif,.png,.bmp,.tiff,.tif,.ico,.heic,.asf,.asx,.wmv,.wmx,.wm,.avi,.divx,.flv,.mov,.qt,.mpeg,.mpg,.mpe,.mp4,.m4v,.ogv,.webm,.mkv,.3gp,.3gpp,.3g2,.3gp2,.txt,.asc,.c,.cc,.h,.srt,.csv,.tsv,.ics,.rtx,.vtt,.mp3,.m4a,.m4b,.aac,.ra,.ram,.wav,.ogg,.oga,.flac,.mid,.midi,.wma,.wax,.mka,.rtf,.pdf,.class,.tar,.zip,.gz,.gzip,.7z,.psd,.xcf,.doc,.pot,.pps,.ppt,.wri,.xla,.xls,.xlt,.xlw,.mdb,.mpp,.docx,.docm,.dotx,.dotm,.xlsx,.xlsm,.xlsb,.xltx,.xltm,.xlam,.pptx,.pptm,.ppsx,.ppsm,.potx,.potm,.ppam,.sldx,.sldm,.onetoc,.onetoc2,.onetmp,.onepkg,.oxps,.xps,.odt,.odp,.ods,.odg,.odc,.odb,.odf,.wp,.wpd,.key,.numbers,.pages\" tabindex=\"-1\"><button id=\"forminator-field-upload-1_69f102bd73dd2_button\" class=\"forminator-button forminator-button-upload\" data-id=\"forminator-field-upload-1_69f102bd73dd2\">Elegir archivo<\/button><span data-empty-text=\"Ning\u00fan archivo seleccionado\">Ning\u00fan archivo seleccionado<\/span><button class=\"forminator-button-delete\" style=\"display: none;\"><i class=\"forminator-icon-close\" aria-hidden=\"true\"><\/i><span class=\"forminator-screen-reader-only\">Eliminar el archivo subido<\/span><\/button><\/div><span id=\"forminator-field-upload-1_69f102bd73dd2-description\" class=\"forminator-description\">Por favor, suba la imagen o archivo de mejor calidad que tenga. Para archivos vectoriales, env\u00edenos un correo electr\u00f3nico a sales@mediumspringgreen-meerkat-571505.hostingersite.com con el archivo vectorial adjunto (.cdr, .ai, .eps, .svg, .pdf) o adjunte a continuaci\u00f3n un archivo raster de mapa de bits de alta resoluci\u00f3n (.jpg, .png, .tiff) de al menos 1000x1000 pixels a 300 ppp.<\/span><\/div><\/div><\/div><div class=\"forminator-row\"><div id=\"checkbox-2\" class=\"forminator-field-checkbox forminator-col forminator-col-12\"><div role=\"group\" class=\"forminator-field\" aria-labelledby=\"forminator-checkbox-group-forminator-field-checkbox-2-69f102bd73dd2-label\"><label id=\"forminator-field-checkbox-2-1-69f102bd73dd2-label\" for=\"forminator-field-checkbox-2-1-69f102bd73dd2\" class=\"forminator-checkbox\" title=\"NO tengo ilustraciones y necesito ayuda con dise\u00f1o gr\u00e1fico\/art\u00edstico.\"><input type=\"checkbox\" name=\"checkbox-2[]\" value=\"i-dont-have-artwork-and-i-need-graphicart-design-help\" id=\"forminator-field-checkbox-2-1-69f102bd73dd2\" aria-labelledby=\"forminator-field-checkbox-2-1-69f102bd73dd2-label\" data-calculation=\"0\"  \/><span class=\"forminator-checkbox-box\" aria-hidden=\"true\"><\/span><span class=\"forminator-checkbox-label\">NO tengo ilustraciones y necesito ayuda con dise\u00f1o gr\u00e1fico\/art\u00edstico.<\/span><\/label><\/div><\/div><\/div><div class=\"forminator-row\"><div id=\"captcha-1\" class=\"forminator-field-captcha forminator-col forminator-col-12\"><div class=\"forminator-captcha-left forminator-g-recaptcha recaptcha-invisible\" data-theme=\"light\" data-badge=\"inline\" data-sitekey=\"6LdV2tIrAAAAAFw0llFHDM5B-U4rGXC5wUBZc73K\" data-size=\"invisible\"><\/div> <\/div><\/div><input type=\"hidden\" name=\"referer_url\" value=\"\" \/><div class=\"forminator-row forminator-row-last\"><div class=\"forminator-col\"><div class=\"forminator-field\"><button class=\"forminator-button forminator-button-submit\">Entregar<\/button><\/div><\/div><\/div><input type=\"hidden\" id=\"forminator_nonce\" name=\"forminator_nonce\" value=\"25540592ba\" \/><input type=\"hidden\" name=\"_wp_http_referer\" value=\"\/es\/wp-json\/wp\/v2\/pages\/47473\" \/><input type=\"hidden\" name=\"form_id\" value=\"6221\"><input type=\"hidden\" name=\"page_id\" value=\"47473\"><input type=\"hidden\" name=\"form_type\" value=\"default\"><input type=\"hidden\" name=\"current_url\" value=\"https:\/\/shapesfightwear.com\/es\/custom-gear\/equipo-de-boxeo-personalizado\/guantes-y-almohadillas-de-enfoque-personalizados\/\"><input type=\"hidden\" name=\"render_id\" value=\"0\"><input type=\"hidden\" name=\"action\" value=\"forminator_submit_form_custom-forms\"><input type=\"hidden\" name=\"trp-form-language\" value=\"es\"\/><\/form>\n\r\n\t\t<\/div>\r\n\t<\/div>\r\n<\/div><\/div><div class=\"vc_column_container col-md-2\"><div class=\"wpb_wrapper vc_column-inner\"><\/div><\/div><\/div><div class=\"vc_row wpb_row row top-row wpb_custom_034b39d9bc6c6b310d69e39f0ccf274f\"><div class=\"vc_column_container col-md-12\"><div class=\"wpb_wrapper vc_column-inner\"><div class=\"vc_empty_space\"   style=\"height: 32px\"><span class=\"vc_empty_space_inner\"><\/span><\/div><\/div><\/div><\/div>\n<\/div>","protected":false},"excerpt":{"rendered":"Custom Focus Mitts and pads Take your &gt;Distribution Business, &gt;Club or Brand &gt; MMA Gym, &gt;Academy Team, &gt;Fight Promotion &amp; tournament to the next level with your own Custom Focus Mitts and Pads. Our Custom Boxing Focus Mitts can bring to live any of your design ideas with a low min of 10 units and [...]","protected":false},"author":2,"featured_media":0,"parent":49755,"menu_order":0,"comment_status":"closed","ping_status":"closed","template":"","meta":{"footnotes":""},"class_list":["post-47473","page","type-page","status-publish","hentry"],"_links":{"self":[{"href":"https:\/\/shapesfightwear.com\/es\/wp-json\/wp\/v2\/pages\/47473","targetHints":{"allow":["GET"]}}],"collection":[{"href":"https:\/\/shapesfightwear.com\/es\/wp-json\/wp\/v2\/pages"}],"about":[{"href":"https:\/\/shapesfightwear.com\/es\/wp-json\/wp\/v2\/types\/page"}],"author":[{"embeddable":true,"href":"https:\/\/shapesfightwear.com\/es\/wp-json\/wp\/v2\/users\/2"}],"replies":[{"embeddable":true,"href":"https:\/\/shapesfightwear.com\/es\/wp-json\/wp\/v2\/comments?post=47473"}],"version-history":[{"count":7,"href":"https:\/\/shapesfightwear.com\/es\/wp-json\/wp\/v2\/pages\/47473\/revisions"}],"predecessor-version":[{"id":50352,"href":"https:\/\/shapesfightwear.com\/es\/wp-json\/wp\/v2\/pages\/47473\/revisions\/50352"}],"up":[{"embeddable":true,"href":"https:\/\/shapesfightwear.com\/es\/wp-json\/wp\/v2\/pages\/49755"}],"wp:attachment":[{"href":"https:\/\/shapesfightwear.com\/es\/wp-json\/wp\/v2\/media?parent=47473"}],"curies":[{"name":"wp","href":"https:\/\/api.w.org\/{rel}","templated":true}]}}