{"id":47489,"date":"2025-08-24T16:33:25","date_gmt":"2025-08-24T16:33:25","guid":{"rendered":"https:\/\/mediumspringgreen-meerkat-571505.hostingersite.com\/?page_id=47489"},"modified":"2026-03-24T17:47:54","modified_gmt":"2026-03-24T17:47:54","slug":"vendas-de-manos-personalizadas","status":"publish","type":"page","link":"https:\/\/shapesfightwear.com\/es\/custom-gear\/equipo-de-boxeo-personalizado\/vendas-de-manos-personalizadas\/","title":{"rendered":"Vendas de mano personalizadas"},"content":{"rendered":"<div class=\"wpb-content-wrapper\"><div data-vc-full-width=\"true\" data-vc-full-width-temp=\"true\" data-vc-full-width-init=\"false\" data-vc-stretch-content=\"true\" class=\"vc_row wpb_row top-row vc_custom_1607626147352 vc_row-has-fill vc_row-no-padding porto-inner-container wpb_custom_034b39d9bc6c6b310d69e39f0ccf274f\"><div class=\"porto-wrap-container container\"><div class=\"row\"><div class=\"vc_column_container col-md-6\"><div class=\"wpb_wrapper vc_column-inner\">\r\n\t<div class=\"wpb_text_column wpb_content_element vc_custom_1774374443505 wpb_custom_7c91d232724f73626cc933bd95b25ff0\" >\r\n\t\t<div class=\"wpb_wrapper\">\r\n\t\t\t<h2><span style=\"color: #ffffff;\"><strong><span style=\"font-size: 38px;\">Vendas de mano personalizadas<\/span><\/strong><\/span><\/h2>\n<p><span style=\"color: #ffffff;\"><strong>\u00a1Lleva a tu club o marca, gimnasio de boxeo, equipo de academia, al siguiente nivel con algunas vendas de mano personalizadas!<\/strong><\/span><\/p>\n<p><span style=\"color: #ffffff;\"><strong>Nuestras vendas de mano personalizadas pueden darle vida a cualquiera de sus ideas de dise\u00f1o con un m\u00ednimo de 250 pares y un tiempo de producci\u00f3n corto.<\/strong><\/span><\/p>\n<p><span style=\"color: #ffffff;\"><strong>Deja volar tu imaginaci\u00f3n y crea vendas de boxeo totalmente personalizadas para tu negocio de distribuci\u00f3n, club o marca, gimnasio de boxeo, academia, promoci\u00f3n de combates y torneos. \u00a1Deja que nuestros dise\u00f1adores profesionales lo hagan por ti a precios muy accesibles y consigue el look perfecto!<\/strong><\/span><\/p>\n\r\n\t\t<\/div>\r\n\t<\/div>\r\n<\/div><\/div><div class=\"vc_column_container col-md-6\"><div class=\"wpb_wrapper vc_column-inner\">\r\n\t<div class=\"wpb_single_image wpb_content_element vc_align_left wpb_content_element  vc_custom_1755339409912 wpb_custom_81a4f7ef9830bf958462581aa01150fb\"><div class=\"wpb_wrapper\">\r\n\t\t\t\r\n\t\t\t<div class=\"vc_single_image-wrapper   vc_box_border_grey\"><img decoding=\"async\" class=\"vc_single_image-img\" src=\"https:\/\/shapesfightwear.com\/wp-content\/uploads\/2025\/08\/HandW-min-1.jpg\" width=\"800\" height=\"615\" alt=\"Vendas de mano personalizadas\" title=\"HandW-min-1\" loading=\"lazy\" \/><\/div>\r\n\t\t<\/div>\r\n\t<\/div>\r\n<\/div><\/div><\/div><\/div><\/div><div class=\"vc_row-full-width vc_clearfix\"><\/div><div class=\"vc_row wpb_row row top-row wpb_custom_034b39d9bc6c6b310d69e39f0ccf274f\"><div class=\"vc_column_container col-md-2\"><div class=\"wpb_wrapper vc_column-inner\"><\/div><\/div><div class=\"vc_column_container col-md-8\"><div class=\"wpb_wrapper vc_column-inner\"><div class=\"vc_empty_space  vc_custom_1601996902733\"   style=\"height: 28px\"><span class=\"vc_empty_space_inner\"><\/span><\/div><h2 style=\"font-size: 32px;color: #000000;text-align: center;font-family:Lato;font-weight:700;font-style:normal\" class=\"vc_custom_heading vc_do_custom_heading vc_custom_1774374462108 wpb_custom_aa365bd5046e8294520b4e73732b9d15\" >\u00a1D\u00c9JENOS DISE\u00d1ARLO PARA USTED!<\/h2>\r\n\t<div class=\"wpb_text_column wpb_content_element wpb_custom_7c91d232724f73626cc933bd95b25ff0\" >\r\n\t\t<div class=\"wpb_wrapper\">\r\n\t\t\t<p style=\"text-align: center;\"><span style=\"color: #000000;\">Podemos hacer vendajes de mano personalizados para usted. <strong>&gt;Negocio de Distribuci\u00f3n, &gt;Club o Marca &gt;<\/strong> <strong>Gimnasio de Boxeo, &gt;Equipo de la Academia, &gt;Promoci\u00f3n de peleas y torneos.<br \/>\n<\/strong>Podemos ayudarte con el dise\u00f1o para crear un vendaje verdaderamente \u00fanico. Completa el formulario a continuaci\u00f3n para comenzar. \u00a0<strong>La cantidad m\u00ednima de pedido es de 250 unidades.<\/strong>\u00a0Puede elegir el color de las vendas de mano, de un solo tono o de dos tonos, \u00a1podemos agregar impresi\u00f3n personalizada a todo el largo de la venda y agregar su parche tejido de marca!<\/span><\/p>\n<p style=\"text-align: center;\"><span style=\"color: #000000;\">\u00a1Complete el formulario y nos comunicaremos con usted para confirmar todos los detalles!<\/span><\/p>\n\r\n\t\t<\/div>\r\n\t<\/div>\r\n<\/div><\/div><div class=\"vc_column_container col-md-2\"><div class=\"wpb_wrapper vc_column-inner\"><\/div><\/div><\/div><div class=\"vc_row wpb_row row top-row wpb_custom_034b39d9bc6c6b310d69e39f0ccf274f\"><div class=\"vc_column_container col-md-2\"><div class=\"wpb_wrapper vc_column-inner\"><\/div><\/div><div class=\"vc_column_container col-md-8\"><div class=\"wpb_wrapper vc_column-inner\">\r\n\t<div class=\"wpb_text_column wpb_content_element wpb_custom_7c91d232724f73626cc933bd95b25ff0\" >\r\n\t\t<div class=\"wpb_wrapper\">\r\n\t\t\t<div class=\"forminator-ui forminator-custom-form forminator-custom-form-6223 forminator-design--default forminator-custom forminator_ajax\" data-forminator-render=\"0\" data-form=\"forminator-module-6223\" data-uid=\"69f101e7f2cbc\"><br\/><\/div><form\n\t\t\t\tid=\"forminator-module-6223\"\n\t\t\t\tclass=\"forminator-ui forminator-custom-form forminator-custom-form-6223 forminator-design--default forminator-custom forminator_ajax\"\n\t\t\t\tmethod=\"post\"\n\t\t\t\tdata-forminator-render=\"0\"\n\t\t\t\tdata-form-id=\"6223\"\n\t\t\t\tenctype=\"multipart\/form-data\" data-color-option=\"default\" data-design=\"default\" data-grid=\"custom\" style=\"display: none;\"\n\t\t\t\tdata-uid=\"69f101e7f2cbc\" action=\"\"\n\t\t\t><div role=\"alert\" aria-live=\"polite\" class=\"forminator-response-message forminator-error\" aria-hidden=\"true\"><\/div><div class=\"forminator-row\"><div id=\"name-2\" class=\"forminator-field-name forminator-col forminator-col-6\"><div class=\"forminator-field\"><label for=\"forminator-field-name-2_69f101e7f2cbc\" id=\"forminator-field-name-2_69f101e7f2cbc-label\" class=\"forminator-label\">Nombre de pila <span class=\"forminator-required\">*<\/span><\/label><input type=\"text\" name=\"name-2\" value=\"\" placeholder=\"\" id=\"forminator-field-name-2_69f101e7f2cbc\" class=\"forminator-input forminator-name--field\" aria-required=\"true\" autocomplete=\"name\" \/><\/div><\/div><div id=\"name-1\" class=\"forminator-field-name forminator-col forminator-col-6\"><div class=\"forminator-field\"><label for=\"forminator-field-name-1_69f101e7f2cbc\" id=\"forminator-field-name-1_69f101e7f2cbc-label\" class=\"forminator-label\">Apellido <span class=\"forminator-required\">*<\/span><\/label><input type=\"text\" name=\"name-1\" value=\"\" placeholder=\"\" id=\"forminator-field-name-1_69f101e7f2cbc\" class=\"forminator-input forminator-name--field\" aria-required=\"true\" autocomplete=\"name\" \/><\/div><\/div><\/div><div class=\"forminator-row\"><div id=\"email-1\" class=\"forminator-field-email forminator-col forminator-col-12\"><div class=\"forminator-field\"><label for=\"forminator-field-email-1_69f101e7f2cbc\" id=\"forminator-field-email-1_69f101e7f2cbc-label\" class=\"forminator-label\">Direcci\u00f3n de correo electr\u00f3nico <span class=\"forminator-required\">*<\/span><\/label><input type=\"email\" name=\"email-1\" value=\"\" placeholder=\"\" id=\"forminator-field-email-1_69f101e7f2cbc\" class=\"forminator-input forminator-email--field\" data-required=\"1\" aria-required=\"true\" autocomplete=\"email\" \/><\/div><\/div><\/div><div class=\"forminator-row\"><div id=\"name-3\" class=\"forminator-field-name forminator-col forminator-col-12\"><div class=\"forminator-field\"><label for=\"forminator-field-name-3_69f101e7f2cbc\" id=\"forminator-field-name-3_69f101e7f2cbc-label\" class=\"forminator-label\">nombre de empresa<\/label><input type=\"text\" name=\"name-3\" value=\"\" placeholder=\"\" id=\"forminator-field-name-3_69f101e7f2cbc\" class=\"forminator-input forminator-name--field\" aria-required=\"false\" autocomplete=\"name\" \/><\/div><\/div><\/div><div class=\"forminator-row\"><div id=\"phone-1\" class=\"forminator-field-phone forminator-col forminator-col-12\"><div class=\"forminator-field\"><label for=\"forminator-field-phone-1_69f101e7f2cbc\" id=\"forminator-field-phone-1_69f101e7f2cbc-label\" class=\"forminator-label\">N\u00famero de tel\u00e9fono <span class=\"forminator-required\">*<\/span><\/label><input type=\"text\" name=\"phone-1\" value=\"\" placeholder=\"\" id=\"forminator-field-phone-1_69f101e7f2cbc\" class=\"forminator-input forminator-field--phone\" data-required=\"1\" aria-required=\"true\" autocomplete=\"off\" \/><\/div><\/div><\/div><div class=\"forminator-row\"><div id=\"radio-1\" class=\"forminator-field-radio forminator-col forminator-col-12\"><div role=\"radiogroup\" class=\"forminator-field\" aria-labelledby=\"forminator-radiogroup-radio-1-69f101e7f2cbc-label\"><span id=\"forminator-radiogroup-radio-1-69f101e7f2cbc-label\" class=\"forminator-label\">Material para vendajes de boxeo <span class=\"forminator-required\">*<\/span><\/span><label id=\"forminator-field-radio-1-label-1\" for=\"forminator-field-radio-1-1-69f101e7f2cbc\" class=\"forminator-radio\" title=\"El\u00e1stico (estilo mexicano)\"><input type=\"radio\" name=\"radio-1\" value=\"elastic-mexican-style\" id=\"forminator-field-radio-1-1-69f101e7f2cbc\" aria-labelledby=\"forminator-field-radio-1-label-1\" data-calculation=\"0\"  \/><span class=\"forminator-radio-bullet\" aria-hidden=\"true\"><\/span><span class=\"forminator-radio-label\">El\u00e1stico (estilo mexicano)<\/span><\/label><label id=\"forminator-field-radio-1-label-2\" for=\"forminator-field-radio-1-2-69f101e7f2cbc\" class=\"forminator-radio\" title=\"S\u00f3lido\"><input type=\"radio\" name=\"radio-1\" value=\"solid\" id=\"forminator-field-radio-1-2-69f101e7f2cbc\" aria-labelledby=\"forminator-field-radio-1-label-2\" data-calculation=\"0\"  \/><span class=\"forminator-radio-bullet\" aria-hidden=\"true\"><\/span><span class=\"forminator-radio-label\">S\u00f3lido<\/span><\/label><\/div><\/div><\/div><div class=\"forminator-row\"><div id=\"checkbox-1\" class=\"forminator-field-checkbox forminator-col forminator-col-12\"><div role=\"group\" class=\"forminator-field required\" aria-labelledby=\"forminator-checkbox-group-forminator-field-checkbox-1-69f101e7f2cbc-label\"><span id=\"forminator-checkbox-group-forminator-field-checkbox-1-69f101e7f2cbc-label\" class=\"forminator-label\">Longitud de la venda de mano de boxeo <span class=\"forminator-required\">*<\/span><\/span><label id=\"forminator-field-checkbox-1-1-69f101e7f2cbc-label\" for=\"forminator-field-checkbox-1-1-69f101e7f2cbc\" class=\"forminator-checkbox\" title=\"120&quot;\"><input type=\"checkbox\" name=\"checkbox-1[]\" value=\"120\" id=\"forminator-field-checkbox-1-1-69f101e7f2cbc\" aria-labelledby=\"forminator-field-checkbox-1-1-69f101e7f2cbc-label\" data-calculation=\"0\"  \/><span class=\"forminator-checkbox-box\" aria-hidden=\"true\"><\/span><span class=\"forminator-checkbox-label\">120\"<\/span><\/label><label id=\"forminator-field-checkbox-1-2-69f101e7f2cbc-label\" for=\"forminator-field-checkbox-1-2-69f101e7f2cbc\" class=\"forminator-checkbox\" title=\"180&quot;\"><input type=\"checkbox\" name=\"checkbox-1[]\" value=\"180\" id=\"forminator-field-checkbox-1-2-69f101e7f2cbc\" aria-labelledby=\"forminator-field-checkbox-1-2-69f101e7f2cbc-label\" data-calculation=\"0\"  \/><span class=\"forminator-checkbox-box\" aria-hidden=\"true\"><\/span><span class=\"forminator-checkbox-label\">180\"<\/span><\/label><label id=\"forminator-field-checkbox-1-3-69f101e7f2cbc-label\" for=\"forminator-field-checkbox-1-3-69f101e7f2cbc\" class=\"forminator-checkbox\" title=\"200&quot;\"><input type=\"checkbox\" name=\"checkbox-1[]\" value=\"200\" id=\"forminator-field-checkbox-1-3-69f101e7f2cbc\" aria-labelledby=\"forminator-field-checkbox-1-3-69f101e7f2cbc-label\" data-calculation=\"0\"  \/><span class=\"forminator-checkbox-box\" aria-hidden=\"true\"><\/span><span class=\"forminator-checkbox-label\">200\"<\/span><\/label><\/div><\/div><\/div><div class=\"forminator-row\"><div id=\"number-1\" class=\"forminator-field-number forminator-col forminator-col-12\"><div class=\"forminator-field\"><label for=\"forminator-field-number-1_69f101e7f2cbc\" id=\"forminator-field-number-1_69f101e7f2cbc-label\" class=\"forminator-label\">Cantidad estimada de vendas de boxeo para manos <span class=\"forminator-required\">*<\/span><\/label><input name=\"number-1\" value=\"\" placeholder=\"250\" id=\"forminator-field-number-1_69f101e7f2cbc\" class=\"forminator-input forminator-number--field\" inputmode=\"decimal\" data-required=\"1\" data-decimals=\"0\" aria-required=\"true\" data-inputmask=\"&#039;groupSeparator&#039;: &#039;&#039;, &#039;radixPoint&#039;: &#039;&#039;, &#039;digits&#039;: &#039;0&#039;\" type=\"number\" step=\"any\" min=\"\" aria-describedby=\"forminator-field-number-1_69f101e7f2cbc-description\" \/><span id=\"forminator-field-number-1_69f101e7f2cbc-description\" class=\"forminator-description\">Por favor, introduzca un n\u00famero mayor o igual a 250<\/span><\/div><\/div><\/div><div class=\"forminator-row\"><div id=\"section-1\" class=\"forminator-field-section forminator-col forminator-col-12\"><div class=\"forminator-field\"><h2 class=\"forminator-title\">INSTRUCCIONES DE DISE\u00d1O<\/h2><\/div><\/div><\/div><div class=\"forminator-row\"><div id=\"select-1\" class=\"forminator-field-select forminator-col forminator-col-12\"><div class=\"forminator-field\"><label for=\"forminator-form-6223__field--select-1_69f101e7f2cbc\" id=\"forminator-form-6223__field--select-1_69f101e7f2cbc-label\" class=\"forminator-label\">Vendas de boxeo para manos Color <span class=\"forminator-required\">*<\/span><\/label><select  id=\"forminator-form-6223__field--select-1_69f101e7f2cbc\" class=\"forminator-select--field forminator-select2 forminator-select2-multiple\" data-required=\"1\" name=\"select-1\" data-default-value=\"please-select\" data-placeholder=\"Por favor, selecciona una opci\u00f3n\" data-search=\"false\" data-search-placeholder=\"Por favor, selecciona una opci\u00f3n\" data-checkbox=\"false\" data-allow-clear=\"false\" aria-labelledby=\"forminator-form-6223__field--select-1_69f101e7f2cbc-label\"><option value=\"\"  >Por favor, selecciona una opci\u00f3n<\/option><option value=\"please-select\" selected=\"selected\" data-calculation=\"0\">Por favor seleccione -<\/option><option value=\"red\"  data-calculation=\"0\">Roja<\/option><option value=\"black\"  data-calculation=\"0\">Negra<\/option><option value=\"purple\"  data-calculation=\"0\">P\u00farpura<\/option><option value=\"blue\"  data-calculation=\"0\">Azul<\/option><option value=\"green\"  data-calculation=\"0\">Verde<\/option><option value=\"white\"  data-calculation=\"0\">Blanca<\/option><option value=\"yellow\"  data-calculation=\"0\">Amarilla<\/option><option value=\"grey\"  data-calculation=\"0\">Gris<\/option><option value=\"pink\"  data-calculation=\"0\">Rosa<\/option><\/select><\/div><\/div><\/div><div class=\"forminator-row\"><div id=\"checkbox-3\" class=\"forminator-field-checkbox forminator-col forminator-col-12\"><div role=\"group\" class=\"forminator-field required\" aria-labelledby=\"forminator-checkbox-group-forminator-field-checkbox-3-69f101e7f2cbc-label\"><span id=\"forminator-checkbox-group-forminator-field-checkbox-3-69f101e7f2cbc-label\" class=\"forminator-label\">Opciones de logotipos para vendas de boxeo <span class=\"forminator-required\">*<\/span><\/span><label id=\"forminator-field-checkbox-3-1-69f101e7f2cbc-label\" for=\"forminator-field-checkbox-3-1-69f101e7f2cbc\" class=\"forminator-checkbox\" title=\"Etiqueta tejida (parche en la mu\u00f1eca)\"><input type=\"checkbox\" name=\"checkbox-3[]\" value=\"woven-label-patch-on-wrist\" id=\"forminator-field-checkbox-3-1-69f101e7f2cbc\" aria-labelledby=\"forminator-field-checkbox-3-1-69f101e7f2cbc-label\" data-calculation=\"0\"   aria-describedby=\"forminator-field-checkbox-3-69f101e7f2cbc-description\"\/><span class=\"forminator-checkbox-box\" aria-hidden=\"true\"><\/span><span class=\"forminator-checkbox-label\">Etiqueta tejida (parche en la mu\u00f1eca)<\/span><\/label><label id=\"forminator-field-checkbox-3-2-69f101e7f2cbc-label\" for=\"forminator-field-checkbox-3-2-69f101e7f2cbc\" class=\"forminator-checkbox\" title=\"Logotipo serigrafiado de UN color que se repite en toda la longitud del envoltorio\"><input type=\"checkbox\" name=\"checkbox-3[]\" value=\"screen-printed-one-color-logo-repeating-on-full-length-of-wrap\" id=\"forminator-field-checkbox-3-2-69f101e7f2cbc\" aria-labelledby=\"forminator-field-checkbox-3-2-69f101e7f2cbc-label\" data-calculation=\"0\"   aria-describedby=\"forminator-field-checkbox-3-69f101e7f2cbc-description\"\/><span class=\"forminator-checkbox-box\" aria-hidden=\"true\"><\/span><span class=\"forminator-checkbox-label\">Logotipo serigrafiado de UN color que se repite en toda la longitud del envoltorio<\/span><\/label><span id=\"forminator-field-checkbox-3-69f101e7f2cbc-description\" class=\"forminator-description\">Seleccione 1 o ambos. *Tenga en cuenta que los logotipos serigrafiados a lo largo del envoltorio se imprimen manualmente con tinta plastisol y pueden presentar inconsistencias, variaciones e imperfecciones. Adem\u00e1s, debido al uso de este producto, la tinta puede agrietarse, deste\u00f1irse o desgastarse con el tiempo.<\/span><\/div><\/div><\/div><div class=\"forminator-row\"><div id=\"textarea-2\" class=\"forminator-field-textarea forminator-col forminator-col-12\"><div class=\"forminator-field\"><label for=\"forminator-field-textarea-2_69f101e7f2cbc\" id=\"forminator-field-textarea-2_69f101e7f2cbc-label\" class=\"forminator-label\">Instrucciones de dise\u00f1o - Vendas de boxeo<\/label><textarea name=\"textarea-2\" placeholder=\"\" id=\"forminator-field-textarea-2_69f101e7f2cbc\" class=\"forminator-textarea\" rows=\"6\" style=\"--forminator-textarea-min-height:50px;\" aria-describedby=\"forminator-field-textarea-2_69f101e7f2cbc-description\" ><\/textarea><span id=\"forminator-field-textarea-2_69f101e7f2cbc-description\" class=\"forminator-description\">Descr\u00edbanos c\u00f3mo desea que se vean sus guantes terminados: ubicaci\u00f3n, logotipos, ilustraciones, texto, requisitos, colores, etc. Cualquier informaci\u00f3n que considere necesaria para su solicitud.<\/span><\/div><\/div><\/div><div class=\"forminator-row\"><div id=\"upload-1\" class=\"forminator-field-upload forminator-col forminator-col-12\"><div class=\"forminator-field\"><label for=\"forminator-field-upload-1_69f101e7f2cbc\" id=\"forminator-field-upload-1_69f101e7f2cbc-label\" class=\"forminator-label\">Sube tu obra de arte - Vendas de boxeo<\/label><div class=\"forminator-file-upload\" data-element=\"upload-1_69f101e7f2cbc\" aria-describedby=\"forminator-field-upload-1_69f101e7f2cbc-description\"><input type=\"file\" name=\"upload-1\" id=\"forminator-field-upload-1_69f101e7f2cbc\" class=\"forminator-input-file\" accept=\".jpg,.jpeg,.jpe,.gif,.png,.bmp,.tiff,.tif,.ico,.heic,.asf,.asx,.wmv,.wmx,.wm,.avi,.divx,.flv,.mov,.qt,.mpeg,.mpg,.mpe,.mp4,.m4v,.ogv,.webm,.mkv,.3gp,.3gpp,.3g2,.3gp2,.txt,.asc,.c,.cc,.h,.srt,.csv,.tsv,.ics,.rtx,.vtt,.mp3,.m4a,.m4b,.aac,.ra,.ram,.wav,.ogg,.oga,.flac,.mid,.midi,.wma,.wax,.mka,.rtf,.pdf,.class,.tar,.zip,.gz,.gzip,.7z,.psd,.xcf,.doc,.pot,.pps,.ppt,.wri,.xla,.xls,.xlt,.xlw,.mdb,.mpp,.docx,.docm,.dotx,.dotm,.xlsx,.xlsm,.xlsb,.xltx,.xltm,.xlam,.pptx,.pptm,.ppsx,.ppsm,.potx,.potm,.ppam,.sldx,.sldm,.onetoc,.onetoc2,.onetmp,.onepkg,.oxps,.xps,.odt,.odp,.ods,.odg,.odc,.odb,.odf,.wp,.wpd,.key,.numbers,.pages\" tabindex=\"-1\"><button id=\"forminator-field-upload-1_69f101e7f2cbc_button\" class=\"forminator-button forminator-button-upload\" data-id=\"forminator-field-upload-1_69f101e7f2cbc\">Elegir archivo<\/button><span data-empty-text=\"Ning\u00fan archivo seleccionado\">Ning\u00fan archivo seleccionado<\/span><button class=\"forminator-button-delete\" style=\"display: none;\"><i class=\"forminator-icon-close\" aria-hidden=\"true\"><\/i><span class=\"forminator-screen-reader-only\">Eliminar el archivo subido<\/span><\/button><\/div><span id=\"forminator-field-upload-1_69f101e7f2cbc-description\" class=\"forminator-description\">Por favor, suba la imagen o archivo de mejor calidad que tenga. Para archivos vectoriales, env\u00edenos un correo electr\u00f3nico a sales@mediumspringgreen-meerkat-571505.hostingersite.com con el archivo vectorial adjunto (.cdr, .ai, .eps, .svg, .pdf) o adjunte a continuaci\u00f3n un archivo raster de mapa de bits de alta resoluci\u00f3n (.jpg, .png, .tiff) de al menos 1000x1000 pixels a 300 ppp.<\/span><\/div><\/div><\/div><div class=\"forminator-row\"><div id=\"checkbox-2\" class=\"forminator-field-checkbox forminator-col forminator-col-12\"><div role=\"group\" class=\"forminator-field\" aria-labelledby=\"forminator-checkbox-group-forminator-field-checkbox-2-69f101e7f2cbc-label\"><label id=\"forminator-field-checkbox-2-1-69f101e7f2cbc-label\" for=\"forminator-field-checkbox-2-1-69f101e7f2cbc\" class=\"forminator-checkbox\" title=\"NO tengo ilustraciones y necesito ayuda con dise\u00f1o gr\u00e1fico\/art\u00edstico.\"><input type=\"checkbox\" name=\"checkbox-2[]\" value=\"i-dont-have-artwork-and-i-need-graphicart-design-help\" id=\"forminator-field-checkbox-2-1-69f101e7f2cbc\" aria-labelledby=\"forminator-field-checkbox-2-1-69f101e7f2cbc-label\" data-calculation=\"0\"  \/><span class=\"forminator-checkbox-box\" aria-hidden=\"true\"><\/span><span class=\"forminator-checkbox-label\">NO tengo ilustraciones y necesito ayuda con dise\u00f1o gr\u00e1fico\/art\u00edstico.<\/span><\/label><\/div><\/div><\/div><div class=\"forminator-row\"><div id=\"captcha-1\" class=\"forminator-field-captcha forminator-col forminator-col-12\"><div class=\"forminator-captcha-left forminator-g-recaptcha recaptcha-invisible\" data-theme=\"light\" data-badge=\"inline\" data-sitekey=\"6LdV2tIrAAAAAFw0llFHDM5B-U4rGXC5wUBZc73K\" data-size=\"invisible\"><\/div> <\/div><\/div><input type=\"hidden\" name=\"referer_url\" value=\"\" \/><div class=\"forminator-row forminator-row-last\"><div class=\"forminator-col\"><div class=\"forminator-field\"><button class=\"forminator-button forminator-button-submit\">Entregar<\/button><\/div><\/div><\/div><input type=\"hidden\" id=\"forminator_nonce\" name=\"forminator_nonce\" value=\"58b304a27c\" \/><input type=\"hidden\" name=\"_wp_http_referer\" value=\"\/es\/wp-json\/wp\/v2\/pages\/47489\" \/><input type=\"hidden\" name=\"form_id\" value=\"6223\"><input type=\"hidden\" name=\"page_id\" value=\"47489\"><input type=\"hidden\" name=\"form_type\" value=\"default\"><input type=\"hidden\" name=\"current_url\" value=\"https:\/\/shapesfightwear.com\/es\/custom-gear\/equipo-de-boxeo-personalizado\/vendas-de-manos-personalizadas\/\"><input type=\"hidden\" name=\"render_id\" value=\"0\"><input type=\"hidden\" name=\"action\" value=\"forminator_submit_form_custom-forms\"><input type=\"hidden\" name=\"trp-form-language\" value=\"es\"\/><\/form>\n\r\n\t\t<\/div>\r\n\t<\/div>\r\n<\/div><\/div><div class=\"vc_column_container col-md-2\"><div class=\"wpb_wrapper vc_column-inner\"><\/div><\/div><\/div><div class=\"vc_row wpb_row row top-row wpb_custom_034b39d9bc6c6b310d69e39f0ccf274f\"><div class=\"vc_column_container col-md-12\"><div class=\"wpb_wrapper vc_column-inner\"><div class=\"vc_empty_space\"   style=\"height: 32px\"><span class=\"vc_empty_space_inner\"><\/span><\/div><\/div><\/div><\/div>\n<\/div>","protected":false},"excerpt":{"rendered":"Custom Hand Wraps Take your Club or Brand, Boxing Gym, Academy Team, to the next level with some Custom Hand Wraps! Our Custom Hand Wraps can bring to live any of your design ideas with a low min of 250 pairs and a short production time. Let your imagination flow and create truly custom Boxing [...]","protected":false},"author":2,"featured_media":0,"parent":49755,"menu_order":0,"comment_status":"closed","ping_status":"closed","template":"","meta":{"footnotes":""},"class_list":["post-47489","page","type-page","status-publish","hentry"],"_links":{"self":[{"href":"https:\/\/shapesfightwear.com\/es\/wp-json\/wp\/v2\/pages\/47489","targetHints":{"allow":["GET"]}}],"collection":[{"href":"https:\/\/shapesfightwear.com\/es\/wp-json\/wp\/v2\/pages"}],"about":[{"href":"https:\/\/shapesfightwear.com\/es\/wp-json\/wp\/v2\/types\/page"}],"author":[{"embeddable":true,"href":"https:\/\/shapesfightwear.com\/es\/wp-json\/wp\/v2\/users\/2"}],"replies":[{"embeddable":true,"href":"https:\/\/shapesfightwear.com\/es\/wp-json\/wp\/v2\/comments?post=47489"}],"version-history":[{"count":6,"href":"https:\/\/shapesfightwear.com\/es\/wp-json\/wp\/v2\/pages\/47489\/revisions"}],"predecessor-version":[{"id":50357,"href":"https:\/\/shapesfightwear.com\/es\/wp-json\/wp\/v2\/pages\/47489\/revisions\/50357"}],"up":[{"embeddable":true,"href":"https:\/\/shapesfightwear.com\/es\/wp-json\/wp\/v2\/pages\/49755"}],"wp:attachment":[{"href":"https:\/\/shapesfightwear.com\/es\/wp-json\/wp\/v2\/media?parent=47489"}],"curies":[{"name":"wp","href":"https:\/\/api.w.org\/{rel}","templated":true}]}}