{"id":47589,"date":"2025-08-17T11:01:31","date_gmt":"2025-08-17T11:01:31","guid":{"rendered":"https:\/\/mediumspringgreen-meerkat-571505.hostingersite.com\/?page_id=47589"},"modified":"2026-03-24T17:50:00","modified_gmt":"2026-03-24T17:50:00","slug":"guantes-de-boxeo-semicustomizados","status":"publish","type":"page","link":"https:\/\/shapesfightwear.com\/es\/custom-gear\/equipo-de-boxeo-personalizado\/guantes-de-boxeo-semicustomizados\/","title":{"rendered":"Guantes de boxeo semi personalizados"},"content":{"rendered":"<div class=\"wpb-content-wrapper\"><div data-vc-full-width=\"true\" data-vc-full-width-temp=\"true\" data-vc-full-width-init=\"false\" data-vc-stretch-content=\"true\" class=\"vc_row wpb_row top-row vc_custom_1607780739041 vc_row-has-fill vc_row-no-padding porto-inner-container wpb_custom_034b39d9bc6c6b310d69e39f0ccf274f\"><div class=\"porto-wrap-container container\"><div class=\"row\"><div class=\"vc_column_container col-md-6\"><div class=\"wpb_wrapper vc_column-inner\">\r\n\t<div class=\"wpb_text_column wpb_content_element vc_custom_1774374515755 wpb_custom_7c91d232724f73626cc933bd95b25ff0\" >\r\n\t\t<div class=\"wpb_wrapper\">\r\n\t\t\t<h2><span style=\"color: #ffffff;\"><strong><span style=\"font-size: 38px;\">Guantes de boxeo semi personalizados<\/span><\/strong><\/span><\/h2>\n<p><span style=\"color: #ffffff;\"><strong>Guantes de boxeo o guantes de sparring, sea cual sea el par que necesites, ahora puedes agregar el logotipo de tu Academy en el dorso de la palma de muchos de nuestros guantes de boxeo de alta calidad de Shapes Fightwear.<\/strong><\/span><\/p>\n<p><span style=\"color: #ffffff;\"><strong>Nuestro programa de guantes de boxeo semi personalizados ofrece una manera excelente y asequible de agregar su toque personal o logotipo a nuestros guantes de boxeo de alta calidad con un m\u00ednimo de 15 pares y un tiempo de producci\u00f3n corto.<\/strong><\/span><\/p>\n<p><span style=\"color: #ffffff;\"><strong>Deja volar tu imaginaci\u00f3n y crea el par de guantes de boxeo perfecto. \u00bfNecesitas ayuda con el dise\u00f1o? \u00a1Deja que nuestros dise\u00f1adores profesionales lo hagan por ti a precios muy accesibles y consigue el look perfecto!<\/strong><\/span><\/p>\n\r\n\t\t<\/div>\r\n\t<\/div>\r\n<\/div><\/div><div class=\"vc_column_container col-md-6\"><div class=\"wpb_wrapper vc_column-inner\">\r\n\t<div class=\"wpb_single_image wpb_content_element vc_align_right wpb_content_element  vc_custom_1755427902125 wpb_custom_81a4f7ef9830bf958462581aa01150fb\"><div class=\"wpb_wrapper\">\r\n\t\t\t\r\n\t\t\t<div class=\"vc_single_image-wrapper   vc_box_border_grey\"><img decoding=\"async\" class=\"vc_single_image-img\" src=\"https:\/\/shapesfightwear.com\/wp-content\/uploads\/2025\/08\/Custom-Gloves-min-1.jpg\" width=\"800\" height=\"615\" alt=\"custom boxing gloves\" title=\"Custom-Gloves-min-1\" loading=\"lazy\" \/><\/div>\r\n\t\t<\/div>\r\n\t<\/div>\r\n<\/div><\/div><\/div><\/div><\/div><div class=\"vc_row-full-width vc_clearfix\"><\/div><div class=\"vc_row wpb_row row top-row wpb_custom_034b39d9bc6c6b310d69e39f0ccf274f\"><div class=\"vc_column_container col-md-2\"><div class=\"wpb_wrapper vc_column-inner\"><\/div><\/div><div class=\"vc_column_container col-md-8\"><div class=\"wpb_wrapper vc_column-inner\"><div class=\"vc_empty_space  vc_custom_1601996902733\"   style=\"height: 28px\"><span class=\"vc_empty_space_inner\"><\/span><\/div><h2 style=\"font-size: 32px;color: #000000;text-align: center;font-family:Lato;font-weight:700;font-style:normal\" class=\"vc_custom_heading vc_do_custom_heading vc_custom_1774374523545 wpb_custom_aa365bd5046e8294520b4e73732b9d15\" >\u00a1D\u00c9JENOS DISE\u00d1ARLO PARA USTED!<\/h2>\r\n\t<div class=\"wpb_text_column wpb_content_element wpb_custom_7c91d232724f73626cc933bd95b25ff0\" >\r\n\t\t<div class=\"wpb_wrapper\">\r\n\t\t\t<p style=\"text-align: center;\"><span style=\"color: #000000;\">Perm\u00edtanos crear guantes de boxeo semi personalizados para usted. <strong>&gt;Negocio de Distribuci\u00f3n, &gt;Club o Marca &gt;<\/strong> <strong>Gimnasio de MMA, &gt;Equipo de la academia, &gt;Promoci\u00f3n de peleas y torneos<\/strong>!<br \/>\n<\/span><span style=\"color: #000000;\">Podemos ayudarte con el dise\u00f1o, la elecci\u00f3n de materiales y crear un producto que se adapte perfectamente a tus necesidades. Completa el formulario a la derecha para empezar. El pedido m\u00ednimo es de 15 unidades.<\/span><\/p>\n<p style=\"text-align: center;\"><span style=\"color: #000000;\">Complete el formulario a continuaci\u00f3n para darnos una idea de lo que busca. Nos pondremos en contacto con usted si tiene m\u00e1s preguntas y para revisarlo.<br \/>\n<\/span><span style=\"color: #000000;\">Este formulario no es vinculante, lo utilizamos como una herramienta para poner en marcha el proceso, nos comunicaremos con usted para asegurarnos de que obtenga toda la informaci\u00f3n que necesita.<\/span><\/p>\n<p style=\"text-align: center;\"><span style=\"color: #000000;\">Para ofrecerle el mejor precio posible, cotizamos cada trabajo individualmente.<br \/>\n<\/span><span style=\"color: #000000;\">Complete el formulario y le detallaremos la revisi\u00f3n y le enviaremos una cotizaci\u00f3n.<\/span><\/p>\n\r\n\t\t<\/div>\r\n\t<\/div>\r\n<\/div><\/div><div class=\"vc_column_container col-md-2\"><div class=\"wpb_wrapper vc_column-inner\"><\/div><\/div><\/div><div class=\"vc_row wpb_row row top-row wpb_custom_034b39d9bc6c6b310d69e39f0ccf274f\"><div class=\"vc_column_container col-md-2\"><div class=\"wpb_wrapper vc_column-inner\"><\/div><\/div><div class=\"vc_column_container col-md-8\"><div class=\"wpb_wrapper vc_column-inner\">\r\n\t<div class=\"wpb_text_column wpb_content_element wpb_custom_7c91d232724f73626cc933bd95b25ff0\" >\r\n\t\t<div class=\"wpb_wrapper\">\r\n\t\t\t<div class=\"forminator-ui forminator-custom-form forminator-custom-form-6214 forminator-design--default forminator-custom forminator_ajax\" data-forminator-render=\"0\" data-form=\"forminator-module-6214\" data-uid=\"69f101d773f47\"><br\/><\/div><form\n\t\t\t\tid=\"forminator-module-6214\"\n\t\t\t\tclass=\"forminator-ui forminator-custom-form forminator-custom-form-6214 forminator-design--default forminator-custom forminator_ajax\"\n\t\t\t\tmethod=\"post\"\n\t\t\t\tdata-forminator-render=\"0\"\n\t\t\t\tdata-form-id=\"6214\"\n\t\t\t\tenctype=\"multipart\/form-data\" data-color-option=\"default\" data-design=\"default\" data-grid=\"custom\" style=\"display: none;\"\n\t\t\t\tdata-uid=\"69f101d773f47\" action=\"\"\n\t\t\t><div role=\"alert\" aria-live=\"polite\" class=\"forminator-response-message forminator-error\" aria-hidden=\"true\"><\/div><div class=\"forminator-row\"><div id=\"name-2\" class=\"forminator-field-name forminator-col forminator-col-6\"><div class=\"forminator-field\"><label for=\"forminator-field-name-2_69f101d773f47\" id=\"forminator-field-name-2_69f101d773f47-label\" class=\"forminator-label\">Nombre de pila <span class=\"forminator-required\">*<\/span><\/label><input type=\"text\" name=\"name-2\" value=\"\" placeholder=\"\" id=\"forminator-field-name-2_69f101d773f47\" class=\"forminator-input forminator-name--field\" aria-required=\"true\" autocomplete=\"name\" \/><\/div><\/div><div id=\"name-1\" class=\"forminator-field-name forminator-col forminator-col-6\"><div class=\"forminator-field\"><label for=\"forminator-field-name-1_69f101d773f47\" id=\"forminator-field-name-1_69f101d773f47-label\" class=\"forminator-label\">Apellido <span class=\"forminator-required\">*<\/span><\/label><input type=\"text\" name=\"name-1\" value=\"\" placeholder=\"\" id=\"forminator-field-name-1_69f101d773f47\" class=\"forminator-input forminator-name--field\" aria-required=\"true\" autocomplete=\"name\" \/><\/div><\/div><\/div><div class=\"forminator-row\"><div id=\"email-1\" class=\"forminator-field-email forminator-col forminator-col-12\"><div class=\"forminator-field\"><label for=\"forminator-field-email-1_69f101d773f47\" id=\"forminator-field-email-1_69f101d773f47-label\" class=\"forminator-label\">Direcci\u00f3n de correo electr\u00f3nico <span class=\"forminator-required\">*<\/span><\/label><input type=\"email\" name=\"email-1\" value=\"\" placeholder=\"\" id=\"forminator-field-email-1_69f101d773f47\" class=\"forminator-input forminator-email--field\" data-required=\"1\" aria-required=\"true\" autocomplete=\"email\" \/><\/div><\/div><\/div><div class=\"forminator-row\"><div id=\"name-3\" class=\"forminator-field-name forminator-col forminator-col-12\"><div class=\"forminator-field\"><label for=\"forminator-field-name-3_69f101d773f47\" id=\"forminator-field-name-3_69f101d773f47-label\" class=\"forminator-label\">nombre de empresa<\/label><input type=\"text\" name=\"name-3\" value=\"\" placeholder=\"\" id=\"forminator-field-name-3_69f101d773f47\" class=\"forminator-input forminator-name--field\" aria-required=\"false\" autocomplete=\"name\" \/><\/div><\/div><\/div><div class=\"forminator-row\"><div id=\"phone-1\" class=\"forminator-field-phone forminator-col forminator-col-12\"><div class=\"forminator-field\"><label for=\"forminator-field-phone-1_69f101d773f47\" id=\"forminator-field-phone-1_69f101d773f47-label\" class=\"forminator-label\">N\u00famero de tel\u00e9fono <span class=\"forminator-required\">*<\/span><\/label><input type=\"text\" name=\"phone-1\" value=\"\" placeholder=\"\" id=\"forminator-field-phone-1_69f101d773f47\" class=\"forminator-input forminator-field--phone\" data-required=\"1\" aria-required=\"true\" autocomplete=\"off\" \/><\/div><\/div><\/div><div class=\"forminator-row\"><div id=\"checkbox-1\" class=\"forminator-field-checkbox forminator-col forminator-col-12\"><div role=\"group\" class=\"forminator-field required\" aria-labelledby=\"forminator-checkbox-group-forminator-field-checkbox-1-69f101d773f47-label\"><span id=\"forminator-checkbox-group-forminator-field-checkbox-1-69f101d773f47-label\" class=\"forminator-label\">Uso de guantes de boxeo (semi personalizados) <span class=\"forminator-required\">*<\/span><\/span><label id=\"forminator-field-checkbox-1-1-69f101d773f47-label\" for=\"forminator-field-checkbox-1-1-69f101d773f47\" class=\"forminator-checkbox\" title=\"Combate\"><input type=\"checkbox\" name=\"checkbox-1[]\" value=\"sparring\" id=\"forminator-field-checkbox-1-1-69f101d773f47\" aria-labelledby=\"forminator-field-checkbox-1-1-69f101d773f47-label\" data-calculation=\"0\"  \/><span class=\"forminator-checkbox-box\" aria-hidden=\"true\"><\/span><span class=\"forminator-checkbox-label\">Combate<\/span><\/label><label id=\"forminator-field-checkbox-1-2-69f101d773f47-label\" for=\"forminator-field-checkbox-1-2-69f101d773f47\" class=\"forminator-checkbox\" title=\"Competencia\"><input type=\"checkbox\" name=\"checkbox-1[]\" value=\"competition\" id=\"forminator-field-checkbox-1-2-69f101d773f47\" aria-labelledby=\"forminator-field-checkbox-1-2-69f101d773f47-label\" data-calculation=\"0\"  \/><span class=\"forminator-checkbox-box\" aria-hidden=\"true\"><\/span><span class=\"forminator-checkbox-label\">Competencia<\/span><\/label><label id=\"forminator-field-checkbox-1-3-69f101d773f47-label\" for=\"forminator-field-checkbox-1-3-69f101d773f47\" class=\"forminator-checkbox\" title=\"Trabajo con bolsa\/almohadilla\"><input type=\"checkbox\" name=\"checkbox-1[]\" value=\"bagpad-work\" id=\"forminator-field-checkbox-1-3-69f101d773f47\" aria-labelledby=\"forminator-field-checkbox-1-3-69f101d773f47-label\" data-calculation=\"0\"  \/><span class=\"forminator-checkbox-box\" aria-hidden=\"true\"><\/span><span class=\"forminator-checkbox-label\">Trabajo con bolsa\/almohadilla<\/span><\/label><label id=\"forminator-field-checkbox-1-4-69f101d773f47-label\" for=\"forminator-field-checkbox-1-4-69f101d773f47\" class=\"forminator-checkbox\" title=\"Guante de prueba\"><input type=\"checkbox\" name=\"checkbox-1[]\" value=\"trial-glove\" id=\"forminator-field-checkbox-1-4-69f101d773f47\" aria-labelledby=\"forminator-field-checkbox-1-4-69f101d773f47-label\" data-calculation=\"0\"  \/><span class=\"forminator-checkbox-box\" aria-hidden=\"true\"><\/span><span class=\"forminator-checkbox-label\">Guante de prueba<\/span><\/label><\/div><\/div><\/div><div class=\"forminator-row\"><div id=\"radio-1\" class=\"forminator-field-radio forminator-col forminator-col-12\"><div role=\"radiogroup\" class=\"forminator-field\" aria-labelledby=\"forminator-radiogroup-radio-1-69f101d773f47-label\"><span id=\"forminator-radiogroup-radio-1-69f101d773f47-label\" class=\"forminator-label\">Tipo de material (guantes de boxeo semi personalizados) <span class=\"forminator-required\">*<\/span><\/span><label id=\"forminator-field-radio-1-label-1\" for=\"forminator-field-radio-1-1-69f101d773f47\" class=\"forminator-radio\" title=\"Piel genuina\"><input type=\"radio\" name=\"radio-1\" value=\"genuine-leather\" id=\"forminator-field-radio-1-1-69f101d773f47\" aria-labelledby=\"forminator-field-radio-1-label-1\" data-calculation=\"0\"  \/><span class=\"forminator-radio-bullet\" aria-hidden=\"true\"><\/span><span class=\"forminator-radio-label\">Piel genuina<\/span><\/label><label id=\"forminator-field-radio-1-label-2\" for=\"forminator-field-radio-1-2-69f101d773f47\" class=\"forminator-radio\" title=\"Sint\u00e9tica\"><input type=\"radio\" name=\"radio-1\" value=\"synthetic\" id=\"forminator-field-radio-1-2-69f101d773f47\" aria-labelledby=\"forminator-field-radio-1-label-2\" data-calculation=\"0\"  \/><span class=\"forminator-radio-bullet\" aria-hidden=\"true\"><\/span><span class=\"forminator-radio-label\">Sint\u00e9tica<\/span><\/label><label id=\"forminator-field-radio-1-label-3\" for=\"forminator-field-radio-1-3-69f101d773f47\" class=\"forminator-radio\" title=\"Otra\"><input type=\"radio\" name=\"radio-1\" value=\"other\" id=\"forminator-field-radio-1-3-69f101d773f47\" aria-labelledby=\"forminator-field-radio-1-label-3\" data-calculation=\"0\"  \/><span class=\"forminator-radio-bullet\" aria-hidden=\"true\"><\/span><span class=\"forminator-radio-label\">Otra<\/span><\/label><\/div><\/div><\/div><div class=\"forminator-row\"><div id=\"text-1\" class=\"forminator-field-text forminator-col forminator-col-12\"><div class=\"forminator-field\"><label for=\"forminator-field-text-1_69f101d773f47\" id=\"forminator-field-text-1_69f101d773f47-label\" class=\"forminator-label\">Cantidades estimadas (guantes de boxeo semi personalizados) <span class=\"forminator-required\">*<\/span><\/label><input type=\"text\" name=\"text-1\" value=\"\" placeholder=\"15\" id=\"forminator-field-text-1_69f101d773f47\" class=\"forminator-input forminator-name--field\" data-required=\"1\" aria-describedby=\"forminator-field-text-1_69f101d773f47-description\" \/><span id=\"forminator-field-text-1_69f101d773f47-description\" class=\"forminator-description\">Por favor, introduzca un n\u00famero mayor o igual a 10.<\/span><\/div><\/div><\/div><div class=\"forminator-row\"><div id=\"upload-1\" class=\"forminator-field-upload forminator-col forminator-col-12\"><div class=\"forminator-field\"><label for=\"forminator-field-upload-1_69f101d773f47\" id=\"forminator-field-upload-1_69f101d773f47-label\" class=\"forminator-label\">Sube tu obra de arte (Guantes de boxeo semi personalizados)<\/label><div class=\"forminator-file-upload\" data-element=\"upload-1_69f101d773f47\" aria-describedby=\"forminator-field-upload-1_69f101d773f47-description\"><input type=\"file\" name=\"upload-1\" id=\"forminator-field-upload-1_69f101d773f47\" class=\"forminator-input-file\" accept=\".jpg,.jpeg,.jpe,.gif,.png,.bmp,.tiff,.tif,.ico,.heic,.asf,.asx,.wmv,.wmx,.wm,.avi,.divx,.flv,.mov,.qt,.mpeg,.mpg,.mpe,.mp4,.m4v,.ogv,.webm,.mkv,.3gp,.3gpp,.3g2,.3gp2,.txt,.asc,.c,.cc,.h,.srt,.csv,.tsv,.ics,.rtx,.vtt,.mp3,.m4a,.m4b,.aac,.ra,.ram,.wav,.ogg,.oga,.flac,.mid,.midi,.wma,.wax,.mka,.rtf,.pdf,.class,.tar,.zip,.gz,.gzip,.7z,.psd,.xcf,.doc,.pot,.pps,.ppt,.wri,.xla,.xls,.xlt,.xlw,.mdb,.mpp,.docx,.docm,.dotx,.dotm,.xlsx,.xlsm,.xlsb,.xltx,.xltm,.xlam,.pptx,.pptm,.ppsx,.ppsm,.potx,.potm,.ppam,.sldx,.sldm,.onetoc,.onetoc2,.onetmp,.onepkg,.oxps,.xps,.odt,.odp,.ods,.odg,.odc,.odb,.odf,.wp,.wpd,.key,.numbers,.pages\" tabindex=\"-1\"><button id=\"forminator-field-upload-1_69f101d773f47_button\" class=\"forminator-button forminator-button-upload\" data-id=\"forminator-field-upload-1_69f101d773f47\">Elegir archivo<\/button><span data-empty-text=\"Ning\u00fan archivo seleccionado\">Ning\u00fan archivo seleccionado<\/span><button class=\"forminator-button-delete\" style=\"display: none;\"><i class=\"forminator-icon-close\" aria-hidden=\"true\"><\/i><span class=\"forminator-screen-reader-only\">Eliminar el archivo subido<\/span><\/button><\/div><span id=\"forminator-field-upload-1_69f101d773f47-description\" class=\"forminator-description\">Por favor, suba la imagen o archivo de mejor calidad que tenga. Para archivos vectoriales, env\u00edenos un correo electr\u00f3nico a sales@mediumspringgreen-meerkat-571505.hostingersite.com con el archivo vectorial adjunto (.cdr, .ai, .eps, .svg, .pdf) o adjunte a continuaci\u00f3n un archivo raster de mapa de bits de alta resoluci\u00f3n (.jpg, .png, .tiff) de al menos 1000x1000 pixels a 300 ppp.<\/span><\/div><\/div><\/div><div class=\"forminator-row\"><div id=\"checkbox-2\" class=\"forminator-field-checkbox forminator-col forminator-col-12\"><div role=\"group\" class=\"forminator-field\" aria-labelledby=\"forminator-checkbox-group-forminator-field-checkbox-2-69f101d773f47-label\"><label id=\"forminator-field-checkbox-2-1-69f101d773f47-label\" for=\"forminator-field-checkbox-2-1-69f101d773f47\" class=\"forminator-checkbox\" title=\"NO tengo ilustraciones y necesito ayuda con dise\u00f1o gr\u00e1fico\/art\u00edstico.\"><input type=\"checkbox\" name=\"checkbox-2[]\" value=\"i-dont-have-artwork-and-i-need-graphicart-design-help\" id=\"forminator-field-checkbox-2-1-69f101d773f47\" aria-labelledby=\"forminator-field-checkbox-2-1-69f101d773f47-label\" data-calculation=\"0\"  \/><span class=\"forminator-checkbox-box\" aria-hidden=\"true\"><\/span><span class=\"forminator-checkbox-label\">NO tengo ilustraciones y necesito ayuda con dise\u00f1o gr\u00e1fico\/art\u00edstico.<\/span><\/label><\/div><\/div><\/div><div class=\"forminator-row\"><div id=\"textarea-2\" class=\"forminator-field-textarea forminator-col forminator-col-12\"><div class=\"forminator-field\"><label for=\"forminator-field-textarea-2_69f101d773f47\" id=\"forminator-field-textarea-2_69f101d773f47-label\" class=\"forminator-label\">Instrucciones de dise\u00f1o (guantes de boxeo semi personalizados)<\/label><textarea name=\"textarea-2\" placeholder=\"\" id=\"forminator-field-textarea-2_69f101d773f47\" class=\"forminator-textarea\" rows=\"6\" style=\"--forminator-textarea-min-height:50px;\" aria-describedby=\"forminator-field-textarea-2_69f101d773f47-description\" ><\/textarea><span id=\"forminator-field-textarea-2_69f101d773f47-description\" class=\"forminator-description\">Descr\u00edbanos c\u00f3mo desea que se vean sus guantes terminados: ubicaci\u00f3n, logotipos, ilustraciones, texto, requisitos, colores, etc. Cualquier informaci\u00f3n que considere necesaria para su solicitud.<\/span><\/div><\/div><\/div><div class=\"forminator-row\"><div id=\"captcha-1\" class=\"forminator-field-captcha forminator-col forminator-col-12\"><div class=\"forminator-captcha-left forminator-g-recaptcha recaptcha-invisible\" data-theme=\"light\" data-badge=\"inline\" data-sitekey=\"6LdV2tIrAAAAAFw0llFHDM5B-U4rGXC5wUBZc73K\" data-size=\"invisible\"><\/div> <\/div><\/div><input type=\"hidden\" name=\"referer_url\" value=\"\" \/><div class=\"forminator-row forminator-row-last\"><div class=\"forminator-col\"><div class=\"forminator-field\"><button class=\"forminator-button forminator-button-submit\">Entregar<\/button><\/div><\/div><\/div><input type=\"hidden\" id=\"forminator_nonce\" name=\"forminator_nonce\" value=\"77ae025e77\" \/><input type=\"hidden\" name=\"_wp_http_referer\" value=\"\/es\/wp-json\/wp\/v2\/pages\/47589\" \/><input type=\"hidden\" name=\"form_id\" value=\"6214\"><input type=\"hidden\" name=\"page_id\" value=\"47589\"><input type=\"hidden\" name=\"form_type\" value=\"default\"><input type=\"hidden\" name=\"current_url\" value=\"https:\/\/shapesfightwear.com\/es\/custom-gear\/equipo-de-boxeo-personalizado\/guantes-de-boxeo-semicustomizados\/\"><input type=\"hidden\" name=\"render_id\" value=\"0\"><input type=\"hidden\" name=\"action\" value=\"forminator_submit_form_custom-forms\"><input type=\"hidden\" name=\"trp-form-language\" value=\"es\"\/><\/form>\n\r\n\t\t<\/div>\r\n\t<\/div>\r\n<\/div><\/div><div class=\"vc_column_container col-md-2\"><div class=\"wpb_wrapper vc_column-inner\"><\/div><\/div><\/div><div class=\"vc_row wpb_row row top-row wpb_custom_034b39d9bc6c6b310d69e39f0ccf274f\"><div class=\"vc_column_container col-md-12\"><div class=\"wpb_wrapper vc_column-inner\"><div class=\"vc_empty_space\"   style=\"height: 32px\"><span class=\"vc_empty_space_inner\"><\/span><\/div><\/div><\/div><\/div>\n<\/div>","protected":false},"excerpt":{"rendered":"Semi Custom Boxing Gloves Boxing Gloves or Sparring Gloves, Whichever pair you need, now you can add your Academy logo on the back of the palm of many of our Shapes Fightwear's high-quality Boxing Gloves. Our Semi-Custom Boxing Gloves Program offers a great and affordable way to add your personal touch or logo to our [...]","protected":false},"author":2,"featured_media":0,"parent":49755,"menu_order":0,"comment_status":"closed","ping_status":"closed","template":"","meta":{"footnotes":""},"class_list":["post-47589","page","type-page","status-publish","hentry"],"_links":{"self":[{"href":"https:\/\/shapesfightwear.com\/es\/wp-json\/wp\/v2\/pages\/47589","targetHints":{"allow":["GET"]}}],"collection":[{"href":"https:\/\/shapesfightwear.com\/es\/wp-json\/wp\/v2\/pages"}],"about":[{"href":"https:\/\/shapesfightwear.com\/es\/wp-json\/wp\/v2\/types\/page"}],"author":[{"embeddable":true,"href":"https:\/\/shapesfightwear.com\/es\/wp-json\/wp\/v2\/users\/2"}],"replies":[{"embeddable":true,"href":"https:\/\/shapesfightwear.com\/es\/wp-json\/wp\/v2\/comments?post=47589"}],"version-history":[{"count":6,"href":"https:\/\/shapesfightwear.com\/es\/wp-json\/wp\/v2\/pages\/47589\/revisions"}],"predecessor-version":[{"id":50358,"href":"https:\/\/shapesfightwear.com\/es\/wp-json\/wp\/v2\/pages\/47589\/revisions\/50358"}],"up":[{"embeddable":true,"href":"https:\/\/shapesfightwear.com\/es\/wp-json\/wp\/v2\/pages\/49755"}],"wp:attachment":[{"href":"https:\/\/shapesfightwear.com\/es\/wp-json\/wp\/v2\/media?parent=47589"}],"curies":[{"name":"wp","href":"https:\/\/api.w.org\/{rel}","templated":true}]}}