{"id":47599,"date":"2025-08-24T17:21:35","date_gmt":"2025-08-24T17:21:35","guid":{"rendered":"https:\/\/mediumspringgreen-meerkat-571505.hostingersite.com\/?page_id=47599"},"modified":"2026-03-24T18:51:13","modified_gmt":"2026-03-24T18:51:13","slug":"formas-gi-caracteristicas","status":"publish","type":"page","link":"https:\/\/shapesfightwear.com\/es\/formas-gi-caracteristicas\/","title":{"rendered":"FORMAS CARACTER\u00cdSTICAS GI"},"content":{"rendered":"<div class=\"wpb-content-wrapper\"><div class=\"vc_row wpb_row row top-row wpb_custom_034b39d9bc6c6b310d69e39f0ccf274f\"><div class=\"vc_column_container col-md-12\"><div class=\"wpb_wrapper vc_column-inner\"><h2 style=\"font-size: 26px;color: #000000;text-align: center;font-family:Josefin Sans;font-weight:700;font-style:normal\" class=\"vc_custom_heading vc_do_custom_heading wpb_custom_aa365bd5046e8294520b4e73732b9d15\" >SHAPES Fightwear GI FEATURES<\/h2><\/div><\/div><\/div><div class=\"vc_row wpb_row row top-row wpb_custom_034b39d9bc6c6b310d69e39f0ccf274f\"><div class=\"vc_column_container col-md-12\"><div class=\"wpb_wrapper vc_column-inner\"><div class=\"porto-separator\"><hr class=\"separator-line  wpb_content_element align_center\" style=\"background-image: -webkit-linear-gradient(left, transparent, #dd3333, transparent); background-image: linear-gradient(to right, transparent, #dd3333, transparent);\"><\/div><\/div><\/div><\/div><div class=\"vc_row wpb_row row top-row wpb_custom_034b39d9bc6c6b310d69e39f0ccf274f\"><div class=\"vc_column_container col-md-12\"><div class=\"wpb_wrapper vc_column-inner\"><div class=\"vc_empty_space\"   style=\"height: 32px\"><span class=\"vc_empty_space_inner\"><\/span><\/div><\/div><\/div><\/div><div class=\"vc_row wpb_row row top-row wpb_custom_034b39d9bc6c6b310d69e39f0ccf274f\"><div class=\"vc_column_container col-md-12\"><div class=\"wpb_wrapper vc_column-inner\">\r\n\t<div class=\"wpb_single_image wpb_content_element vc_align_center wpb_content_element  wpb_custom_81a4f7ef9830bf958462581aa01150fb\"><div class=\"wpb_wrapper\">\r\n\t\t\t\r\n\t\t\t<div class=\"vc_single_image-wrapper   vc_box_border_grey\"><img decoding=\"async\" class=\"vc_single_image-img\" src=\"https:\/\/shapesfightwear.com\/wp-content\/uploads\/2025\/08\/bjj-gi-features.jpg\" width=\"1200\" height=\"650\" alt=\"Bjj Gi features\" title=\"bjj-gi-features\" loading=\"lazy\" \/><\/div>\r\n\t\t<\/div>\r\n\t<\/div>\r\n<\/div><\/div><\/div><div class=\"vc_row wpb_row row top-row wpb_custom_034b39d9bc6c6b310d69e39f0ccf274f\"><div class=\"vc_column_container col-md-12\"><div class=\"wpb_wrapper vc_column-inner\">\r\n\t<div class=\"wpb_text_column wpb_content_element wpb_custom_7c91d232724f73626cc933bd95b25ff0\" >\r\n\t\t<div class=\"wpb_wrapper\">\r\n\t\t\t<p class=\"trem-doc1\" align=\"justify\"><strong><span class=\"trem-doc11\">Shapes Fightwear lleva muchos a\u00f1os desarrollando y dise\u00f1ando para jiu-jitsu brasile\u00f1o y artistas marciales mixtos. Su forma, ajuste y materiales dan como resultado un kimono de jiu-jitsu brasile\u00f1o muy c\u00f3modo para entrenar y competir, sin comprometer la durabilidad. La atenci\u00f3n al detalle y los acabados crean un dise\u00f1o impactante con un estilo cl\u00e1sico y un toque contempor\u00e1neo.<\/span><\/strong><\/p>\n<p><strong>Shapes Fightwear ofrece a sus clientes la libertad de elegir entre dise\u00f1os cl\u00e1sicos o fusiones ecl\u00e9cticas. Pueden combinar una variedad de colores de costuras y solapas, como blanco, negro, azul, marr\u00f3n o rosa, para crear un kimono vibrante que incluso podr\u00eda convertirse en un kimono de moda. Personalice r\u00e1pidamente la talla, el color y el tejido del kimono, incorpore un monograma personal mediante bordado directo y muchos otros detalles, lo que lo convierte en un art\u00edculo muy esperado por nuestros valiosos clientes a un precio asequible.<\/strong><br \/>\n<strong><br \/>\n<span class=\"trem-doc-gr\" style=\"color: #000000; font-size: 18px;\">Chaqueta Gi<\/span><\/strong><br \/>\n<strong><span class=\"trem-doc11\">Todos los tejidos de las chaquetas son relativamente ligeros, con un peso de 550 g\/m\u00b2 y 100 % algod\u00f3n. Esto permite la libertad de movimiento y la comodidad. Ofrece la durabilidad de un tejido doble y soporta el uso diario. La chaqueta ha sido tratada con sulfurizaci\u00f3n, mercerizaci\u00f3n, antibacterias y preencogida, lo que garantiza un encogimiento m\u00ednimo o nulo con lavados en fr\u00edo. Si se necesita un encogimiento leve, se puede lograr lavando y secando a temperature media.<\/span><\/strong><br \/>\n<strong><br \/>\n<span class=\"trem-doc-gr\" style=\"color: #000000; font-size: 18px;\">Pantalones Gi<\/span><span class=\"trem-doc11\"><br \/>\nLos pantalones est\u00e1n confeccionados con telas 100% algod\u00f3n. Son extremadamente ligeros y permiten movimientos muy c\u00f3modos, a la vez que resistentes y duraderos, por lo que no se rompen f\u00e1cilmente. Las rodilleras se extienden hasta el tobillo para mayor comodidad. El cord\u00f3n el\u00e1stico se mantiene firme bajo presi\u00f3n y es f\u00e1cil de desatar al terminar el entrenamiento.<\/span><\/strong><br \/>\n<strong><br \/>\n<span class=\"trem-doc-gr\" style=\"color: #000000; font-size: 18px;\">Solapa de gi<\/span><span class=\"trem-doc11\"><br \/>\nLa solapa rellena de espuma EVA mantiene su forma sin ser demasiado r\u00edgida. Su firmeza dificultar\u00e1 el agarre del oponente, ideal para torneos de Jiu-Jitsu Brasile\u00f1o. La absorci\u00f3n del sudor es m\u00ednima, lo que favorece la hygiene.<\/span><\/strong><br \/>\n<strong><br \/>\n<span class=\"trem-doc-gr\" style=\"color: #000000; font-size: 18px;\">Paneles reforzados<\/span><span class=\"trem-doc11\"><br \/>\nLa construcci\u00f3n Gi con paneles reforzados proporciona resistencia adicional donde la necesitas y ning\u00fan peso extra donde no lo necesitas.<\/span><\/strong><br \/>\n<strong><br \/>\n<span class=\"trem-doc-gr\" style=\"color: #000000; font-size: 18px;\">Costuras en contraste<\/span><span class=\"trem-doc11\"><br \/>\nCosturas de contraste de alta calidad con combinaciones de colores \u00fanicas que realzan el dise\u00f1o moderno del kimono de BJJ y la excelente calidad de las costuras. M\u00e1s informaci\u00f3n. Personalizaciones disponibles a pedido. Contacte con nuestro equipo de producci\u00f3n para hablar sobre personalizaci\u00f3n.<\/span><\/strong><\/p>\n<p class=\"trem-doc1\" align=\"justify\"><strong>Para mayor informaci\u00f3n:\u00a0<em><a class=\"trem-doc11\" href=\"mailto:info@shapesfightwear.com\">info@shapesfightwear.com<\/a><\/em><\/strong><\/p>\n\r\n\t\t<\/div>\r\n\t<\/div>\r\n<\/div><\/div><\/div>\n<\/div>","protected":false},"excerpt":{"rendered":"SHAPES Fightwear GI FEATURES Shapes Fightwear is developing and designing for Brazilian Jiu-Jitsu and Mixed Martial Artists over many years. Its shape, fit and materials result in a BJJ Gi that is very comfortable to train and compete in, without compromising on durability. The attention to detail and finishing touches makes for a stunning design [...]","protected":false},"author":2,"featured_media":0,"parent":0,"menu_order":0,"comment_status":"closed","ping_status":"closed","template":"","meta":{"footnotes":""},"class_list":["post-47599","page","type-page","status-publish","hentry"],"_links":{"self":[{"href":"https:\/\/shapesfightwear.com\/es\/wp-json\/wp\/v2\/pages\/47599","targetHints":{"allow":["GET"]}}],"collection":[{"href":"https:\/\/shapesfightwear.com\/es\/wp-json\/wp\/v2\/pages"}],"about":[{"href":"https:\/\/shapesfightwear.com\/es\/wp-json\/wp\/v2\/types\/page"}],"author":[{"embeddable":true,"href":"https:\/\/shapesfightwear.com\/es\/wp-json\/wp\/v2\/users\/2"}],"replies":[{"embeddable":true,"href":"https:\/\/shapesfightwear.com\/es\/wp-json\/wp\/v2\/comments?post=47599"}],"version-history":[{"count":7,"href":"https:\/\/shapesfightwear.com\/es\/wp-json\/wp\/v2\/pages\/47599\/revisions"}],"predecessor-version":[{"id":50234,"href":"https:\/\/shapesfightwear.com\/es\/wp-json\/wp\/v2\/pages\/47599\/revisions\/50234"}],"wp:attachment":[{"href":"https:\/\/shapesfightwear.com\/es\/wp-json\/wp\/v2\/media?parent=47599"}],"curies":[{"name":"wp","href":"https:\/\/api.w.org\/{rel}","templated":true}]}}