{"id":47603,"date":"2025-08-24T17:21:58","date_gmt":"2025-08-24T17:21:58","guid":{"rendered":"https:\/\/mediumspringgreen-meerkat-571505.hostingersite.com\/?page_id=47603"},"modified":"2025-09-26T18:52:04","modified_gmt":"2025-09-26T18:52:04","slug":"shipping","status":"publish","type":"page","link":"https:\/\/shapesfightwear.com\/es\/shipping\/","title":{"rendered":"SHIPPING &#038; DELIVERY TIME"},"content":{"rendered":"<div class=\"wpb-content-wrapper\"><div class=\"vc_row wpb_row row top-row wpb_custom_034b39d9bc6c6b310d69e39f0ccf274f\"><div class=\"vc_column_container col-md-12\"><div class=\"wpb_wrapper vc_column-inner\"><h5 style=\"font-size: 22px;color: #000000;text-align: center;font-family:Josefin Sans;font-weight:700;font-style:normal\" class=\"vc_custom_heading vc_do_custom_heading wpb_custom_aa365bd5046e8294520b4e73732b9d15\" >TIEMPO DE ENV\u00cdO Y ENTREGA<\/h5><\/div><\/div><\/div><div class=\"vc_row wpb_row row top-row wpb_custom_034b39d9bc6c6b310d69e39f0ccf274f\"><div class=\"vc_column_container col-md-12\"><div class=\"wpb_wrapper vc_column-inner\"><div class=\"porto-separator\"><hr class=\"separator-line  wpb_content_element align_center\" style=\"background-image: -webkit-linear-gradient(left, transparent, #dd3333, transparent); background-image: linear-gradient(to right, transparent, #dd3333, transparent);\"><\/div><\/div><\/div><\/div><div class=\"vc_row wpb_row row top-row wpb_custom_034b39d9bc6c6b310d69e39f0ccf274f\"><div class=\"vc_column_container col-md-12\"><div class=\"wpb_wrapper vc_column-inner\">\r\n\t<div class=\"wpb_text_column wpb_content_element wpb_custom_7c91d232724f73626cc933bd95b25ff0\" >\r\n\t\t<div class=\"wpb_wrapper\">\r\n\t\t\t<p>Shapes Fightwear realiza env\u00edos a cualquier parte del mundo con tarifas de env\u00edo muy asequibles. Los productos hechos a medida se env\u00edan a todo el mundo de forma individual e inmediata tras la finalizaci\u00f3n de la producci\u00f3n, directamente desde nuestras instalaciones de producci\u00f3n, y los art\u00edculos listos para usar, desde el almac\u00e9n principal en Pakist\u00e1n, hasta la puerta del cliente. Procesamos y enviamos los pedidos en d\u00edas laborables (de lunes a s\u00e1bado), excepto los festivos Nacionales en Pakist\u00e1n.<\/p>\n<p><span class=\"trem-doc-gr\"><strong><span style=\"color: #000000;\">Env\u00edos internacionales<\/span><br \/>\n<\/strong><\/span>Enviamos pedidos desde Pakist\u00e1n a pr\u00e1cticamente cualquier direcci\u00f3n del mundo. De hecho, tenemos clientes habituales en todo el mundo y realizamos env\u00edos internacionales a diario. A continuaci\u00f3n, se muestra una lista de los pa\u00edses a los que realizamos env\u00edos actualmente.<\/p>\n<p><span class=\"trem-doc212\" style=\"color: #800000;\"><strong>AM\u00c9RICA DEL NORTE\/CENTRAL\/SUR + CARIBE<\/strong><\/span><strong><br \/>\n<\/strong>Argentina, Brasil, Canad\u00e1, Chile, Colombia, M\u00e9xico, Estados Unidos<br \/>\n<span class=\"trem-doc212\"><strong><span class=\"trem-doc212\" style=\"color: #800000;\">EUROPE<\/span><br \/>\n<\/strong><\/span>Alemania, Austria, B\u00e9lgica, Bulgaria, Chipre, Dinamarca, Escocia, Eslovaquia, Espa\u00f1a, Finlandia, Francia, Grecia, Hungr\u00eda, Irlanda, Italia, Luxemburgo, Noruega, Pa\u00edses Bajos, Polonia, Portugal, Reino Unido, Rep\u00fablica Checa, Ruman\u00eda, Rusia, Suecia y Suiza.<br \/>\n<span class=\"trem-doc1\"><strong><span class=\"trem-doc212\" style=\"color: #800000;\">ASIA<\/span><br \/>\n<\/strong><\/span>Brunei China,\u00a0Hong Kong, India,\u00a0Indonesia,\u00a0Japan,\u00a0Macao,\u00a0Malaysia, Philippines,\u00a0Singapore,\u00a0South Korea,\u00a0Taiwan,\u00a0Thailand,\u00a0Vietnam<br \/>\n<span class=\"trem-doc212\" style=\"color: #800000;\"><strong>OCEANIA<\/strong><\/span><br \/>\nAustralia,\u00a0New Zealand<br \/>\n<strong><span class=\"trem-doc212\" style=\"color: #800000;\">MIDDLE EAST<\/span><br \/>\n<\/strong>Bahrain, Kuwait, Oman, Qatar,\u00a0Saudi Arabia,\u00a0Turkey,\u00a0United Arab Emirates<span class=\"trem-doc1\"><br \/>\n<strong><span class=\"trem-doc212\" style=\"color: #800000;\">AFRICA<\/span><\/strong><\/span><strong><br \/>\n<\/strong>South Africa, Kenya<span class=\"trem-doc1\"><br \/>\n<em><br \/>\n<\/em><\/span><em>\u00bfNo encuentras tu pa\u00eds? Por favor.\u00a0<a href=\"mailto:info@shapesfightwear.com\"><span class=\"style4\">Contacte con nuestro equipo de soporte.<\/span><\/a><\/em><strong class=\"trem-doc-gr\"><br \/>\n<\/strong><\/p>\n<p><strong class=\"trem-doc-gr\"><span style=\"color: #000000;\">Seguimiento de env\u00edos<\/span><br \/>\n<\/strong>Shapes Fightwear le enviar\u00e1 un correo electr\u00f3nico de confirmaci\u00f3n con un n\u00famero de seguimiento una vez procesado y enviado su pedido. Podr\u00e1 rastrear su env\u00edo hasta 24 horas despu\u00e9s de su envoi.<\/p>\n<p><strong class=\"trem-doc-gr\"><span style=\"color: #000000;\">Calcular el costo de env\u00edo<\/span><br \/>\n<\/strong>Calcular el coste exacto del env\u00edo de tu pedido es muy sencillo: a\u00f1ade los art\u00edculos que quieras al carrito y haz clic en \u00abCalcular env\u00edo\u00bb. Puedes a\u00f1adir y quitar art\u00edculos tantas veces como necesites antes de finalizer la compra.<\/p>\n<p>Las tarifas de env\u00edo de muchos de nuestros art\u00edculos se basan en el peso. Nuestro sistema calcula el coste del env\u00edo seg\u00fan el peso total de los productos pedidos. De esta forma, te beneficias autom\u00e1ticamente de descuentos por env\u00edo combinado.<\/p>\n<p><strong class=\"trem-doc-gr\"><span style=\"color: #000000;\">\u00c1rea remotaenvoi<\/span><br \/>\n<\/strong>Las empresas de env\u00edo pueden aplicar un recargo por el servicio de entrega de env\u00edos en zonas extensas, fuera de la zona de entrega o en lugares de dif\u00edcil acceso. Se podr\u00e1 emitir una factura adicional al cliente para cubrir estos cargos adicionales.<\/p>\n<p><strong class=\"trem-doc-gr\"><span style=\"color: #000000;\">M\u00e9todos de env\u00edo<\/span><br \/>\n<\/strong>Recibimos servicios de env\u00edo de diferentes opciones (DHL, UPS). Solo preferimos las empresas de env\u00edo m\u00e1s r\u00e1pidas, econ\u00f3micas y con mejor seguimiento para su zona\/regi\u00f3n. Para ello, buscamos constantemente las mejores tarifas y proveedores de servicios del mercado, e ingresamos estas tarifas en nuestro sistema de c\u00e1lculo de env\u00edos.<\/p>\n<p>Recomendamos ampliamente los servicios de env\u00edo que han seleccionado y registrado sus tarifas en nuestro sistema. Hemos negociado tarifas bajas con estos servicios y actualmente ofrecen los mejores precios disponibles.<\/p>\n\r\n\t\t<\/div>\r\n\t<\/div>\r\n<\/div><\/div><\/div><div class=\"vc_row wpb_row row top-row wpb_custom_034b39d9bc6c6b310d69e39f0ccf274f\"><div class=\"vc_column_container col-md-12\"><div class=\"wpb_wrapper vc_column-inner\"><div class=\"vc_empty_space\"   style=\"height: 32px\"><span class=\"vc_empty_space_inner\"><\/span><\/div><\/div><\/div><\/div>\n<\/div>","protected":false},"excerpt":{"rendered":"SHIPPING & DELIVERY TIME Shapes Fightwear ships anywhere in the world with very affordable shipping rates. Custom Made Products shipped worldwide individually and immediately upon production completion, directly from our production facilities and Ready to Wear items from the main warehouse in Pakistan to the customer's door. We process and dispatch orders on regular business [...]","protected":false},"author":2,"featured_media":0,"parent":0,"menu_order":0,"comment_status":"closed","ping_status":"closed","template":"","meta":{"footnotes":""},"class_list":["post-47603","page","type-page","status-publish","hentry"],"_links":{"self":[{"href":"https:\/\/shapesfightwear.com\/es\/wp-json\/wp\/v2\/pages\/47603","targetHints":{"allow":["GET"]}}],"collection":[{"href":"https:\/\/shapesfightwear.com\/es\/wp-json\/wp\/v2\/pages"}],"about":[{"href":"https:\/\/shapesfightwear.com\/es\/wp-json\/wp\/v2\/types\/page"}],"author":[{"embeddable":true,"href":"https:\/\/shapesfightwear.com\/es\/wp-json\/wp\/v2\/users\/2"}],"replies":[{"embeddable":true,"href":"https:\/\/shapesfightwear.com\/es\/wp-json\/wp\/v2\/comments?post=47603"}],"version-history":[{"count":3,"href":"https:\/\/shapesfightwear.com\/es\/wp-json\/wp\/v2\/pages\/47603\/revisions"}],"predecessor-version":[{"id":48861,"href":"https:\/\/shapesfightwear.com\/es\/wp-json\/wp\/v2\/pages\/47603\/revisions\/48861"}],"wp:attachment":[{"href":"https:\/\/shapesfightwear.com\/es\/wp-json\/wp\/v2\/media?parent=47603"}],"curies":[{"name":"wp","href":"https:\/\/api.w.org\/{rel}","templated":true}]}}