{"id":47605,"date":"2025-08-24T17:22:47","date_gmt":"2025-08-24T17:22:47","guid":{"rendered":"https:\/\/mediumspringgreen-meerkat-571505.hostingersite.com\/?page_id=47605"},"modified":"2026-03-24T18:49:53","modified_gmt":"2026-03-24T18:49:53","slug":"terms-of-bulk-order","status":"publish","type":"page","link":"https:\/\/shapesfightwear.com\/es\/terms-of-bulk-order\/","title":{"rendered":"CONDICIONES DE PEDIDO AL POR MAYOR"},"content":{"rendered":"<div class=\"wpb-content-wrapper\"><div class=\"vc_row wpb_row row top-row wpb_custom_034b39d9bc6c6b310d69e39f0ccf274f\"><div class=\"vc_column_container col-md-12\"><div class=\"wpb_wrapper vc_column-inner\"><h2 style=\"font-size: 26px;color: #000000;text-align: center;font-family:Josefin Sans;font-weight:700;font-style:normal\" class=\"vc_custom_heading vc_do_custom_heading wpb_custom_aa365bd5046e8294520b4e73732b9d15\" >CONDICIONES DE PEDIDO AL POR MAYOR<\/h2><\/div><\/div><\/div><div class=\"vc_row wpb_row row top-row wpb_custom_034b39d9bc6c6b310d69e39f0ccf274f\"><div class=\"vc_column_container col-md-12\"><div class=\"wpb_wrapper vc_column-inner\"><div class=\"porto-separator\"><hr class=\"separator-line  wpb_content_element align_center\" style=\"background-image: -webkit-linear-gradient(left, transparent, #dd3333, transparent); background-image: linear-gradient(to right, transparent, #dd3333, transparent);\"><\/div><\/div><\/div><\/div><div class=\"vc_row wpb_row row top-row wpb_custom_034b39d9bc6c6b310d69e39f0ccf274f\"><div class=\"vc_column_container col-md-12\"><div class=\"wpb_wrapper vc_column-inner\"><div class=\"vc_empty_space\"   style=\"height: 32px\"><span class=\"vc_empty_space_inner\"><\/span><\/div><\/div><\/div><\/div><div class=\"vc_row wpb_row row top-row wpb_custom_034b39d9bc6c6b310d69e39f0ccf274f\"><div class=\"vc_column_container col-md-12\"><div class=\"wpb_wrapper vc_column-inner\">\r\n\t<div class=\"wpb_text_column wpb_content_element wpb_custom_7c91d232724f73626cc933bd95b25ff0\" >\r\n\t\t<div class=\"wpb_wrapper\">\r\n\t\t\t<p><span style=\"color: #003300;\"><strong>Shapes Enterprises gestiona pedidos al por mayor para clientes globales. Contamos con una amplia y satisfecha cartera de clientes en todo el mundo, desde aficionados al fitness y clubes de fitness hasta marcas deportivas de renombre. Fabricamos una amplia gama de equipos de jiu-jitsu, MMA, fitness y boxeo de alta calidad a los precios m\u00e1s competitivos.<\/strong><\/span><\/p>\n<p><span style=\"color: #003300;\"><strong>Todos nuestros productos se inspeccionan y pasan por estrictos controles de calidad, lo que garantiza que obtenga el mejor precio. Nos enorgullecemos de ofrecer la mejor calidad a nuestros compradores, con una satisfacci\u00f3n del cliente del 100%.<\/strong><\/span><\/p>\n<p><span style=\"font-size: 17px; color: #000000;\"><strong>Consultas sobre productos:<\/strong><\/span><\/p>\n<p><span style=\"color: #808080;\"><strong>Shapes Enterprises agradece su consulta sobre pedidos personalizados al por mayor. Entendemos perfectamente las necesidades de nuestros clientes, por lo que cada consulta se atiende con la debida importancia y se responde con prontitud.<\/strong><\/span><\/p>\n<p><span style=\"color: #000000;\"><strong>C\u00f3mo enviar una consulta: \u2013<br \/>\n<\/strong><\/span><\/p>\n<ul>\n<li><span style=\"color: #808080;\"><strong>Visita nuestra <em>GRANEL PERSONALIZADO<\/em> En la secci\u00f3n de pedidos de mediumspringgreen-meerkat-571505.hostingersite.com, seleccione los art\u00edculos que desee o que le interesen. Complete el formulario para darnos una idea de lo que busca, incluyendo el dise\u00f1o y la cantidad.<\/strong><\/span><\/li>\n<li><span style=\"color: #808080;\"><strong>Este formulario no es vinculante, lo usamos como una herramienta para poner las cosas en marcha, nos comunicaremos con usted para asegurarnos de que obtenga toda la informaci\u00f3n que necesitamos para brindarle el mejor precio posible que le cotizaremos.<\/strong><\/span><\/li>\n<\/ul>\n<p><strong><span style=\"color: #993300;\"><span style=\"color: #782a02;\">Desarrollo de productos a medida\/personalizados<\/span><br \/>\n<\/span><\/strong><span style=\"color: #808080;\"><strong>Shapes Enterprises tambi\u00e9n desarrolla sus dise\u00f1os o maquetas de los productos o nuestros dise\u00f1adores profesionales lo hacen por usted a precios muy razonables.<\/strong><\/span><\/p>\n<p><span style=\"color: #808080;\"><strong>Tras obtener una imagen n\u00edtida del dise\u00f1o, las ilustraciones o los modelos de los productos que necesita, nuestro equipo de I+D, s\u00f3lido y profesional, lo hace realidad.<\/strong><\/span><\/p>\n<p><span style=\"color: #808080;\"><strong>El dise\u00f1o especificado por el cliente siempre es secreto.<\/strong><\/span><\/p>\n<p><strong><span style=\"color: #993300;\"><span style=\"color: #782a02;\">Etiquetado\/Logotipo<\/span><br \/>\n<\/span><\/strong><span style=\"color: #808080;\"><strong>Estampamos\/logotipamos y etiquetamos los productos seg\u00fan los requisitos del cliente y lo decidido durante el proceso de pedido.<br \/>\nEl costo de los productos personalizados\/a medida puede variar seg\u00fan la cantidad, el dise\u00f1o, el material, los colores, el etiquetado\/logotipo, etc.<\/strong><\/span><\/p>\n<p><span style=\"color: #000000; font-size: 17px;\"><strong>Muestreo de productos<\/strong><\/span><\/p>\n<p><span style=\"color: #808080;\"><strong>Recibimos numerosas consultas cada d\u00eda solicitando muestras de nuestros productos para fines de evaluaci\u00f3n de calidad, hemos ideado una pol\u00edtica para ofrecer muestras a pedido.<br \/>\nLas solicitudes de muestras no son gratuitas y se requerir\u00e1 el pago de dichos art\u00edculos.<br \/>\nTodos los productos se fabrican bajo pedido para pedidos al por mayor, por lo que no los almacenamos en stock. Requerimos un m\u00ednimo de 2 a 3 semanas para entregar las muestras solicitadas.<br \/>\nSi hay muestras disponibles para ciertos productos, las enviaremos inmediatamente despu\u00e9s de liquidar el pago y el costo del env\u00edo. Proporcionamos el n\u00famero de seguimiento de la empresa de mensajer\u00eda y una imagen digital de las muestras necesarias para su seguimiento.<\/strong><\/span><\/p>\n<p><span style=\"color: #808080;\"><strong>Si el comprador tiene un n\u00famero de cuenta de mensajer\u00eda, podemos usarlo para enviar muestras.<\/strong><\/span><\/p>\n<p><span style=\"color: #808080;\"><strong>El pago del costo de la muestra y el costo de env\u00edo se pueden transferir de las siguientes maneras:<\/strong><\/span><\/p>\n<ol>\n<li><span style=\"color: #808080;\"><strong>Transferencia directa a cuenta bancaria a trav\u00e9s de XOOM.Podemoso y pr\u00e1ctico) <\/strong><\/span><\/li>\n<li><span style=\"color: #808080;\"><strong>Pago mediante transferencia banBancariawift)<\/strong><\/span><\/li>\n<li><span style=\"color: #808080;\"><strong>Pago por Western Union o MoneyGram<\/strong><\/span><\/li>\n<\/ol>\n<p><span style=\"color: #808080;\"><strong>Si se trata de una sola pieza o un par, atenderemos cada solicitud seg\u00fan su turno. Por lo tanto, le agradecemos su paciencia mientras espera las muestras solicitadas.<\/strong><\/span><\/p>\n<p><span style=\"color: #000000; font-size: 17px;\"><strong>Cantidad minima de pedido<\/strong><\/span><\/p>\n<p><span style=\"color: #808080;\"><strong>Las cantidades m\u00ednimas de pedido para cualquier producto son diferentes (mencionadas en los formularios de pedidos al por mayor personalizados).<\/strong><\/span><\/p>\n<p><span style=\"color: #000000; font-size: 17px;\"><strong>Tiempo de finalizaci\u00f3n del pedido y entrega<\/strong><\/span><\/p>\n<p><span style=\"color: #808080;\"><strong>El tiempo de finalizaci\u00f3n del pedido depende de la cantidad; sin embargo, generalmente, necesitamos de 3 a 4 semanas para completarlo. Revisaremos el pedido y le informaremos el tiempo exacto en el presupuesto.<\/strong><\/span><\/p>\n<p><span style=\"color: #808080;\"><strong><em>Utilizamos el siguiente modo de env\u00edo para el envoi: \u2013<\/em><\/strong><\/span><\/p>\n<p><span style=\"color: #808080;\"><strong>POR MAR: \u2013\u00a0 \u00a0 \u00a0 \u00a0 \u00a0 \u00a0 \u00a0 \u00a0 \u00a0 \u00a0 \u00a0 \u00a0 \u00a0 \u00a0 \u00a0<em>Llegada en 30-45 d\u00edas.<\/em><\/strong><\/span><br \/>\n<span style=\"color: #808080;\"><strong>Por aire: \u2013\u00a0 \u00a0 \u00a0 \u00a0 \u00a0 \u00a0 \u00a0 \u00a0 \u00a0 \u00a0 \u00a0 \u00a0 \u00a0 \u00a0 \u00a0 <em>Llegada en 7-12 d\u00edas.<br \/>\n<\/em>Por Pak Post: \u2013\u00a0 \u00a0 \u00a0 \u00a0 \u00a0 \u00a0 \u00a0 \u00a0 \u00a0<em>Llegada en 14-21 d\u00edas.<br \/>\n<\/em>By DHL\/FEDEX: \u2013\u00a0 \u00a0 \u00a0 \u00a0 \u00a0<em>Llegada en 05-07 d\u00edas.<\/em><\/strong><\/span><\/p>\n<p><span style=\"color: #000000; font-size: 17px;\"><strong>Condiciones de pago<\/strong><\/span><\/p>\n<ul>\n<li><span style=\"color: #808080;\"><strong>Aceptamos pago por adelantado mediante transferencia bancaria (TT) en la cuenta bancaria de nuestra empresa.<\/strong><\/span><\/li>\n<li><span style=\"color: #808080;\"><strong>Las transferencias a trav\u00e9s de los m\u00e9todos mencionados anteriormente tambi\u00e9n son aceptables para pedidos peque\u00f1os y pedidos de muestra.<\/strong><\/span><\/li>\n<\/ul>\n<p><span style=\"color: #000000; font-size: 17px;\"><strong>Divisa<\/strong><\/span><\/p>\n<p><span style=\"color: #808080;\"><strong>Generalmente utilizamos d\u00f3lares estadounidenses, pero podemos realizar facturas en euros u otra moneda internacional seg\u00fan sus requisitos.<\/strong><\/span><\/p>\n<p><span style=\"color: #000000; font-size: 17px;\"><strong>Nuestros servicios<\/strong><\/span><\/p>\n<ul>\n<li><span style=\"color: #808080;\"><strong>Responder a consultas masivas personalizadas en el m\u00ednimo tiempo.<\/strong><\/span><\/li>\n<li><span style=\"color: #808080;\"><strong>El nuevo modelo que se desarrollar\u00e1, no dude en contactarnos para obtener todos los detalles.<\/strong><\/span><\/li>\n<li><span style=\"color: #808080;\"><strong>Amplia gama de productos de calidad a los precios m\u00e1s competitivos.<\/strong><\/span><\/li>\n<li><span style=\"color: #808080;\"><strong>Entregar los productos a nuestros clientes en todo el mundo con rapidez y precisi\u00f3n.<\/strong><\/span><\/li>\n<li><span style=\"color: #808080;\"><strong>Es posible negociar cantidades al por mayor.<\/strong><\/span><\/li>\n<li><span style=\"color: #808080;\"><strong>Inspecci\u00f3n de calidad interna de los pedidos antes del env\u00edo para garantizar la calidad aprobada.<\/strong><\/span><\/li>\n<li><span style=\"color: #808080;\"><strong>El env\u00edo puede ser \u201cflete prepago C&amp;F\u201d o \u201cflete por cobrar F.O.B\u201d seg\u00fan sus instrucciones.<\/strong><\/span><\/li>\n<\/ul>\n<p><span style=\"color: #808080;\"><strong>\u00bfA\u00fan no tiene claros los t\u00e9rminos de los pedidos al por mayor? Si tiene alguna pregunta, no dude en contactarnos. <\/strong><\/span><strong><em><a href=\"mailto:sales@shapesfightwear.com\">sales@shapesfightwear.com<\/a><\/em>\u00a0<\/strong><span style=\"color: #808080;\"><strong>Nos aseguraremos de responder a sus consultas lo antes posible.<\/strong><\/span><\/p>\n\r\n\t\t<\/div>\r\n\t<\/div>\r\n<\/div><\/div><\/div><div class=\"vc_row wpb_row row top-row wpb_custom_034b39d9bc6c6b310d69e39f0ccf274f\"><div class=\"vc_column_container col-md-12\"><div class=\"wpb_wrapper vc_column-inner\"><div class=\"vc_empty_space\"   style=\"height: 32px\"><span class=\"vc_empty_space_inner\"><\/span><\/div><\/div><\/div><\/div>\n<\/div>","protected":false},"excerpt":{"rendered":"TERMS OF BULK ORDER Shapes Enterprises deal in bulk orders serving global customers. We have a broad and happy client base around the world ranging from Professional fitness enthusiasts, fitness clubs to well repute sporting brands. We manufacture an extensive range of quality Jiu-Jitsu, MMA, fitness, and boxing equipment products at the most competitive prices. [...]","protected":false},"author":2,"featured_media":0,"parent":0,"menu_order":0,"comment_status":"closed","ping_status":"closed","template":"","meta":{"footnotes":""},"class_list":["post-47605","page","type-page","status-publish","hentry"],"_links":{"self":[{"href":"https:\/\/shapesfightwear.com\/es\/wp-json\/wp\/v2\/pages\/47605","targetHints":{"allow":["GET"]}}],"collection":[{"href":"https:\/\/shapesfightwear.com\/es\/wp-json\/wp\/v2\/pages"}],"about":[{"href":"https:\/\/shapesfightwear.com\/es\/wp-json\/wp\/v2\/types\/page"}],"author":[{"embeddable":true,"href":"https:\/\/shapesfightwear.com\/es\/wp-json\/wp\/v2\/users\/2"}],"replies":[{"embeddable":true,"href":"https:\/\/shapesfightwear.com\/es\/wp-json\/wp\/v2\/comments?post=47605"}],"version-history":[{"count":3,"href":"https:\/\/shapesfightwear.com\/es\/wp-json\/wp\/v2\/pages\/47605\/revisions"}],"predecessor-version":[{"id":50420,"href":"https:\/\/shapesfightwear.com\/es\/wp-json\/wp\/v2\/pages\/47605\/revisions\/50420"}],"wp:attachment":[{"href":"https:\/\/shapesfightwear.com\/es\/wp-json\/wp\/v2\/media?parent=47605"}],"curies":[{"name":"wp","href":"https:\/\/api.w.org\/{rel}","templated":true}]}}