{"id":47607,"date":"2025-08-24T17:23:05","date_gmt":"2025-08-24T17:23:05","guid":{"rendered":"https:\/\/mediumspringgreen-meerkat-571505.hostingersite.com\/?page_id=47607"},"modified":"2026-03-24T18:50:03","modified_gmt":"2026-03-24T18:50:03","slug":"terms-of-custom-shopping","status":"publish","type":"page","link":"https:\/\/shapesfightwear.com\/es\/terms-of-custom-shopping\/","title":{"rendered":"TERMS OF CUSTOMIZING &#038; SHOPPING"},"content":{"rendered":"<div class=\"wpb-content-wrapper\"><div class=\"vc_row wpb_row row top-row vc_custom_1761504300795 wpb_custom_034b39d9bc6c6b310d69e39f0ccf274f\"><div class=\"vc_column_container col-md-12\"><div class=\"wpb_wrapper vc_column-inner\"><h2 style=\"font-size: 24px;color: #000000;text-align: center;font-family:Josefin Sans;font-weight:700;font-style:normal\" class=\"vc_custom_heading vc_do_custom_heading wpb_custom_aa365bd5046e8294520b4e73732b9d15\" >CONDICIONES DE PERSONALIZACI\u00d3N Y COMPRA<\/h2><\/div><\/div><\/div><div class=\"vc_row wpb_row row top-row wpb_custom_034b39d9bc6c6b310d69e39f0ccf274f\"><div class=\"vc_column_container col-md-12\"><div class=\"wpb_wrapper vc_column-inner\"><div class=\"porto-separator\"><hr class=\"separator-line  wpb_content_element align_center\" style=\"background-image: -webkit-linear-gradient(left, transparent, #dd3333, transparent); background-image: linear-gradient(to right, transparent, #dd3333, transparent);\"><\/div><\/div><\/div><\/div><div class=\"vc_row wpb_row row top-row wpb_custom_034b39d9bc6c6b310d69e39f0ccf274f\"><div class=\"vc_column_container col-md-12\"><div class=\"wpb_wrapper vc_column-inner\">\r\n\t<div class=\"wpb_text_column wpb_content_element wpb_custom_7c91d232724f73626cc933bd95b25ff0\" >\r\n\t\t<div class=\"wpb_wrapper\">\r\n\t\t\t<p align=\"justify\"><strong class=\"trem-doc-gr\"><span style=\"color: #000000; font-size: 18px;\">AUTEURSRECHT- EN HANDELSMERKVERKLARING<\/span><br \/>\n<\/strong><br \/>\n<span class=\"trem-doc11\">A menos que se especifique lo contrario, todos los materiales que aparecen en este sitio, incluido el texto, el dise\u00f1o del sitio, los logotipos, los gr\u00e1ficos, los \u00edconos y las im\u00e1genes, as\u00ed como la selecci\u00f3n, el ensamblaje y la disposici\u00f3n de los mismos, son propiedad exclusiva de Shapes Enterprises.<br \/>\nPuede usar el contenido de este sitio \u00fanicamente para comprar o realizar pedidos, y con ning\u00fan otro fin. Ning\u00fan material de este sitio puede copiarse, reproducirse, modificarse, republicarse, cargarse, publicarse, transmitirse ni distribuirse de ninguna forma ni por ning\u00fan medio sin nuestra autorizaci\u00f3n previa por escrito. Quedan reservados todos los derechos no expresamente otorgados en este documento. Cualquier uso no autorizado de los materiales que aparecen en este sitio puede infringir las leyes de derechos de autor, marcas registradas y otras leyes aplicables, y podr\u00eda dar lugar a sanciones Penales o civiles.<\/span><span class=\"trem-doc1\"><br \/>\n<\/span><span class=\"trem-doc-gr\"><br \/>\n<strong><span style=\"color: #000000; font-size: 18px;\">PRIVACIDAD<\/span><br \/>\n<\/strong><\/span><span class=\"trem-doc1\"><br \/>\n<\/span><span class=\"trem-doc11\">mediumspringgreen-meerkat-571505.hostingersite.com se enorgullece de ofrecer una experiencia de compra en l\u00ednea segura y protegida.<br \/>\nComo nuestro valioso cliente, valoramos y respetamos su privacidad. No vendemos, intercambiamos, alquilamos ni alquilamos su informaci\u00f3n personal a terceros no autorizados. Empleamos diversas medidas de seguridad para proteger la seguridad y confidencialidad de su informaci\u00f3n personal.<br \/>\nLos pagos se procesan mediante 2checkout, lo que significa que puede comprar en mediumspringgreen-meerkat-571505.hostingersite.com sin compartir su informaci\u00f3n financiera. Este sistema es sumamente seguro. Sin embargo, en caso de uso no autorizado de su tarjeta de cr\u00e9dito, debe notificar a su proveedor de acuerdo con sus normas y procedimientos de denuncia.Nuestro<\/span><span class=\"trem-doc1\"><br \/>\n<\/span><span class=\"trem-doc1\"><br \/>\n<strong><span style=\"color: #000000; font-size: 18px;\">DERECHOS E IMPUESTOS DE ADUANAS<\/span><br \/>\n<\/strong><\/span><span class=\"trem-doc1\"><br \/>\n<\/span><span class=\"trem-doc11\">mediumspringgreen-meerkat-571505.hostingersite.com env\u00eda productos a clientes en varios pa\u00edses. Queremos aclarar que cualquier arancel aduanero, impuesto u otra tarifa impuesta por el pa\u00eds del destinatario es responsabilidad exclusiva del cliente. Estas tarifas no est\u00e1n incluidas en el precio del producto ni en los gastos de env\u00edo. mediumspringgreen-meerkat-571505.hostingersite.com no tiene control sobre estos cargos y no podemos predecir su importe. Las pol\u00edticas y regulaciones aduaneras var\u00edan considerablemente de un pa\u00eds a otro, por lo que recomendamos a los clientes que se pongan en contacto con su oficina de aduanas o autoridad fiscal local para obtener m\u00e1s informaci\u00f3n sobre posibles tarifas.<br \/>\nEs responsabilidad del cliente conocer y pagar los aranceles, impuestos o tasas de importaci\u00f3n que puedan aplicarse a su pedido. De lo contrario, el pedido podr\u00eda ser retenido o retrasado por la aduana. Si nos devuelven un paquete por falta de pago de las tasas o impuestos aduaneros, el cliente podr\u00eda ser responsable de los gastos de env\u00edo de la devoluci\u00f3n y de los gastos de reposici\u00f3n.<br \/>\n<\/span><span class=\"trem-doc1\"><br \/>\n<\/span><span class=\"trem-doc1\"><br \/>\n<\/span><span style=\"color: #000000; font-size: 18px;\"><strong><span class=\"trem-doc-gr\">EL TIEMPO DE ENTREGA<\/span><\/strong><\/span><\/p>\n<p><strong class=\"trem-doc212\">Para productos hechos a medida<\/strong><br \/>\n<span class=\"trem-doc11\">El plazo de entrega estimado para un kimono de BJJ personalizado es de entre 15 y 20 d\u00edas. En casos excepcionales, el env\u00edo podr\u00eda estar sujeto a circunstancias ajenas a nuestro control, como la disponibilidad de la tela o desastres naturales. En estos casos, el plazo de entrega podr\u00eda ser ligeramente superior.<br \/>\nLos tiempos de entrega durante las vacaciones de invierno tambi\u00e9n pueden afectar la fecha de entrega sobre la cual Shapes Fightwear no tiene ning\u00fan control.<br \/>\nLos bordados personalizados adicionales en Gi pueden tardar de 4 a 6 d\u00edas adicionales en fabricarse. Le enviaremos por correo electr\u00f3nico el tiempo estimado de finalizaci\u00f3n y env\u00edo despu\u00e9s de realizar su pedido.<br \/>\n<\/span><br \/>\n<strong class=\"trem-doc212\">Para productos listos para usar<\/strong><br \/>\n<span class=\"trem-doc11\">Los productos listos para usar generalmente se env\u00edan dentro de los 3 d\u00edas h\u00e1biles, pero el tiempo de llegada est\u00e1 sujeto al servicio de mensajer\u00eda, el destino de su elecci\u00f3n y otras variables imprevistas.<\/span><\/p>\n<p><strong class=\"trem-doc-gr\"><span style=\"font-size: 18px; color: #000000;\">CANCELACI\u00d3N, REEMBOLSO Y DEVOLUCIONES<\/span><br \/>\n<\/strong><br \/>\n<span class=\"trem-doc11\">Es importante revisar la pol\u00edtica detenidamente antes de realizar compras en mediumspringgreen-meerkat-571505.hostingersite.com. La pol\u00edtica describe sus derechos y obligaciones con respecto a sus compras. Por lo tanto, le recomendamos que la comprenda detenidamente antes de realizar su pedido en mediumspringgreen-meerkat-571505.hostingersite.com.<br \/>\n<\/span><br \/>\n<span style=\"font-size: 18px;\"><strong class=\"trem-doc212\"><span style=\"font-size: 16px;\"><em><span style=\"color: #808080;\">Productos hechos a medida<\/span><\/em><br \/>\n<\/span><\/strong><\/span><br \/>\n<span class=\"trem-doc11\">No ofrecemos reembolsos en ning\u00fan caso, ya que vendemos productos hechos a medida. De acuerdo con la legislaci\u00f3n internacional, dado que no podemos reutilizar ni revender el producto (al haber sido confeccionado especialmente para cada persona, seg\u00fan sus preferencias y medidas corporales), no tiene valor de reventa. Por lo tanto, no aceptamos devoluciones por ning\u00fan motivo, salvo por error de producci\u00f3n. Le sugiero que lea atentamente la \"Gu\u00eda de Gis Personalizados\" antes de introducir las dimensiones en los campos obligatorios disponibles en <a href=\"https:\/\/shapesfightwear.com\/custom-bjj-gi-guide\/\"><strong>Gu\u00eda GI personalizada.<\/strong><\/a><\/span><\/p>\n<p align=\"justify\"><span class=\"trem-doc11\"><br \/>\n-In the case of a production error, the customer is required to take and upload a picture of him\/herself wearing the product displaying the error and email this information to sales@shapesfightwear.com. In the case of a measurement error, we require pictures showing the measurements which are wrong or the areas, which the customer feels does not fit him\/her well (holding a measurement tape, showing the measurements). If your request for return is accepted, the customer will be notified immediately. Incorrect measuring from the customer does not qualify as a production error.<\/span><\/p>\n<p>Una vez realizado un pedido en l\u00ednea, se procesa inmediatamente y el proceso de producci\u00f3n comienza al instante. Tenga en cuenta que no es posible cancelar pedidos una vez completada la transacci\u00f3n.<\/p>\n<p>En caso de cualquier modificaci\u00f3n (aprobada por nosotros), los clientes deber\u00e1n asumir todos los gastos de env\u00edo del producto a mediumspringgreen-meerkat-571505.hostingersite.com. Sugerimos que todos los env\u00edos se devuelvan por correo a\u00e9reo local (paquete peque\u00f1o), ya que es la forma m\u00e1s econ\u00f3mica de devolver el producto. Por favor, marque tambi\u00e9n el valor de la factura como cero e indique que los productos son solo para fines de modificaci\u00f3n.<\/p>\n<p>-Any additional measurements or preferences\/style detail, and\/or alterations to measurements and preferences\/style details must be sent to sales@shapesfightwear.com via email within 24 hours of order placement. Please note that we only store the original submitted measurements in our database so additional measurements or style details, or alterations to measurements and style details should be sent via email within 24 hours for all consequent orders as well.<\/p>\n<p>-El Gi personalizado reordenado o rehecho en una fecha diferente a la del pedido original puede diferir levemente en tonos de color, ya que cada lote de tela y rollo de tela se muele por separado.<\/p>\n<p>-Confirmation emails of purchase will always be sent to the email provided upon completion of order placement. Customers are kindly requested to check that emails from our company are not marked as junk or spam. Customers are also kindly requested to contact sales@shapefightwear.com if they do not receive the emails due to unforeseen Technical reasons.<\/p>\n<p>-Los vales de regalo o vales promocionales comprados en l\u00ednea a trav\u00e9s de nuestro sitio web no son reembolsables.finalizer<\/p>\n<p>Como muestra de buena voluntad, atenci\u00f3n al cliente y b\u00fasqueda de la excelencia, mediumspringgreen-meerkat-571505.hostingersite.com informar\u00e1 a los clientes si sospechamos que se han enviado medidas incorrectas. Sin embargo, no retendremos los pedidos m\u00e1s de 48 horas. La sospecha de que se han enviado medidas incorrectas tambi\u00e9n podr\u00eda aumentar el plazo de Entrega.<\/p>\n<p>-Si hay alguna discrepancia en la factura que recibe, env\u00ede un correo electr\u00f3nico a nuestro equipo de atenci\u00f3n al cliente y le enviaremos una facturclientsl actualizada.<\/p>\n<p>-For standard BJJ Kimonos sizes, there are many brands in the market and each brand provides different sizing and fit for standard BJJ Gi sizes. shapesfightwear.com standard sizes clearly give you the dimensions of each size. Please view the size chart carefully. For further questions, please email us at sales@shapefightwear.com.<\/p>\n<p><em><strong class=\"trem-doc212\">Productos listos para usar<\/strong><\/em><\/p>\n<p><span class=\"trem-doc11\">shapesfightwear.com is willing to accept any Ready to wear products that are in resalable condition if we receive the product back within 10 days of the time of purchase. You may receive a refund, less shipping. We will refund shipping only if we made a mistake when sending your order (i.e. we sent a different style or size than what you actually ordered). Exchanges are allowed, but are limited to 14 days from the time of purchase and must be following the same stipulations as refunds except that exchanges are also permitted if you ordered the wrong size.<\/span><\/p>\n<p>*<em>Por razones de higiene, los pantalones cortos de compresi\u00f3n, los protectores de ingle, los protectores bucales y los sujetadores no se pueden devolver bajo ninguna circunstancia.<\/em><\/p>\n<p>Aceptaremos devoluciones de Gi\/Kimonos y equipo de BJJ listos para usar solo bajo las siguiprotectorsciones:hygiene<\/p>\n<p><strong class=\"trem-blk-subHead\">T\u00e9rminos aceptables:<\/strong><\/p>\n<ol>\n<li class=\"trem-doc11\">Los art\u00edculos deben estar en el embalaje original.<\/li>\n<li class=\"trem-doc11\">Los art\u00edculos deben estar limpios y sin desgaste.<\/li>\n<li class=\"trem-doc11\">Los art\u00edculos deben estar sin lavar.<\/li>\n<li class=\"trem-doc11\">Los art\u00edculos tienen todas las etiquetas y accesorios originales que se incluyeron en el env\u00edo original (es decir, pegatinas, bolsas de lavander\u00eda, etc.)<\/li>\n<\/ol>\n<p class=\"trem-doc1\"><strong><span class=\"trem-blk-subHead\">T\u00e9rminos inaceptables:<\/span><\/strong><\/p>\n<ol>\n<li class=\"trem-doc11\">Cualquier art\u00edculo devuelto que no cumpla con los criterios anteriores<\/li>\n<li class=\"trem-doc11\">Los art\u00edculos huelen mal, est\u00e1n sucios o parecen haber sido usados.<\/li>\n<li class=\"trem-doc11\">Cualquier marca, mancha, desgarro, rasgadura o cualquier otro da\u00f1o visible o detectable debido al uso del producto.<\/li>\n<\/ol>\n<p style=\"text-align: center;\"><strong class=\"trem-doc-gr\"><span style=\"font-size: 18px; color: #000000;\"><br \/>\nPOL\u00cdTICA DE REEMBOLSO<br \/>\n<\/span><\/strong><\/p>\n<p>Tenemos una pol\u00edtica de devoluci\u00f3n de 15 d\u00edas, lo que significa que tiene 15 d\u00edas despu\u00e9s de recibir su art\u00edculo para solicitar una devoluci\u00f3n.<br \/>\nPara poder devolver el art\u00edculo, este debe estar en las mismas condiciones en que lo recibi\u00f3: sin usar, con etiquetas y en su embalaje original. Tambi\u00e9n necesitar\u00e1 el recibo o comprobante de compra.<\/p>\n<p>To start a return, you can contact us at sales@shapesfightwear.com If your return is accepted please mail it to<\/p>\n<p>Shapes Enterprises,<br \/>\n24\/192, Muslim Bazar,<br \/>\nSialkot (51310),<br \/>\nPakistan.<\/p>\n<p>You can always contact us for any return questions at sales@shapesfightwear.com.<\/p>\n<p class=\"trem-doc1\"><strong><span class=\"trem-blk-subHead\">Da\u00f1os y problemas<br \/>\n<\/span><\/strong>Inspeccione su pedido al recibirlo y cont\u00e1ctenos inmediatamente si el art\u00edculo est\u00e1 defectuoso o da\u00f1ado o si recibe el art\u00edculo incorrecto para que podamos evaluar el problema y solucionarlo.<\/p>\n<p class=\"trem-doc1\"><strong><span class=\"trem-blk-subHead\">Excepciones \/ art\u00edculos no retornables<br \/>\n<\/span><\/strong>Los gi personalizados no pueden devolverse en el momento de la entrega a menos que haya un defecto en su construcci\u00f3n (desgarros, roturas, problemas de bordado), en cuyo caso haremos uno nuevo.<\/p>\n<p>Lamentablemente, no podemos aceptar devoluciones de art\u00edculos en oferta ni tarjetas de regalo.<\/p>\n<p class=\"trem-doc1\"><strong><span class=\"trem-blk-subhead\">DeduccionesPodemos<br \/>\n<\/span><\/strong>Deduciremos del monto total del reembolso las tarifas de procesamiento de pago impuestas por 2Checkout, as\u00ed como los cargos por creaci\u00f3n de maquetas de productos hechos a medida en el caso de preproducci\u00f3n.<\/p>\n<p class=\"trem-doc1\"><strong><span class=\"trem-blk-subhead\">Restocking Fee Policy<br \/>\n<\/span><\/strong>Shapes Fightwear only accepts returns for defective or damaged products. Custom-made items are non-returnable unless a defect or production error is confirmed on our part. A restocking fee of up to 15% may apply to returned items, depending on the condition and inspection outcome.<\/p>\n<p class=\"trem-doc1\"><strong><span class=\"trem-blk-subhead\">Intercambios<br \/>\n<\/span><\/strong>La forma m\u00e1s r\u00e1pida de garantizar que obtengas lo que quieres es devolver el art\u00edculo que tienes y, una vez aceptada la devoluci\u00f3n, realizar una compra por separado del nuevo art\u00edculo.<\/p>\n<p class=\"trem-doc1\"><strong><span class=\"trem-blk-subHead\">Reembolsos<br \/>\n<\/span><\/strong>Le notificaremos una vez que hayamos recibido e inspeccionado su devoluci\u00f3n y le informaremos si el reembolso fue aprobado. Si se aprueba, recibir\u00e1 el reembolso autom\u00e1ticamente a su m\u00e9todo de pago original. Tenga en cuenta que su banco o compa\u00f1\u00eda de tarjeta de cr\u00e9dito tambi\u00e9n puede tardar un tiempo en procesar y enviar el reembolso.<\/p>\n\r\n\t\t<\/div>\r\n\t<\/div>\r\n<\/div><\/div><\/div><div class=\"vc_row wpb_row row top-row wpb_custom_034b39d9bc6c6b310d69e39f0ccf274f\"><div class=\"vc_column_container col-md-12\"><div class=\"wpb_wrapper vc_column-inner\"><div class=\"vc_empty_space\"   style=\"height: 32px\"><span class=\"vc_empty_space_inner\"><\/span><\/div><\/div><\/div><\/div>\n<\/div>","protected":false},"excerpt":{"rendered":"TERMS OF CUSTOMIZING & SHOPPING COPYRIGHT &amp; TRADEMARK NOTICE Unless otherwise specified, all materials appearing on this site, including the text, site design, logos, graphics, icons, and images, as well as the selection, assembly and arrangement thereof, are the sole property of Shapes Enterprises. You may use the content of this site only for the [...]","protected":false},"author":2,"featured_media":0,"parent":0,"menu_order":0,"comment_status":"closed","ping_status":"closed","template":"","meta":{"footnotes":""},"class_list":["post-47607","page","type-page","status-publish","hentry"],"_links":{"self":[{"href":"https:\/\/shapesfightwear.com\/es\/wp-json\/wp\/v2\/pages\/47607","targetHints":{"allow":["GET"]}}],"collection":[{"href":"https:\/\/shapesfightwear.com\/es\/wp-json\/wp\/v2\/pages"}],"about":[{"href":"https:\/\/shapesfightwear.com\/es\/wp-json\/wp\/v2\/types\/page"}],"author":[{"embeddable":true,"href":"https:\/\/shapesfightwear.com\/es\/wp-json\/wp\/v2\/users\/2"}],"replies":[{"embeddable":true,"href":"https:\/\/shapesfightwear.com\/es\/wp-json\/wp\/v2\/comments?post=47607"}],"version-history":[{"count":7,"href":"https:\/\/shapesfightwear.com\/es\/wp-json\/wp\/v2\/pages\/47607\/revisions"}],"predecessor-version":[{"id":50421,"href":"https:\/\/shapesfightwear.com\/es\/wp-json\/wp\/v2\/pages\/47607\/revisions\/50421"}],"wp:attachment":[{"href":"https:\/\/shapesfightwear.com\/es\/wp-json\/wp\/v2\/media?parent=47607"}],"curies":[{"name":"wp","href":"https:\/\/api.w.org\/{rel}","templated":true}]}}