{"id":48935,"date":"2025-10-04T15:42:13","date_gmt":"2025-10-04T15:42:13","guid":{"rendered":"https:\/\/shapesfightwear.com\/?page_id=48935"},"modified":"2026-03-24T18:53:37","modified_gmt":"2026-03-24T18:53:37","slug":"preguntas-frecuentes","status":"publish","type":"page","link":"https:\/\/shapesfightwear.com\/es\/preguntas-frecuentes\/","title":{"rendered":"Preguntas frecuentes"},"content":{"rendered":"<div class=\"wpb-content-wrapper\"><div class=\"vc_row wpb_row top-row vc_custom_1663595301163 porto-inner-container wpb_custom_034b39d9bc6c6b310d69e39f0ccf274f\"><div class=\"porto-wrap-container container\"><div class=\"row\"><div class=\"vc_column_container col-md-12\"><div class=\"wpb_wrapper vc_column-inner\"><h2 style=\"font-size: 30px;color: #000000;text-align: center;font-family:Lato;font-weight:900;font-style:normal\" class=\"vc_custom_heading vc_do_custom_heading vc_custom_1774378376351 wpb_custom_aa365bd5046e8294520b4e73732b9d15\" >Preguntas frecuentes \u2013 Shapes Fightwear<\/h2><\/div><\/div><\/div><\/div><\/div><div class=\"vc_row wpb_row top-row vc_custom_1663595301163 porto-inner-container wpb_custom_034b39d9bc6c6b310d69e39f0ccf274f\"><div class=\"porto-wrap-container container\"><div class=\"row\"><div class=\"vc_column_container col-md-12\"><div class=\"wpb_wrapper vc_column-inner\"><div class=\"porto-separator\"><hr class=\"separator-line  wpb_content_element align_center\" style=\"background-image: -webkit-linear-gradient(left, transparent, var(--porto-primary-color), transparent); background-image: linear-gradient(to right, transparent, var(--porto-primary-color), transparent);width:90%;\"><\/div><\/div><\/div><\/div><\/div><\/div><div class=\"vc_row wpb_row top-row vc_custom_1663595301163 porto-inner-container wpb_custom_034b39d9bc6c6b310d69e39f0ccf274f\"><div class=\"porto-wrap-container container\"><div class=\"row\"><div class=\"vc_column_container col-md-12\"><div class=\"wpb_wrapper vc_column-inner\"><div class=\"vc_empty_space\"   style=\"height: 20px\"><span class=\"vc_empty_space_inner\"><\/span><\/div>\r\n\t<div class=\"wpb_text_column wpb_content_element wpb_custom_7c91d232724f73626cc933bd95b25ff0\" >\r\n\t\t<div class=\"wpb_wrapper\">\r\n\t\t\t<h2 style=\"text-align: center;\"><span style=\"font-size: 20px; color: #003300;\">Bienvenido al centro de preguntas frecuentes de Shapes Fightwear<\/span><\/h2>\n<p style=\"text-align: center;\"><span style=\"font-size: 14px;\">Aqu\u00ed encontrar\u00e1s respuestas a las preguntas m\u00e1s frecuentes sobre nuestros kimonos de BJJ personalizados, camisetas de compresi\u00f3n, parches, pantalones cortos, env\u00edos, pagos y pedidos al por mayor.<br \/>\nElige una categor\u00eda a continuaci\u00f3n para obtener m\u00e1s informaci\u00f3n o <a href=\"https:\/\/shapesfightwear.com\/contact-us\/\">Contacta con nosotras<\/a> Si necesita m\u00e1s ayuda.<\/span><\/p>\n\r\n\t\t<\/div>\r\n\t<\/div>\r\n<\/div><\/div><\/div><\/div><\/div><div class=\"vc_row wpb_row top-row vc_custom_1664530065165 porto-inner-container wpb_custom_034b39d9bc6c6b310d69e39f0ccf274f\"><div class=\"porto-wrap-container container\"><div class=\"row\"><div class=\"vc_column_container col-md-12\"><div class=\"wpb_wrapper vc_column-inner\">\r\n\t<div class=\"wpb_text_column wpb_content_element wpb_custom_7c91d232724f73626cc933bd95b25ff0\" >\r\n\t\t<div class=\"wpb_wrapper\">\r\n\t\t\t<h3><span style=\"font-size: 14px; color: #808080;\"><strong><em>Inf\u00f3rmese sobre nuestras opciones de kimonos personalizados, el gramaje de la tela, las opciones de bordado y las gu\u00edas de tallas.<br \/>\n<\/em><\/strong><\/span>\ud83d\udd17<a href=\"https:\/\/shapesfightwear.com\/faq\/custom-gi-faq\"> Ver preguntas frecuentes sobre kimonos de BJJ personalizados \u2192<\/a><\/h3>\n<ul>\n<li data-start=\"1098\" data-end=\"1147\">\u00bfQu\u00e9 gramaje de tejido utilizas para tus kimonos personalizados?<\/li>\n<li data-start=\"1098\" data-end=\"1147\">\u00bfPuedo agregar el logo de mi academia en el Gi?<\/li>\n<li data-start=\"1098\" data-end=\"1147\">\u00bfCu\u00e1nto tiempo se tarda en fabricar un Gi a medida?<\/li>\n<\/ul>\n<h4 style=\"text-align: left;\"><\/h4>\n\r\n\t\t<\/div>\r\n\t<\/div>\r\n\r\n\t<div class=\"wpb_text_column wpb_content_element wpb_custom_7c91d232724f73626cc933bd95b25ff0\" >\r\n\t\t<div class=\"wpb_wrapper\">\r\n\t\t\t<h3 style=\"text-align: left;\"><span style=\"font-size: 14px; color: #808080;\"><strong><em>Todo lo que necesitas saber sobre ajustes de talla, maquetas y opciones de bordado para pantalones de BJJ personalizados.<br \/>\n<\/em><\/strong><\/span>\ud83d\udd17 <a href=\"https:\/\/shapesfightwear.com\/faq\/custom-bjj-pants-faqs\/\"><strong data-start=\"1698\" data-end=\"1724\">Ver preguntas frecuentes sobre pantalones de BJJ personalizados \u2192<\/strong><\/a><\/h3>\n<ul>\n<li data-start=\"1798\" data-end=\"1830\">\u00bfLa longitud de los pantalones BJJ personalizados es adjustable?<\/li>\n<li data-start=\"1798\" data-end=\"1830\">\u00bfLos pu\u00f1os de los pantalones BJJ personalizados son ajustables?<\/li>\n<li data-start=\"1798\" data-end=\"1830\">\u00bfCu\u00e1nto tiempo se tarda en recibir una maqueta?<\/li>\n<\/ul>\n\r\n\t\t<\/div>\r\n\t<\/div>\r\n\r\n\t<div class=\"wpb_text_column wpb_content_element wpb_custom_7c91d232724f73626cc933bd95b25ff0\" >\r\n\t\t<div class=\"wpb_wrapper\">\r\n\t\t\t<h3 style=\"text-align: left;\"><span style=\"font-size: 14px; color: #808080;\"><strong><em>Inf\u00f3rmese sobre las telas, colores, anchos y opciones de bordado de los cinturones de BJJ.<br \/>\n<\/em><\/strong><\/span>\ud83d\udd17 <a class=\"decorated-link cursor-pointer\" href=\"https:\/\/shapesfightwear.com\/faq\/custom-bjj-belts-faqs\/\" target=\"_new\" rel=\"noopener\" data-start=\"1697\" data-end=\"1774\"><strong data-start=\"1698\" data-end=\"1724\">Ver preguntas frecuentes sobre cinturones de BJJ personalizados \u2192<\/strong><\/a><\/h3>\n<ul>\n<li data-start=\"1798\" data-end=\"1830\">\u00bfPuedo personalizar el material y el ancho del cintur\u00f3n?<\/li>\n<li data-start=\"1798\" data-end=\"1830\">\u00bfQu\u00e9 colores y tama\u00f1os est\u00e1n disponibles?<\/li>\n<li data-start=\"1798\" data-end=\"1830\">\u00bfPuedo a\u00f1adir bordados a mi cintur\u00f3n?<\/li>\n<\/ul>\n\r\n\t\t<\/div>\r\n\t<\/div>\r\n\r\n\t<div class=\"wpb_text_column wpb_content_element wpb_custom_7c91d232724f73626cc933bd95b25ff0\" >\r\n\t\t<div class=\"wpb_wrapper\">\r\n\t\t\t<h3 style=\"text-align: left;\"><span style=\"font-size: 14px; color: #808080;\"><strong><em>Inf\u00f3rmate sobre los tejidos, los estilos de mangas y las opciones de impresi\u00f3n de las camisetas de protecci\u00f3n contra erupciones cut\u00e1neas.<br \/>\n<\/em><\/strong><\/span>\ud83d\udd17 <a class=\"decorated-link cursor-pointer\" href=\"https:\/\/shapesfightwear.com\/faq\/custom-rashguards-faqs\/\" target=\"_new\" rel=\"noopener\" data-start=\"1697\" data-end=\"1774\"><strong data-start=\"1698\" data-end=\"1724\">Ver preguntas frecuentes sobre camisetas de protecci\u00f3n personalizadas \u2192<\/strong><\/a><\/h3>\n<ul>\n<li data-start=\"1798\" data-end=\"1830\">\u00bfPuedo crear mi propio dise\u00f1o de rashguard?<\/li>\n<li data-start=\"1798\" data-end=\"1830\">\u00bfC\u00f3mo puedo subir mi dise\u00f1o o im\u00e1genes para personalizarlo?<\/li>\n<li data-start=\"1798\" data-end=\"1830\">\u00bfQu\u00e9 tejido utilizas para las rashguards?<\/li>\n<\/ul>\n\r\n\t\t<\/div>\r\n\t<\/div>\r\n\r\n\t<div class=\"wpb_text_column wpb_content_element wpb_custom_7c91d232724f73626cc933bd95b25ff0\" >\r\n\t\t<div class=\"wpb_wrapper\">\r\n\t\t\t<h3 style=\"text-align: left;\"><span style=\"font-size: 14px; color: #808080;\"><strong><em>Inf\u00f3rmese sobre los tipos de parches, bordes, soportes y opciones de formas.<br \/>\n<\/em><\/strong><\/span>\ud83d\udd17 <a href=\"https:\/\/shapesfightwear.com\/faq\/custom-patches-faqs\/\"><strong data-start=\"1698\" data-end=\"1724\">Ver preguntas frecuentes sobre parches personalizados \u2192<\/strong><\/a><\/h3>\n<ul>\n<li data-start=\"1798\" data-end=\"1830\">\u00bfQu\u00e9 opciones de borde est\u00e1n disponibles para los parches?<\/li>\n<li data-start=\"1798\" data-end=\"1830\">\u00bfPuedes producir parches con formas personalizadas?<\/li>\n<li data-start=\"1798\" data-end=\"1830\">\u00bfCu\u00e1nto tiempo tarda la producci\u00f3n de pedidos de parches al poPodemos?<\/li>\n<\/ul>\n\r\n\t\t<\/div>\r\n\t<\/div>\r\n\r\n\t<div class=\"wpb_text_column wpb_content_element wpb_custom_7c91d232724f73626cc933bd95b25ff0\" >\r\n\t\t<div class=\"wpb_wrapper\">\r\n\t\t\t<h3 style=\"text-align: left;\"><span style=\"font-size: 14px; color: #808080;\"><strong><em>Inf\u00f3rmese sobre los plazos de env\u00edo internacionales, los socios de entrega y el seguimiento de pedidos.<br \/>\n<\/em><\/strong><\/span>\ud83d\udd17 <a class=\"decorated-link cursor-pointer\" href=\"https:\/\/shapesfightwear.com\/faq\/shipping-delivery\/\" target=\"_new\" rel=\"noopener\" data-start=\"1697\" data-end=\"1774\"><strong data-start=\"1698\" data-end=\"1724\">Ver preguntas frecuentes sobre env\u00edos y entregas \u2192<\/strong><\/a><\/h3>\n<ul>\n<li data-start=\"1798\" data-end=\"1830\">\u00bfRealizan env\u00edos a todo el mundo?<\/li>\n<li data-start=\"1798\" data-end=\"1830\">\u00bfCu\u00e1nto tarda la entrega?<\/li>\n<li data-start=\"1798\" data-end=\"1830\">\u00bfPuedo rastrear mi pedido despu\u00e9s del envoi?<\/li>\n<\/ul>\n<h4 style=\"text-align: left;\"><\/h4>\n\r\n\t\t<\/div>\r\n\t<\/div>\r\n\r\n\t<div class=\"wpb_text_column wpb_content_element wpb_custom_7c91d232724f73626cc933bd95b25ff0\" >\r\n\t\t<div class=\"wpb_wrapper\">\r\n\t\t\t<h3 style=\"text-align: left;\"><span style=\"font-size: 14px; color: #808080;\"><strong><em>Inf\u00f3rmese sobre los m\u00e9todos de pago, la modalidad y las opciones de pago al por mayor.<br \/>\n<\/em><\/strong><\/span>\ud83d\udd17 <a class=\"decorated-link cursor-pointer\" href=\"https:\/\/shapesfightwear.com\/faq\/payment-orders-faqs\/\" target=\"_new\" rel=\"noopener\" data-start=\"1697\" data-end=\"1774\"><strong data-start=\"1698\" data-end=\"1724\">Ver preguntas frecuentes sobre pagos y pedidos \u2192<\/strong><\/a><\/h3>\n<ul>\n<li>\u00bfQu\u00e9 m\u00e9todos de pago aceptan?<\/li>\n<li>\u00bfC\u00f3mo pago un pedido al por mayor?<\/li>\n<li>\u00bfOfrecen reembolsos por productos personalizados?<\/li>\n<\/ul>\n\r\n\t\t<\/div>\r\n\t<\/div>\r\n<\/div><\/div><\/div><\/div><\/div><div class=\"vc_row wpb_row top-row vc_custom_1663595301163 porto-inner-container wpb_custom_034b39d9bc6c6b310d69e39f0ccf274f\"><div class=\"porto-wrap-container container\"><div class=\"row\"><div class=\"vc_column_container col-md-12\"><div class=\"wpb_wrapper vc_column-inner\"><div class=\"vc_empty_space\"   style=\"height: 32px\"><span class=\"vc_empty_space_inner\"><\/span><\/div><div class=\"porto-separator\"><hr class=\"separator-line  wpb_content_element align_center\" style=\"background-image: -webkit-linear-gradient(left, transparent, grey, transparent); background-image: linear-gradient(to right, transparent, grey, transparent);width:80%;\"><\/div>\r\n\t<div class=\"wpb_text_column wpb_content_element vc_custom_1773597221845 wpb_custom_7c91d232724f73626cc933bd95b25ff0\" >\r\n\t\t<div class=\"wpb_wrapper\">\r\n\t\t\t<h2 style=\"text-align: center;\"><span style=\"font-size: 30px; color: #003300;\">Contacta con nosotras<\/span><\/h2>\n<p style=\"text-align: center;\"><span style=\"font-size: 20px;\">\u00bfNo encontraste lo que buscabas?<\/span><\/p>\n\r\n\t\t<\/div>\r\n\t<\/div>\r\n<div class=\"porto-btn-ctn-center\"><a class=\"porto-btn porto-adjust-bottom-margin porto-btn-normal porto-btn-fade-bg   wpb_custom_fa51088c2567b780100c1edcf8821d3b  porto-btn-center\" title='Contacta con nosotras' rel='' href = \"https:\/\/shapesfightwear.com\/contact-us\/\"  data-hover=\"#000000\" data-border-color=\"\" data-bg=\"#f4f4f4\" data-hover-bg=\"#adadad\" data-border-hover=\"#000000\" data-shadow-click=\"none\" data-shadow=\"\" style=\"border-width:1px;border-style:solid;background: #f4f4f4;color: #000000;\"><span class=\"porto-btn-hover\" style=\"background-color:#adadad\"><\/span><span class=\"porto-btn-data porto-btn-text\" >Env\u00edanos un mensaje<\/span><\/a><\/div><div class=\"vc_empty_space\"   style=\"height: 28px\"><span class=\"vc_empty_space_inner\"><\/span><\/div><\/div><\/div><\/div><\/div><\/div><div class=\"vc_column_container col-md-12\"><div class=\"wpb_wrapper vc_column-inner\"><\/div><\/div><div class=\"vc_column_container col-md-12\"><div class=\"wpb_wrapper vc_column-inner\"><\/div><\/div>\n<\/div>","protected":false},"excerpt":{"rendered":"Frequently Asked Questions \u2013 Shapes Fightwear Welcome to the Shapes Fightwear FAQ hub Here, you\u2019ll find answers to the most common questions about our custom BJJ Gis, rashguards, patches, shorts, shipping, payments, and bulk orders. Choose a category below to learn more or contact us if you need further assistance. Learn about our custom Gi [...]","protected":false},"author":2,"featured_media":0,"parent":0,"menu_order":0,"comment_status":"closed","ping_status":"closed","template":"","meta":{"footnotes":""},"class_list":["post-48935","page","type-page","status-publish","hentry"],"_links":{"self":[{"href":"https:\/\/shapesfightwear.com\/es\/wp-json\/wp\/v2\/pages\/48935","targetHints":{"allow":["GET"]}}],"collection":[{"href":"https:\/\/shapesfightwear.com\/es\/wp-json\/wp\/v2\/pages"}],"about":[{"href":"https:\/\/shapesfightwear.com\/es\/wp-json\/wp\/v2\/types\/page"}],"author":[{"embeddable":true,"href":"https:\/\/shapesfightwear.com\/es\/wp-json\/wp\/v2\/users\/2"}],"replies":[{"embeddable":true,"href":"https:\/\/shapesfightwear.com\/es\/wp-json\/wp\/v2\/comments?post=48935"}],"version-history":[{"count":34,"href":"https:\/\/shapesfightwear.com\/es\/wp-json\/wp\/v2\/pages\/48935\/revisions"}],"predecessor-version":[{"id":50426,"href":"https:\/\/shapesfightwear.com\/es\/wp-json\/wp\/v2\/pages\/48935\/revisions\/50426"}],"wp:attachment":[{"href":"https:\/\/shapesfightwear.com\/es\/wp-json\/wp\/v2\/media?parent=48935"}],"curies":[{"name":"wp","href":"https:\/\/api.w.org\/{rel}","templated":true}]}}