{"id":49578,"date":"2026-01-05T18:22:03","date_gmt":"2026-01-05T18:22:03","guid":{"rendered":"https:\/\/shapesfightwear.com\/?page_id=49578"},"modified":"2026-03-24T17:15:17","modified_gmt":"2026-03-24T17:15:17","slug":"equipo-personalizado-de-bjj","status":"publish","type":"page","link":"https:\/\/shapesfightwear.com\/es\/custom-gear\/equipo-personalizado-de-bjj\/","title":{"rendered":"Custom BJJ Gear"},"content":{"rendered":"<div class=\"wpb-content-wrapper\"><div data-vc-full-width=\"true\" data-vc-full-width-temp=\"true\" data-vc-full-width-init=\"false\" data-vc-stretch-content=\"true\" class=\"vc_row wpb_row row top-row vc_custom_1767540469917 vc_row-has-fill vc_row-o-full-height vc_row-o-columns-middle vc_row-flex wpb_custom_034b39d9bc6c6b310d69e39f0ccf274f\"><div class=\"vc_column_container col-md-5\"><div class=\"wpb_wrapper vc_column-inner\">\r\n\t<div class=\"wpb_text_column wpb_content_element vc_custom_1774372509181 wpb_custom_a60cd55d1ee0c808891d4c2e8a0fdc0f\" >\r\n\t\t<div class=\"wpb_wrapper\">\r\n\t\t\t<h2 class=\"section-title\" style=\"text-align: right;\">Custom BJJ Gear<\/h2>\n\r\n\t\t<\/div>\r\n\t<\/div>\r\n<\/div><\/div><div class=\"vc_column_container col-md-3\"><div class=\"wpb_wrapper vc_column-inner\"><\/div><\/div><div class=\"vc_column_container col-md-4\"><div class=\"wpb_wrapper vc_column-inner\"><\/div><\/div><\/div><div class=\"vc_row-full-width vc_clearfix\"><\/div><div class=\"vc_row wpb_row row top-row vc_custom_1765976195502 vc_row-o-content-top vc_row-flex wpb_custom_034b39d9bc6c6b310d69e39f0ccf274f\"><div class=\"vc_column_container col-md-12\"><div class=\"wpb_wrapper vc_column-inner\">\r\n\t<div class=\"wpb_single_image wpb_content_element vc_align_left wpb_content_element  wpb_custom_81a4f7ef9830bf958462581aa01150fb\"><div class=\"wpb_wrapper\">\r\n\t\t\t\r\n\t\t\t<div class=\"vc_single_image-wrapper   vc_box_border_grey\"><img decoding=\"async\" class=\"vc_single_image-img\" src=\"https:\/\/shapesfightwear.com\/wp-content\/uploads\/2025\/08\/shapes-01-80x80.png\" width=\"80\" height=\"80\" alt=\"shapes-01\" title=\"shapes-01\" loading=\"lazy\" \/><\/div>\r\n\t\t<\/div>\r\n\t<\/div>\r\n<\/div><\/div><\/div><div class=\"vc_row wpb_row row top-row wpb_custom_034b39d9bc6c6b310d69e39f0ccf274f\"><div class=\"vc_column_container col-md-6 vc_custom_1765974488842\"><div class=\"wpb_wrapper vc_column-inner\"><h2 style=\"font-size: 20px;color: var(--porto-quaternary-color);font-family:Carter One;font-weight:400;font-style:normal\" class=\"vc_custom_heading vc_do_custom_heading vc_custom_1767636888595 wpb_custom_aa365bd5046e8294520b4e73732b9d15 align-left\" >Custom BJJ Gear for Gyms, Academies, and Teams<\/h2>\r\n\t<div class=\"wpb_text_column wpb_content_element wpb_custom_2a02b2ec3691b2fa41a3c71ca8660fcd\" >\r\n\t\t<div class=\"wpb_wrapper\">\r\n\t\t\t<p>From BJJ training essentials to high-performance competition gear, <strong>Shapes FW<\/strong> delivers fully customized BJJ apparel designed to represent your gym or team\u2019s unique identity. Through premium full-dye sublimation, private labeling, high-quality screen printing, and other advanced customization techniques, <strong>Shapes FW<\/strong> Te ayuda a lograr un rendimiento excepcional a la vez que presentas una imagen de marca s\u00f3lida y profesional.<\/p>\n\r\n\t\t<\/div>\r\n\t<\/div>\r\n<\/div><\/div><div class=\"vc_column_container col-md-6 vc_custom_1765971619973\"><div class=\"wpb_wrapper vc_column-inner\"><h2 style=\"font-size: 20px;color: var(--porto-light-color);font-family:Carter One;font-weight:400;font-style:normal\" class=\"vc_custom_heading vc_do_custom_heading vc_custom_1766484229367 wpb_custom_aa365bd5046e8294520b4e73732b9d15 align-left\" >Crea tu equipo unificado<\/h2>\r\n\t<div class=\"wpb_text_column wpb_content_element wpb_custom_50aa502b5377a339d063777c6d3c0544\" >\r\n\t\t<div class=\"wpb_wrapper\">\r\n\t\t\t<p>As a BJJ academy owner, coach, trainer, and leader, <strong data-start=\"165\" data-end=\"178\">Shapes FW<\/strong> supports you in building a strong and consistent brand presence. Our custom BJJ gear helps showcase your unique team identity, strengthen unity across your athletes, and leave a lasting first impression. With Shapes FW, you benefit from low minimum order quantities, efficient production timelines, and dedicated support to guide you through every step of the process.<\/p>\n\r\n\t\t<\/div>\r\n\t<\/div>\r\n<\/div><\/div><\/div><div class=\"vc_row wpb_row row top-row vc_custom_1767199628784 wpb_custom_034b39d9bc6c6b310d69e39f0ccf274f\"><div class=\"vc_column_container col-md-12\"><div class=\"wpb_wrapper vc_column-inner\"><div class=\"vc_empty_space\"   style=\"height: 32px\"><span class=\"vc_empty_space_inner\"><\/span><\/div>\r\n\t<div class=\"wpb_single_image wpb_content_element vc_align_center wpb_content_element  wpb_custom_81a4f7ef9830bf958462581aa01150fb\"><div class=\"wpb_wrapper\">\r\n\t\t\t\r\n\t\t\t<div class=\"vc_single_image-wrapper   vc_box_border_grey\"><img decoding=\"async\" class=\"vc_single_image-img\" src=\"https:\/\/shapesfightwear.com\/wp-content\/uploads\/2025\/12\/Shapes-custom-martial-arts-banner.jpg\" width=\"1920\" height=\"256\" alt=\"Shapes-custom martial arts banner\" title=\"Shapes-custom martial arts banner\" loading=\"lazy\" \/><\/div>\r\n\t\t<\/div>\r\n\t<\/div>\r\n<\/div><\/div><\/div><div class=\"vc_row wpb_row row top-row wpb_custom_034b39d9bc6c6b310d69e39f0ccf274f\"><div class=\"vc_column_container col-md-4\"><div class=\"wpb_wrapper vc_column-inner\"><h3 style=\"font-size: 20px;color: var(--porto-quaternary-color);font-family:Carter One;font-weight:400;font-style:normal\" class=\"vc_custom_heading vc_do_custom_heading vc_custom_1766484730969 wpb_custom_aa365bd5046e8294520b4e73732b9d15 align-left\" >Calidad sin concesiones<\/h3>\r\n\t<div class=\"wpb_text_column wpb_content_element wpb_custom_2a02b2ec3691b2fa41a3c71ca8660fcd\" >\r\n\t\t<div class=\"wpb_wrapper\">\r\n\t\t\t<p>Nuestros materiales de primera calidad y nuestra meticulosa atenci\u00f3n al detalle garantizan que cada <strong data-start=\"141\" data-end=\"154\">Shapes FW<\/strong> custom BJJ products supports your team, students and athletes in achieving superior performance and long-term growth.<\/p>\n\r\n\t\t<\/div>\r\n\t<\/div>\r\n<\/div><\/div><div class=\"vc_column_container col-md-4\"><div class=\"wpb_wrapper vc_column-inner\"><h3 style=\"font-size: 20px;color: var(--porto-quaternary-color);font-family:Carter One;font-weight:400;font-style:normal\" class=\"vc_custom_heading vc_do_custom_heading vc_custom_1766484822794 wpb_custom_aa365bd5046e8294520b4e73732b9d15 align-left\" >Soporte personalizado<\/h3>\r\n\t<div class=\"wpb_text_column wpb_content_element wpb_custom_2a02b2ec3691b2fa41a3c71ca8660fcd\" >\r\n\t\t<div class=\"wpb_wrapper\">\r\n\t\t\t<p>Nuestro equipo de soporte dedicado en <strong data-start=\"119\" data-end=\"132\">Shapes FW<\/strong> provides personalized assistance, expert guidance, and tailored solutions to help your BJJ business, gym, or organization achieve lasting success.<\/p>\n\r\n\t\t<\/div>\r\n\t<\/div>\r\n<\/div><\/div><div class=\"vc_column_container col-md-4\"><div class=\"wpb_wrapper vc_column-inner\"><h3 style=\"font-size: 20px;color: var(--porto-quaternary-color);font-family:Carter One;font-weight:400;font-style:normal\" class=\"vc_custom_heading vc_do_custom_heading vc_custom_1766484962953 wpb_custom_aa365bd5046e8294520b4e73732b9d15 align-left\" >Pedidos m\u00ednimos bajos y entrega r\u00e1pida.<\/h3>\r\n\t<div class=\"wpb_text_column wpb_content_element wpb_custom_2a02b2ec3691b2fa41a3c71ca8660fcd\" >\r\n\t\t<div class=\"wpb_wrapper\">\r\n\t\t\t<p>Con cantidades m\u00ednimas de pedido bajas y plazos de entrega r\u00e1pidos, <strong data-start=\"137\" data-end=\"150\">Shapes FW<\/strong> makes it easy to create truly unique custom BJJ gear while supporting effective and timely brand promotion.<\/p>\n\r\n\t\t<\/div>\r\n\t<\/div>\r\n<\/div><\/div><\/div><div class=\"vc_row wpb_row row top-row wpb_custom_034b39d9bc6c6b310d69e39f0ccf274f\"><div class=\"vc_column_container col-md-12\"><div class=\"wpb_wrapper vc_column-inner\"><h3 style=\"font-size: 30px;color: var(--porto-quaternary-color);font-family:Carter One;font-weight:400;font-style:normal\" class=\"vc_custom_heading vc_do_custom_heading vc_custom_1768500376457 wpb_custom_aa365bd5046e8294520b4e73732b9d15 align-left\" >Custom BJJ Gear<\/h3>\r\n\t<div class=\"wpb_text_column wpb_content_element wpb_custom_2a02b2ec3691b2fa41a3c71ca8660fcd\" >\r\n\t\t<div class=\"wpb_wrapper\">\r\n\t\t\t<p><strong>Shapes FW<\/strong> Custom BJJ Gear helps elevate your students\u2019 performance while strengthening your brand. Select a product below and start your custom project today.<\/p>\n\r\n\t\t<\/div>\r\n\t<\/div>\r\n<\/div><\/div><\/div><div class=\"vc_row wpb_row row top-row vc_custom_1767199628784 wpb_custom_034b39d9bc6c6b310d69e39f0ccf274f\"><div class=\"vc_column_container col-md-3\"><div class=\"wpb_wrapper vc_column-inner\">\r\n\t<div class=\"wpb_single_image wpb_content_element vc_align_center wpb_content_element  wpb_custom_81a4f7ef9830bf958462581aa01150fb\"><div class=\"wpb_wrapper\">\r\n\t\t\t\r\n\t\t\t<div class=\"vc_single_image-wrapper   vc_box_border_grey\"><img decoding=\"async\" class=\"vc_single_image-img\" src=\"https:\/\/shapesfightwear.com\/wp-content\/uploads\/2026\/01\/Custom-Academy-BJJ-Gi-1-450x450.webp\" width=\"450\" height=\"450\" alt=\"custom academy bjj gis\" title=\"Custom Academy BJJ Gi\" loading=\"lazy\" \/><\/div>\r\n\t\t<\/div>\r\n\t<\/div>\r\n<h3 style=\"font-size: 20px;color: var(--porto-quaternary-color);text-align: center;font-family:Alegreya Sans SC;font-weight:700;font-style:normal\" class=\"vc_custom_heading vc_do_custom_heading custom-heading-hover vc_custom_1773345691736 wpb_custom_aa365bd5046e8294520b4e73732b9d15\" ><a href=\"https:\/\/shapesfightwear.com\/custom-gear\/custom-bjj-gear\/custom-bjj-gis\/\">Gis de BJJ personalizados<\/a><\/h3><\/div><\/div><div class=\"vc_column_container col-md-3\"><div class=\"wpb_wrapper vc_column-inner\">\r\n\t<div class=\"wpb_single_image wpb_content_element vc_align_center wpb_content_element  wpb_custom_81a4f7ef9830bf958462581aa01150fb\"><div class=\"wpb_wrapper\">\r\n\t\t\t\r\n\t\t\t<div class=\"vc_single_image-wrapper   vc_box_border_grey\"><img decoding=\"async\" class=\"vc_single_image-img\" src=\"https:\/\/shapesfightwear.com\/wp-content\/uploads\/2026\/01\/Custom-Rashguards-450x450.webp\" width=\"450\" height=\"450\" alt=\"custom Rash guards\" title=\"Rashguards personalizados\" loading=\"lazy\" \/><\/div>\r\n\t\t<\/div>\r\n\t<\/div>\r\n<h3 style=\"font-size: 20px;color: var(--porto-quaternary-color);text-align: center;font-family:Alegreya Sans SC;font-weight:700;font-style:normal\" class=\"vc_custom_heading vc_do_custom_heading custom-heading-hover vc_custom_1773345711632 wpb_custom_aa365bd5046e8294520b4e73732b9d15\" ><a href=\"https:\/\/shapesfightwear.com\/custom-gear\/custom-bjj-gear\/custom-rash-guards\/\">Rash Guards personalizados<\/a><\/h3><\/div><\/div><div class=\"vc_column_container col-md-3\"><div class=\"wpb_wrapper vc_column-inner\">\r\n\t<div class=\"wpb_single_image wpb_content_element vc_align_center wpb_content_element  wpb_custom_81a4f7ef9830bf958462581aa01150fb\"><div class=\"wpb_wrapper\">\r\n\t\t\t\r\n\t\t\t<div class=\"vc_single_image-wrapper   vc_box_border_grey\"><img decoding=\"async\" class=\"vc_single_image-img\" src=\"https:\/\/shapesfightwear.com\/wp-content\/uploads\/2026\/01\/custom-bjj-belts-450x450.webp\" width=\"450\" height=\"450\" alt=\"custom bjj belts\" title=\"custom bjj belts\" loading=\"lazy\" \/><\/div>\r\n\t\t<\/div>\r\n\t<\/div>\r\n<h3 style=\"font-size: 20px;color: var(--porto-quaternary-color);text-align: center;font-family:Alegreya Sans SC;font-weight:700;font-style:normal\" class=\"vc_custom_heading vc_do_custom_heading custom-heading-hover vc_custom_1773345727272 wpb_custom_aa365bd5046e8294520b4e73732b9d15\" ><a href=\"https:\/\/shapesfightwear.com\/custom-gear\/custom-bjj-gear\/custom-bjj-belts\/\">Cinturones de BJJ personalizados<\/a><\/h3><\/div><\/div><div class=\"vc_column_container col-md-3\"><div class=\"wpb_wrapper vc_column-inner\">\r\n\t<div class=\"wpb_single_image wpb_content_element vc_align_center wpb_content_element  wpb_custom_81a4f7ef9830bf958462581aa01150fb\"><div class=\"wpb_wrapper\">\r\n\t\t\t\r\n\t\t\t<div class=\"vc_single_image-wrapper   vc_box_border_grey\"><img decoding=\"async\" class=\"vc_single_image-img\" src=\"https:\/\/shapesfightwear.com\/wp-content\/uploads\/2026\/01\/custom-patches-450x450.webp\" width=\"450\" height=\"450\" alt=\"custom patches\" title=\"custom patches\" loading=\"lazy\" \/><\/div>\r\n\t\t<\/div>\r\n\t<\/div>\r\n<h3 style=\"font-size: 20px;color: var(--porto-quaternary-color);text-align: center;font-family:Alegreya Sans SC;font-weight:700;font-style:normal\" class=\"vc_custom_heading vc_do_custom_heading custom-heading-hover vc_custom_1773345748577 wpb_custom_aa365bd5046e8294520b4e73732b9d15\" ><a href=\"https:\/\/shapesfightwear.com\/custom-gear\/custom-bjj-gear\/custom-gi-patches\/\">Parches de Gi personalizados<\/a><\/h3><\/div><\/div><\/div><div class=\"vc_row wpb_row row top-row vc_custom_1767199628784 wpb_custom_034b39d9bc6c6b310d69e39f0ccf274f\"><div class=\"vc_column_container col-md-3\"><div class=\"wpb_wrapper vc_column-inner\">\r\n\t<div class=\"wpb_single_image wpb_content_element vc_align_center wpb_content_element  wpb_custom_81a4f7ef9830bf958462581aa01150fb\"><div class=\"wpb_wrapper\">\r\n\t\t\t\r\n\t\t\t<div class=\"vc_single_image-wrapper   vc_box_border_grey\"><img decoding=\"async\" class=\"vc_single_image-img\" src=\"https:\/\/shapesfightwear.com\/wp-content\/uploads\/2026\/01\/Custom-Grappling-Shorts-450x450.webp\" width=\"450\" height=\"450\" alt=\"custom grappling shorts\" title=\"Pantalones cortos de lucha personalizados\" loading=\"lazy\" \/><\/div>\r\n\t\t<\/div>\r\n\t<\/div>\r\n<h3 style=\"font-size: 20px;color: var(--porto-quaternary-color);text-align: center;font-family:Alegreya Sans SC;font-weight:700;font-style:normal\" class=\"vc_custom_heading vc_do_custom_heading custom-heading-hover vc_custom_1773345778896 wpb_custom_aa365bd5046e8294520b4e73732b9d15\" ><a href=\"https:\/\/shapesfightwear.com\/custom-gear\/custom-bjj-gear\/custom-grappling-shorts\/\">Pantalones cortos de lucha personalizados<\/a><\/h3><\/div><\/div><div class=\"vc_column_container col-md-3\"><div class=\"wpb_wrapper vc_column-inner\">\r\n\t<div class=\"wpb_single_image wpb_content_element vc_align_center wpb_content_element  wpb_custom_81a4f7ef9830bf958462581aa01150fb\"><div class=\"wpb_wrapper\">\r\n\t\t\t\r\n\t\t\t<div class=\"vc_single_image-wrapper   vc_box_border_grey\"><img decoding=\"async\" class=\"vc_single_image-img\" src=\"https:\/\/shapesfightwear.com\/wp-content\/uploads\/2026\/01\/Custom-Grappling-Spats-450x450.webp\" width=\"450\" height=\"450\" alt=\"custom grappling shorts\" title=\"Custom Grappling Spats\" loading=\"lazy\" \/><\/div>\r\n\t\t<\/div>\r\n\t<\/div>\r\n<h3 style=\"font-size: 20px;color: var(--porto-quaternary-color);text-align: center;font-family:Alegreya Sans SC;font-weight:700;font-style:normal\" class=\"vc_custom_heading vc_do_custom_heading custom-heading-hover vc_custom_1773576268193 wpb_custom_aa365bd5046e8294520b4e73732b9d15\" ><a href=\"https:\/\/shapesfightwear.com\/custom-gear\/custom-bjj-gear\/custom-bjj-spats\/\">Custom Grappling Spats<\/a><\/h3><\/div><\/div><div class=\"vc_column_container col-md-3\"><div class=\"wpb_wrapper vc_column-inner\"><\/div><\/div><div class=\"vc_column_container col-md-3\"><div class=\"wpb_wrapper vc_column-inner\"><\/div><\/div><\/div><div class=\"vc_row wpb_row row top-row wpb_custom_034b39d9bc6c6b310d69e39f0ccf274f\"><div class=\"vc_column_container col-md-12\"><div class=\"wpb_wrapper vc_column-inner\"><div class=\"vc_empty_space\"   style=\"height: 32px\"><span class=\"vc_empty_space_inner\"><\/span><\/div>\r\n\t<div class=\"wpb_single_image wpb_content_element vc_align_center wpb_content_element  wpb_custom_81a4f7ef9830bf958462581aa01150fb\"><div class=\"wpb_wrapper\">\r\n\t\t\t\r\n\t\t\t<div class=\"vc_single_image-wrapper   vc_box_border_grey\"><img decoding=\"async\" class=\"vc_single_image-img\" src=\"https:\/\/shapesfightwear.com\/wp-content\/uploads\/2025\/12\/info-Banner-1-1160x214.png\" width=\"1160\" height=\"214\" alt=\"info Banner\" title=\"info Banner\" loading=\"lazy\" \/><\/div>\r\n\t\t<\/div>\r\n\t<\/div>\r\n<div class=\"vc_empty_space\"   style=\"height: 32px\"><span class=\"vc_empty_space_inner\"><\/span><\/div><\/div><\/div><\/div><div class=\"vc_row wpb_row row top-row wpb_custom_034b39d9bc6c6b310d69e39f0ccf274f\"><div class=\"vc_column_container col-md-6\"><div class=\"wpb_wrapper vc_column-inner\"><h3 style=\"font-size: 30px;color: var(--porto-quaternary-color);font-family:Carter One;font-weight:400;font-style:normal\" class=\"vc_custom_heading vc_do_custom_heading wpb_custom_aa365bd5046e8294520b4e73732b9d15 align-left\" >Build Your Champions with Custom BJJ Gear<\/h3>\r\n\t<div class=\"wpb_text_column wpb_content_element wpb_custom_7c91d232724f73626cc933bd95b25ff0\" >\r\n\t\t<div class=\"wpb_wrapper\">\r\n\t\t\t<p data-start=\"170\" data-end=\"578\">As a BJJ professor, trainer, gym owner, or team leader, you understand exactly what your students need to succeed. You also recognize the importance of maintaining a professional, high-quality BJJ training environment that supports both growth and performance. <strong data-start=\"393\" data-end=\"422\">Shapes FW Custom BJJ Gear<\/strong> helps elevate your academy with a complete range of fully customized BJJ gear, designed to meet the unique requirements of your students and teams.<\/p>\n<hr data-start=\"580\" data-end=\"583\" \/>\n<h3 data-start=\"585\" data-end=\"630\"><strong data-start=\"589\" data-end=\"630\">Consulta y descubrimiento personalizados<\/strong><\/h3>\n<p data-start=\"632\" data-end=\"1050\">At Shapes FW, we understand that every team is unique. That\u2019s why each custom BJJ project begins with a personalized consultation, allowing us to fully understand your goals, preferences, and performance needs. Whether you\u2019re leading a youth BJJ academy or managing a professional competition team, we work closely with you to identify your exact requirements and deliver solutions that support superior performance.<\/p>\n<hr data-start=\"1052\" data-end=\"1055\" \/>\n<h3 data-start=\"1057\" data-end=\"1099\"><strong data-start=\"1061\" data-end=\"1099\">Dise\u00f1o colaborativo para su equipo<\/strong><\/h3>\n<p data-start=\"1101\" data-end=\"1441\">A lo largo del proceso de consulta, nuestro experimentado equipo de dise\u00f1o colabora con usted para crear <strong data-start=\"1198\" data-end=\"1217\">custom BJJ gear<\/strong> que refleje a la perfecci\u00f3n la identidad de su marca y su filosof\u00eda de entrenamiento. Con un fuerte enfoque en la calidad y el detalle, garantizamos que cada elemento de su equipamiento est\u00e9 cuidadosamente dise\u00f1ado para cumplir con sus especificaciones y superar sus expectativas.<\/p>\n\r\n\t\t<\/div>\r\n\t<\/div>\r\n<\/div><\/div><div class=\"vc_column_container col-md-6\"><div class=\"wpb_wrapper vc_column-inner\">\r\n\t<div class=\"wpb_text_column wpb_content_element wpb_custom_7c91d232724f73626cc933bd95b25ff0\" >\r\n\t\t<div class=\"wpb_wrapper\">\r\n\t\t\t<h3 data-start=\"104\" data-end=\"143\"><strong data-start=\"108\" data-end=\"143\">Proceso de aprobaci\u00f3n y producci\u00f3n<\/strong><\/h3>\n<p data-start=\"145\" data-end=\"491\">After the design phase is complete, we present you with a detailed proposal outlining all aspects of your custom BJJ products. Once you provide final approval, our skilled craftsmen and advanced production facilities bring your vision to life. Every BJJ product is manufactured with precision, care, and attention to detail to ensure exceptional results.<\/p>\n<hr data-start=\"493\" data-end=\"496\" \/>\n<h3 data-start=\"498\" data-end=\"528\"><strong data-start=\"502\" data-end=\"528\">Control de calidad robusto<\/strong><\/h3>\n<p data-start=\"530\" data-end=\"860\">Before shipment, your custom BJJ products undergo a <strong data-start=\"578\" data-end=\"633\">Inspecci\u00f3n de control de calidad integral en tres etapas<\/strong>Nuestro equipo examina minuciosamente cada detalle para garantizar que cada art\u00edculo cumpla con nuestros estrictos est\u00e1ndares de calidad. Desde la durabilidad y el rendimiento hasta la seguridad y el acabado, no se pasa por alto ning\u00fan detalle, lo que garantiza una total confianza en el producto final.<\/p>\n<hr data-start=\"862\" data-end=\"865\" \/>\n<h3 data-start=\"867\" data-end=\"911\"><strong data-start=\"871\" data-end=\"911\">Embalaje seguro y env\u00edo puntual<\/strong><\/h3>\n<p data-start=\"913\" data-end=\"1188\">Once your order passes our elite quality checks, we carefully package each item to ensure maximum protection during transit. Our secure packaging safeguards your custom BJJ gear from damage, ensuring it arrives in excellent condition and is ready for immediate use upon delivery.<\/p>\n\r\n\t\t<\/div>\r\n\t<\/div>\r\n<\/div><\/div><\/div><div class=\"vc_row wpb_row row top-row wpb_custom_034b39d9bc6c6b310d69e39f0ccf274f\"><div class=\"vc_column_container col-md-12\"><div class=\"wpb_wrapper vc_column-inner\"><div class=\"porto-separator\"><hr class=\"separator-line  wpb_content_element align_center\" style=\"background-image: -webkit-linear-gradient(left, transparent, grey, transparent); background-image: linear-gradient(to right, transparent, grey, transparent);\"><\/div><h3 style=\"font-size: 30px;color: var(--porto-quaternary-color);font-family:Carter One;font-weight:400;font-style:normal\" class=\"vc_custom_heading vc_do_custom_heading wpb_custom_aa365bd5046e8294520b4e73732b9d15 align-left\" >Formas FW: Dise\u00f1adas para el viaje del campe\u00f3n<\/h3>\r\n\t<div class=\"wpb_text_column wpb_content_element wpb_custom_7c91d232724f73626cc933bd95b25ff0\" >\r\n\t\t<div class=\"wpb_wrapper\">\r\n\t\t\t<p><strong>SHAPES FW<\/strong> Es una marca emblem\u00e1tica dentro de la cultura de las artes marciales y los deportes de combate, que redefine constantemente el concepto de calidad de \u00e9lite en equipamiento para deportes de combate. Lo que realmente distingue a la marca es su profundo compromiso con el dise\u00f1o cl\u00e1sico: crea piezas atemporales que trascienden las tendencias pasajeras y est\u00e1n hechas para perdurar.<\/p>\n<p>Igualmente distintiva es la atenci\u00f3n al detalle de SHAPES FW. Elementos que a menudo se pasan por alto se perfeccionan meticulosamente, garantizando que cada producto refleje artesan\u00eda y funcionalidad. Desde las costuras precisas de nuestros gis y la durabilidad de nuestros guantes hasta la flexibilidad de nuestras camisetas de compresi\u00f3n y equipamiento de Muay Thai, SHAPES FW combina a la perfecci\u00f3n forma y funci\u00f3n. Elegir SHAPES FW significa m\u00e1s que adquirir equipamiento: significa formar parte de un legado que honra las tradiciones de las artes marciales y, al mismo tiempo, abraza el futuro con confianza.<\/p>\n\r\n\t\t<\/div>\r\n\t<\/div>\r\n<\/div><\/div><\/div><div class=\"vc_row wpb_row row top-row wpb_custom_034b39d9bc6c6b310d69e39f0ccf274f\"><div class=\"vc_column_container col-md-12\"><div class=\"wpb_wrapper vc_column-inner\"><div class=\"vc_empty_space\"   style=\"height: 40px\"><span class=\"vc_empty_space_inner\"><\/span><\/div><\/div><\/div><\/div>\n<\/div>","protected":false},"excerpt":{"rendered":"Custom BJJ Gear Custom BJJ Gear for Gyms, Academies, and Teams From BJJ training essentials to high-performance competition gear, Shapes FW delivers fully customized BJJ apparel designed to represent your gym or team\u2019s unique identity. Through premium full-dye sublimation, private labeling, high-quality screen printing, and other advanced customization techniques, Shapes FW helps you achieve outstanding [...]","protected":false},"author":2,"featured_media":0,"parent":49061,"menu_order":0,"comment_status":"closed","ping_status":"closed","template":"","meta":{"footnotes":""},"class_list":["post-49578","page","type-page","status-publish","hentry"],"_links":{"self":[{"href":"https:\/\/shapesfightwear.com\/es\/wp-json\/wp\/v2\/pages\/49578","targetHints":{"allow":["GET"]}}],"collection":[{"href":"https:\/\/shapesfightwear.com\/es\/wp-json\/wp\/v2\/pages"}],"about":[{"href":"https:\/\/shapesfightwear.com\/es\/wp-json\/wp\/v2\/types\/page"}],"author":[{"embeddable":true,"href":"https:\/\/shapesfightwear.com\/es\/wp-json\/wp\/v2\/users\/2"}],"replies":[{"embeddable":true,"href":"https:\/\/shapesfightwear.com\/es\/wp-json\/wp\/v2\/comments?post=49578"}],"version-history":[{"count":126,"href":"https:\/\/shapesfightwear.com\/es\/wp-json\/wp\/v2\/pages\/49578\/revisions"}],"predecessor-version":[{"id":50326,"href":"https:\/\/shapesfightwear.com\/es\/wp-json\/wp\/v2\/pages\/49578\/revisions\/50326"}],"up":[{"embeddable":true,"href":"https:\/\/shapesfightwear.com\/es\/wp-json\/wp\/v2\/pages\/49061"}],"wp:attachment":[{"href":"https:\/\/shapesfightwear.com\/es\/wp-json\/wp\/v2\/media?parent=49578"}],"curies":[{"name":"wp","href":"https:\/\/api.w.org\/{rel}","templated":true}]}}