{"id":49928,"date":"2026-03-11T19:35:54","date_gmt":"2026-03-11T19:35:54","guid":{"rendered":"https:\/\/shapesfightwear.com\/?page_id=49928"},"modified":"2026-03-24T18:23:51","modified_gmt":"2026-03-24T18:23:51","slug":"custom-teamwear","status":"publish","type":"page","link":"https:\/\/shapesfightwear.com\/es\/custom-sportswear\/custom-teamwear\/","title":{"rendered":"Custom Teamwear"},"content":{"rendered":"<div class=\"wpb-content-wrapper\"><div data-vc-full-width=\"true\" data-vc-full-width-temp=\"true\" data-vc-full-width-init=\"false\" data-vc-stretch-content=\"true\" class=\"vc_row wpb_row row top-row vc_custom_1773842669160 vc_row-has-fill vc_row-o-full-height vc_row-o-columns-middle vc_row-flex wpb_custom_034b39d9bc6c6b310d69e39f0ccf274f\"><div class=\"vc_column_container col-md-5\"><div class=\"wpb_wrapper vc_column-inner\">\r\n\t<div class=\"wpb_text_column wpb_content_element vc_custom_1774376623583 wpb_custom_a60cd55d1ee0c808891d4c2e8a0fdc0f\" >\r\n\t\t<div class=\"wpb_wrapper\">\r\n\t\t\t<h2 style=\"text-align: right;\">ROPA DE EQUIPO PERSONALIZADA<\/h2>\n\r\n\t\t<\/div>\r\n\t<\/div>\r\n<\/div><\/div><div class=\"vc_column_container col-md-3\"><div class=\"wpb_wrapper vc_column-inner\"><\/div><\/div><div class=\"vc_column_container col-md-4\"><div class=\"wpb_wrapper vc_column-inner\"><\/div><\/div><\/div><div class=\"vc_row-full-width vc_clearfix\"><\/div><div class=\"vc_row wpb_row row top-row vc_custom_1765976195502 vc_row-o-content-top vc_row-flex wpb_custom_034b39d9bc6c6b310d69e39f0ccf274f\"><div class=\"vc_column_container col-md-12\"><div class=\"wpb_wrapper vc_column-inner\">\r\n\t<div class=\"wpb_single_image wpb_content_element vc_align_left wpb_content_element  wpb_custom_81a4f7ef9830bf958462581aa01150fb\"><div class=\"wpb_wrapper\">\r\n\t\t\t\r\n\t\t\t<div class=\"vc_single_image-wrapper   vc_box_border_grey\"><img decoding=\"async\" class=\"vc_single_image-img\" src=\"https:\/\/shapesfightwear.com\/wp-content\/uploads\/2025\/08\/shapes-01-80x80.png\" width=\"80\" height=\"80\" alt=\"shapes-01\" title=\"shapes-01\" loading=\"lazy\" \/><\/div>\r\n\t\t<\/div>\r\n\t<\/div>\r\n<\/div><\/div><\/div><div class=\"vc_row wpb_row row top-row wpb_custom_034b39d9bc6c6b310d69e39f0ccf274f\"><div class=\"vc_column_container col-md-6 vc_custom_1765974488842\"><div class=\"wpb_wrapper vc_column-inner\"><h2 style=\"font-size: 20px;color: var(--porto-quaternary-color);font-family:Carter One;font-weight:400;font-style:normal\" class=\"vc_custom_heading vc_do_custom_heading vc_custom_1772445124181 wpb_custom_aa365bd5046e8294520b4e73732b9d15 align-left\" >Custom Teamwear for Gyms, Teams, and Academies<\/h2>\r\n\t<div class=\"wpb_text_column wpb_content_element wpb_custom_2a02b2ec3691b2fa41a3c71ca8660fcd\" >\r\n\t\t<div class=\"wpb_wrapper\">\r\n\t\t\t<p>From high-performance training essentials to unified match-day uniforms, <strong>Shapes FW<\/strong> delivers fully customized teamwear designed to represent your gym, team, or academy\u2019s unique identity. Through premium full-dye sublimation, private labeling, high-quality screen printing, and other advanced customization techniques, <strong>Shapes FW<\/strong> helps you achieve peak athletic performance while projecting a strong, professional brand image with custom tracksuits, sublimated hoodies, polo shirts, t-shirts, tank tops, reversible mesh tanks, and windbreaker jackets.<\/p>\n\r\n\t\t<\/div>\r\n\t<\/div>\r\n<\/div><\/div><div class=\"vc_column_container col-md-6 vc_custom_1765971619973\"><div class=\"wpb_wrapper vc_column-inner\"><h2 style=\"font-size: 20px;color: var(--porto-light-color);font-family:Carter One;font-weight:400;font-style:normal\" class=\"vc_custom_heading vc_do_custom_heading vc_custom_1766484229367 wpb_custom_aa365bd5046e8294520b4e73732b9d15 align-left\" >Crea tu equipo unificado<\/h2>\r\n\t<div class=\"wpb_text_column wpb_content_element wpb_custom_50aa502b5377a339d063777c6d3c0544\" >\r\n\t\t<div class=\"wpb_wrapper\">\r\n\t\t\t<p>As a coach, trainer, gym owner, team captain, or leader,<strong> Shapes FW<\/strong> supports you in building a strong and consistent brand presence. Our custom teamwear\u2014including custom sublimated hoodies, t-shirts, polo shirts, and tracksuits\u2014helps showcase your unique team identity, foster unity among athletes, and make a lasting impression. With <strong>Shapes FW<\/strong>Usted se beneficia de cantidades m\u00ednimas de pedido bajas, plazos de producci\u00f3n eficientes y un soporte especializado que le guiar\u00e1 en cada paso del proceso.<\/p>\n\r\n\t\t<\/div>\r\n\t<\/div>\r\n<\/div><\/div><\/div><div class=\"vc_row wpb_row row top-row vc_custom_1767199628784 wpb_custom_034b39d9bc6c6b310d69e39f0ccf274f\"><div class=\"vc_column_container col-md-12\"><div class=\"wpb_wrapper vc_column-inner\"><div class=\"vc_empty_space\"   style=\"height: 32px\"><span class=\"vc_empty_space_inner\"><\/span><\/div>\r\n\t<div class=\"wpb_single_image wpb_content_element vc_align_center wpb_content_element  wpb_custom_81a4f7ef9830bf958462581aa01150fb\"><div class=\"wpb_wrapper\">\r\n\t\t\t\r\n\t\t\t<div class=\"vc_single_image-wrapper   vc_box_border_grey\"><img decoding=\"async\" class=\"vc_single_image-img\" src=\"https:\/\/shapesfightwear.com\/wp-content\/uploads\/2025\/12\/Shapes-custom-martial-arts-banner.jpg\" width=\"1920\" height=\"256\" alt=\"Shapes-custom martial arts banner\" title=\"Shapes-custom martial arts banner\" loading=\"lazy\" \/><\/div>\r\n\t\t<\/div>\r\n\t<\/div>\r\n<\/div><\/div><\/div><div class=\"vc_row wpb_row row top-row wpb_custom_034b39d9bc6c6b310d69e39f0ccf274f\"><div class=\"vc_column_container col-md-4\"><div class=\"wpb_wrapper vc_column-inner\"><h2 style=\"font-size: 20px;color: var(--porto-quaternary-color);font-family:Carter One;font-weight:400;font-style:normal\" class=\"vc_custom_heading vc_do_custom_heading vc_custom_1772447768283 wpb_custom_aa365bd5046e8294520b4e73732b9d15 align-left\" >Calidad sin concesiones<\/h2>\r\n\t<div class=\"wpb_text_column wpb_content_element wpb_custom_2a02b2ec3691b2fa41a3c71ca8660fcd\" >\r\n\t\t<div class=\"wpb_wrapper\">\r\n\t\t\t<p>Our premium, moisture-wicking materials and meticulous attention to detail ensure that every <strong>Shapes FW<\/strong> custom teamwear product\u2014from reversible mesh tanks to windbreaker jackets\u2014supports your team, athletes, and members in achieving superior performance and long-term success.<\/p>\n\r\n\t\t<\/div>\r\n\t<\/div>\r\n<\/div><\/div><div class=\"vc_column_container col-md-4\"><div class=\"wpb_wrapper vc_column-inner\"><h2 style=\"font-size: 20px;color: var(--porto-quaternary-color);font-family:Carter One;font-weight:400;font-style:normal\" class=\"vc_custom_heading vc_do_custom_heading vc_custom_1772447774418 wpb_custom_aa365bd5046e8294520b4e73732b9d15 align-left\" >Soporte personalizado<\/h2>\r\n\t<div class=\"wpb_text_column wpb_content_element wpb_custom_2a02b2ec3691b2fa41a3c71ca8660fcd\" >\r\n\t\t<div class=\"wpb_wrapper\">\r\n\t\t\t<p>Nuestro equipo de soporte dedicado en <strong>Shapes FW<\/strong> provides personalized assistance, expert guidance, and tailored solutions to help your gym, team, or organization thrive with top-tier custom sublimated apparel.<\/p>\n\r\n\t\t<\/div>\r\n\t<\/div>\r\n<\/div><\/div><div class=\"vc_column_container col-md-4\"><div class=\"wpb_wrapper vc_column-inner\"><h2 style=\"font-size: 20px;color: var(--porto-quaternary-color);font-family:Carter One;font-weight:400;font-style:normal\" class=\"vc_custom_heading vc_do_custom_heading vc_custom_1772447781002 wpb_custom_aa365bd5046e8294520b4e73732b9d15 align-left\" >Pedidos m\u00ednimos bajos y entrega r\u00e1pida.<\/h2>\r\n\t<div class=\"wpb_text_column wpb_content_element wpb_custom_2a02b2ec3691b2fa41a3c71ca8660fcd\" >\r\n\t\t<div class=\"wpb_wrapper\">\r\n\t\t\t<p>Con cantidades m\u00ednimas de pedido bajas y plazos de entrega r\u00e1pidos, <strong>Shapes FW<\/strong> makes it easy to create truly unique custom teamwear\u2014like custom tracksuits and sublimated tank tops\u2014while enabling effective and timely brand promotion for your sports teams.<\/p>\n\r\n\t\t<\/div>\r\n\t<\/div>\r\n<\/div><\/div><\/div><div class=\"vc_row wpb_row row top-row wpb_custom_034b39d9bc6c6b310d69e39f0ccf274f\"><div class=\"vc_column_container col-md-12\"><div class=\"wpb_wrapper vc_column-inner\"><h2 style=\"font-size: 30px;color: var(--porto-quaternary-color);font-family:Carter One;font-weight:400;font-style:normal\" class=\"vc_custom_heading vc_do_custom_heading vc_custom_1772447721265 wpb_custom_aa365bd5046e8294520b4e73732b9d15 align-left\" >Custom Teamwear<\/h2>\r\n\t<div class=\"wpb_text_column wpb_content_element wpb_custom_2a02b2ec3691b2fa41a3c71ca8660fcd\" >\r\n\t\t<div class=\"wpb_wrapper\">\r\n\t\t\t<p><strong>Shapes FW<\/strong> Custom Teamwear elevates your athletes\u2019 performance while strengthening your brand. Select a product below and start your custom project today:<\/p>\n\r\n\t\t<\/div>\r\n\t<\/div>\r\n<\/div><\/div><\/div><div class=\"vc_row wpb_row row top-row vc_custom_1767199628784 wpb_custom_034b39d9bc6c6b310d69e39f0ccf274f\"><div class=\"vc_column_container col-md-3\"><div class=\"wpb_wrapper vc_column-inner\">\r\n\t<div class=\"wpb_single_image wpb_content_element vc_align_center wpb_content_element  wpb_custom_81a4f7ef9830bf958462581aa01150fb\"><div class=\"wpb_wrapper\">\r\n\t\t\t\r\n\t\t\t<div class=\"vc_single_image-wrapper   vc_box_border_grey\"><img decoding=\"async\" class=\"vc_single_image-img\" src=\"https:\/\/shapesfightwear.com\/wp-content\/uploads\/2026\/03\/Custom-Sublimated-Tracksuits-450x450.webp\" width=\"450\" height=\"450\" alt=\"Custom Sublimated Tracksuits\" title=\"Custom Sublimated Tracksuits\" loading=\"lazy\" \/><\/div>\r\n\t\t<\/div>\r\n\t<\/div>\r\n<h3 style=\"font-size: 20px;color: var(--porto-quaternary-color);text-align: center;font-family:Alegreya Sans SC;font-weight:700;font-style:normal\" class=\"vc_custom_heading vc_do_custom_heading custom-heading-hover vc_custom_1773595357008 wpb_custom_aa365bd5046e8294520b4e73732b9d15\" ><a href=\"https:\/\/shapesfightwear.com\/custom-sportswear\/custom-teamwear\/custom-tracksuits\/\">Ch\u00e1ndales personalizados<\/a><\/h3><\/div><\/div><div class=\"vc_column_container col-md-3\"><div class=\"wpb_wrapper vc_column-inner\">\r\n\t<div class=\"wpb_single_image wpb_content_element vc_align_center wpb_content_element  wpb_custom_81a4f7ef9830bf958462581aa01150fb\"><div class=\"wpb_wrapper\">\r\n\t\t\t\r\n\t\t\t<div class=\"vc_single_image-wrapper   vc_box_border_grey\"><img decoding=\"async\" class=\"vc_single_image-img\" src=\"https:\/\/shapesfightwear.com\/wp-content\/uploads\/2026\/03\/Custom-Sublimated-Hoodies-450x450.webp\" width=\"450\" height=\"450\" alt=\"Sudaderas con capucha sublimadas personalizadas\" title=\"Sudaderas con capucha sublimadas personalizadas\" loading=\"lazy\" \/><\/div>\r\n\t\t<\/div>\r\n\t<\/div>\r\n<h3 style=\"font-size: 20px;color: var(--porto-quaternary-color);text-align: center;font-family:Alegreya Sans SC;font-weight:700;font-style:normal\" class=\"vc_custom_heading vc_do_custom_heading custom-heading-hover vc_custom_1773595384871 wpb_custom_aa365bd5046e8294520b4e73732b9d15\" ><a href=\"https:\/\/shapesfightwear.com\/custom-sportswear\/custom-teamwear\/custom-sublimated-hoodies\/\">Sudaderas con capucha sublimadas personalizadas<\/a><\/h3><\/div><\/div><div class=\"vc_column_container col-md-3\"><div class=\"wpb_wrapper vc_column-inner\">\r\n\t<div class=\"wpb_single_image wpb_content_element vc_align_center wpb_content_element  wpb_custom_81a4f7ef9830bf958462581aa01150fb\"><div class=\"wpb_wrapper\">\r\n\t\t\t\r\n\t\t\t<div class=\"vc_single_image-wrapper   vc_box_border_grey\"><img decoding=\"async\" class=\"vc_single_image-img\" src=\"https:\/\/shapesfightwear.com\/wp-content\/uploads\/2026\/03\/Custom-sublimated-polo-shirts-450x450.webp\" width=\"450\" height=\"450\" alt=\"Custom sublimated polo shirts\" title=\"Custom sublimated polo shirts\" loading=\"lazy\" \/><\/div>\r\n\t\t<\/div>\r\n\t<\/div>\r\n<h3 style=\"font-size: 20px;color: var(--porto-quaternary-color);text-align: center;font-family:Alegreya Sans SC;font-weight:700;font-style:normal\" class=\"vc_custom_heading vc_do_custom_heading custom-heading-hover vc_custom_1773595410638 wpb_custom_aa365bd5046e8294520b4e73732b9d15\" ><a href=\"https:\/\/shapesfightwear.com\/custom-sportswear\/custom-teamwear\/custom-sublimated-polo-shirts\/\">Polos sublimados personalizados<\/a><\/h3><\/div><\/div><div class=\"vc_column_container col-md-3\"><div class=\"wpb_wrapper vc_column-inner\">\r\n\t<div class=\"wpb_single_image wpb_content_element vc_align_center wpb_content_element  wpb_custom_81a4f7ef9830bf958462581aa01150fb\"><div class=\"wpb_wrapper\">\r\n\t\t\t\r\n\t\t\t<div class=\"vc_single_image-wrapper   vc_box_border_grey\"><img decoding=\"async\" class=\"vc_single_image-img\" src=\"https:\/\/shapesfightwear.com\/wp-content\/uploads\/2026\/03\/Custom-Sublimated-T-shirts-450x450.webp\" width=\"450\" height=\"450\" alt=\"Custom Sublimated T shirts\" title=\"Custom Sublimated T shirts\" loading=\"lazy\" \/><\/div>\r\n\t\t<\/div>\r\n\t<\/div>\r\n<h3 style=\"font-size: 20px;color: var(--porto-quaternary-color);text-align: center;font-family:Alegreya Sans SC;font-weight:700;font-style:normal\" class=\"vc_custom_heading vc_do_custom_heading custom-heading-hover vc_custom_1773595423318 wpb_custom_aa365bd5046e8294520b4e73732b9d15\" ><a href=\"https:\/\/shapesfightwear.com\/custom-sportswear\/custom-teamwear\/custom-sublimated-t-shirts\/\">Camisetas sublimadas personalizadas<\/a><\/h3><\/div><\/div><\/div><div class=\"vc_row wpb_row row top-row vc_custom_1767199628784 wpb_custom_034b39d9bc6c6b310d69e39f0ccf274f\"><div class=\"vc_column_container col-md-3\"><div class=\"wpb_wrapper vc_column-inner\">\r\n\t<div class=\"wpb_single_image wpb_content_element vc_align_center wpb_content_element  wpb_custom_81a4f7ef9830bf958462581aa01150fb\"><div class=\"wpb_wrapper\">\r\n\t\t\t\r\n\t\t\t<div class=\"vc_single_image-wrapper   vc_box_border_grey\"><img decoding=\"async\" class=\"vc_single_image-img\" src=\"https:\/\/shapesfightwear.com\/wp-content\/uploads\/2026\/03\/Custom-Sublimated-Tank-Tops-450x450.webp\" width=\"450\" height=\"450\" alt=\"Camisetas sin mangas sublimadas personalizadas\" title=\"Camisetas sin mangas sublimadas personalizadas\" loading=\"lazy\" \/><\/div>\r\n\t\t<\/div>\r\n\t<\/div>\r\n<h3 style=\"font-size: 20px;color: var(--porto-quaternary-color);text-align: center;font-family:Alegreya Sans SC;font-weight:700;font-style:normal\" class=\"vc_custom_heading vc_do_custom_heading custom-heading-hover vc_custom_1773595446439 wpb_custom_aa365bd5046e8294520b4e73732b9d15\" ><a href=\"https:\/\/shapesfightwear.com\/custom-sportswear\/custom-teamwear\/custom-sublimated-tank-tops\/\">Camisetas sin mangas sublimadas personalizadas<\/a><\/h3><\/div><\/div><div class=\"vc_column_container col-md-3\"><div class=\"wpb_wrapper vc_column-inner\">\r\n\t<div class=\"wpb_single_image wpb_content_element vc_align_center wpb_content_element  wpb_custom_81a4f7ef9830bf958462581aa01150fb\"><div class=\"wpb_wrapper\">\r\n\t\t\t\r\n\t\t\t<div class=\"vc_single_image-wrapper   vc_box_border_grey\"><img decoding=\"async\" class=\"vc_single_image-img\" src=\"https:\/\/shapesfightwear.com\/wp-content\/uploads\/2026\/03\/Custom-Reversible-Mesh-Tank-Tops-450x450.webp\" width=\"450\" height=\"450\" alt=\"Custom Reversible Mesh Tank Tops\" title=\"Custom Reversible Mesh Tank Tops\" loading=\"lazy\" \/><\/div>\r\n\t\t<\/div>\r\n\t<\/div>\r\n<h3 style=\"font-size: 20px;color: var(--porto-quaternary-color);text-align: center;font-family:Alegreya Sans SC;font-weight:700;font-style:normal\" class=\"vc_custom_heading vc_do_custom_heading custom-heading-hover vc_custom_1773595470846 wpb_custom_aa365bd5046e8294520b4e73732b9d15\" ><a href=\"https:\/\/shapesfightwear.com\/custom-sportswear\/custom-teamwear\/custom-reversible-mesh-tanks\/\">Tanques de malla reversibles personalizados<\/a><\/h3><\/div><\/div><div class=\"vc_column_container col-md-3\"><div class=\"wpb_wrapper vc_column-inner\">\r\n\t<div class=\"wpb_single_image wpb_content_element vc_align_center wpb_content_element  wpb_custom_81a4f7ef9830bf958462581aa01150fb\"><div class=\"wpb_wrapper\">\r\n\t\t\t\r\n\t\t\t<div class=\"vc_single_image-wrapper   vc_box_border_grey\"><img decoding=\"async\" class=\"vc_single_image-img\" src=\"https:\/\/shapesfightwear.com\/wp-content\/uploads\/2026\/03\/Custom-Sublimated-Windbreaker-Jackets-450x450.webp\" width=\"450\" height=\"450\" alt=\"Chaquetas cortavientos sublimadas personalizadas\" title=\"Chaquetas cortavientos sublimadas personalizadas\" loading=\"lazy\" \/><\/div>\r\n\t\t<\/div>\r\n\t<\/div>\r\n<h3 style=\"font-size: 20px;color: var(--porto-quaternary-color);text-align: center;font-family:Alegreya Sans SC;font-weight:700;font-style:normal\" class=\"vc_custom_heading vc_do_custom_heading custom-heading-hover vc_custom_1773595483719 wpb_custom_aa365bd5046e8294520b4e73732b9d15\" ><a href=\"https:\/\/shapesfightwear.com\/custom-sportswear\/custom-teamwear\/custom-sublimated-windbreaker-jackets\/\">Custom Windbreaker Jackets<\/a><\/h3><\/div><\/div><div class=\"vc_column_container col-md-3\"><div class=\"wpb_wrapper vc_column-inner\"><\/div><\/div><\/div><div class=\"vc_row wpb_row row top-row wpb_custom_034b39d9bc6c6b310d69e39f0ccf274f\"><div class=\"vc_column_container col-md-12\"><div class=\"wpb_wrapper vc_column-inner\"><div class=\"vc_empty_space\"   style=\"height: 32px\"><span class=\"vc_empty_space_inner\"><\/span><\/div>\r\n\t<div class=\"wpb_single_image wpb_content_element vc_align_center wpb_content_element  wpb_custom_81a4f7ef9830bf958462581aa01150fb\"><div class=\"wpb_wrapper\">\r\n\t\t\t\r\n\t\t\t<div class=\"vc_single_image-wrapper   vc_box_border_grey\"><img decoding=\"async\" class=\"vc_single_image-img\" src=\"https:\/\/shapesfightwear.com\/wp-content\/uploads\/2025\/12\/info-Banner-1-1160x214.png\" width=\"1160\" height=\"214\" alt=\"info Banner\" title=\"info Banner\" loading=\"lazy\" \/><\/div>\r\n\t\t<\/div>\r\n\t<\/div>\r\n<div class=\"vc_empty_space\"   style=\"height: 32px\"><span class=\"vc_empty_space_inner\"><\/span><\/div><\/div><\/div><\/div><div class=\"vc_row wpb_row row top-row wpb_custom_034b39d9bc6c6b310d69e39f0ccf274f\"><div class=\"vc_column_container col-md-6\"><div class=\"wpb_wrapper vc_column-inner\"><h2 style=\"font-size: 30px;color: var(--porto-quaternary-color);font-family:Carter One;font-weight:400;font-style:normal\" class=\"vc_custom_heading vc_do_custom_heading wpb_custom_aa365bd5046e8294520b4e73732b9d15 align-left\" >Build Your Champions with Custom Teamwear<\/h2>\r\n\t<div class=\"wpb_text_column wpb_content_element wpb_custom_7c91d232724f73626cc933bd95b25ff0\" >\r\n\t\t<div class=\"wpb_wrapper\">\r\n\t\t\t<p data-start=\"170\" data-end=\"578\">As a coach, trainer, gym owner, or team leader, you understand exactly what your athletes need to excel. You also recognize the importance of maintaining a professional, high-performance training environment that drives growth and team spirit. <strong>Shapes FW Custom Teamwear<\/strong> equips your academy or squad with a complete range of fully customized options, including custom tracksuits, sublimated hoodies, polo shirts, t-shirts, tank tops, reversible mesh tanks, and windbreaker jackets\u2014designed to meet the unique demands of your teams across sports and fitness.<\/p>\n<hr data-start=\"580\" data-end=\"583\" \/>\n<h3 data-start=\"585\" data-end=\"630\"><strong data-start=\"589\" data-end=\"630\">Consulta y descubrimiento personalizados<\/strong><\/h3>\n<p data-start=\"632\" data-end=\"1050\">At Shapes FW, we understand that every team is unique. That\u2019s why each custom teamwear project begins with a personalized consultation, allowing us to fully grasp your goals, preferences, and performance needs. Whether you\u2019re outfitting a youth sports team, college athletes, or professional gym squads, we collaborate closely to identify your requirements and deliver sublimated athletic wear that enhances performance.<\/p>\n<hr data-start=\"1052\" data-end=\"1055\" \/>\n<h3 data-start=\"1057\" data-end=\"1099\"><strong data-start=\"1061\" data-end=\"1099\">Dise\u00f1o colaborativo para su equipo<\/strong><\/h3>\n<p data-start=\"1101\" data-end=\"1441\">Throughout the consultation, our experienced design team works with you to craft custom teamwear that perfectly reflects your brand identity and athletic philosophy. With a strong focus on quality\u2014from moisture-wicking fabrics in custom sublimated t-shirts to durable reversibility in mesh tanks\u2014we ensure every detail matches your vision and exceeds expectations.<\/p>\n\r\n\t\t<\/div>\r\n\t<\/div>\r\n<\/div><\/div><div class=\"vc_column_container col-md-6\"><div class=\"wpb_wrapper vc_column-inner\">\r\n\t<div class=\"wpb_text_column wpb_content_element wpb_custom_7c91d232724f73626cc933bd95b25ff0\" >\r\n\t\t<div class=\"wpb_wrapper\">\r\n\t\t\t<h3 data-start=\"104\" data-end=\"143\"><strong data-start=\"108\" data-end=\"143\">Proceso de aprobaci\u00f3n y producci\u00f3n<\/strong><\/h3>\n<p data-start=\"145\" data-end=\"491\">After the design phase, we present a detailed proposal outlining all aspects of your custom teamwear products, such as windbreaker jackets or polo shirts. Once approved, our skilled production facilities bring your vision to life with precision, using advanced sublimation printing and screen techniques for vibrant, long-lasting results.<\/p>\n<hr data-start=\"493\" data-end=\"496\" \/>\n<h3 data-start=\"498\" data-end=\"528\"><strong data-start=\"502\" data-end=\"528\">Control de calidad robusto<\/strong><\/h3>\n<p data-start=\"530\" data-end=\"860\">Before shipment, your custom teamwear undergoes a comprehensive three-step quality control inspection. We scrutinize every element\u2014from stitching on tracksuits to colorfastness on hoodies\u2014ensuring durability, comfort, and performance meet our elite standards.<\/p>\n<hr data-start=\"862\" data-end=\"865\" \/>\n<h3 data-start=\"867\" data-end=\"911\"><strong data-start=\"871\" data-end=\"911\">Embalaje seguro y env\u00edo puntual<\/strong><\/h3>\n<p data-start=\"913\" data-end=\"1188\">Once passing quality checks, your custom teamwear is securely packaged for protection during transit. Our methods ensure items like reversible mesh tanks and sublimated tank tops arrive pristine and ready for training or competition.<\/p>\n\r\n\t\t<\/div>\r\n\t<\/div>\r\n<\/div><\/div><\/div><div class=\"vc_row wpb_row row top-row wpb_custom_034b39d9bc6c6b310d69e39f0ccf274f\"><div class=\"vc_column_container col-md-12\"><div class=\"wpb_wrapper vc_column-inner\"><div class=\"porto-separator\"><hr class=\"separator-line  wpb_content_element align_center\" style=\"background-image: -webkit-linear-gradient(left, transparent, grey, transparent); background-image: linear-gradient(to right, transparent, grey, transparent);\"><\/div><h2 style=\"font-size: 30px;color: var(--porto-quaternary-color);font-family:Carter One;font-weight:400;font-style:normal\" class=\"vc_custom_heading vc_do_custom_heading wpb_custom_aa365bd5046e8294520b4e73732b9d15 align-left\" >Formas FW: Dise\u00f1adas para el viaje del campe\u00f3n<\/h2>\r\n\t<div class=\"wpb_text_column wpb_content_element wpb_custom_7c91d232724f73626cc933bd95b25ff0\" >\r\n\t\t<div class=\"wpb_wrapper\">\r\n\t\t\t<p><strong>SHAPES FW<\/strong> is a landmark brand within sports, fitness, and athletic culture, continually redefining elite quality in team apparel and performance gear. What sets the brand apart is its deep commitment to timeless design\u2014creating enduring pieces that transcend trends and withstand rigorous use.<\/p>\n<p>Equally distinctive is Shapes FW\u2019s attention to detail. Overlooked elements are refined with purpose, ensuring products like custom sublimated hoodies, tracksuits, and windbreakers blend superior form, function, and comfort. Choosing Shapes FW means investing in more than apparel\u2014it means joining a legacy that honors athletic traditions while pioneering the future of custom teamwear.<\/p>\n\r\n\t\t<\/div>\r\n\t<\/div>\r\n<\/div><\/div><\/div><div class=\"vc_row wpb_row row top-row wpb_custom_034b39d9bc6c6b310d69e39f0ccf274f\"><div class=\"vc_column_container col-md-12\"><div class=\"wpb_wrapper vc_column-inner\"><div class=\"vc_empty_space\"   style=\"height: 40px\"><span class=\"vc_empty_space_inner\"><\/span><\/div><\/div><\/div><\/div>\n<\/div>","protected":false},"excerpt":{"rendered":"CUSTOM TEAMWEAR Custom Teamwear for Gyms, Teams, and Academies From high-performance training essentials to unified match-day uniforms, Shapes FW delivers fully customized teamwear designed to represent your gym, team, or academy\u2019s unique identity. Through premium full-dye sublimation, private labeling, high-quality screen printing, and other advanced customization techniques, Shapes FW helps you achieve peak athletic performance [...]","protected":false},"author":2,"featured_media":0,"parent":49896,"menu_order":0,"comment_status":"closed","ping_status":"closed","template":"","meta":{"footnotes":""},"class_list":["post-49928","page","type-page","status-publish","hentry"],"_links":{"self":[{"href":"https:\/\/shapesfightwear.com\/es\/wp-json\/wp\/v2\/pages\/49928","targetHints":{"allow":["GET"]}}],"collection":[{"href":"https:\/\/shapesfightwear.com\/es\/wp-json\/wp\/v2\/pages"}],"about":[{"href":"https:\/\/shapesfightwear.com\/es\/wp-json\/wp\/v2\/types\/page"}],"author":[{"embeddable":true,"href":"https:\/\/shapesfightwear.com\/es\/wp-json\/wp\/v2\/users\/2"}],"replies":[{"embeddable":true,"href":"https:\/\/shapesfightwear.com\/es\/wp-json\/wp\/v2\/comments?post=49928"}],"version-history":[{"count":17,"href":"https:\/\/shapesfightwear.com\/es\/wp-json\/wp\/v2\/pages\/49928\/revisions"}],"predecessor-version":[{"id":50385,"href":"https:\/\/shapesfightwear.com\/es\/wp-json\/wp\/v2\/pages\/49928\/revisions\/50385"}],"up":[{"embeddable":true,"href":"https:\/\/shapesfightwear.com\/es\/wp-json\/wp\/v2\/pages\/49896"}],"wp:attachment":[{"href":"https:\/\/shapesfightwear.com\/es\/wp-json\/wp\/v2\/media?parent=49928"}],"curies":[{"name":"wp","href":"https:\/\/api.w.org\/{rel}","templated":true}]}}