{"id":49975,"date":"2026-03-18T17:08:50","date_gmt":"2026-03-18T17:08:50","guid":{"rendered":"https:\/\/shapesfightwear.com\/?page_id=49975"},"modified":"2026-03-24T18:42:53","modified_gmt":"2026-03-24T18:42:53","slug":"custom-outerwear-workwear","status":"publish","type":"page","link":"https:\/\/shapesfightwear.com\/es\/custom-apparel\/custom-outerwear-workwear\/","title":{"rendered":"Custom Outerwear &#038; Workwear"},"content":{"rendered":"<div class=\"wpb-content-wrapper\"><div data-vc-full-width=\"true\" data-vc-full-width-temp=\"true\" data-vc-full-width-init=\"false\" data-vc-stretch-content=\"true\" class=\"vc_row wpb_row row top-row vc_custom_1773853168032 vc_row-has-fill vc_row-o-full-height vc_row-o-columns-middle vc_row-flex wpb_custom_034b39d9bc6c6b310d69e39f0ccf274f\"><div class=\"vc_column_container col-md-5\"><div class=\"wpb_wrapper vc_column-inner\">\r\n\t<div class=\"wpb_text_column wpb_content_element vc_custom_1774377767357 wpb_custom_a60cd55d1ee0c808891d4c2e8a0fdc0f\" >\r\n\t\t<div class=\"wpb_wrapper\">\r\n\t\t\t<h2 style=\"text-align: right; font-size: 38px;\">Custom Outerwear &amp; Workwear<\/h2>\n\r\n\t\t<\/div>\r\n\t<\/div>\r\n<\/div><\/div><div class=\"vc_column_container col-md-3\"><div class=\"wpb_wrapper vc_column-inner\"><\/div><\/div><div class=\"vc_column_container col-md-4\"><div class=\"wpb_wrapper vc_column-inner\"><\/div><\/div><\/div><div class=\"vc_row-full-width vc_clearfix\"><\/div><div class=\"vc_row wpb_row row top-row vc_custom_1765976195502 vc_row-o-content-top vc_row-flex wpb_custom_034b39d9bc6c6b310d69e39f0ccf274f\"><div class=\"vc_column_container col-md-12\"><div class=\"wpb_wrapper vc_column-inner\">\r\n\t<div class=\"wpb_single_image wpb_content_element vc_align_left wpb_content_element  wpb_custom_81a4f7ef9830bf958462581aa01150fb\"><div class=\"wpb_wrapper\">\r\n\t\t\t\r\n\t\t\t<div class=\"vc_single_image-wrapper   vc_box_border_grey\"><img decoding=\"async\" class=\"vc_single_image-img\" src=\"https:\/\/shapesfightwear.com\/wp-content\/uploads\/2025\/08\/shapes-01-80x80.png\" width=\"80\" height=\"80\" alt=\"shapes-01\" title=\"shapes-01\" loading=\"lazy\" \/><\/div>\r\n\t\t<\/div>\r\n\t<\/div>\r\n<\/div><\/div><\/div><div class=\"vc_row wpb_row row top-row wpb_custom_034b39d9bc6c6b310d69e39f0ccf274f\"><div class=\"vc_column_container col-md-6 vc_custom_1765974488842\"><div class=\"wpb_wrapper vc_column-inner\"><h2 style=\"font-size: 20px;color: var(--porto-quaternary-color);font-family:Carter One;font-weight:400;font-style:normal\" class=\"vc_custom_heading vc_do_custom_heading vc_custom_1773853181839 wpb_custom_aa365bd5046e8294520b4e73732b9d15 align-left\" >Custom Outerwear & Workwear for Teams, Academies and Professionals<\/h2>\r\n\t<div class=\"wpb_text_column wpb_content_element wpb_custom_2a02b2ec3691b2fa41a3c71ca8660fcd\" >\r\n\t\t<div class=\"wpb_wrapper\">\r\n\t\t\t<p>From daily training essentials to high-visibility professional gear,\u00a0<strong>Shapes FW delivers fully customized outerwear solutions<\/strong>\u00a0designed to represent your organization&#8217;s unique identity. Whether you manage a martial arts academy, a fitness facility, or a sports team, our range includes durable, weather-resistant styles built for performance. Through premium full-dye sublimation, private labeling, high-quality screen printing, and other advanced customization techniques,\u00a0<strong>Shapes FW <\/strong>helps you achieve outstanding durability while presenting a strong, professional brand image.<\/p>\n\r\n\t\t<\/div>\r\n\t<\/div>\r\n<\/div><\/div><div class=\"vc_column_container col-md-6 vc_custom_1765971619973\"><div class=\"wpb_wrapper vc_column-inner\"><h2 style=\"font-size: 20px;color: var(--porto-light-color);font-family:Carter One;font-weight:400;font-style:normal\" class=\"vc_custom_heading vc_do_custom_heading vc_custom_1773853245998 wpb_custom_aa365bd5046e8294520b4e73732b9d15 align-left\" >Build a Cohesive Brand Identity<\/h2>\r\n\t<div class=\"wpb_text_column wpb_content_element wpb_custom_50aa502b5377a339d063777c6d3c0544\" >\r\n\t\t<div class=\"wpb_wrapper\">\r\n\t\t\t<p>As a business owner, head coach, or team manager,\u00a0<strong>Shapes FW <\/strong>supports you in building a unified visual presence.\u00a0Our\u00a0custom workwear\u00a0helps showcase your distinct organizational identity, strengthen unity across your staff and athletes, and leave a lasting impression on visitors. With\u00a0<strong>Shapes FW<\/strong>, you benefit from\u00a0<strong>low minimum order quantities<\/strong>, efficient production timelines, and dedicated support to guide you through every step of the branding process.<\/p>\n\r\n\t\t<\/div>\r\n\t<\/div>\r\n<\/div><\/div><\/div><div class=\"vc_row wpb_row row top-row vc_custom_1767199628784 wpb_custom_034b39d9bc6c6b310d69e39f0ccf274f\"><div class=\"vc_column_container col-md-12\"><div class=\"wpb_wrapper vc_column-inner\"><div class=\"vc_empty_space\"   style=\"height: 32px\"><span class=\"vc_empty_space_inner\"><\/span><\/div>\r\n\t<div class=\"wpb_single_image wpb_content_element vc_align_center wpb_content_element  wpb_custom_81a4f7ef9830bf958462581aa01150fb\"><div class=\"wpb_wrapper\">\r\n\t\t\t\r\n\t\t\t<div class=\"vc_single_image-wrapper   vc_box_border_grey\"><img decoding=\"async\" class=\"vc_single_image-img\" src=\"https:\/\/shapesfightwear.com\/wp-content\/uploads\/2025\/12\/Shapes-custom-martial-arts-banner.jpg\" width=\"1920\" height=\"256\" alt=\"Shapes-custom martial arts banner\" title=\"Shapes-custom martial arts banner\" loading=\"lazy\" \/><\/div>\r\n\t\t<\/div>\r\n\t<\/div>\r\n<\/div><\/div><\/div><div class=\"vc_row wpb_row row top-row wpb_custom_034b39d9bc6c6b310d69e39f0ccf274f\"><div class=\"vc_column_container col-md-4\"><div class=\"wpb_wrapper vc_column-inner\"><h2 style=\"font-size: 20px;color: var(--porto-quaternary-color);font-family:Carter One;font-weight:400;font-style:normal\" class=\"vc_custom_heading vc_do_custom_heading vc_custom_1773853827925 wpb_custom_aa365bd5046e8294520b4e73732b9d15 align-left\" >Calidad sin concesiones<\/h2>\r\n\t<div class=\"wpb_text_column wpb_content_element wpb_custom_2a02b2ec3691b2fa41a3c71ca8660fcd\" >\r\n\t\t<div class=\"wpb_wrapper\">\r\n\t\t\t<p>Nuestros materiales de primera calidad y nuestra meticulosa atenci\u00f3n al detalle garantizan que cada\u00a0<strong>Shapes FW custom outerwear piece<\/strong>\u00a0supports your team in enduring harsh conditions. From cold-weather protection to breathable layering, our gear ensures superior functionality and long-term growth for your organization. We prioritize fabrics that withstand repeated washing and rigorous movement without fading or fraying.<\/p>\n\r\n\t\t<\/div>\r\n\t<\/div>\r\n<\/div><\/div><div class=\"vc_column_container col-md-4\"><div class=\"wpb_wrapper vc_column-inner\"><h2 style=\"font-size: 20px;color: var(--porto-quaternary-color);font-family:Carter One;font-weight:400;font-style:normal\" class=\"vc_custom_heading vc_do_custom_heading vc_custom_1773853312670 wpb_custom_aa365bd5046e8294520b4e73732b9d15 align-left\" >Personalized Design Support<\/h2>\r\n\t<div class=\"wpb_text_column wpb_content_element wpb_custom_2a02b2ec3691b2fa41a3c71ca8660fcd\" >\r\n\t\t<div class=\"wpb_wrapper\">\r\n\t\t\t<p>Nuestro equipo de soporte dedicado en\u00a0<strong>Shapes FW<\/strong>\u00a0provides personalized assistance, expert guidance, and tailored solutions to help your\u00a0<strong>gym, business, or organization achieve lasting success<\/strong>. Whether you need simple logo placement or complex full-sleeve designs, we ensure the technical aspects of\u00a0<strong>custom apparel<\/strong>\u00a0are handled seamlessly so you can focus on leading your team.<\/p>\n\r\n\t\t<\/div>\r\n\t<\/div>\r\n<\/div><\/div><div class=\"vc_column_container col-md-4\"><div class=\"wpb_wrapper vc_column-inner\"><h2 style=\"font-size: 20px;color: var(--porto-quaternary-color);font-family:Carter One;font-weight:400;font-style:normal\" class=\"vc_custom_heading vc_do_custom_heading vc_custom_1773853812717 wpb_custom_aa365bd5046e8294520b4e73732b9d15 align-left\" >Pedidos m\u00ednimos bajos y entrega r\u00e1pida.<\/h2>\r\n\t<div class=\"wpb_text_column wpb_content_element wpb_custom_2a02b2ec3691b2fa41a3c71ca8660fcd\" >\r\n\t\t<div class=\"wpb_wrapper\">\r\n\t\t\t<p>With\u00a0<strong>low minimum order quantities<\/strong>\u00a0and fast turnaround times,\u00a0<strong>Shapes FW <\/strong>makes it easy to create truly unique branded gear\u00a0while supporting effective and timely brand promotion. This flexibility allows smaller clubs and startups to access the same premium manufacturing standards as large enterprises.<\/p>\n\r\n\t\t<\/div>\r\n\t<\/div>\r\n<\/div><\/div><\/div><div class=\"vc_row wpb_row row top-row wpb_custom_034b39d9bc6c6b310d69e39f0ccf274f\"><div class=\"vc_column_container col-md-12\"><div class=\"wpb_wrapper vc_column-inner\"><h2 style=\"font-size: 30px;color: var(--porto-quaternary-color);font-family:Carter One;font-weight:400;font-style:normal\" class=\"vc_custom_heading vc_do_custom_heading vc_custom_1773853399942 wpb_custom_aa365bd5046e8294520b4e73732b9d15 align-left\" >Explore Our Custom Outerwear Collection<\/h2>\r\n\t<div class=\"wpb_text_column wpb_content_element wpb_custom_2a02b2ec3691b2fa41a3c71ca8660fcd\" >\r\n\t\t<div class=\"wpb_wrapper\">\r\n\t\t\t<p><strong>Shapes FW <\/strong>Custom Outerwear\u00a0helps elevate your team&#8217;s look while strengthening your brand. Select a product below and start your custom project today:<\/p>\n\r\n\t\t<\/div>\r\n\t<\/div>\r\n<\/div><\/div><\/div><div class=\"vc_row wpb_row row top-row vc_custom_1767199628784 wpb_custom_034b39d9bc6c6b310d69e39f0ccf274f\"><div class=\"vc_column_container col-md-3\"><div class=\"wpb_wrapper vc_column-inner\">\r\n\t<div class=\"wpb_single_image wpb_content_element vc_align_center wpb_content_element  wpb_custom_81a4f7ef9830bf958462581aa01150fb\"><div class=\"wpb_wrapper\">\r\n\t\t\t\r\n\t\t\t<div class=\"vc_single_image-wrapper   vc_box_border_grey\"><img decoding=\"async\" class=\"vc_single_image-img\" src=\"https:\/\/shapesfightwear.com\/wp-content\/uploads\/2026\/02\/Custom-Fleece-jackets-Pullover-450x450.webp\" width=\"450\" height=\"450\" alt=\"Custom Fleece jackets &amp; Pullover\" title=\"Custom Fleece jackets &amp; Pullover\" loading=\"lazy\" \/><\/div>\r\n\t\t<\/div>\r\n\t<\/div>\r\n<h3 style=\"font-size: 20px;color: var(--porto-quaternary-color);text-align: center;font-family:Alegreya Sans SC;font-weight:700;font-style:normal\" class=\"vc_custom_heading vc_do_custom_heading custom-heading-hover vc_custom_1773855471154 wpb_custom_aa365bd5046e8294520b4e73732b9d15\" ><a href=\"https:\/\/shapesfightwear.com\/custom-apparel\/custom-outerwear-workwear\/custom-fleece-jackets-pullovers\/\">Custom Fleece Jackets & Pullovers<\/a><\/h3><\/div><\/div><div class=\"vc_column_container col-md-3\"><div class=\"wpb_wrapper vc_column-inner\">\r\n\t<div class=\"wpb_single_image wpb_content_element vc_align_center wpb_content_element  wpb_custom_81a4f7ef9830bf958462581aa01150fb\"><div class=\"wpb_wrapper\">\r\n\t\t\t\r\n\t\t\t<div class=\"vc_single_image-wrapper   vc_box_border_grey\"><img decoding=\"async\" class=\"vc_single_image-img\" src=\"https:\/\/shapesfightwear.com\/wp-content\/uploads\/2026\/02\/Custom-Quilted-and-Bomber-Jackets-450x450.webp\" width=\"450\" height=\"450\" alt=\"Chaquetas acolchadas y bomber personalizadas\" title=\"Chaquetas acolchadas y bomber personalizadas\" loading=\"lazy\" \/><\/div>\r\n\t\t<\/div>\r\n\t<\/div>\r\n<h3 style=\"font-size: 20px;color: var(--porto-quaternary-color);text-align: center;font-family:Alegreya Sans SC;font-weight:700;font-style:normal\" class=\"vc_custom_heading vc_do_custom_heading custom-heading-hover vc_custom_1773855488874 wpb_custom_aa365bd5046e8294520b4e73732b9d15\" ><a href=\"https:\/\/shapesfightwear.com\/custom-apparel\/custom-outerwear-workwear\/custom-quilted-and-bomber-jackets\/\">Chaquetas acolchadas y bomber personalizadas<\/a><\/h3><\/div><\/div><div class=\"vc_column_container col-md-3\"><div class=\"wpb_wrapper vc_column-inner\">\r\n\t<div class=\"wpb_single_image wpb_content_element vc_align_center wpb_content_element  wpb_custom_81a4f7ef9830bf958462581aa01150fb\"><div class=\"wpb_wrapper\">\r\n\t\t\t\r\n\t\t\t<div class=\"vc_single_image-wrapper   vc_box_border_grey\"><img decoding=\"async\" class=\"vc_single_image-img\" src=\"https:\/\/shapesfightwear.com\/wp-content\/uploads\/2026\/02\/Custom-Windbreaker-jackets-450x450.webp\" width=\"450\" height=\"450\" alt=\"Custom Windbreaker jackets\" title=\"Custom Windbreaker jackets\" loading=\"lazy\" \/><\/div>\r\n\t\t<\/div>\r\n\t<\/div>\r\n<h3 style=\"font-size: 20px;color: var(--porto-quaternary-color);text-align: center;font-family:Alegreya Sans SC;font-weight:700;font-style:normal\" class=\"vc_custom_heading vc_do_custom_heading custom-heading-hover vc_custom_1773855506954 wpb_custom_aa365bd5046e8294520b4e73732b9d15\" ><a href=\"https:\/\/shapesfightwear.com\/custom-sportswear\/custom-teamwear\/custom-sublimated-windbreaker-jackets\/\">Custom Windbreaker Jackets<\/a><\/h3><\/div><\/div><div class=\"vc_column_container col-md-3\"><div class=\"wpb_wrapper vc_column-inner\">\r\n\t<div class=\"wpb_single_image wpb_content_element vc_align_center wpb_content_element  wpb_custom_81a4f7ef9830bf958462581aa01150fb\"><div class=\"wpb_wrapper\">\r\n\t\t\t\r\n\t\t\t<div class=\"vc_single_image-wrapper   vc_box_border_grey\"><img decoding=\"async\" class=\"vc_single_image-img\" src=\"https:\/\/shapesfightwear.com\/wp-content\/uploads\/2026\/02\/Custom-Facemasks-450x450.webp\" width=\"450\" height=\"450\" alt=\"Custom Facemasks\" title=\"Custom Facemasks\" loading=\"lazy\" \/><\/div>\r\n\t\t<\/div>\r\n\t<\/div>\r\n<h3 style=\"font-size: 20px;color: var(--porto-quaternary-color);text-align: center;font-family:Alegreya Sans SC;font-weight:700;font-style:normal\" class=\"vc_custom_heading vc_do_custom_heading custom-heading-hover vc_custom_1773855519585 wpb_custom_aa365bd5046e8294520b4e73732b9d15\" ><a href=\"https:\/\/shapesfightwear.com\/custom-apparel\/custom-outerwear-workwear\/custom-face-masks\/\">Custom Facemasks<\/a><\/h3><\/div><\/div><\/div><div class=\"vc_row wpb_row row top-row wpb_custom_034b39d9bc6c6b310d69e39f0ccf274f\"><div class=\"vc_column_container col-md-12\"><div class=\"wpb_wrapper vc_column-inner\"><div class=\"vc_empty_space\"   style=\"height: 32px\"><span class=\"vc_empty_space_inner\"><\/span><\/div>\r\n\t<div class=\"wpb_single_image wpb_content_element vc_align_center wpb_content_element  wpb_custom_81a4f7ef9830bf958462581aa01150fb\"><div class=\"wpb_wrapper\">\r\n\t\t\t\r\n\t\t\t<div class=\"vc_single_image-wrapper   vc_box_border_grey\"><img decoding=\"async\" class=\"vc_single_image-img\" src=\"https:\/\/shapesfightwear.com\/wp-content\/uploads\/2025\/12\/info-Banner-1-1160x214.png\" width=\"1160\" height=\"214\" alt=\"info Banner\" title=\"info Banner\" loading=\"lazy\" \/><\/div>\r\n\t\t<\/div>\r\n\t<\/div>\r\n<div class=\"vc_empty_space\"   style=\"height: 32px\"><span class=\"vc_empty_space_inner\"><\/span><\/div><\/div><\/div><\/div><div class=\"vc_row wpb_row row top-row wpb_custom_034b39d9bc6c6b310d69e39f0ccf274f\"><div class=\"vc_column_container col-md-6\"><div class=\"wpb_wrapper vc_column-inner\"><h2 style=\"font-size: 30px;color: var(--porto-quaternary-color);font-family:Carter One;font-weight:400;font-style:normal\" class=\"vc_custom_heading vc_do_custom_heading wpb_custom_aa365bd5046e8294520b4e73732b9d15 align-left\" >Empower Your Organization with Custom Branded Gear<\/h2>\r\n\t<div class=\"wpb_text_column wpb_content_element wpb_custom_7c91d232724f73626cc933bd95b25ff0\" >\r\n\t\t<div class=\"wpb_wrapper\">\r\n\t\t\t<p data-start=\"170\" data-end=\"578\">As a leader, trainer, gym owner, or administrator, you understand exactly what your staff and students need to succeed in various environments. You also recognize the importance of maintaining a professional atmosphere that supports both morale and performance.\u00a0<strong>Shapes FW Custom Outerwear &amp; Workwear<\/strong>\u00a0helps elevate your facility with a complete range of fully customized gear, designed to meet the unique requirements of your staff, coaches, and athletes.<\/p>\n<hr data-start=\"580\" data-end=\"583\" \/>\n<h3 data-start=\"585\" data-end=\"630\"><strong data-start=\"589\" data-end=\"630\">Dise\u00f1o colaborativo para su equipo<\/strong><\/h3>\n<p data-start=\"632\" data-end=\"1050\">At Shapes FW, we understand that every team is unique. That\u2019s why each custom Muay Thai project begins with a personalized consultation, allowing us to fully understand your goals, preferences, and performance needs. Whether you\u2019re leading a youth Muay Thai academy or managing a professional competition team, we work closely with you to identify your exact requirements and deliver solutions that support superior performance.<\/p>\n<hr data-start=\"1052\" data-end=\"1055\" \/>\n<h3 data-start=\"1057\" data-end=\"1099\"><strong data-start=\"1061\" data-end=\"1099\">Dise\u00f1o colaborativo para su equipo<\/strong><\/h3>\n<p data-start=\"1101\" data-end=\"1441\">A lo largo del proceso de consulta, nuestro experimentado equipo de dise\u00f1o colabora con usted para crear\u00a0<strong>custom jackets and workwear<\/strong>\u00a0that perfectly reflect your brand identity and philosophy. With a strong focus on quality and detail, we ensure every element of your gear\u2014from stitching density to fabric weight\u2014is carefully crafted to match your specifications and exceed expectations.<\/p>\n\r\n\t\t<\/div>\r\n\t<\/div>\r\n<\/div><\/div><div class=\"vc_column_container col-md-6\"><div class=\"wpb_wrapper vc_column-inner\">\r\n\t<div class=\"wpb_text_column wpb_content_element wpb_custom_7c91d232724f73626cc933bd95b25ff0\" >\r\n\t\t<div class=\"wpb_wrapper\">\r\n\t\t\t<h3 data-start=\"104\" data-end=\"143\"><strong data-start=\"108\" data-end=\"143\">Proceso de aprobaci\u00f3n y producci\u00f3n<\/strong><\/h3>\n<p data-start=\"145\" data-end=\"491\">After the design phase is complete, we present you with a detailed proposal outlining all aspects of your custom Muay Thai products. Once you provide final approval, our skilled craftsmen and advanced production facilities bring your vision to life. Every Muay Thai product is manufactured with precision, care, and attention to detail to ensure exceptional results.<\/p>\n<hr data-start=\"493\" data-end=\"496\" \/>\n<h3 data-start=\"498\" data-end=\"528\"><strong data-start=\"502\" data-end=\"528\">Control de calidad robusto<\/strong><\/h3>\n<p data-start=\"530\" data-end=\"860\">Before shipment, your custom Muay Thai products undergo a <strong data-start=\"578\" data-end=\"633\">Inspecci\u00f3n de control de calidad integral en tres etapas<\/strong>Nuestro equipo examina minuciosamente cada detalle para garantizar que cada art\u00edculo cumpla con nuestros estrictos est\u00e1ndares de calidad. Desde la durabilidad y el rendimiento hasta la seguridad y el acabado, no se pasa por alto ning\u00fan detalle, lo que garantiza una total confianza en el producto final.<\/p>\n<hr data-start=\"862\" data-end=\"865\" \/>\n<h3 data-start=\"867\" data-end=\"911\"><strong data-start=\"871\" data-end=\"911\">Embalaje seguro y env\u00edo puntual<\/strong><\/h3>\n<p data-start=\"913\" data-end=\"1188\">Once your order passes our elite quality checks, we carefully package each item to ensure maximum protection during transit. Our secure packaging safeguards your custom Muay Thai gear from damage, ensuring it arrives in excellent condition and is ready for immediate use upon delivery.<\/p>\n\r\n\t\t<\/div>\r\n\t<\/div>\r\n<\/div><\/div><\/div><div class=\"vc_row wpb_row row top-row wpb_custom_034b39d9bc6c6b310d69e39f0ccf274f\"><div class=\"vc_column_container col-md-12\"><div class=\"wpb_wrapper vc_column-inner\"><div class=\"porto-separator\"><hr class=\"separator-line  wpb_content_element align_center\" style=\"background-image: -webkit-linear-gradient(left, transparent, grey, transparent); background-image: linear-gradient(to right, transparent, grey, transparent);\"><\/div><h3 style=\"font-size: 30px;color: var(--porto-quaternary-color);font-family:Carter One;font-weight:400;font-style:normal\" class=\"vc_custom_heading vc_do_custom_heading wpb_custom_aa365bd5046e8294520b4e73732b9d15 align-left\" >Formas FW: Dise\u00f1adas para el viaje del campe\u00f3n<\/h3>\r\n\t<div class=\"wpb_text_column wpb_content_element wpb_custom_7c91d232724f73626cc933bd95b25ff0\" >\r\n\t\t<div class=\"wpb_wrapper\">\r\n\t\t\t<p><strong>SHAPES FW<\/strong> Es una marca emblem\u00e1tica dentro de la cultura de las artes marciales y los deportes de combate, que redefine constantemente el concepto de calidad de \u00e9lite en equipamiento para deportes de combate. Lo que realmente distingue a la marca es su profundo compromiso con el dise\u00f1o cl\u00e1sico: crea piezas atemporales que trascienden las tendencias pasajeras y est\u00e1n hechas para perdurar.<\/p>\n<p>Igualmente distintiva es la atenci\u00f3n al detalle de SHAPES FW. Elementos que a menudo se pasan por alto se perfeccionan meticulosamente, garantizando que cada producto refleje artesan\u00eda y funcionalidad. Desde las costuras precisas de nuestros gis y la durabilidad de nuestros guantes hasta la flexibilidad de nuestras camisetas de compresi\u00f3n y equipamiento de Muay Thai, SHAPES FW combina a la perfecci\u00f3n forma y funci\u00f3n. Elegir SHAPES FW significa m\u00e1s que adquirir equipamiento: significa formar parte de un legado que honra las tradiciones de las artes marciales y, al mismo tiempo, abraza el futuro con confianza.<\/p>\n\r\n\t\t<\/div>\r\n\t<\/div>\r\n<\/div><\/div><\/div><div class=\"vc_row wpb_row row top-row wpb_custom_034b39d9bc6c6b310d69e39f0ccf274f\"><div class=\"vc_column_container col-md-12\"><div class=\"wpb_wrapper vc_column-inner\"><div class=\"vc_empty_space\"   style=\"height: 40px\"><span class=\"vc_empty_space_inner\"><\/span><\/div><\/div><\/div><\/div>\n<\/div>","protected":false},"excerpt":{"rendered":"Custom Outerwear &amp; Workwear Custom Outerwear & Workwear for Teams, Academies and Professionals From daily training essentials to high-visibility professional gear,\u00a0Shapes FW delivers fully customized outerwear solutions\u00a0designed to represent your organization's unique identity. Whether you manage a martial arts academy, a fitness facility, or a sports team, our range includes durable, weather-resistant styles built for [...]","protected":false},"author":2,"featured_media":0,"parent":49939,"menu_order":0,"comment_status":"closed","ping_status":"closed","template":"","meta":{"footnotes":""},"class_list":["post-49975","page","type-page","status-publish","hentry"],"_links":{"self":[{"href":"https:\/\/shapesfightwear.com\/es\/wp-json\/wp\/v2\/pages\/49975","targetHints":{"allow":["GET"]}}],"collection":[{"href":"https:\/\/shapesfightwear.com\/es\/wp-json\/wp\/v2\/pages"}],"about":[{"href":"https:\/\/shapesfightwear.com\/es\/wp-json\/wp\/v2\/types\/page"}],"author":[{"embeddable":true,"href":"https:\/\/shapesfightwear.com\/es\/wp-json\/wp\/v2\/users\/2"}],"replies":[{"embeddable":true,"href":"https:\/\/shapesfightwear.com\/es\/wp-json\/wp\/v2\/comments?post=49975"}],"version-history":[{"count":16,"href":"https:\/\/shapesfightwear.com\/es\/wp-json\/wp\/v2\/pages\/49975\/revisions"}],"predecessor-version":[{"id":50411,"href":"https:\/\/shapesfightwear.com\/es\/wp-json\/wp\/v2\/pages\/49975\/revisions\/50411"}],"up":[{"embeddable":true,"href":"https:\/\/shapesfightwear.com\/es\/wp-json\/wp\/v2\/pages\/49939"}],"wp:attachment":[{"href":"https:\/\/shapesfightwear.com\/es\/wp-json\/wp\/v2\/media?parent=49975"}],"curies":[{"name":"wp","href":"https:\/\/api.w.org\/{rel}","templated":true}]}}