{"id":6153,"date":"2025-08-24T07:59:14","date_gmt":"2025-08-24T07:59:14","guid":{"rendered":"https:\/\/mediumspringgreen-meerkat-571505.hostingersite.com\/?page_id=6153"},"modified":"2026-03-24T18:48:09","modified_gmt":"2026-03-24T18:48:09","slug":"sobre-nosotras","status":"publish","type":"page","link":"https:\/\/shapesfightwear.com\/es\/sobre-nosotras\/","title":{"rendered":"Sobre nosotras"},"content":{"rendered":"<div class=\"wpb-content-wrapper\"><div class=\"vc_row wpb_row row top-row wpb_custom_034b39d9bc6c6b310d69e39f0ccf274f\"><div class=\"vc_column_container col-md-12\"><div class=\"wpb_wrapper vc_column-inner\"><h2 style=\"font-size: 24px;color: #000000;text-align: center;font-family:Josefin Sans;font-weight:700;font-style:normal\" class=\"vc_custom_heading vc_do_custom_heading wpb_custom_aa365bd5046e8294520b4e73732b9d15\" >Sobre nosotras<\/h2><\/div><\/div><\/div><div class=\"vc_row wpb_row row top-row wpb_custom_034b39d9bc6c6b310d69e39f0ccf274f\"><div class=\"vc_column_container col-md-12\"><div class=\"wpb_wrapper vc_column-inner\"><div class=\"porto-separator\"><hr class=\"separator-line  wpb_content_element align_center\" style=\"background-image: -webkit-linear-gradient(left, transparent, #dd3333, transparent); background-image: linear-gradient(to right, transparent, #dd3333, transparent);\"><\/div><\/div><\/div><\/div><div class=\"vc_row wpb_row row top-row wpb_custom_034b39d9bc6c6b310d69e39f0ccf274f\"><div class=\"vc_column_container col-md-12\"><div class=\"wpb_wrapper vc_column-inner\"><div class=\"vc_empty_space\"   style=\"height: 32px\"><span class=\"vc_empty_space_inner\"><\/span><\/div><\/div><\/div><\/div><div class=\"vc_row wpb_row row top-row wpb_custom_034b39d9bc6c6b310d69e39f0ccf274f\"><div class=\"vc_column_container col-md-3\"><div class=\"wpb_wrapper vc_column-inner\">\r\n\t<div class=\"wpb_single_image wpb_content_element vc_align_center wpb_content_element  wpb_custom_81a4f7ef9830bf958462581aa01150fb\"><div class=\"wpb_wrapper\">\r\n\t\t\t\r\n\t\t\t<div class=\"vc_single_image-wrapper vc_box_circle  vc_box_border_grey\"><img decoding=\"async\" class=\"vc_single_image-img\" src=\"https:\/\/shapesfightwear.com\/wp-content\/uploads\/2025\/08\/abt-us-logo-1-250x250-1.jpg\" width=\"250\" height=\"250\" alt=\"abt-us-logo-1-250x250-1\" title=\"abt-us-logo-1-250x250-1\" loading=\"lazy\" \/><\/div>\r\n\t\t<\/div>\r\n\t<\/div>\r\n<\/div><\/div><div class=\"vc_column_container col-md-9\"><div class=\"wpb_wrapper vc_column-inner\">\r\n\t<div class=\"wpb_text_column wpb_content_element wpb_custom_7c91d232724f73626cc933bd95b25ff0\" >\r\n\t\t<div class=\"wpb_wrapper\">\r\n\t\t\t<p style=\"text-align: center;\"><span style=\"color: #000000;\"><strong>Shapes Enterprises es una empresa l\u00edder con sede en Pakist\u00e1n que ofrece productos elegantes e innovadores dise\u00f1ados espec\u00edficamente para el jiu-jitsu brasile\u00f1o, MMA, deportes de combate y artes marciales. Nuestra visi\u00f3n no es crear una \"marca de lucha\", sino una marca de estilo de vida deportivo que satisfaga las necesidades del deportista aficionado.<\/strong><\/span><\/p>\n<p style=\"text-align: center;\"><span style=\"color: #000000;\"><strong>Seguimos desarrollando para ampliar sistem\u00e1ticamente la gama de productos y ofrecerle una selecci\u00f3n a\u00fan m\u00e1s amplia y proporcionarle a\u00fan m\u00e1s flexibilidad.<\/strong><strong> Porque somos creadores, tenemos el conocimiento para dise\u00f1ar y producir art\u00edculos de nivel professional.<\/strong><strong>Nos comprometemos a brindar a cada luchador del mundo la oportunidad de obtener solo los mejores productos de Jiu-Jitsu, MMA y grappling manteniendo la satisfacci\u00f3n total del cliente a precios competitivos.<\/strong><\/span><\/p>\n<p style=\"text-align: center;\"><span style=\"color: #000000;\"><strong>Shapes Enterprises trabaja con productos individuales hechos a medida y pedidos al por mayor.<\/strong><\/span><\/p>\n<p style=\"text-align: center;\"><span style=\"color: #000000;\"><strong>En constante evoluci\u00f3n y con una est\u00e9tica inusual, Shapes Enterprises presenta nuevas ideas, productos y dise\u00f1os innovadores para complementar el fen\u00f3meno del Jiu-Jitsu, las MMA y los deportes de combate, cada vez m\u00e1s populares y en constante evoluci\u00f3n. Con su estilo \u00fanico y vanguardista, Shapes Fightwear llega donde otros no se atreven. Por eso, presentamos los kimonos de BJJ personalizados\/a medida disponibles en l\u00ednea.<\/strong><\/span><\/p>\n\r\n\t\t<\/div>\r\n\t<\/div>\r\n<\/div><\/div><\/div><div class=\"vc_row wpb_row row top-row wpb_custom_034b39d9bc6c6b310d69e39f0ccf274f\"><div class=\"vc_column_container col-md-12\"><div class=\"wpb_wrapper vc_column-inner\"><\/div><\/div><\/div><div class=\"vc_row wpb_row row top-row wpb_custom_034b39d9bc6c6b310d69e39f0ccf274f\"><div class=\"vc_column_container col-md-3\"><div class=\"wpb_wrapper vc_column-inner\"><\/div><\/div><div class=\"vc_column_container col-md-9\"><div class=\"wpb_wrapper vc_column-inner\"><h2 style=\"font-size: 20px;color: #dd8e18;text-align: center;font-family:Josefin Sans;font-weight:600;font-style:normal\" class=\"vc_custom_heading vc_do_custom_heading wpb_custom_aa365bd5046e8294520b4e73732b9d15\" >Kimonos de BJJ hechos a medida<\/h2>\r\n\t<div class=\"wpb_text_column wpb_content_element vc_custom_1648409529639 wpb_custom_7c91d232724f73626cc933bd95b25ff0\" >\r\n\t\t<div class=\"wpb_wrapper\">\r\n\t\t\t<p><strong>Nuestro nuevo concepto te permite crear tu propio kimono\/gi a medida en l\u00ednea. Para ello, elige tu paquete y completa un formulario de kimono personalizado con todos los detalles, siguiendo una sencilla gu\u00eda paso a paso. La experiencia de shapesfightwear.com tambi\u00e9n te permite dise\u00f1ar tu kimono con el \"Kit de Dise\u00f1o de Gi\", y t\u00fa decides.<\/strong><\/p>\n<p><strong>Shapes BJJ Kimonos\/Gi es la mejor opci\u00f3n para quienes no desean gastar mucho dinero en un buen kimono personalizado. Nuestro objetivo es ofrecerte un kimono con muchas de las mismas caracter\u00edsticas que otras marcas reconocidas ofrecen en un kimono resistente, pero a un precio m\u00e1s razonable y econ\u00f3mico.<\/strong><\/p>\n<p><em><span style=\"color: #993300;\"><strong>Shapes Fightwear<\/strong><\/span><\/em>\u00a0<strong>es una marca y nombre comercmajore <em>Shapes Enterprises<\/em>, una empresa registrada que opera desde Pakist\u00e1n. Nuestra tienda en l\u00ednea vende equipo y ropa de BJJ y MMA de alta calidad directamente desde nuestras instalaciones de producci\u00f3n en Pakist\u00e1n a clientes de todo el mundo.<\/strong><strong>\u00a0<\/strong><\/p>\n<p><em><strong>Para cualquier informaci\u00f3n, puede ponerse en contacto con nosotros en cualquier momento.<\/strong><\/em><\/p>\n<p><strong>Gracias por visitar nuestro sitio web y esperamos poder servirle en el future.<\/strong><\/p>\n\r\n\t\t<\/div>\r\n\t<\/div>\r\n<\/div><\/div><\/div><div class=\"vc_row wpb_row row top-row wpb_custom_034b39d9bc6c6b310d69e39f0ccf274f\"><div class=\"vc_column_container col-md-12\"><div class=\"wpb_wrapper vc_column-inner\"><div class=\"vc_empty_space\"   style=\"height: 35px\"><span class=\"vc_empty_space_inner\"><\/span><\/div><\/div><\/div><\/div>\n<\/div>","protected":false},"excerpt":{"rendered":"ABOUT US Shapes Enterprises is a leading, Pakistan based company name offering stylish and innovative products developed specifically for Brazilian Jiu-jitsu, MMA, combat sports and martial arts competition and training. Our vision is not to create a \"fight brand\", but instead a sportsman lifestyle brand that spoke directly to the needs of the everyday sportsman [...]","protected":false},"author":2,"featured_media":0,"parent":0,"menu_order":0,"comment_status":"closed","ping_status":"closed","template":"","meta":{"footnotes":""},"class_list":["post-6153","page","type-page","status-publish","hentry"],"_links":{"self":[{"href":"https:\/\/shapesfightwear.com\/es\/wp-json\/wp\/v2\/pages\/6153","targetHints":{"allow":["GET"]}}],"collection":[{"href":"https:\/\/shapesfightwear.com\/es\/wp-json\/wp\/v2\/pages"}],"about":[{"href":"https:\/\/shapesfightwear.com\/es\/wp-json\/wp\/v2\/types\/page"}],"author":[{"embeddable":true,"href":"https:\/\/shapesfightwear.com\/es\/wp-json\/wp\/v2\/users\/2"}],"replies":[{"embeddable":true,"href":"https:\/\/shapesfightwear.com\/es\/wp-json\/wp\/v2\/comments?post=6153"}],"version-history":[{"count":7,"href":"https:\/\/shapesfightwear.com\/es\/wp-json\/wp\/v2\/pages\/6153\/revisions"}],"predecessor-version":[{"id":50416,"href":"https:\/\/shapesfightwear.com\/es\/wp-json\/wp\/v2\/pages\/6153\/revisions\/50416"}],"wp:attachment":[{"href":"https:\/\/shapesfightwear.com\/es\/wp-json\/wp\/v2\/media?parent=6153"}],"curies":[{"name":"wp","href":"https:\/\/api.w.org\/{rel}","templated":true}]}}