{"id":6155,"date":"2025-08-24T16:16:32","date_gmt":"2025-08-24T16:16:32","guid":{"rendered":"https:\/\/mediumspringgreen-meerkat-571505.hostingersite.com\/?page_id=6155"},"modified":"2026-03-24T17:41:04","modified_gmt":"2026-03-24T17:41:04","slug":"atuendos-de-academia-de-bjj","status":"publish","type":"page","link":"https:\/\/shapesfightwear.com\/es\/atuendos-de-academia-de-bjj\/","title":{"rendered":"Ropa de academia de Jiu-Jitsu Brasile\u00f1o"},"content":{"rendered":"<div class=\"wpb-content-wrapper\"><div data-vc-full-width=\"true\" data-vc-full-width-temp=\"true\" data-vc-full-width-init=\"false\" data-vc-stretch-content=\"true\" class=\"vc_row wpb_row top-row vc_row-no-padding porto-inner-container wpb_custom_034b39d9bc6c6b310d69e39f0ccf274f\"><div class=\"porto-wrap-container container\"><div class=\"row\"><div class=\"vc_column_container col-md-12\"><div class=\"wpb_wrapper vc_column-inner\"><h2 style=\"font-size: 38px;color: var(--porto-quaternary-color);text-align: center;font-family:Roboto;font-weight:900;font-style:normal\" class=\"vc_custom_heading vc_do_custom_heading vc_custom_1774374033043 wpb_custom_aa365bd5046e8294520b4e73732b9d15\" >TIENDA ONLINE DE LA ACADEMIA<\/h2><\/div><\/div><\/div><\/div><\/div><div class=\"vc_row-full-width vc_clearfix\"><\/div><div data-vc-full-width=\"true\" data-vc-full-width-temp=\"true\" data-vc-full-width-init=\"false\" data-vc-stretch-content=\"true\" class=\"vc_row wpb_row top-row vc_custom_1607360845774 vc_row-has-fill vc_row-no-padding porto-inner-container wpb_custom_034b39d9bc6c6b310d69e39f0ccf274f\"><div class=\"porto-wrap-container container\"><div class=\"row\"><div class=\"vc_column_container col-md-12\"><div class=\"wpb_wrapper vc_column-inner\">\r\n\t<div class=\"wpb_single_image wpb_content_element vc_align_center wpb_content_element  wpb_custom_81a4f7ef9830bf958462581aa01150fb\"><div class=\"wpb_wrapper\">\r\n\t\t\t\r\n\t\t\t<div class=\"vc_single_image-wrapper   vc_box_border_grey\"><img decoding=\"async\" class=\"vc_single_image-img\" src=\"https:\/\/shapesfightwear.com\/wp-content\/uploads\/2025\/08\/Academy-Stores-2100x750.jpg\" width=\"2100\" height=\"750\" alt=\"BJJ Academy Webstore\" title=\"Academy-Stores\" loading=\"lazy\" \/><\/div>\r\n\t\t<\/div>\r\n\t<\/div>\r\n<\/div><\/div><\/div><\/div><\/div><div class=\"vc_row-full-width vc_clearfix\"><\/div><div class=\"vc_row wpb_row row top-row home-banner vc_custom_1650806873933 no-padding wpb_custom_034b39d9bc6c6b310d69e39f0ccf274f\"><div data-vc-parallax=\"1.3\" class=\"order-lg-2 vc_column_container col-md-12 col-lg-6 vc_general vc_parallax vc_parallax-content-moving\"><div class=\"wpb_wrapper vc_column-inner\">\r\n\t<div class=\"wpb_single_image wpb_content_element vc_align_center wpb_content_element   pc-pos-l-t wpb_custom_81a4f7ef9830bf958462581aa01150fb\"><div class=\"wpb_wrapper\">\r\n\t\t\t\r\n\t\t\t<div class=\"vc_single_image-wrapper   vc_box_border_grey\"><img decoding=\"async\" class=\"vc_single_image-img\" src=\"https:\/\/shapesfightwear.com\/wp-content\/uploads\/2025\/08\/Academy-Gis-Banner-800x400.jpg\" width=\"800\" height=\"400\" alt=\"Academy-Gis-Banner\" title=\"Academy-Gis-Banner\" loading=\"lazy\" \/><\/div>\r\n\t\t<\/div>\r\n\t<\/div>\r\n<\/div><\/div><div class=\"porto-ibanner-layer position-static vc_column_container col-md-12 col-lg-6 vc_custom_1645902421817\"><div class=\"wpb_wrapper vc_column-inner\"><h2 style=\"font-size: 20px;color: #000000;line-height: 1;text-align: center;font-family:Roboto;font-weight:700;font-style:normal;font-weight:600;letter-spacing:.2em\" class=\"vc_custom_heading vc_do_custom_heading wpb_custom_aa365bd5046e8294520b4e73732b9d15\" >La forma sencilla de generar ingresos adicionales para tu academia.<\/h2><p style=\"font-size: 15px;color: #6d6d6d;line-height: 1.5;font-weight:500;letter-spacing:-.015em\" class=\"vc_custom_heading vc_do_custom_heading wpb_custom_aa365bd5046e8294520b4e73732b9d15 align-left\" >Ofrecemos pedidos bajo demanda de una amplia variedad de art\u00edculos a trav\u00e9s de nuestra p\u00e1gina web, mediante una tienda online que presenta los uniformes personalizados de tu academia de BJJ. Tus alumnos pueden pedir f\u00e1cilmente el equipo que necesitan, incluyendo ropa para cinturones blancos, azules, morados, marrones y negros. Ya no tendr\u00e1s que gestionar las compras ni el inventario, eliminando el riesgo de mercanc\u00eda sin vender. Nosotros nos encargamos de todo el env\u00edo y la log\u00edstica, lo que facilita el proceso tanto para instructores como para alumnos. Tu academia no tendr\u00e1 ning\u00fan coste adicional, salvo la tarifa de configuraci\u00f3n inicial.<\/p><\/div><\/div><\/div><div class=\"vc_row wpb_row row top-row home-banner no-padding wpb_custom_034b39d9bc6c6b310d69e39f0ccf274f\"><div data-vc-parallax=\"1.3\" class=\"vc_column_container col-md-12 col-lg-6 vc_general vc_parallax vc_parallax-content-moving\"><div class=\"wpb_wrapper vc_column-inner\">\r\n\t<div class=\"wpb_single_image wpb_content_element vc_align_center wpb_content_element   pc-pos-r-b wpb_custom_81a4f7ef9830bf958462581aa01150fb\"><div class=\"wpb_wrapper\">\r\n\t\t\t\r\n\t\t\t<div class=\"vc_single_image-wrapper   vc_box_border_grey\"><img decoding=\"async\" class=\"vc_single_image-img\" src=\"https:\/\/shapesfightwear.com\/wp-content\/uploads\/2025\/08\/Academy-Rashguards-Banner-1.jpg\" width=\"800\" height=\"406\" alt=\"Academy-Rashguards-Banner-1\" title=\"Academy-Rashguards-Banner-1\" loading=\"lazy\" \/><\/div>\r\n\t\t<\/div>\r\n\t<\/div>\r\n<\/div><\/div><div class=\"porto-ibanner-layer position-static vc_column_container col-md-12 col-lg-6 vc_custom_1599060767388\"><div class=\"wpb_wrapper vc_column-inner\"><h4 style=\"font-size: 20px;color: #000000;line-height: 1;text-align: center;font-family:Roboto;font-weight:700;font-style:normal;font-weight:600;letter-spacing:.2em\" class=\"vc_custom_heading vc_do_custom_heading wpb_custom_aa365bd5046e8294520b4e73732b9d15\" >Ropa y equipamiento de combate personalizables con los logotipos de tu academia.<\/h4><p style=\"font-size: 15px;color: #6d6d6d;line-height: 1.5;font-weight:500;letter-spacing:-.015em\" class=\"vc_custom_heading vc_do_custom_heading wpb_custom_aa365bd5046e8294520b4e73732b9d15 align-left\" >Rashguards, mallas, pantalones cortos de vale tudo\/compresi\u00f3n, pantalones cortos de lucha, pantalones cortos de grappling, pantalones cortos de kickboxing, pantalones cortos d\u00fao, camisetas sin mangas, camisetas, sudaderas con capucha, camisetas sin mangas, sujetadores deportivos, bolsas con cord\u00f3n, bolsas de equipo, kimonos, parches para kimonos, m\u00e1scaras faciales y braguitas de cuello. Tallas para j\u00f3venes, adultos y tallas extra grandes disponibles para cada art\u00edculo. Tambi\u00e9n se ofrecen tallas para mujer en rashguards.<\/p><\/div><\/div><\/div><div class=\"vc_row wpb_row row top-row vc_custom_1645819847958 vc_row-has-fill vc_row-o-content-middle vc_row-flex wpb_custom_034b39d9bc6c6b310d69e39f0ccf274f\"><div class=\"vc_column_container col-md-12\"><div class=\"wpb_wrapper vc_column-inner\"><div class=\"vc_empty_space\"   style=\"height: 40px\"><span class=\"vc_empty_space_inner\"><\/span><\/div><h2 style=\"font-size: 24px;color: #eaeaea;text-align: center;font-family:Lato;font-weight:700;font-style:normal\" class=\"vc_custom_heading vc_do_custom_heading wpb_custom_aa365bd5046e8294520b4e73732b9d15\" >\u00bfInteresada en tu propia tienda web academia?<\/h2><div class=\"porto-btn-ctn-center\"><a class=\"porto-btn porto-adjust-bottom-margin porto-btn-large porto-btn-center-hz-bg   wpb_custom_fa51088c2567b780100c1edcf8821d3b  porto-btn-center\"  rel='' href = \"https:\/\/shapesfightwear.com\/academy-store-form\/\" target='_blank' data-hover=\"\" data-border-color=\"\" data-bg=\"#e0e0e0\" data-hover-bg=\"#9e9e9e\" data-border-hover=\"\" data-shadow-click=\"none\" data-shadow=\"\" style=\"font-weight:500;font-size:18PX;border:none;background: #e0e0e0;color: #000000;\"><span class=\"porto-btn-hover\" style=\"background-color:#9e9e9e\"><\/span><span class=\"porto-btn-data porto-btn-text\" >ENVIAR UNA CONSULTA<\/span><\/a><\/div><div class=\"vc_empty_space\"   style=\"height: 40px\"><span class=\"vc_empty_space_inner\"><\/span><\/div><\/div><\/div><\/div><div class=\"vc_row wpb_row row top-row wpb_custom_034b39d9bc6c6b310d69e39f0ccf274f\"><div class=\"vc_column_container col-md-12\"><div class=\"wpb_wrapper vc_column-inner\"><div class=\"vc_empty_space\"   style=\"height: 40px\"><span class=\"vc_empty_space_inner\"><\/span><\/div><\/div><\/div><\/div>\n<\/div>","protected":false},"excerpt":{"rendered":"ACADEMY WEB STORE The hassle-free way to generate extra income for your academy.We offer on-demand ordering for a wide variety of items through our website via an online storefront featuring your academy\u2019s customized BJJ Academy Outfits. Your students can easily order the gear they need on-demand, including apparel for white belt, blue belt, purple belt, [...]","protected":false},"author":2,"featured_media":0,"parent":0,"menu_order":0,"comment_status":"closed","ping_status":"closed","template":"","meta":{"footnotes":""},"class_list":["post-6155","page","type-page","status-publish","hentry"],"_links":{"self":[{"href":"https:\/\/shapesfightwear.com\/es\/wp-json\/wp\/v2\/pages\/6155","targetHints":{"allow":["GET"]}}],"collection":[{"href":"https:\/\/shapesfightwear.com\/es\/wp-json\/wp\/v2\/pages"}],"about":[{"href":"https:\/\/shapesfightwear.com\/es\/wp-json\/wp\/v2\/types\/page"}],"author":[{"embeddable":true,"href":"https:\/\/shapesfightwear.com\/es\/wp-json\/wp\/v2\/users\/2"}],"replies":[{"embeddable":true,"href":"https:\/\/shapesfightwear.com\/es\/wp-json\/wp\/v2\/comments?post=6155"}],"version-history":[{"count":10,"href":"https:\/\/shapesfightwear.com\/es\/wp-json\/wp\/v2\/pages\/6155\/revisions"}],"predecessor-version":[{"id":50345,"href":"https:\/\/shapesfightwear.com\/es\/wp-json\/wp\/v2\/pages\/6155\/revisions\/50345"}],"wp:attachment":[{"href":"https:\/\/shapesfightwear.com\/es\/wp-json\/wp\/v2\/media?parent=6155"}],"curies":[{"name":"wp","href":"https:\/\/api.w.org\/{rel}","templated":true}]}}