{"id":6158,"date":"2025-08-24T16:17:38","date_gmt":"2025-08-24T16:17:38","guid":{"rendered":"https:\/\/mediumspringgreen-meerkat-571505.hostingersite.com\/?page_id=6158"},"modified":"2026-03-24T18:51:41","modified_gmt":"2026-03-24T18:51:41","slug":"cuidado-gi-bjj","status":"publish","type":"page","link":"https:\/\/shapesfightwear.com\/es\/cuidado-gi-bjj\/","title":{"rendered":"Cuidado del GI de BJJ"},"content":{"rendered":"<div class=\"wpb-content-wrapper\"><div class=\"vc_row wpb_row row top-row wpb_custom_034b39d9bc6c6b310d69e39f0ccf274f\"><div class=\"vc_column_container col-md-12\"><div class=\"wpb_wrapper vc_column-inner\"><h2 style=\"font-size: 26px;color: #000000;text-align: center;font-family:Josefin Sans;font-weight:700;font-style:normal\" class=\"vc_custom_heading vc_do_custom_heading wpb_custom_aa365bd5046e8294520b4e73732b9d15\" >Cuidado del GI de BJJ<\/h2><\/div><\/div><\/div><div class=\"vc_row wpb_row row top-row wpb_custom_034b39d9bc6c6b310d69e39f0ccf274f\"><div class=\"vc_column_container col-md-12\"><div class=\"wpb_wrapper vc_column-inner\"><div class=\"porto-separator\"><hr class=\"separator-line  wpb_content_element align_center\" style=\"background-image: -webkit-linear-gradient(left, transparent, #dd3333, transparent); background-image: linear-gradient(to right, transparent, #dd3333, transparent);\"><\/div><\/div><\/div><\/div><div class=\"vc_row wpb_row row top-row wpb_custom_034b39d9bc6c6b310d69e39f0ccf274f\"><div class=\"vc_column_container col-md-12\"><div class=\"wpb_wrapper vc_column-inner\"><div class=\"vc_empty_space\"   style=\"height: 32px\"><span class=\"vc_empty_space_inner\"><\/span><\/div><\/div><\/div><\/div><div class=\"vc_row wpb_row row top-row wpb_custom_034b39d9bc6c6b310d69e39f0ccf274f\"><div class=\"vc_column_container col-md-12\"><div class=\"wpb_wrapper vc_column-inner\">\r\n\t<div class=\"wpb_text_column wpb_content_element wpb_custom_7c91d232724f73626cc933bd95b25ff0\" >\r\n\t\t<div class=\"wpb_wrapper\">\r\n\t\t\t<div align=\"justify\">\n<p><strong><span class=\"trem-doc11\">\u00bfAlguna vez te has preguntado cu\u00e1l es la mejor manera de cuidar tu nuevo aparato digestivo? La mayor\u00eda de los principiantes en el deporte piensan que basta con lavarlo y secarlo como el resto de la ropa. \u00a1Error! Hacerlo podr\u00eda ser un error costoso y da\u00f1ar tu aparato digestivo en m\u00e1s de un sentido.<br \/>\n<\/span>A continuaci\u00f3n describiremos la mejor forma de cuidar su GI que ayudar\u00e1 a preservar su color, tama\u00f1o y condici\u00f3n.<\/strong><br \/>\n<strong><span class=\"trem-doc-gr\" style=\"font-size: 18px; color: #000000;\"><br \/>\nLavado<br \/>\n<\/span><span class=\"trem-doc11\"><br \/>\nSiempre debes lavarte el tracto gastrointestinal inmediatamente despu\u00e9s de clase. Dejarlo en una bolsa de gimnasio, aunque sea solo por la noche, puede decolorarlo, oler mal y albergar g\u00e9rmenes. Si se deja as\u00ed, puede propagar enfermedades transmitidas por el suelo, como la ti\u00f1a y el estafilococo, que pueden causar estragos en tu gimnasio. No seas ese tipo de persona que propaga g\u00e9rmenes. No es bueno para tu instructor ni para tus compa\u00f1eros.<\/span><\/strong><\/p>\n<p><strong>Siempre debes lavar tu prenda interior al rev\u00e9s con agua fr\u00eda o a 30 o 40 grados. Esto minimizar\u00e1 el encogimiento y la decoloraci\u00f3n.<\/strong><\/p>\n<p><strong>Lavarlo a alta temperatura puede provocar que se encoja demasiado, pierda el color y deforme la solapa. Nuestras solapas tienen un n\u00facleo de goma EVA que les da resistencia y ayuda a mantener su forma. Aplicar demasiado calor puede da\u00f1arlas.<\/strong><\/p>\n<p><strong>Lo mejor es lavarla con un detergente no biol\u00f3gico, ya que contiene muchos menos qu\u00edmicos y ser\u00e1 mejor para ti a largo plazo. Usar suavizante es opcional, pero puede ayudar a mantener tu Chaqueta GI suave.<\/strong><br \/>\n<strong><br \/>\n<span class=\"trem-doc-gr\" style=\"font-size: 18px;\"><span style=\"color: #000000;\">El secado<br \/>\n<\/span><br \/>\n<\/span><span class=\"trem-doc11\">Para empezar, digamos que solo debe secar su ropa interior en la secadora como \u00faltimo recurso, como si necesitara encogerla si le queda demasiado grande. A continuaci\u00f3n, encontrar\u00e1 m\u00e1s informaci\u00f3n sobre c\u00f3mo encogerla.<\/span><\/strong><strong>Debes dejar que tu prenda se seque al aire libre colg\u00e1ndola en un lugar ventilado o en una percha, lejos de fuentes de calor directo, como un radiador. El calor excesivo puede deste\u00f1ir, da\u00f1ar o debilitar los puntos de tensi\u00f3n, deformar la solapa y derretir ciertos tipos de parches. Aunque quieras mantenerla alejada del calor directo, puedes secarla al aire libre en un tendedero en un d\u00eda caluroso.<br \/>\n<\/strong><strong><br \/>\nAl secar su GI, aseg\u00farese de que est\u00e9 completamente abierto y que el aire circule libremente por todos lados. Evite amontonar las mangas o dejarlo secar sobre una superficie plana. Esto puede causar un secado desigual y, adem\u00e1s, que huela a humedad, ya que no se seca con la suficiente rapidez.<\/strong><br \/>\n<strong><br \/>\n<span class=\"trem-doc-gr\" style=\"font-size: 18px; color: #000000;\">Planchado<br \/>\n<\/span><span class=\"trem-doc11\"><br \/>\nSi prefiere planchar su GI antes de la clase, h\u00e1galo, pero a baja temperatura y con el GI al rev\u00e9s. Algunos parches se derriten o se pegan con la plancha caliente, as\u00ed que es mejor evitar que entren en contacto con ella. Tenga en cuenta que esto tambi\u00e9n incluye la cinta tejida de la marca que a veces se encuentra dentro de la solapa, las mangas o los pu\u00f1os del pantal\u00f3n. \u00a0<\/span><\/strong><br \/>\n<strong><br \/>\n<span class=\"trem-doc-gr\" style=\"font-size: 18px; color: #000000;\">Contracci\u00f3n<br \/>\n<\/span><span class=\"trem-doc11\"><br \/>\nDebemos se\u00f1alar que todos los GI se encoger\u00e1n un poco despu\u00e9s del primer lavado, pero dependiendo del material del que est\u00e9 hecho el GI y de c\u00f3mo lo lave y seque, se determinar\u00e1 cu\u00e1nto se encoger\u00e1.<br \/>\n<\/span><\/strong><strong>Con respecto al encogimiento de su prenda, siempre es mejor consultar con el fabricante antes de comenzar el proceso, ya que cada prenda se encoge de manera diferente. Esto puede deberse a muchas razones, pero la m\u00e1s com\u00fan ser\u00eda debido a los diferentes materiales de tejido con los que est\u00e1n hechas. Algunas se encogen bastante en un lavado est\u00e1ndar, mientras que otras no se encogen ni un cent\u00edmetro al lavarlas a alta temperatura. Como regla general, los tejidos sencillos y dorados se encogen m\u00e1s f\u00e1cilmente que, por ejemplo, un tejido perlado o carioca. Esto se debe a la holgura o tirantez de dichos tejidos.<\/strong><\/p>\n<p><strong>Como regla general, estos son nuestros mejores consejos para reducir su \u00edndice gluc\u00e9mico:<\/strong><\/div>\n<ol>\n<li><strong>Pru\u00e9bate la prenda. \u00bfTe queda bien? Si te queda casi perfecta, l\u00e1vala con agua fr\u00eda o a 30\/40 grados y cu\u00e9lgala para que se seque. Pru\u00e9bate la prenda de nuevo. Si sigue sin quedarte bien, repite el proceso.<\/strong><\/li>\n<li><strong>Si despu\u00e9s de esto tu GI a\u00fan no te queda bien, l\u00e1valo a 50 grados, cu\u00e9lgalo para secarlo y pru\u00e9balo nuevamente.<\/strong><\/li>\n<li><strong>Como \u00faltimo recurso, puedes intentar encogerlo a\u00fan m\u00e1s meti\u00e9ndolo en la secadora. Si tu secadora tiene opci\u00f3n de aire fr\u00edo, \u00fasalo y revisa el \u00edndice de refracci\u00f3n cada 5 minutos por si se encoge m\u00e1s de lo esperado.<\/strong><\/li>\n<\/ol>\n<p><strong><em class=\"trem-doc11\">Tenga en cuenta que colocar su prenda en la secadora es bajo su propio riesgo. No nos responsabilizamos de ning\u00fan da\u00f1o ni encogimiento excesivo causado por el uso de la secadora.<\/em><\/strong><br \/>\n<strong><br \/>\n<span class=\"trem-doc-gr\" style=\"font-size: 18px; color: #000000;\">Ajuste de color de su IG<br \/>\n<\/span><span class=\"trem-doc11\"><br \/>\nAlgunas personas recomiendan tratar la prenda con vinagre o bicarbonato de sodio antes de lavarla para fijar el color. Esto no es necesario con nuestras prendas, ya que han sido pretratadas despu\u00e9s del proceso de te\u00f1ido en la f\u00e1brica.<\/span><\/strong><\/p>\n<p><strong>Si tiene alguna duda sobre el cuidado de su tracto gastrointestinal o sobre cualquier tema mencionado anteriormente, cont\u00e1ctenos primero y con gusto le ayudaremos. Puede contactarnos a trav\u00e9s de nuestra p\u00e1gina de contacto o por correo electr\u00f3nico a\u00a0<a class=\"style4\" href=\"mailto:sales@shapesfightwear.com\"><em>sales@shapesfightwear.com<\/em><em><br \/>\n<\/em><\/a><\/strong><\/p>\n\r\n\t\t<\/div>\r\n\t<\/div>\r\n<\/div><\/div><\/div><div class=\"vc_row wpb_row row top-row wpb_custom_034b39d9bc6c6b310d69e39f0ccf274f\"><div class=\"vc_column_container col-md-12\"><div class=\"wpb_wrapper vc_column-inner\"><div class=\"vc_empty_space\"   style=\"height: 32px\"><span class=\"vc_empty_space_inner\"><\/span><\/div><\/div><\/div><\/div>\n<\/div>","protected":false},"excerpt":{"rendered":"BJJ GI CARE Ever wondered what the best way to care for your new GI is? Most newcomers to the sport will think you can just wash and dry it like the rest of your clothes. Wrong! Doing so could be a costly mistake and wreck your GI in more ways than one. Below we [...]","protected":false},"author":2,"featured_media":0,"parent":0,"menu_order":0,"comment_status":"closed","ping_status":"closed","template":"","meta":{"footnotes":""},"class_list":["post-6158","page","type-page","status-publish","hentry"],"_links":{"self":[{"href":"https:\/\/shapesfightwear.com\/es\/wp-json\/wp\/v2\/pages\/6158","targetHints":{"allow":["GET"]}}],"collection":[{"href":"https:\/\/shapesfightwear.com\/es\/wp-json\/wp\/v2\/pages"}],"about":[{"href":"https:\/\/shapesfightwear.com\/es\/wp-json\/wp\/v2\/types\/page"}],"author":[{"embeddable":true,"href":"https:\/\/shapesfightwear.com\/es\/wp-json\/wp\/v2\/users\/2"}],"replies":[{"embeddable":true,"href":"https:\/\/shapesfightwear.com\/es\/wp-json\/wp\/v2\/comments?post=6158"}],"version-history":[{"count":5,"href":"https:\/\/shapesfightwear.com\/es\/wp-json\/wp\/v2\/pages\/6158\/revisions"}],"predecessor-version":[{"id":50423,"href":"https:\/\/shapesfightwear.com\/es\/wp-json\/wp\/v2\/pages\/6158\/revisions\/50423"}],"wp:attachment":[{"href":"https:\/\/shapesfightwear.com\/es\/wp-json\/wp\/v2\/media?parent=6158"}],"curies":[{"name":"wp","href":"https:\/\/api.w.org\/{rel}","templated":true}]}}