{"id":47358,"date":"2025-08-23T18:06:47","date_gmt":"2025-08-23T18:06:47","guid":{"rendered":"https:\/\/mediumspringgreen-meerkat-571505.hostingersite.com\/?post_type=product&#038;p=47358"},"modified":"2026-03-14T09:57:02","modified_gmt":"2026-03-14T09:57:02","slug":"camiseta-de-proteccion-solar-personalizada","status":"publish","type":"product","link":"https:\/\/shapesfightwear.com\/es\/product\/camiseta-de-proteccion-solar-personalizada\/","title":{"rendered":"RASH GUARD PERSONALIZADO"},"content":{"rendered":"<p><strong><span style=\"font-size: 13px; color: #333333;\"><span style=\"color: #808080;\"><span style=\"color: #000000;\">Shapes Fightwear<\/span> Si\u00e9ntete y luce incre\u00edble con tu Rashguard personalizado mientras disfrutas de la comodidad de la calidad de nuestros productos. \u00a1Libera tu creatividad y comparte tu pasi\u00f3n!<\/span><\/span><\/strong><\/p>\n<h2><span style=\"color: #000000; font-size: 16px;\"><strong>Las caracter\u00edsticas del rash guard personalizado Shapes incluyen:<\/strong><\/span><\/h2>\n<ul>\n<li><span style=\"color: #808080;\"><strong><span style=\"font-size: 12px;\">\u00a1Rayguard totalmente personalizado con tu dise\u00f1o!<\/span><\/strong><\/span><\/li>\n<li><span style=\"color: #808080;\"><strong><span style=\"font-size: 12px;\">Disponibles tallas unisex, juveniles, adultas, de mujer y extragrandes.<\/span><\/strong><\/span><\/li>\n<li><span style=\"color: #808080;\"><strong><span style=\"font-size: 12px;\">Ajuste de compresi\u00f3n<\/span><\/strong><\/span><\/li>\n<li><span style=\"color: #808080;\"><strong><span style=\"font-size: 12px;\">Secado r\u00e1pido y absorci\u00f3n de la humedad.compression<\/span><\/strong><\/span><\/li>\n<li><span style=\"color: #808080;\"><strong><span style=\"font-size: 12px;\">Esencial para reducir la propagaci\u00f3n de bacterias y proteger su piel de erupciones, cortes, raspaduras y quemaduras por el sol.<\/span><\/strong><\/span><\/li>\n<li><span style=\"color: #808080;\"><strong><span style=\"font-size: 12px;\">La mezcla de poli\u00e9ster y spandex permite un rango completo de movimiento y transpirabilidad.<\/span><\/strong><\/span><\/li>\n<li><span style=\"color: #808080;\"><strong><span style=\"font-size: 12px;\">Las costuras planas reforzadas permiten flexibilidad, durabilidad y comodidad.<\/span><\/strong><\/span><\/li>\n<li><span style=\"color: #808080;\"><strong><span style=\"font-size: 12px;\">Entrepierna reforzada para aumentar la resistencia y la durabilidad.<\/span><\/strong><\/span><\/li>\n<li><span style=\"color: #808080;\"><strong><span style=\"font-size: 12px;\">Las ilustraciones completamente sublimadas nunca se agrietar\u00e1n, pelar\u00e1n ni decolorar\u00e1n.<\/span><\/strong><\/span><\/li>\n<li><span style=\"color: #808080;\"><strong><span style=\"font-size: 12px;\">Personalizable para cualquier rango de cintur\u00f3n o equipo, con o sin Gi, MMA o Nogi.<\/span><\/strong><\/span><\/li>\n<\/ul>\n<h4><span style=\"color: #000000;\"><strong>C\u00f3mo hacer un pedido y tiempo de Entrega:<\/strong><\/span><\/h4>\n<p><strong><span style=\"font-size: 12px; color: #808080;\">La mayor parte del proceso para completar y enviar un formulario de solicitud de rash guard personalizado es f\u00e1cil de procesar.<\/span><\/strong><\/p>\n<ul>\n<li><strong><span style=\"font-size: 12px; color: #808080;\">Include a detailed description in special notes if you have any, regarding placement of logos or text, Upload all logo\/artwork files in vector format or send to sales@shapesfightwear.com Accepted files types include PDF, AI, SVG or EPS.<\/span><\/strong><\/li>\n<li><strong><span style=\"font-size: 12px; color: #808080;\">Seleccione las especificaciones y complete las opciones detalladas proporcionadas<\/span><\/strong><\/li>\n<li><strong><span style=\"font-size: 12px; color: #808080;\">Despu\u00e9s de realizar el pedido, primero obtendremos la aprobaci\u00f3n con usted de la maqueta que creamos antes de imprimir el dise\u00f1o.<\/span><\/strong><\/li>\n<li><strong><span style=\"font-size: 12px; color: #808080;\">El tiempo estimado de producci\u00f3n y entrega para un Rashguard personalizado es de entre 2 y 3 Semanas.<\/span><\/strong><\/li>\n<li><strong><span style=\"font-size: 12px; color: #808080;\">Realizamos env\u00edos a trav\u00e9s de DHL\/UPS\/FedEx, se proporcionar\u00e1 un n\u00famero de seguimiento una vez que se env\u00ede el Rashguard.<\/span><\/strong><\/li>\n<\/ul>\n<h5><span style=\"font-size: 13px;\"><span style=\"color: #000000;\"><strong>PARA PEDIDOS AL POR MAYOR PERSONALIZADOS<\/strong><strong>:<\/strong><\/span><strong><em>\u00a0<\/em><\/strong><span style=\"color: #ff0000;\"><strong><em>Visita el <\/em><\/strong><strong>\u201c<a href=\"https:\/\/shapesfightwear.com\/custom-gear\/custom-bjj-gear\/custom-rash-guards\/\" target=\"_blank\" rel=\"noopener noreferrer\" data-schema-attribute=\"\">Rashguards personalizados<\/a>\u201d <\/strong><strong><em>Pagina y rellena el formulario<\/em><\/strong><em> <strong>\u00a1Para obtener una cotizaci\u00f3n con descuento!<\/strong><\/em><\/span><\/span><\/h5>\n<h5><strong><span style=\"font-size: 13px;\">\u00bfTienes preguntas? <a href=\"https:\/\/shapesfightwear.com\/contact-us\/\">Contacta con nosotras<\/a> \u2014 Le responderemos pronto. Obtenga m\u00e1s informaci\u00f3n en nuestra <a href=\"https:\/\/shapesfightwear.com\/faq\/custom-rashguards-faqs\/\">Preguntas frecuentes sobre rashguards personalizados de BJJ<\/a> aqu\u00ed \u2192<\/span><\/strong><\/h5>","protected":false},"excerpt":{"rendered":"<p><em><span style=\"font-size: 13px;\"><strong>Shapes Fightwear offers you the ability to build the best Personalized Rashgurad that fits you and looks exactly the way you want. Custom Rash Guard is a perfect way to provide you with the best material while transforming your artistic vision into premium graphic apparel. Submitting your request is an easy process divided into multiple sections.<\/strong><\/span><\/em><\/p>","protected":false},"featured_media":6406,"comment_status":"open","ping_status":"closed","template":"","meta":[],"product_brand":[],"product_cat":[124,123],"product_tag":[127,131,136],"class_list":{"0":"post-47358","1":"product","2":"type-product","3":"status-publish","4":"has-post-thumbnail","6":"product_cat-nogi","7":"product_cat-custom-bjj-gear","8":"product_tag-bjjgi","9":"product_tag-bjjkimono","10":"product_tag-no-gi","11":"tm-has-options","13":"first","14":"instock","15":"shipping-taxable","16":"purchasable","17":"product-type-simple"},"_links":{"self":[{"href":"https:\/\/shapesfightwear.com\/es\/wp-json\/wp\/v2\/product\/47358","targetHints":{"allow":["GET"]}}],"collection":[{"href":"https:\/\/shapesfightwear.com\/es\/wp-json\/wp\/v2\/product"}],"about":[{"href":"https:\/\/shapesfightwear.com\/es\/wp-json\/wp\/v2\/types\/product"}],"replies":[{"embeddable":true,"href":"https:\/\/shapesfightwear.com\/es\/wp-json\/wp\/v2\/comments?post=47358"}],"wp:featuredmedia":[{"embeddable":true,"href":"https:\/\/shapesfightwear.com\/es\/wp-json\/wp\/v2\/media\/6406"}],"wp:attachment":[{"href":"https:\/\/shapesfightwear.com\/es\/wp-json\/wp\/v2\/media?parent=47358"}],"wp:term":[{"taxonomy":"product_brand","embeddable":true,"href":"https:\/\/shapesfightwear.com\/es\/wp-json\/wp\/v2\/product_brand?post=47358"},{"taxonomy":"product_cat","embeddable":true,"href":"https:\/\/shapesfightwear.com\/es\/wp-json\/wp\/v2\/product_cat?post=47358"},{"taxonomy":"product_tag","embeddable":true,"href":"https:\/\/shapesfightwear.com\/es\/wp-json\/wp\/v2\/product_tag?post=47358"}],"curies":[{"name":"wp","href":"https:\/\/api.w.org\/{rel}","templated":true}]}}