{"id":47359,"date":"2025-08-23T18:09:26","date_gmt":"2025-08-23T18:09:26","guid":{"rendered":"https:\/\/mediumspringgreen-meerkat-571505.hostingersite.com\/?post_type=product&#038;p=47359"},"modified":"2026-03-14T09:54:07","modified_gmt":"2026-03-14T09:54:07","slug":"cinturon-de-jiu-jitsu-brasileno-personalizado","status":"publish","type":"product","link":"https:\/\/shapesfightwear.com\/es\/product\/cinturon-de-jiu-jitsu-brasileno-personalizado\/","title":{"rendered":"Custom BJJ Belt | High-Quality Jiu-Jitsu Belt"},"content":{"rendered":"<p><span style=\"font-size: 13px;\"><strong><span style=\"color: #333333;\">Shapes Fightwear offers you Personalised CUSTOM BJJ BELT that fit you and look exactly the way you want.<\/span><\/strong><\/span><\/p>\n<h4><span style=\"color: #000000;\"><strong>DETALLES DEL CINTUR\u00d3N DE BJJ PERSONALIZADO<\/strong><\/span><\/h4>\n<ul>\n<li><span style=\"color: #808080;\"><strong><span style=\"font-size: 12px;\">Talla del cintur\u00f3n: Tallas disponibles: A1-A6. Elige la talla de cintur\u00f3n que mejor se adapte a ti.<\/span><\/strong><\/span><\/li>\n<li><span style=\"color: #808080;\"><strong><span style=\"font-size: 12px;\">Longitud del cintur\u00f3n: la opci\u00f3n de longitud de cintur\u00f3n personalizada le brinda la posibilidad de ingresar la longitud de cintur\u00f3n deseada.<\/span><\/strong><\/span><\/li>\n<li><span style=\"color: #808080;\"><strong><span style=\"font-size: 12px;\">Color del cintur\u00f3n: elige el color del cintur\u00f3n.<\/span><\/strong><\/span><\/li>\n<li><span style=\"color: #808080;\"><strong><span style=\"font-size: 12px;\">Tela del cintur\u00f3n: elige la tela con la que quieres confeccionar el cinturBrindaBJJ.<\/span><\/strong><\/span><\/li>\n<li><span style=\"color: #808080;\"><strong><span style=\"font-size: 12px;\">Longitud del cintur\u00f3n: la opci\u00f3n de longitud de cintur\u00f3n personalizada le brinda la posibilidad de ingresar la longitud de cintur\u00f3n deseada.<\/span><\/strong><\/span><\/li>\n<li><span style=\"color: #808080;\"><strong><span style=\"font-size: 12px;\">Ancho del cintur\u00f3n: puede seleccionar el ancho deseado del cintur\u00f3n personalizado.<\/span><\/strong><\/span><\/li>\n<li><span style=\"color: #808080;\"><strong><span style=\"font-size: 12px;\">Bordado: elija las opciones de texto personalizado o ilustraci\u00f3n con opciones de color.<\/span><\/strong><\/span><\/li>\n<\/ul>\n<h4><span style=\"color: #000000;\"><strong>C\u00f3mo hacer un pedido y tiempo de Entrega:<\/strong><\/span><\/h4>\n<p><strong><span style=\"font-size: 12px; color: #808080;\">La mayor\u00eda de los pasos para completar y enviar un formulario de cintur\u00f3n de BJJ personalizado son f\u00e1ciles de procesar, pero hay algunos detalles que los clientes deben tener en cuenta antes de realizar el pedido. Nuestro \"<a href=\"https:\/\/shapesfightwear.com\/custom-bjj-gi-guide\/\">Gu\u00eda personalizada de kimonos de BJJ<\/a>\" le ayudar\u00e1 a realizar el pedido.<\/span><\/strong><\/p>\n<ul>\n<li><strong><span style=\"font-size: 12px; color: #808080;\">Seleccione las especificaciones y complete las opciones detalladas proporcionadas<\/span><\/strong><\/li>\n<li><strong><span style=\"font-size: 12px; color: #808080;\">Despu\u00e9s de recibir tu pedido, te enviamos la maqueta para confirmaci\u00f3n.<\/span><\/strong><\/li>\n<li><strong><span style=\"font-size: 12px; color: #808080;\">El tiempo estimado de producci\u00f3n y entrega para un cintur\u00f3n de BJJ personalizado es de entre 12 a 15 d\u00edas.<\/span><\/strong><\/li>\n<li><strong><span style=\"font-size: 12px; color: #808080;\">Realizamos env\u00edos a trav\u00e9s de DHL\/UPS, se proporcionar\u00e1 un n\u00famero de seguimiento una vez que se env\u00ede el cintur\u00f3n.<\/span><\/strong><\/li>\n<\/ul>\n<h5><span style=\"font-size: 13px;\"><span style=\"color: #000000;\"><strong>PARA PEDIDOS AL POR MAYOR PERSONALIZADOS<\/strong><strong>:<\/strong><\/span> <span style=\"color: #ff0000;\"><strong><em>Visita el <\/em><\/strong><strong>\u201c<a href=\"https:\/\/shapesfightwear.com\/custom-gear\/custom-bjj-gear\/custom-bjj-belts\/\" target=\"_blank\" rel=\"noopener noreferrer\" data-schema-attribute=\"\">Cinturones de BJJ personalizados<\/a>\u201d <\/strong><strong><em>Pagina y rellena el formulario<\/em><\/strong><em> <strong>\u00a1Para obtener una cotizaci\u00f3n con descuento!<\/strong><\/em><\/span><\/span><\/h5>\n<h5><strong><span style=\"font-size: 13px;\">\u00bfTienes preguntas? <a href=\"https:\/\/shapesfightwear.com\/contact-us\/\">Contacta con nosotras<\/a> \u2014 Le responderemos pronto. Obtenga m\u00e1s informaci\u00f3n en nuestra secci\u00f3n de personalizaci\u00f3n. <a href=\"https:\/\/shapesfightwear.com\/faq\/custom-bjj-belts-faqs\/\">Preguntas frecuentes sobre cinturones de BJJ<\/a> aqu\u00ed \u2192<\/span><\/strong><\/h5>","protected":false},"excerpt":{"rendered":"<p><em><strong><span style=\"font-size: 13px;\">Shapes Fightwear te ofrece la posibilidad de crear cinturones de Jiu-Jitsu Brasile\u00f1o personalizados con bordados que se ajustan perfectamente a tu cuerpo y lucen exactamente como deseas. El proceso es sencillo y se divide en varias secciones, incluyendo opciones de tallas y bordados personalizados.<\/span><\/strong><\/em><\/p>","protected":false},"featured_media":6866,"comment_status":"open","ping_status":"closed","template":"","meta":[],"product_brand":[],"product_cat":[137],"product_tag":[127,131,133,132,128],"class_list":{"0":"post-47359","1":"product","2":"type-product","3":"status-publish","4":"has-post-thumbnail","6":"product_cat-customize-bjj-gear","7":"product_tag-bjjgi","8":"product_tag-bjjkimono","9":"product_tag-custombjjgi","10":"product_tag-customgi","11":"product_tag-jiujitsugi","12":"tm-has-options","14":"first","15":"instock","16":"sale","17":"featured","18":"shipping-taxable","19":"purchasable","20":"product-type-simple"},"_links":{"self":[{"href":"https:\/\/shapesfightwear.com\/es\/wp-json\/wp\/v2\/product\/47359","targetHints":{"allow":["GET"]}}],"collection":[{"href":"https:\/\/shapesfightwear.com\/es\/wp-json\/wp\/v2\/product"}],"about":[{"href":"https:\/\/shapesfightwear.com\/es\/wp-json\/wp\/v2\/types\/product"}],"replies":[{"embeddable":true,"href":"https:\/\/shapesfightwear.com\/es\/wp-json\/wp\/v2\/comments?post=47359"}],"wp:featuredmedia":[{"embeddable":true,"href":"https:\/\/shapesfightwear.com\/es\/wp-json\/wp\/v2\/media\/6866"}],"wp:attachment":[{"href":"https:\/\/shapesfightwear.com\/es\/wp-json\/wp\/v2\/media?parent=47359"}],"wp:term":[{"taxonomy":"product_brand","embeddable":true,"href":"https:\/\/shapesfightwear.com\/es\/wp-json\/wp\/v2\/product_brand?post=47359"},{"taxonomy":"product_cat","embeddable":true,"href":"https:\/\/shapesfightwear.com\/es\/wp-json\/wp\/v2\/product_cat?post=47359"},{"taxonomy":"product_tag","embeddable":true,"href":"https:\/\/shapesfightwear.com\/es\/wp-json\/wp\/v2\/product_tag?post=47359"}],"curies":[{"name":"wp","href":"https:\/\/api.w.org\/{rel}","templated":true}]}}