{"id":47362,"date":"2025-08-23T18:07:01","date_gmt":"2025-08-23T18:07:01","guid":{"rendered":"https:\/\/mediumspringgreen-meerkat-571505.hostingersite.com\/?post_type=product&#038;p=47362"},"modified":"2026-03-14T09:55:28","modified_gmt":"2026-03-14T09:55:28","slug":"pantalon-de-kimono-de-bjj-personalizado","status":"publish","type":"product","link":"https:\/\/shapesfightwear.com\/es\/product\/pantalon-de-kimono-de-bjj-personalizado\/","title":{"rendered":"Pantal\u00f3n GI de BJJ personalizado"},"content":{"rendered":"<p><span style=\"color: #333333;\"><strong><span style=\"font-size: 13px;\">Nuestro pantal\u00f3n de kimono de Jiu-Jitsu personalizado Shapes te ofrece numerosas opciones para dise\u00f1ar un pantal\u00f3n de Jiu-Jitsu con estilo. Puedes modificar las tallas, el largo total del pantal\u00f3n, etc.<\/span><\/strong><\/span><\/p>\n<h4><span style=\"color: #000000;\"><strong>Las caracter\u00edsticas del pantal\u00f3n BJJ Gi Shapes Custom incluyen:<\/strong>:<\/span><\/h4>\n<ul>\n<li><strong><span style=\"font-size: 12px; color: #808080;\">Tejidos de algod\u00f3n de primera calidad<\/span><\/strong><\/li>\n<li><strong><span style=\"font-size: 12px; color: #808080;\">Preencogido, tratado antibacteriano<\/span><\/strong><\/li>\n<li><strong><span style=\"font-size: 12px; color: #808080;\">Triple costura en todos los puntos de tension.<\/span><\/strong><\/li>\n<li><strong><span style=\"font-size: 12px; color: #808080;\">Refuerzo de rodilla<\/span><\/strong><\/li>\n<li><strong><span style=\"font-size: 12px; color: #808080;\">Ligera y extremadamente duradera<\/span><\/strong><\/li>\n<\/ul>\n<h4><span style=\"color: #000000;\"><strong>C\u00f3mo hacer un pedido y tiempo de Entrega:<\/strong><\/span><\/h4>\n<p><strong><span style=\"font-size: 12px; color: #808080;\">La mayor parte del proceso para completar y enviar una solicitud de kimono de jiu-jitsu personalizado es sencillo, pero hay algunos detalles que los clientes deben tener en cuenta antes de realizar el pedido. Nuestro \"<a href=\"https:\/\/shapesfightwear.com\/custom-bjj-gi-guide\/\">Gu\u00eda personalizada de kimonos de BJJ<\/a>\u201d le ayudar\u00e1 durante el proceso de realizaci\u00f3n del pedido.<\/span><\/strong><\/p>\n<ul>\n<li><strong><span style=\"font-size: 12px; color: #808080;\">Seleccione las especificaciones y complete las opciones detalladas proporcionadas<\/span><\/strong><\/li>\n<li><strong><span style=\"font-size: 12px; color: #808080;\">Despu\u00e9s de recibir tu pedido, te enviamos la maqueta para confirmaci\u00f3n.<\/span><\/strong><\/li>\n<li><strong><span style=\"font-size: 12px; color: #808080;\">El tiempo estimado de producci\u00f3n y entrega para un GI Personalizado es entre 2-3 semanas<\/span><\/strong><\/li>\n<li><strong><span style=\"font-size: 12px; color: #808080;\">Los bordados personalizados adicionales en Gi pueden tardar entre 4 y 6 d\u00edas adicionales en fabricarse.<\/span><\/strong><\/li>\n<li><strong><span style=\"font-size: 12px; color: #808080;\">Enviamos a trav\u00e9s de DHL\/UPS, se proporcionar\u00e1 un n\u00famero de seguimiento una vez que se env\u00ede el Gi.<\/span><\/strong><\/li>\n<\/ul>\n<h5><span style=\"font-size: 13px;\"><span style=\"color: #000000;\"><strong>PARA PEDIDOS AL POR MAYOR PERSONALIZADOS<\/strong><strong>:<\/strong><\/span><strong><em>\u00a0<\/em><\/strong><span style=\"color: #ff0000;\"><strong><em>Visita el <\/em><\/strong><strong>\u201c<a href=\"https:\/\/shapesfightwear.com\/custom-gear\/custom-bjj-gear\/custom-bjj-gis\/\">Gis de BJJ personalizados<\/a>\u201d <\/strong><strong><em>Pagina y completa el formulario<\/em><\/strong><em> <strong>\u00a1Para obtener una cotizaci\u00f3n con descuento!<\/strong><\/em><\/span><\/span><\/h5>\n<h5><strong><span style=\"font-size: 13px;\">\u00bfTienes preguntas? <a href=\"https:\/\/shapesfightwear.com\/contact-us\/\">Contacta con nosotras<\/a> \u2014 Le responderemos pronto. Obtenga m\u00e1s informaci\u00f3n en nuestra <a href=\"https:\/\/shapesfightwear.com\/faq\/custom-bjj-pants-faqs\/\">Preguntas frecuentes sobre pantalones de BJJ personalizados<\/a> aqu\u00ed \u2192<\/span><\/strong><\/h5>","protected":false},"excerpt":{"rendered":"<p><em><strong><span style=\"font-size: 13px;\">Nuestro pantal\u00f3n de kimono de Jiu-Jitsu personalizado Shapes te ofrece muchas opciones para personalizarlo y crear un pantal\u00f3n de Jiu-Jitsu con estilo. Puedes modificar las medidas para el largo total del pantal\u00f3n o a\u00f1adir una talla extra grande.<\/span><\/strong><\/em><\/p>","protected":false},"featured_media":47361,"comment_status":"open","ping_status":"closed","template":"","meta":[],"product_brand":[],"product_cat":[137],"product_tag":[127,131,133,132,128],"class_list":{"0":"post-47362","1":"product","2":"type-product","3":"status-publish","4":"has-post-thumbnail","6":"product_cat-customize-bjj-gear","7":"product_tag-bjjgi","8":"product_tag-bjjkimono","9":"product_tag-custombjjgi","10":"product_tag-customgi","11":"product_tag-jiujitsugi","12":"tm-has-options","14":"first","15":"instock","16":"shipping-taxable","17":"purchasable","18":"product-type-simple"},"_links":{"self":[{"href":"https:\/\/shapesfightwear.com\/es\/wp-json\/wp\/v2\/product\/47362","targetHints":{"allow":["GET"]}}],"collection":[{"href":"https:\/\/shapesfightwear.com\/es\/wp-json\/wp\/v2\/product"}],"about":[{"href":"https:\/\/shapesfightwear.com\/es\/wp-json\/wp\/v2\/types\/product"}],"replies":[{"embeddable":true,"href":"https:\/\/shapesfightwear.com\/es\/wp-json\/wp\/v2\/comments?post=47362"}],"wp:featuredmedia":[{"embeddable":true,"href":"https:\/\/shapesfightwear.com\/es\/wp-json\/wp\/v2\/media\/47361"}],"wp:attachment":[{"href":"https:\/\/shapesfightwear.com\/es\/wp-json\/wp\/v2\/media?parent=47362"}],"wp:term":[{"taxonomy":"product_brand","embeddable":true,"href":"https:\/\/shapesfightwear.com\/es\/wp-json\/wp\/v2\/product_brand?post=47362"},{"taxonomy":"product_cat","embeddable":true,"href":"https:\/\/shapesfightwear.com\/es\/wp-json\/wp\/v2\/product_cat?post=47362"},{"taxonomy":"product_tag","embeddable":true,"href":"https:\/\/shapesfightwear.com\/es\/wp-json\/wp\/v2\/product_tag?post=47362"}],"curies":[{"name":"wp","href":"https:\/\/api.w.org\/{rel}","templated":true}]}}