{"id":47363,"date":"2025-08-18T12:57:00","date_gmt":"2025-08-18T12:57:00","guid":{"rendered":"https:\/\/mediumspringgreen-meerkat-571505.hostingersite.com\/?post_type=product&#038;p=47363"},"modified":"2025-12-04T16:57:47","modified_gmt":"2025-12-04T16:57:47","slug":"chaqueta-de-kimono-de-bjj-personalizada","status":"publish","type":"product","link":"https:\/\/shapesfightwear.com\/es\/product\/chaqueta-de-kimono-de-bjj-personalizada\/","title":{"rendered":"CHAQUETA GI DE BJJ PERSONALIZADA CON CINTUR\u00d3N GRATIS"},"content":{"rendered":"<p><strong><span style=\"font-size: 13px;\">Nuestra chaqueta de kimono de Jiu-Jitsu personalizada Shapes te ofrece muchas opciones para dise\u00f1ar una chaqueta con estilo. Puedes modificar las dimensiones de la talla: largo total de la manga, altura del kimono, etc. Esto tambi\u00e9n incluye... <span style=\"color: #ff0000;\"><em><span style=\"font-size: 15px;\">F<\/span><\/em><\/span><\/span><span style=\"color: #ff0000;\"><em><span style=\"font-size: 15px;\">Cintur\u00f3n de BJJ gratis.<\/span><\/em><\/span><\/strong><\/p>\n<h4><span style=\"color: #000000;\"><strong>Las caracter\u00edsticas de la chaqueta BJJ Gi personalizada de Shapes incluyen:<\/strong>:<\/span><\/h4>\n<ul>\n<li><span style=\"color: #808080;\"><strong><span style=\"font-size: 12px;\">Todas las opciones de tejido son telas de algod\u00f3n Premium.<\/span><\/strong><\/span><\/li>\n<li><span style=\"color: #808080;\"><strong><span style=\"font-size: 12px;\">Preencogido, tratado antibacteriano<\/span><\/strong><\/span><\/li>\n<li><span style=\"color: #808080;\"><strong><span style=\"font-size: 12px;\">Opci\u00f3n de Gi con forro Rashguard personalizado<\/span><\/strong><\/span><\/li>\n<li><span style=\"color: #808080;\"><strong><span style=\"font-size: 12px;\">Cuello acolchado de espuma EVA r\u00edgida para evitar la absorci\u00f3n de sudor y bacterias.<\/span><\/strong><\/span><\/li>\n<li><span style=\"color: #808080;\"><strong><span style=\"font-size: 12px;\">Tejido reforzado y costuras en la axila.<\/span><\/strong><\/span><\/li>\n<li><span style=\"color: #808080;\"><strong><span style=\"font-size: 12px;\">Triple costura en todos los puntos de tension.<\/span><\/strong><\/span><\/li>\n<li><span style=\"color: #808080;\"><strong><span style=\"font-size: 12px;\">Ligera y extremadamente duradera<\/span><\/strong><\/span><\/li>\n<li><span style=\"color: #808080;\"><strong><span style=\"font-size: 12px;\"><span style=\"color: #ff0000;\">Cintur\u00f3n libre<\/span> Incluido con colores y tama\u00f1os personalizados<\/span><\/strong><\/span><\/li>\n<\/ul>\n<h4><span style=\"color: #000000;\"><strong>C\u00f3mo hacer un pedido y tiempo de Entrega:<\/strong><\/span><\/h4>\n<p><strong><span style=\"font-size: 12px; color: #808080;\">La mayor parte del proceso para completar y enviar una solicitud de kimono de jiu-jitsu personalizado es sencillo, pero hay algunos detalles que los clientes deben tener en cuenta antes de realizar el pedido. Nuestro \"<a href=\"https:\/\/shapesfightwear.com\/custom-bjj-gi-guide\/\">Gu\u00eda personalizada de kimonos de BJJ<\/a>\u201d le ayudar\u00e1 durante el proceso de realizaci\u00f3n del pedido.<\/span><\/strong><\/p>\n<ul>\n<li><strong><span style=\"font-size: 12px; color: #808080;\">Seleccione las especificaciones y complete las opciones detalladas proporcionadas<\/span><\/strong><\/li>\n<li><strong><span style=\"font-size: 12px; color: #808080;\">Despu\u00e9s de recibir tu pedido, te enviamos la maqueta para confirmaci\u00f3n.<\/span><\/strong><\/li>\n<li><strong><span style=\"font-size: 12px; color: #808080;\">El tiempo estimado de producci\u00f3n y entrega para un GI Personalizado es entre 2-3 semanas<\/span><\/strong><\/li>\n<li><strong><span style=\"font-size: 12px; color: #808080;\">Los bordados personalizados adicionales en Gi pueden tardar entre 4 y 6 d\u00edas adicionales en fabricarse.<\/span><\/strong><\/li>\n<li><strong><span style=\"font-size: 12px; color: #808080;\">Enviamos a trav\u00e9s de DHL\/UPS, se proporcionar\u00e1 un n\u00famero de seguimiento una vez que se env\u00ede el Gi.<\/span><\/strong><\/li>\n<\/ul>\n<h5><strong><span style=\"font-size: 13px;\">Si a\u00fan tienes alguna pregunta, por favor <a href=\"https:\/\/shapesfightwear.com\/contact-us\/\" target=\"_blank\" rel=\"noopener noreferrer\">Contacta con nosotras<\/a>Nos pondremos en contacto con usted lo antes possible.<\/span><\/strong><\/h5>","protected":false},"excerpt":{"rendered":"<p><span style=\"color: #333333;\"><em><strong><span style=\"font-size: 13px;\">Shapes Custom Gi Top te ofrece numerosas opciones para personalizar tu chaqueta con estilo. Puedes modificar las medidas del largo total de la manga, la altura del kimono, a\u00f1adir una talla extra grande, etc.<\/span><\/strong><\/em><\/span><\/p>\n<p><span style=\"font-size: 15px;\"><span style=\"font-size: 14px;\"><strong><span style=\"color: #333333;\"><em>Tambi\u00e9n ofrecemos<\/em><\/span><\/strong><\/span><span style=\"color: #ff0000;\"><strong><em> CINTUR\u00d3N DE BJJ GRATIS <\/em><\/strong><\/span><span style=\"font-size: 14px;\"><strong><span style=\"color: #333333;\"><em>con tu chaqueta BJJ Gi personalizada.<\/em><\/span><\/strong><\/span><\/span><\/p>","protected":false},"featured_media":7075,"comment_status":"open","ping_status":"closed","template":"","meta":[],"product_brand":[],"product_cat":[137],"product_tag":[127,131,133,132,128],"class_list":{"0":"post-47363","1":"product","2":"type-product","3":"status-publish","4":"has-post-thumbnail","6":"product_cat-customize-bjj-gear","7":"product_tag-bjjgi","8":"product_tag-bjjkimono","9":"product_tag-custombjjgi","10":"product_tag-customgi","11":"product_tag-jiujitsugi","12":"tm-has-options","14":"first","15":"instock","16":"shipping-taxable","17":"purchasable","18":"product-type-simple"},"_links":{"self":[{"href":"https:\/\/shapesfightwear.com\/es\/wp-json\/wp\/v2\/product\/47363","targetHints":{"allow":["GET"]}}],"collection":[{"href":"https:\/\/shapesfightwear.com\/es\/wp-json\/wp\/v2\/product"}],"about":[{"href":"https:\/\/shapesfightwear.com\/es\/wp-json\/wp\/v2\/types\/product"}],"replies":[{"embeddable":true,"href":"https:\/\/shapesfightwear.com\/es\/wp-json\/wp\/v2\/comments?post=47363"}],"wp:featuredmedia":[{"embeddable":true,"href":"https:\/\/shapesfightwear.com\/es\/wp-json\/wp\/v2\/media\/7075"}],"wp:attachment":[{"href":"https:\/\/shapesfightwear.com\/es\/wp-json\/wp\/v2\/media?parent=47363"}],"wp:term":[{"taxonomy":"product_brand","embeddable":true,"href":"https:\/\/shapesfightwear.com\/es\/wp-json\/wp\/v2\/product_brand?post=47363"},{"taxonomy":"product_cat","embeddable":true,"href":"https:\/\/shapesfightwear.com\/es\/wp-json\/wp\/v2\/product_cat?post=47363"},{"taxonomy":"product_tag","embeddable":true,"href":"https:\/\/shapesfightwear.com\/es\/wp-json\/wp\/v2\/product_tag?post=47363"}],"curies":[{"name":"wp","href":"https:\/\/api.w.org\/{rel}","templated":true}]}}