{"id":47755,"date":"2025-08-21T18:39:57","date_gmt":"2025-08-21T18:39:57","guid":{"rendered":"https:\/\/mediumspringgreen-meerkat-571505.hostingersite.com\/?post_type=product&#038;p=47755"},"modified":"2026-03-14T09:53:13","modified_gmt":"2026-03-14T09:53:13","slug":"kimono-personalizado-de-bjj","status":"publish","type":"product","link":"https:\/\/shapesfightwear.com\/es\/product\/kimono-personalizado-de-bjj\/","title":{"rendered":"Gi de BJJ personalizado con cintur\u00f3n y bolsa GRATIS"},"content":{"rendered":"<h2>\ud83e\udd4b <strong>Caracter\u00edsticas premium de nuestro kimono BJJ personalizado<\/strong><\/h2>\n<ul>\n<li>Hecho de <strong>tejido de algod\u00f3n de primera calidad<\/strong> \u2013 ligero, duradero y c\u00f3modoCalidad<\/li>\n<li><strong>Inencogible<\/strong> y <strong>tratado antibacteriano<\/strong> tela<\/li>\n<li>Opcional <strong>forro rashguard personalizado<\/strong> para mayor comodidad<\/li>\n<li><strong>Cuello acolchado con espuma EVA r\u00edgida<\/strong> Para evitar la absorci\u00f3n de sudor y bacterias.<\/li>\n<li><strong>Triple costura<\/strong> en todos los puntos de tensi\u00f3n para m\u00e1xima resistencia<\/li>\n<li><strong>Cumple con la normative IBJJF<\/strong> est\u00e1ndares de dise\u00f1o y costura<\/li>\n<li>Entrepierna y costura reforzadas para una mayor durabilidad.<\/li>\n<\/ul>\n<h2><strong>C\u00f3mo pedir tu Gi de Jiu Jitsu personalizado<\/strong><\/h2>\n<p>La mayor parte del proceso para completar y enviar una solicitud de kimono de jiu-jitsu personalizado es sencillo, pero hay algunos detalles que los clientes deben tener en cuenta antes de realizar el pedido. Nuestro \"<em><strong><a href=\"https:\/\/shapesfightwear.com\/custom-bjj-gi-guide\/\" target=\"_blank\" rel=\"noopener\">Gu\u00eda personalizada de kimonos de BJJ<\/a><\/strong><\/em>\" le ayudar\u00e1 a realizar el pedido.<\/p>\n<ol>\n<li>Seleccione sus especificaciones preferidas y complete el <strong>Forma personalizada del Gi de BJJ<\/strong>.<\/li>\n<li>Una vez que recibamos su pedido, recibir\u00e1 un <strong>dise\u00f1o de maqueta<\/strong> para confirmaci\u00f3n.<\/li>\n<li>Tiempo estimado de producci\u00f3n: <strong>2\u20133 semanas<\/strong> (a\u00f1adir 4-6 d\u00edas para el bordado).<\/li>\n<li>Los bordados personalizados adicionales en Gi pueden tardar entre 4 y 6 d\u00edas adicionales en fabricarse.<\/li>\n<li>Enviamos a trav\u00e9s de <strong>DHL\/FedEx\/UPS<\/strong> \u2014Se proporcionar\u00e1 un n\u00famero de seguimiento una vez enviado.<\/li>\n<\/ol>\n<h2><strong>Pedidos al por mayor y tama\u00f1os especiales<\/strong><\/h2>\n<p>\u00bfBuscas un pedido para tu equipo o academia? Vis\u00edtanos. <a href=\"https:\/\/shapesfightwear.com\/custom-gear\/custom-bjj-gear\/custom-bjj-gis\/\" target=\"_blank\" rel=\"noopener\"><strong>Gis de BJJ personalizados<\/strong><\/a> p\u00e1gina para solicitor una <strong>cotizaci\u00f3n con descuento<\/strong> Para pedidos personalizados al por mayor.<\/p>\n<h2><strong>Entrega y soporte<\/strong><\/h2>\n<p>\u00bfTienes preguntas? <a href=\"https:\/\/shapesfightwear.com\/contact-us\/\" target=\"_blank\" rel=\"noopener\">Contacta con nosotras<\/a> \u2014Nuestro equipo responder\u00e1 con prontitud.<\/p>\n<p>Para m\u00e1s detalles, visite nuestra <a href=\"https:\/\/shapesfightwear.com\/faq\/custom-gi-faq\/\" target=\"_blank\" rel=\"noopener\"><strong>Preguntas frecuentes sobre kimonos de BJJ personalizados<\/strong><\/a>.<\/p>","protected":false},"excerpt":{"rendered":"<p><strong><span style=\"font-size: 13px;\"><em><span style=\"color: #333333;\">Crea tu propio kimono de BJJ personalizado que se ajuste perfectamente y refleje tu estilo \u00fanico. El proceso es f\u00e1cil y se divide en pasos sencillos: desde elegir la tela y el color hasta a\u00f1adir tus toques personales.<br \/>\n<\/span><\/em><\/span><\/strong><strong><span style=\"font-size: 13px;\"><em><span style=\"color: #333333;\">Tambi\u00e9n ofrecemos <strong>Gis de Jiu Jitsu para tipos de cuerpo especiales o m\u00e1s grandes, utilizando las medidas de su cuerpo o un Gi existente como referencia de tama\u00f1o.<\/strong><\/span><\/em><\/span><\/strong><\/p>\n<p><span style=\"color: #000000; font-size: 14px;\"><span style=\"color: #ff0000;\"><strong><em>CINTUR\u00d3N DE BJJ + BOLSA DE GI GRATIS <\/em><\/strong><\/span><strong><em>\u00a1Incluido con cada pedido de Gi BJJ personalizado!<\/em><\/strong><\/span><\/p>","protected":false},"featured_media":7081,"comment_status":"open","ping_status":"closed","template":"","meta":[],"product_brand":[],"product_cat":[137,221],"product_tag":[127,133,132,128,129],"class_list":{"0":"post-47755","1":"product","2":"type-product","3":"status-publish","4":"has-post-thumbnail","6":"product_cat-customize-bjj-gear","7":"product_cat-personalized-gi-series","8":"product_tag-bjjgi","9":"product_tag-custombjjgi","10":"product_tag-customgi","11":"product_tag-jiujitsugi","12":"product_tag-mma","13":"tm-has-options","15":"first","16":"instock","17":"sale","18":"featured","19":"shipping-taxable","20":"purchasable","21":"product-type-simple"},"_links":{"self":[{"href":"https:\/\/shapesfightwear.com\/es\/wp-json\/wp\/v2\/product\/47755","targetHints":{"allow":["GET"]}}],"collection":[{"href":"https:\/\/shapesfightwear.com\/es\/wp-json\/wp\/v2\/product"}],"about":[{"href":"https:\/\/shapesfightwear.com\/es\/wp-json\/wp\/v2\/types\/product"}],"replies":[{"embeddable":true,"href":"https:\/\/shapesfightwear.com\/es\/wp-json\/wp\/v2\/comments?post=47755"}],"wp:featuredmedia":[{"embeddable":true,"href":"https:\/\/shapesfightwear.com\/es\/wp-json\/wp\/v2\/media\/7081"}],"wp:attachment":[{"href":"https:\/\/shapesfightwear.com\/es\/wp-json\/wp\/v2\/media?parent=47755"}],"wp:term":[{"taxonomy":"product_brand","embeddable":true,"href":"https:\/\/shapesfightwear.com\/es\/wp-json\/wp\/v2\/product_brand?post=47755"},{"taxonomy":"product_cat","embeddable":true,"href":"https:\/\/shapesfightwear.com\/es\/wp-json\/wp\/v2\/product_cat?post=47755"},{"taxonomy":"product_tag","embeddable":true,"href":"https:\/\/shapesfightwear.com\/es\/wp-json\/wp\/v2\/product_tag?post=47755"}],"curies":[{"name":"wp","href":"https:\/\/api.w.org\/{rel}","templated":true}]}}