{"id":48198,"date":"2025-08-22T19:02:24","date_gmt":"2025-08-22T19:02:24","guid":{"rendered":"https:\/\/mediumspringgreen-meerkat-571505.hostingersite.com\/?post_type=product&#038;p=48198"},"modified":"2025-12-12T16:59:32","modified_gmt":"2025-12-12T16:59:32","slug":"gi-de-jiu-jitsu-blanco-personalizado","status":"publish","type":"product","link":"https:\/\/shapesfightwear.com\/es\/product\/gi-de-jiu-jitsu-blanco-personalizado\/","title":{"rendered":"GI JIU JITSU PERSONALIZADO BLANCO PREMIUM CON CINTUR\u00d3N Y BOLSA GRATIS"},"content":{"rendered":"<p><strong><span style=\"font-size: 13px; color: #333333;\"><span style=\"color: #808080;\">Este Gi combinado blanco y negro personalizado incluye todas las opciones; te permite dise\u00f1ar el mejor Gi de jiu jitsu personalizado. <\/span><\/span><\/strong><span style=\"font-size: 13px;\"><strong><span style=\"color: #808080;\">Esto tambi\u00e9n incluye la<\/span> <em><span style=\"color: #ff0000;\">Cintur\u00f3n de BJJ personalizado gratis<\/span><\/em><\/strong><span style=\"color: #808080;\"> <strong>&amp;<\/strong><\/span> <strong><em><span style=\"color: #ff0000;\">Bolsa de sat\u00e9n Gi con cordon gratis<\/span><\/em><\/strong>.<\/span><\/p>\n<h2><span style=\"color: #000000; font-size: 16px;\"><br \/>\nLas caracter\u00edsticas del Gi de Jiu Jitsu personalizado Shapes incluyen:<\/span><\/h2>\n<ul>\n<li><span style=\"color: #808080;\"><strong><span style=\"font-size: 12px;\">Fabricado con tejido Pearl preencogido de 450 GSM<\/span><\/strong><\/span><\/li>\n<li><span style=\"color: #808080;\"><strong><span style=\"font-size: 12px;\">Opci\u00f3n de Gi con nombre\/logotipo personalizado o bordados personalizados adicionales para adaptarse a sus necesidades<\/span><\/strong><\/span><\/li>\n<li><span style=\"color: #808080;\"><strong><span style=\"font-size: 12px;\">Opci\u00f3n de Gi con forro Rashguard personalizado<\/span><\/strong><\/span><\/li>\n<li><span style=\"color: #808080;\"><strong><span style=\"font-size: 12px;\">95% preencogido, por lo que no tiene que preocuparse por la contracci\u00f3n.<\/span><\/strong><\/span><\/li>\n<li><span style=\"color: #808080;\"><strong><span style=\"font-size: 12px;\">Tratamiento antibacteriano<\/span><\/strong><\/span><\/li>\n<li><span style=\"color: #808080;\"><strong><span style=\"font-size: 12px;\">Tejido reforzado y costuras en la axila.<\/span><\/strong><\/span><\/li>\n<li><span style=\"color: #808080;\"><strong><span style=\"font-size: 12px;\">Triple costura en todos los puntos de tension.<\/span><\/strong><\/span><\/li>\n<li><span style=\"color: #808080;\"><strong><span style=\"font-size: 12px;\">Entrepierna reforzada para aumentar la resistencia y la durabilidad.<\/span><\/strong><\/span><\/li>\n<li><span style=\"color: #808080;\"><strong><span style=\"font-size: 12px;\">Triple costura en todos los puntos de tension.<\/span><\/strong><\/span><\/li>\n<li><span style=\"color: #808080;\"><strong><span style=\"font-size: 12px;\">Ligera y extremadamente duradera<\/span><\/strong><\/span><\/li>\n<li><span style=\"color: #808080;\"><strong><span style=\"font-size: 12px;\">Todos nuestros Gis est\u00e1n cosidos seg\u00fan los est\u00e1ndares IBJJF<\/span><\/strong><\/span><\/li>\n<\/ul>\n<h4><span style=\"color: #000000;\"><strong>C\u00f3mo hacer un pedido y tiempo de Entrega:<\/strong><\/span><\/h4>\n<p><strong><span style=\"font-size: 12px; color: #808080;\">La mayor parte del proceso para completar y enviar una solicitud de kimono de jiu-jitsu personalizado es sencillo, pero hay algunos detalles que los clientes deben tener en cuenta antes de realizar el pedido. Nuestro \"<a href=\"https:\/\/shapesfightwear.com\/custom-bjj-gi-guide\/\">Gu\u00eda personalizada de kimonos de BJJ<\/a>\u201d le ayudar\u00e1 durante el proceso de realizaci\u00f3n del pedido.<\/span><\/strong><\/p>\n<ul>\n<li><strong><span style=\"font-size: 12px; color: #808080;\">Seleccione las especificaciones y complete las opciones detalladas proporcionadas<\/span><\/strong><\/li>\n<li><strong><span style=\"font-size: 12px; color: #808080;\">Despu\u00e9s de recibir tu pedido, te enviamos la maqueta para confirmaci\u00f3n.<\/span><\/strong><\/li>\n<li><strong><span style=\"font-size: 12px; color: #808080;\">El tiempo estimado de producci\u00f3n y entrega para un GI Personalizado es entre 2-3 semanas<\/span><\/strong><\/li>\n<li><strong><span style=\"font-size: 12px; color: #808080;\">Los bordados personalizados adicionales en Gi pueden tardar entre 4 y 6 d\u00edas adicionales en fabricarse.<\/span><\/strong><\/li>\n<li><strong><span style=\"font-size: 12px; color: #808080;\">Enviamos a trav\u00e9s de DHL\/UPS, se proporcionar\u00e1 un n\u00famero de seguimiento una vez que se env\u00ede el Gi.<\/span><\/strong><\/li>\n<\/ul>\n<h5><strong><span style=\"font-size: 13px;\">Si a\u00fan tienes alguna pregunta, por favor <a href=\"https:\/\/shapesfightwear.com\/contact-us\/\" target=\"_blank\" rel=\"noopener noreferrer\">Contacta con nosotras<\/a>Nos pondremos en contacto con usted lo antes possible.<\/span><\/strong><\/h5>","protected":false},"excerpt":{"rendered":"<p><em><span style=\"font-size: 13px;\"><strong>Shapes Fightwear te ofrece la posibilidad de crear el kimono personalizado perfecto que se ajuste a ti y luzca exactamente como deseas. Enviar tu solicitud es un proceso sencillo, dividido en varias secciones. Tambi\u00e9n ofrecemos tallas ESPECIALES\/GRANDES, tomando las medidas del kimono CORPORAL o FIT.<\/strong><\/span><\/em><\/p>\n<h4><span style=\"color: #000000; font-size: 14px;\"><em>Tambi\u00e9n ofrecemos<\/em><span style=\"color: #ff0000;\"><strong><em> CINTUR\u00d3N DE BJJ + BOLSA DE GI GRATIS <\/em><\/strong><\/span><em>con tu Gi de Jiu Jitsu personalizado.<\/em><\/span><\/h4>","protected":false},"featured_media":6426,"comment_status":"open","ping_status":"closed","template":"","meta":[],"product_brand":[],"product_cat":[221],"product_tag":[127,133,132,128,134],"class_list":{"0":"post-48198","1":"product","2":"type-product","3":"status-publish","4":"has-post-thumbnail","6":"product_cat-personalized-gi-series","7":"product_tag-bjjgi","8":"product_tag-custombjjgi","9":"product_tag-customgi","10":"product_tag-jiujitsugi","11":"product_tag-personalized-kimono","12":"tm-has-options","14":"first","15":"instock","16":"shipping-taxable","17":"purchasable","18":"product-type-simple"},"_links":{"self":[{"href":"https:\/\/shapesfightwear.com\/es\/wp-json\/wp\/v2\/product\/48198","targetHints":{"allow":["GET"]}}],"collection":[{"href":"https:\/\/shapesfightwear.com\/es\/wp-json\/wp\/v2\/product"}],"about":[{"href":"https:\/\/shapesfightwear.com\/es\/wp-json\/wp\/v2\/types\/product"}],"replies":[{"embeddable":true,"href":"https:\/\/shapesfightwear.com\/es\/wp-json\/wp\/v2\/comments?post=48198"}],"wp:featuredmedia":[{"embeddable":true,"href":"https:\/\/shapesfightwear.com\/es\/wp-json\/wp\/v2\/media\/6426"}],"wp:attachment":[{"href":"https:\/\/shapesfightwear.com\/es\/wp-json\/wp\/v2\/media?parent=48198"}],"wp:term":[{"taxonomy":"product_brand","embeddable":true,"href":"https:\/\/shapesfightwear.com\/es\/wp-json\/wp\/v2\/product_brand?post=48198"},{"taxonomy":"product_cat","embeddable":true,"href":"https:\/\/shapesfightwear.com\/es\/wp-json\/wp\/v2\/product_cat?post=48198"},{"taxonomy":"product_tag","embeddable":true,"href":"https:\/\/shapesfightwear.com\/es\/wp-json\/wp\/v2\/product_tag?post=48198"}],"curies":[{"name":"wp","href":"https:\/\/api.w.org\/{rel}","templated":true}]}}