{"id":48214,"date":"2025-08-23T16:35:01","date_gmt":"2025-08-23T16:35:01","guid":{"rendered":"https:\/\/mediumspringgreen-meerkat-571505.hostingersite.com\/?post_type=product&#038;p=48214"},"modified":"2026-01-14T16:57:09","modified_gmt":"2026-01-14T16:57:09","slug":"pantalones-de-gi-de-bjj-radiantes","status":"publish","type":"product","link":"https:\/\/shapesfightwear.com\/es\/product\/pantalones-de-gi-de-bjj-radiantes\/","title":{"rendered":"Pantalones de kimono de Jiu-Jitsu Radiance"},"content":{"rendered":"<p>SHAPES ofrece los pantalones kimono de BJJ de algod\u00f3n Ripstop, duraderos y reforzados, para todos tus entrenamientos y competiciones de Jiu-Jitsu Brasile\u00f1o. Estos pantalones kimono de BJJ est\u00e1n dise\u00f1ados para que tu experiencia en la competici\u00f3n sea mucho m\u00e1s placentera y extremadamente c\u00f3moda, utilizando exclusivamente telas y tecnolog\u00edas de primera Calidad.<\/p>\n<p>El pantal\u00f3n est\u00e1 confeccionado con tela de 8 oz. Es de alta calidad y est\u00e1 hecho 100 % de algod\u00f3n.<\/p>\n<p>Pantalones BJJ Gi grises de primera calidad SHAPES creados solo con la m\u00e1xima atenci\u00f3n a los detalles para lograr la m\u00e1xima comodidad y durabilidad, la triple costura en todos los puntos de tensi\u00f3n garantiza un uso duradero.<br \/>\nLas caracter\u00edsticas de lujo de este pantal\u00f3n Gi destacan por su dise\u00f1o estandarizado, costuras en contraste y la calidad de su cord\u00f3n tejido y trabillas. Luce a la perfecci\u00f3n y compite como un campe\u00f3n con nuestro Gi de Competici\u00f3n t\u00e9cnicamente avanzado.<\/p>\n<h4><strong>Las especificaciones del pantal\u00f3n kimono BJJ gris SHAPES incluyen:<\/strong><\/h4>\n<ul>\n<li>Gris con costuras en contraste, presilla y cord\u00f3n, lo que lo convierte en un pantal\u00f3n Gi llamativo.<\/li>\n<li>El bordado simple te permite agregar tus propios parches de tu gimnasio o academia.<\/li>\n<li>Apto para uso en competici\u00f3n<\/li>\n<li>Costuras reforzadas en contraste<\/li>\n<li>Tela de algod\u00f3n RipStop de 8 oz<\/li>\n<li>Triple costura en todos los puntos de tensi\u00f3n.<\/li>\n<li>El pantal\u00f3n Gi tiene 4 trabillas para cintur\u00f3n y costuras reforzadas en cada extremo para una mayor durabilidad.<\/li>\n<li>Refuerzo de rodilla<\/li>\n<li>Costuras de refuerzo pesadas<\/li>\n<li>Bordado directo en la pierna derecha<\/li>\n<li>Bordado directo en la pierna derecha<\/li>\n<\/ul>\n<h5>Si a\u00fan tienes alguna pregunta, por favor\u00a0<a href=\"https:\/\/shapesfightwear.com\/contact-us\/\" target=\"_blank\" rel=\"noopener noreferrer\">Contacta con nosotras<\/a>\u00a0y nos pondremos en contacto con usted lo antes posible.<\/h5>","protected":false},"excerpt":{"rendered":"<p>SHAPES offered the durable and reinforced Ripstop cotton BJJ Gi Pants for all your Brazilian Jiu-Jitsu training and competitions. This BJJ Gi Pants is designed to make your competition experience much more enjoyable and extremely comfortable, with only the premium fabrics and technologies used. The Pant is built from 8 Oz weight fabric. The high-quality [&hellip;]<\/p>\n","protected":false},"featured_media":7111,"comment_status":"open","ping_status":"closed","template":"","meta":[],"product_brand":[],"product_cat":[117,120],"product_tag":[281],"class_list":{"0":"post-48214","1":"product","2":"type-product","3":"status-publish","4":"has-post-thumbnail","6":"product_cat-rtw-shop","7":"product_cat-bjj-gi-pants","8":"product_tag-custom-bjj-pant","9":"tm-has-options","11":"first","12":"instock","13":"shipping-taxable","14":"purchasable","15":"product-type-simple"},"_links":{"self":[{"href":"https:\/\/shapesfightwear.com\/es\/wp-json\/wp\/v2\/product\/48214","targetHints":{"allow":["GET"]}}],"collection":[{"href":"https:\/\/shapesfightwear.com\/es\/wp-json\/wp\/v2\/product"}],"about":[{"href":"https:\/\/shapesfightwear.com\/es\/wp-json\/wp\/v2\/types\/product"}],"replies":[{"embeddable":true,"href":"https:\/\/shapesfightwear.com\/es\/wp-json\/wp\/v2\/comments?post=48214"}],"wp:featuredmedia":[{"embeddable":true,"href":"https:\/\/shapesfightwear.com\/es\/wp-json\/wp\/v2\/media\/7111"}],"wp:attachment":[{"href":"https:\/\/shapesfightwear.com\/es\/wp-json\/wp\/v2\/media?parent=48214"}],"wp:term":[{"taxonomy":"product_brand","embeddable":true,"href":"https:\/\/shapesfightwear.com\/es\/wp-json\/wp\/v2\/product_brand?post=48214"},{"taxonomy":"product_cat","embeddable":true,"href":"https:\/\/shapesfightwear.com\/es\/wp-json\/wp\/v2\/product_cat?post=48214"},{"taxonomy":"product_tag","embeddable":true,"href":"https:\/\/shapesfightwear.com\/es\/wp-json\/wp\/v2\/product_tag?post=48214"}],"curies":[{"name":"wp","href":"https:\/\/api.w.org\/{rel}","templated":true}]}}