{"id":48228,"date":"2025-08-23T17:26:46","date_gmt":"2025-08-23T17:26:46","guid":{"rendered":"https:\/\/mediumspringgreen-meerkat-571505.hostingersite.com\/?post_type=product&#038;p=48228"},"modified":"2025-12-26T15:01:10","modified_gmt":"2025-12-26T15:01:10","slug":"chaqueta-negra-de-jiu-jitsu","status":"publish","type":"product","link":"https:\/\/shapesfightwear.com\/es\/product\/chaqueta-negra-de-jiu-jitsu\/","title":{"rendered":"chaqueta Negra de jiu-jitsu"},"content":{"rendered":"<p>SHAPES ofrece la chaqueta ligera negra de BJJ para todos tus entrenamientos y competiciones de Jiu-Jitsu Brasile\u00f1o. Este kimono de BJJ est\u00e1 dise\u00f1ado para que tu experiencia en competici\u00f3n sea mucho m\u00e1s placentera y extremadamente c\u00f3moda, utilizando exclusivamente telas y tecnolog\u00edas de primera Calidad.<\/p>\n<p>El BJJ Gi Top est\u00e1 hecho de un suave tejido de perla de 550 gramos que es 100% algod\u00f3n preencogido.<\/p>\n<p>Chaqueta BJJ Gi de primera calidad SHAPES creada con la m\u00e1xima atenci\u00f3n a los detalles para lograr la m\u00e1xima comodidad y durabilidad, la triple costura en todos los puntos de tensi\u00f3n garantiza un uso duradero.<br \/>\nLas caracter\u00edsticas de lujo hacen que esta chaqueta de kimono de BJJ destaque por su dise\u00f1o estandarizado, con cuello de espuma EVA y costuras en contraste. Luce a la perfecci\u00f3n y compite como un campe\u00f3n con nuestro kimono de competici\u00f3n t\u00e9cnicamente Avanzado.<\/p>\n<h3><span style=\"color: #000000; font-size: 14px;\"><strong>Las especificaciones de la CHAQUETA SHAPES BLACK BJJ incluyen:<\/strong><\/span><\/h3>\n<ul>\n<li>Negro con costuras en contraste en rojo, lo que lo convierte en un llamativo top de BJJ Gi.<\/li>\n<li>El bordado simple te permite agregar tus propios parches de tu gimnasio o academia.<\/li>\n<li>Apto para uso en competici\u00f3n<\/li>\n<li>Tejido de perlas con tela 100% algod\u00f3n de primera calidad<\/li>\n<li>Cuello con interior de espuma Eva envuelto en tejido Rip-Stop de secado r\u00e1pido<\/li>\n<li>Costuras reforzadas en contraste<\/li>\n<li>Triple costura en todos los puntos de tensi\u00f3n.<\/li>\n<li>Costuras de refuerzo pesadas<\/li>\n<li>Bordado directo en ambos brazos<\/li>\n<li>Borde de cinta tejida con formas personalizadas en el fald\u00f3n interior<\/li>\n<li><span style=\"color: #ff0000;\"><strong>Cintur\u00f3n de BJJ gratuito<\/strong><\/span>\u00a0Incluido con colores y tama\u00f1os personalizados<\/li>\n<\/ul>\n<h5>Si a\u00fan tienes alguna pregunta, por favor\u00a0<a href=\"https:\/\/shapesfightwear.com\/contact-us\/\" target=\"_blank\" rel=\"noopener noreferrer\">Contacta con nosotras<\/a>\u00a0y nos pondremos en contacto con usted lo antes posible.<\/h5>","protected":false},"excerpt":{"rendered":"<p><span style=\"font-size: 14px;\">Esta chaqueta BJJ NEGRA est\u00e1 dise\u00f1ada \u00fanicamente para que tu experiencia de competencia sea mucho m\u00e1s agradable y extremadamente c\u00f3moda, con solo telas y tecnolog\u00edas de primera Calidad utilizadas.<\/span><\/p>\n<h2><strong><span style=\"color: #000000; font-size: 14px;\"><em>Tambi\u00e9n ofrecemos<\/em><span style=\"color: #ff0000;\"><em> CINTUR\u00d3N DE BJJ + BOLSA DE GI GRATIS <\/em><\/span><em>con tu chaqueta BJJ negra.<\/em><\/span><\/strong><\/h2>","protected":false},"featured_media":7164,"comment_status":"open","ping_status":"closed","template":"","meta":[],"product_brand":[],"product_cat":[117,119],"product_tag":[127,285,283],"class_list":{"0":"post-48228","1":"product","2":"type-product","3":"status-publish","4":"has-post-thumbnail","6":"product_cat-rtw-shop","7":"product_cat-bjj-gi-jacket","8":"product_tag-bjjgi","9":"product_tag-bjj-gi-jackets","10":"product_tag-bjj-jackets","11":"tm-has-options","13":"first","14":"instock","15":"shipping-taxable","16":"purchasable","17":"product-type-simple"},"_links":{"self":[{"href":"https:\/\/shapesfightwear.com\/es\/wp-json\/wp\/v2\/product\/48228","targetHints":{"allow":["GET"]}}],"collection":[{"href":"https:\/\/shapesfightwear.com\/es\/wp-json\/wp\/v2\/product"}],"about":[{"href":"https:\/\/shapesfightwear.com\/es\/wp-json\/wp\/v2\/types\/product"}],"replies":[{"embeddable":true,"href":"https:\/\/shapesfightwear.com\/es\/wp-json\/wp\/v2\/comments?post=48228"}],"wp:featuredmedia":[{"embeddable":true,"href":"https:\/\/shapesfightwear.com\/es\/wp-json\/wp\/v2\/media\/7164"}],"wp:attachment":[{"href":"https:\/\/shapesfightwear.com\/es\/wp-json\/wp\/v2\/media?parent=48228"}],"wp:term":[{"taxonomy":"product_brand","embeddable":true,"href":"https:\/\/shapesfightwear.com\/es\/wp-json\/wp\/v2\/product_brand?post=48228"},{"taxonomy":"product_cat","embeddable":true,"href":"https:\/\/shapesfightwear.com\/es\/wp-json\/wp\/v2\/product_cat?post=48228"},{"taxonomy":"product_tag","embeddable":true,"href":"https:\/\/shapesfightwear.com\/es\/wp-json\/wp\/v2\/product_tag?post=48228"}],"curies":[{"name":"wp","href":"https:\/\/api.w.org\/{rel}","templated":true}]}}