{"id":48230,"date":"2025-08-23T17:34:38","date_gmt":"2025-08-23T17:34:38","guid":{"rendered":"https:\/\/mediumspringgreen-meerkat-571505.hostingersite.com\/?post_type=product&#038;p=48230"},"modified":"2026-03-25T16:13:27","modified_gmt":"2026-03-25T16:13:27","slug":"kimono-azul-de-bjj","status":"publish","type":"product","link":"https:\/\/shapesfightwear.com\/es\/product\/kimono-azul-de-bjj\/","title":{"rendered":"GI de BJJ azul ARMOUR con cintur\u00f3n y bolsa gratis"},"content":{"rendered":"<p>Shapes presenta el Blue BJJ Gi, que es el mejor BJJ Gi para principiantes, entrenamiento y competiciones.<\/p>\n<p>Este Gi de Jiu-Jitsu brasile\u00f1o est\u00e1 dise\u00f1ado para que tu experiencia de competencia sea mucho m\u00e1s agradable y extremadamente c\u00f3moda, con solo telas y tecnolog\u00edas de primera Calidad utilizadas.<\/p>\n<p>La chaqueta est\u00e1 confeccionada con un suave tejido perlado de 550 g\/m\u00b2, 100 % algod\u00f3n preencogido. Los pantalones de 8 oz de alta calidad est\u00e1n confeccionados con 100 % algod\u00f3n, al igual que la tela de la Chaqueta.<\/p>\n<p>El Gi de primera calidad SHAPES est\u00e1 creado con la m\u00e1xima atenci\u00f3n a los detalles para lograr la m\u00e1xima comodidad y durabilidad; la triple costura en todos los puntos de tensi\u00f3n garantiza un uso duradero.<br \/>\nSus lujosas caracter\u00edsticas distinguen a este kimono de BJJ de su dise\u00f1o est\u00e1ndar: cuello de espuma EVA, costuras en contraste, cord\u00f3n tejido de alta calidad y trabillas para cintur\u00f3n. Luce a la perfecci\u00f3n y compite como un campe\u00f3n con nuestro kimono de competici\u00f3n t\u00e9cnicamente Avanzado.<\/p>\n<h4><span style=\"color: #000000;\"><strong>Las especificaciones del GI SHAPES Blue BJJ incluyen:<\/strong><\/span><\/h4>\n<ul>\n<li>Azul con costuras en contraste blanco, lo que lo convierte en un llamativo Gi de BJJ.<\/li>\n<li>El bordado simple te permite agregar tus propios parches de tu gimnasio o academia.<\/li>\n<li>Apto para uso en competici\u00f3n<\/li>\n<li>Tejido de perlas con tela 100% algod\u00f3n de primera calidad<\/li>\n<li>Cuello con interior de espuma Eva envuelto en tejido Rip-Stop de secado r\u00e1pido<\/li>\n<li>Costuras reforzadas en contraste<\/li>\n<li>Pantalones Rip-Stop de 8 oz<\/li>\n<li>Triple costura en todos los puntos de tensi\u00f3n.<\/li>\n<li>Refuerzo de rodilla<\/li>\n<li>Costuras de refuerzo pesadas<\/li>\n<li>Bordado directo en el brazo y la pierna derechos<\/li>\n<li>Las formas personalizadas tienen un borde de cinta tejida en el interior de la falda y los bordes del pantal\u00f3n.<\/li>\n<li><span style=\"color: #ff0000;\"><strong>Cintur\u00f3n de BJJ gratuito<\/strong><\/span> Incluido con colores y tama\u00f1os personalizados<\/li>\n<li><span style=\"color: #ff0000;\"><strong>Bolsa de Gi gratis<\/strong><\/span> Incluido<\/li>\n<\/ul>\n<h5><span style=\"font-size: 14px;\">Si a\u00fan tienes alguna pregunta, por favor <a href=\"https:\/\/shapesfightwear.com\/contact-us\/\" target=\"_blank\" rel=\"noopener noreferrer\">Contacta con nosotras<\/a> y nos pondremos en contacto con usted lo antes posible.<\/span><\/h5>","protected":false},"excerpt":{"rendered":"<p><span style=\"font-size: 14px;\">SHAPES presenta el kimono azul con costuras en contraste, ideal para tus entrenamientos y competiciones de Jiu-Jitsu Brasile\u00f1o. Este kimono azul de primera calidad se fabrica con la m\u00e1xima atenci\u00f3n al detalle para m\u00e1xima comodidad y durabilidad. Las triples costuras en todos los puntos de tensi\u00f3n garantizan una larga duraci\u00f3n.<\/span><\/p>\n<h2><span style=\"color: #000000; font-size: 14px;\"><em>Tambi\u00e9n ofrecemos<\/em><span style=\"color: #ff0000;\"><strong><em> CINTUR\u00d3N DE BJJ + BOLSA DE GI GRATIS <\/em><\/strong><\/span><em>con tu BJJ Gi.<\/em><\/span><\/h2>","protected":false},"featured_media":7165,"comment_status":"open","ping_status":"closed","template":"","meta":[],"product_brand":[],"product_cat":[117,118],"product_tag":[127,131,128],"class_list":{"0":"post-48230","1":"product","2":"type-product","3":"status-publish","4":"has-post-thumbnail","6":"product_cat-rtw-shop","7":"product_cat-bjj-gi","8":"product_tag-bjjgi","9":"product_tag-bjjkimono","10":"product_tag-jiujitsugi","11":"tm-has-options","13":"first","14":"instock","15":"shipping-taxable","16":"purchasable","17":"product-type-simple"},"_links":{"self":[{"href":"https:\/\/shapesfightwear.com\/es\/wp-json\/wp\/v2\/product\/48230","targetHints":{"allow":["GET"]}}],"collection":[{"href":"https:\/\/shapesfightwear.com\/es\/wp-json\/wp\/v2\/product"}],"about":[{"href":"https:\/\/shapesfightwear.com\/es\/wp-json\/wp\/v2\/types\/product"}],"replies":[{"embeddable":true,"href":"https:\/\/shapesfightwear.com\/es\/wp-json\/wp\/v2\/comments?post=48230"}],"wp:featuredmedia":[{"embeddable":true,"href":"https:\/\/shapesfightwear.com\/es\/wp-json\/wp\/v2\/media\/7165"}],"wp:attachment":[{"href":"https:\/\/shapesfightwear.com\/es\/wp-json\/wp\/v2\/media?parent=48230"}],"wp:term":[{"taxonomy":"product_brand","embeddable":true,"href":"https:\/\/shapesfightwear.com\/es\/wp-json\/wp\/v2\/product_brand?post=48230"},{"taxonomy":"product_cat","embeddable":true,"href":"https:\/\/shapesfightwear.com\/es\/wp-json\/wp\/v2\/product_cat?post=48230"},{"taxonomy":"product_tag","embeddable":true,"href":"https:\/\/shapesfightwear.com\/es\/wp-json\/wp\/v2\/product_tag?post=48230"}],"curies":[{"name":"wp","href":"https:\/\/api.w.org\/{rel}","templated":true}]}}