{"id":48232,"date":"2025-08-23T17:55:36","date_gmt":"2025-08-23T17:55:36","guid":{"rendered":"https:\/\/mediumspringgreen-meerkat-571505.hostingersite.com\/?post_type=product&#038;p=48232"},"modified":"2026-03-25T16:13:11","modified_gmt":"2026-03-25T16:13:11","slug":"kimono-blanco-de-jiu-jitsu-brasileno","status":"publish","type":"product","link":"https:\/\/shapesfightwear.com\/es\/product\/kimono-blanco-de-jiu-jitsu-brasileno\/","title":{"rendered":"GLADIATOR - Kimono de Jiu-Jitsu brasile\u00f1o blanco con cintur\u00f3n y bolsa gratis"},"content":{"rendered":"<p>Shapes presenta el White BJJ Gi, que es el mejor BJJ Gi para principiantes, entrenamiento y competiciones.<\/p>\n<p>Este Gi de Jiu-Jitsu brasile\u00f1o est\u00e1 dise\u00f1ado para que tu experiencia de competencia sea mucho m\u00e1s agradable y extremadamente c\u00f3moda, con solo telas y tecnolog\u00edas de primera Calidad utilizadas.<\/p>\n<p>La chaqueta est\u00e1 confeccionada con un suave tejido perlado de 550 gramos, 100 % algod\u00f3n preencogido. Los pantalones de 8 oz de alta calidad est\u00e1n confeccionados con 100 % algod\u00f3n, al igual que la tela de la Chaqueta.<\/p>\n<p>SHAPES Gi de jiu-jitsu de calidad premium creado con la m\u00e1xima atenci\u00f3n a los detalles para lograr el m\u00e1ximo confort y durabilidad, la triple costura en todos los puntos de tensi\u00f3n garantiza un uso duradero.<br \/>\nLuxurious features are what make this BJJ Gi shine out from the standardized design, with EVA foam collar, contrast stitching, quality woven cord and belt loops. Look the part and compete like a champion in our technically advanced Competition Gi.<\/p>\n<h4><span style=\"color: #000000;\"><strong>Las especificaciones del kimono BJJ blanco SHAPES incluyen:<\/strong><\/span><\/h4>\n<ul>\n<li>Blanca con costuras en contraste azul, haciendo de este un BJJ Gi llamativo<\/li>\n<li>El bordado simple te permite agregar tus propios parches de tu gimnasio o academia.<\/li>\n<li>Apto para uso en competici\u00f3n<\/li>\n<li>Tejido de perlas con tela 100% algod\u00f3n de primera calidad<\/li>\n<li>Cuello con interior de espuma Eva envuelto en tejido Rip-Stop de secado r\u00e1pido<\/li>\n<li>Costuras reforzadas en contraste<\/li>\n<li>Pantalones Rip-Stop de 8 oz<\/li>\n<li>Triple costura en todos los puntos de tensi\u00f3n.<\/li>\n<li>Refuerzo de rodilla<\/li>\n<li>Costuras de refuerzo pesadas<\/li>\n<li>Bordado directo en el brazo y la pierna derechos<\/li>\n<li>Las formas personalizadas tienen un borde de cinta tejida en el interior de la falda y los bordes del pantal\u00f3n.<\/li>\n<li><span style=\"color: #ff0000;\"><strong>Cintur\u00f3n de BJJ gratuito<\/strong><\/span> Incluido con colores y tama\u00f1os personalizados<\/li>\n<li><span style=\"color: #ff0000;\"><strong>Bolsa de Gi gratis<\/strong><\/span> Incluido<\/li>\n<\/ul>\n<h5><span style=\"font-size: 14px;\">Si a\u00fan tienes alguna pregunta, por favor <a href=\"https:\/\/shapesfightwear.com\/contact-us\/\" target=\"_blank\" rel=\"noopener noreferrer\">Contacta con nosotras<\/a> y nos pondremos en contacto con usted lo antes posible.<\/span><\/h5>","protected":false},"excerpt":{"rendered":"<p><span style=\"font-size: 14px;\">SHAPES presenta el kimono BJJ BLANCO con costuras azules en contraste, ideal para tus entrenamientos y competiciones de Jiu-Jitsu Brasile\u00f1o. Este kimono BJJ blanco de primera calidad, creado con la m\u00e1xima atenci\u00f3n al detalle para m\u00e1xima comodidad y durabilidad, cuenta con triple costura en todos los puntos de tensi\u00f3n que garantiza una larga duraci\u00f3n.<\/span><\/p>\n<h2><span style=\"color: #000000; font-size: 14px;\"><em>Tambi\u00e9n ofrecemos<\/em><span style=\"color: #ff0000;\"><strong><em> CINTUR\u00d3N DE BJJ + BOLSA DE GI GRATIS <\/em><\/strong><\/span><em>con tu BJJ Gi.<\/em><\/span><\/h2>","protected":false},"featured_media":7218,"comment_status":"open","ping_status":"closed","template":"","meta":[],"product_brand":[],"product_cat":[117,118],"product_tag":[127,131,128],"class_list":{"0":"post-48232","1":"product","2":"type-product","3":"status-publish","4":"has-post-thumbnail","6":"product_cat-rtw-shop","7":"product_cat-bjj-gi","8":"product_tag-bjjgi","9":"product_tag-bjjkimono","10":"product_tag-jiujitsugi","11":"tm-has-options","13":"first","14":"instock","15":"shipping-taxable","16":"purchasable","17":"product-type-simple"},"_links":{"self":[{"href":"https:\/\/shapesfightwear.com\/es\/wp-json\/wp\/v2\/product\/48232","targetHints":{"allow":["GET"]}}],"collection":[{"href":"https:\/\/shapesfightwear.com\/es\/wp-json\/wp\/v2\/product"}],"about":[{"href":"https:\/\/shapesfightwear.com\/es\/wp-json\/wp\/v2\/types\/product"}],"replies":[{"embeddable":true,"href":"https:\/\/shapesfightwear.com\/es\/wp-json\/wp\/v2\/comments?post=48232"}],"wp:featuredmedia":[{"embeddable":true,"href":"https:\/\/shapesfightwear.com\/es\/wp-json\/wp\/v2\/media\/7218"}],"wp:attachment":[{"href":"https:\/\/shapesfightwear.com\/es\/wp-json\/wp\/v2\/media?parent=48232"}],"wp:term":[{"taxonomy":"product_brand","embeddable":true,"href":"https:\/\/shapesfightwear.com\/es\/wp-json\/wp\/v2\/product_brand?post=48232"},{"taxonomy":"product_cat","embeddable":true,"href":"https:\/\/shapesfightwear.com\/es\/wp-json\/wp\/v2\/product_cat?post=48232"},{"taxonomy":"product_tag","embeddable":true,"href":"https:\/\/shapesfightwear.com\/es\/wp-json\/wp\/v2\/product_tag?post=48232"}],"curies":[{"name":"wp","href":"https:\/\/api.w.org\/{rel}","templated":true}]}}