{"id":48237,"date":"2025-08-23T18:25:32","date_gmt":"2025-08-23T18:25:32","guid":{"rendered":"https:\/\/mediumspringgreen-meerkat-571505.hostingersite.com\/?post_type=product&#038;p=48237"},"modified":"2025-12-25T16:02:50","modified_gmt":"2025-12-25T16:02:50","slug":"cinturones-de-bjj","status":"publish","type":"product","link":"https:\/\/shapesfightwear.com\/es\/product\/cinturones-de-bjj\/","title":{"rendered":"CINTURONES DE BJJ"},"content":{"rendered":"<h2><span style=\"font-size: 20px;\"><strong>ESPECIFICACIONES DE LOS CINTURONES DE BJJ SHAPES<\/strong><\/span><\/h2>\n<ul>\n<li>Grueso y c\u00f3modo<\/li>\n<li>Construcci\u00f3n de n\u00facleo 100% algod\u00f3n para mayor Resistencia y durabilidad.<\/li>\n<li>Estos son cinturones de rango de color de buena calidad a un precio asequible.<\/li>\n<li>Lichtgewicht softcore riemen met 9 steeklijnen.<\/li>\n<li>Todos los cinturones vienen con un cintur\u00f3n negro y uno negro con manga roja como rayas como es la tradici\u00f3n en el Jiu-Jitsu brasile\u00f1o.<\/li>\n<\/ul>\n<h5>Si a\u00fan tienes alguna pregunta, por favor\u00a0<a href=\"https:\/\/shapesfightwear.com\/contact-us\/\" target=\"_blank\" rel=\"noopener noreferrer\">Contacta con nosotras<\/a>\u00a0y nos pondremos en contacto con usted lo antes posible.<\/h5>","protected":false},"excerpt":{"rendered":"<p>SHAPES BJJ BELTS SPECIFICATIONS Thick &amp; Comfortable 100% Cotton Core Construction for Strength &amp; Durability. These are good quality color rank belts at an affordable price. Lightweight softcore belts with 9 stitch lines. All belts come with a black and black belt with red sleeve for stripes as is the tradition in Brazilian Jiu-Jitsu. If [&hellip;]<\/p>\n","protected":false},"featured_media":7050,"comment_status":"open","ping_status":"closed","template":"","meta":[],"product_brand":[],"product_cat":[117,121],"product_tag":[127,131,133,132],"class_list":{"0":"post-48237","1":"product","2":"type-product","3":"status-publish","4":"has-post-thumbnail","6":"product_cat-rtw-shop","7":"product_cat-jiu-jitsu-belts","8":"product_tag-bjjgi","9":"product_tag-bjjkimono","10":"product_tag-custombjjgi","11":"product_tag-customgi","12":"tm-has-options","14":"first","15":"instock","16":"sale","17":"shipping-taxable","18":"purchasable","19":"product-type-simple"},"_links":{"self":[{"href":"https:\/\/shapesfightwear.com\/es\/wp-json\/wp\/v2\/product\/48237","targetHints":{"allow":["GET"]}}],"collection":[{"href":"https:\/\/shapesfightwear.com\/es\/wp-json\/wp\/v2\/product"}],"about":[{"href":"https:\/\/shapesfightwear.com\/es\/wp-json\/wp\/v2\/types\/product"}],"replies":[{"embeddable":true,"href":"https:\/\/shapesfightwear.com\/es\/wp-json\/wp\/v2\/comments?post=48237"}],"wp:featuredmedia":[{"embeddable":true,"href":"https:\/\/shapesfightwear.com\/es\/wp-json\/wp\/v2\/media\/7050"}],"wp:attachment":[{"href":"https:\/\/shapesfightwear.com\/es\/wp-json\/wp\/v2\/media?parent=48237"}],"wp:term":[{"taxonomy":"product_brand","embeddable":true,"href":"https:\/\/shapesfightwear.com\/es\/wp-json\/wp\/v2\/product_brand?post=48237"},{"taxonomy":"product_cat","embeddable":true,"href":"https:\/\/shapesfightwear.com\/es\/wp-json\/wp\/v2\/product_cat?post=48237"},{"taxonomy":"product_tag","embeddable":true,"href":"https:\/\/shapesfightwear.com\/es\/wp-json\/wp\/v2\/product_tag?post=48237"}],"curies":[{"name":"wp","href":"https:\/\/api.w.org\/{rel}","templated":true}]}}