{"id":6148,"date":"2025-08-10T15:05:49","date_gmt":"2025-08-10T15:05:49","guid":{"rendered":"https:\/\/mediumspringgreen-meerkat-571505.hostingersite.com\/?post_type=product&#038;p=6148"},"modified":"2026-03-18T18:42:07","modified_gmt":"2026-03-18T18:42:07","slug":"camiseta-personalizada","status":"publish","type":"product","link":"https:\/\/shapesfightwear.com\/es\/product\/camiseta-personalizada\/","title":{"rendered":"CAMISETA PERSONALIZADA"},"content":{"rendered":"<p><strong><span style=\"font-size: 13px; color: #333333;\"><span style=\"color: #808080;\"><span style=\"color: #000000;\">Shapes Fightwear<\/span> Si\u00e9ntete y luce incre\u00edble con tu camiseta personalizada mientras disfrutas de la comodidad de la calidad de nuestros productos. \u00a1Libera tu creatividad y comparte tu pasi\u00f3n!<\/span><\/span><\/strong><\/p>\n<h2><span style=\"color: #000000; font-size: 16px;\"><strong>Las caracter\u00edsticas de la camiseta personalizada Shapes incluyen:<\/strong><\/span><\/h2>\n<ul>\n<li><span style=\"color: #808080; font-size: 13px;\"><strong>\u00a1Camiseta totalmente personalizada con tu dise\u00f1o!<\/strong><\/span><\/li>\n<li><span style=\"color: #808080; font-size: 13px;\"><strong>100% algod\u00f3n hilado en anillos<\/strong><\/span><\/li>\n<li><span style=\"color: #808080; font-size: 13px;\"><strong>Absorbe el sudor y es transpirable.<\/strong><\/span><\/li>\n<li><span style=\"color: #808080; font-size: 13px;\"><strong>Inencogible<\/strong><\/span><\/li>\n<li><span style=\"color: #808080; font-size: 13px;\"><strong>Cuello redondo<\/strong><\/span><\/li>\n<li><span style=\"color: #808080; font-size: 13px;\"><strong>Vendaje de hombro a hombroRedondo<\/strong><\/span><\/li>\n<\/ul>\n<h4><span style=\"color: #000000;\"><strong>C\u00f3mo hacer un pedido y tiempo de Entrega:<\/strong><\/span><\/h4>\n<p><span style=\"font-size: 13px;\"><strong><span style=\"color: #808080;\">La mayor parte del proceso de completar y enviar un formulario de solicitud de camiseta personalizada es f\u00e1cil de procesar.<\/span><\/strong><\/span><\/p>\n<ul>\n<li><span style=\"font-size: 13px;\"><strong><span style=\"color: #808080;\">Incluya una descripci\u00f3n detallada en notas especiales si tiene alguna, con respecto a la ubicaci\u00f3n de logotipos o texto. Cargue todos los archivos de logotipos\/ilustraciones en formato vectorial o env\u00edelos a support@mediumspringgreen-meerkat-571505.hostingersite.com. Los tipos de archivos aceptados incluyen PDF, AI, SVG o EPS.<\/span><\/strong><\/span><\/li>\n<li><span style=\"font-size: 13px;\"><strong><span style=\"color: #808080;\">Seleccione las especificaciones y complete las opciones detalladas proporcionadas<\/span><\/strong><\/span><\/li>\n<li><span style=\"font-size: 13px;\"><strong><span style=\"color: #808080;\">Despu\u00e9s de realizar el pedido, primero obtendremos la aprobaci\u00f3n con usted de la maqueta que creamos antes de imprimir el dise\u00f1o.<\/span><\/strong><\/span><\/li>\n<li><span style=\"font-size: 13px;\"><strong><span style=\"color: #808080;\">El tiempo estimado de producci\u00f3n y entrega para una Camiseta Personalizada es entre 2-3 semanas.<\/span><\/strong><\/span><\/li>\n<li><span style=\"font-size: 13px;\"><strong><span style=\"color: #808080;\">Enviamos a trav\u00e9s de DHL\/UPS\/FedEx, se proporcionar\u00e1 un n\u00famero de seguimiento una vez que se env\u00ede la camiseta.<\/span><\/strong><\/span><\/li>\n<\/ul>\n<p><span style=\"font-size: 13px;\"><span style=\"color: #000000;\"><strong>PARA PEDIDOS AL POR MAYOR PERSONALIZADOS<\/strong><strong>:<\/strong><\/span><strong><em>\u00a0<\/em><\/strong><span style=\"color: #ff0000;\"><strong><em>Visita el <\/em><\/strong><strong>\u201c<a href=\"https:\/\/shapesfightwear.com\/custom-apparel\/custom-t-shirts-tops\/custom-short-sleeve-shirts\/\" target=\"_blank\" rel=\"noopener noreferrer\" data-schema-attribute=\"\">Camisetas personalizadas<\/a>\u201d <\/strong><strong><em>\u00a1Pasa y rellena el formulario para obtener una cotizaci\u00f3n con Descuento!<\/em><\/strong><\/span><\/span><\/p>\n<h5><strong><span style=\"font-size: 13px;\">Si a\u00fan tienes alguna pregunta, por favor <a href=\"https:\/\/shapesfightwear.com\/contact-us\/\" target=\"_blank\" rel=\"noopener noreferrer\">Contacta con nosotras<\/a>Nos pondremos en contacto con usted lo antes possible.<\/span><\/strong><\/h5>","protected":false},"excerpt":{"rendered":"<p><em><span style=\"font-size: 13px;\"><strong><span style=\"color: #000000;\">Camiseta personalizada<\/span> Es la manera perfecta de ofrecerte material de calidad, liberar tu creatividad y lucir tu atuendo personalizado. Crea tu mensaje y dise\u00f1o favorito con las opciones de impresi\u00f3n personalizada. Queremos que te sientas y luzcas incre\u00edble con tu dise\u00f1o personalizado, mientras disfrutas de la comodidad de la calidad de nuestros productos.<\/strong><\/span><\/em><\/p>","protected":false},"featured_media":49228,"comment_status":"open","ping_status":"closed","template":"","meta":[],"product_brand":[],"product_cat":[126,123],"product_tag":[],"class_list":{"0":"post-6148","1":"product","2":"type-product","3":"status-publish","4":"has-post-thumbnail","6":"product_cat-apparel","7":"product_cat-custom-bjj-gear","8":"tm-has-options","10":"first","11":"instock","12":"shipping-taxable","13":"purchasable","14":"product-type-simple"},"_links":{"self":[{"href":"https:\/\/shapesfightwear.com\/es\/wp-json\/wp\/v2\/product\/6148","targetHints":{"allow":["GET"]}}],"collection":[{"href":"https:\/\/shapesfightwear.com\/es\/wp-json\/wp\/v2\/product"}],"about":[{"href":"https:\/\/shapesfightwear.com\/es\/wp-json\/wp\/v2\/types\/product"}],"replies":[{"embeddable":true,"href":"https:\/\/shapesfightwear.com\/es\/wp-json\/wp\/v2\/comments?post=6148"}],"wp:featuredmedia":[{"embeddable":true,"href":"https:\/\/shapesfightwear.com\/es\/wp-json\/wp\/v2\/media\/49228"}],"wp:attachment":[{"href":"https:\/\/shapesfightwear.com\/es\/wp-json\/wp\/v2\/media?parent=6148"}],"wp:term":[{"taxonomy":"product_brand","embeddable":true,"href":"https:\/\/shapesfightwear.com\/es\/wp-json\/wp\/v2\/product_brand?post=6148"},{"taxonomy":"product_cat","embeddable":true,"href":"https:\/\/shapesfightwear.com\/es\/wp-json\/wp\/v2\/product_cat?post=6148"},{"taxonomy":"product_tag","embeddable":true,"href":"https:\/\/shapesfightwear.com\/es\/wp-json\/wp\/v2\/product_tag?post=6148"}],"curies":[{"name":"wp","href":"https:\/\/api.w.org\/{rel}","templated":true}]}}