{"id":7221,"date":"2025-08-23T18:15:09","date_gmt":"2025-08-23T18:15:09","guid":{"rendered":"https:\/\/mediumspringgreen-meerkat-571505.hostingersite.com\/?post_type=product&#038;p=7221"},"modified":"2026-03-18T18:44:36","modified_gmt":"2026-03-18T18:44:36","slug":"pantalones-deportivos-personalizado","status":"publish","type":"product","link":"https:\/\/shapesfightwear.com\/es\/product\/pantalones-deportivos-personalizado\/","title":{"rendered":"PANTALONES DEPORTIVOS PERSONALIZADOS"},"content":{"rendered":"<p><strong><span style=\"font-size: 13px; color: #333333;\"><span style=\"color: #808080;\"><span style=\"color: #000000;\">Shapes Fightwear<\/span> Si\u00e9ntete y luce incre\u00edble con tus pantalones deportivos personalizados mientras disfrutas de la comodidad de la calidad de nuestros productos. \u00a1Libera tu creatividad y comparte tu pasi\u00f3n!<\/span><\/span><\/strong><\/p>\n<h2><span style=\"color: #000000; font-size: 16px;\"><strong>Las caracter\u00edsticas de los pantalones deportivos personalizados Shapes incluyen:<\/strong><\/span><\/h2>\n<ul>\n<li><span style=\"color: #808080;\"><strong><span style=\"font-size: 12px;\">El cepillado Supreme Tech Fleece ofrece una combinaci\u00f3n de calidez y absorci\u00f3n de la humedad.<\/span><\/strong><\/span><\/li>\n<li><span style=\"color: #808080;\"><strong><span style=\"font-size: 12px;\">Cintura el\u00e1stica con cierre de cordon interior.<\/span><\/strong><\/span><\/li>\n<li><span style=\"color: #808080;\"><strong><span style=\"font-size: 12px;\">Pu\u00f1os y dobladillo el\u00e1sticos para un ajuste ce\u00f1ido.cordon<\/span><\/strong><\/span><\/li>\n<li><span style=\"color: #808080;\"><strong><span style=\"font-size: 12px;\">Bolsillos laterales con cremallera dise\u00f1ados para mayor comodidad y seguridad para guardar art\u00edculos valiosos.<\/span><\/strong><\/span><\/li>\n<\/ul>\n<h4><span style=\"color: #000000;\"><strong>C\u00f3mo hacer un pedido y tiempo de Entrega:<\/strong><\/span><\/h4>\n<p><strong><span style=\"font-size: 12px; color: #808080;\">La mayor parte del proceso para completar y enviar un formulario de solicitud de pantalones deportivos personalizados es f\u00e1cil de procesar.<\/span><\/strong><\/p>\n<ul>\n<li><strong><span style=\"font-size: 12px; color: #808080;\">Incluya una descripci\u00f3n detallada en notas especiales si tiene alguna, con respecto a la ubicaci\u00f3n de logotipos o texto. Cargue todos los archivos de logotipos\/ilustraciones en formato vectorial o env\u00edelos a support@mediumspringgreen-meerkat-571505.hostingersite.com. Los tipos de archivos aceptados incluyen PDF, AI, SVG o EPS.<\/span><\/strong><\/li>\n<li><strong><span style=\"font-size: 12px; color: #808080;\">Seleccione las especificaciones y complete las opciones detalladas proporcionadas<\/span><\/strong><\/li>\n<li><strong><span style=\"font-size: 12px; color: #808080;\">Despu\u00e9s de realizar el pedido, primero obtendremos la aprobaci\u00f3n con usted de la maqueta que creamos antes de imprimir el dise\u00f1o.<\/span><\/strong><\/li>\n<li><strong><span style=\"font-size: 12px; color: #808080;\">El tiempo estimado de producci\u00f3n y entrega de un Pantal\u00f3n Jogger Personalizado es de entre 2-3 Semanas.<\/span><\/strong><\/li>\n<li><strong><span style=\"font-size: 12px; color: #808080;\">Realizamos env\u00edos a trav\u00e9s de DHL\/UPS\/FedEx, se proporcionar\u00e1 un n\u00famero de seguimiento una vez que se env\u00ede el pantal\u00f3n Jogger.<\/span><\/strong><\/li>\n<\/ul>\n<p><span style=\"font-size: 13px;\"><span style=\"color: #000000;\"><strong>PARA PEDIDOS AL POR MAYOR PERSONALIZADOS<\/strong><strong>:<\/strong><\/span><strong><em>\u00a0<\/em><\/strong><span style=\"color: #ff0000;\"><strong><em>Visita el <\/em><\/strong><strong>\u201c<a href=\"https:\/\/shapesfightwear.com\/custom-apparel\/custom-sweats-hoodies\/custom-sweatpants\/\" target=\"_blank\" rel=\"noopener noreferrer\" data-schema-attribute=\"\">Pantalones deportivos personalizados<\/a>\u201d <\/strong><strong><em>\u00a1Pasa y rellena el formulario para obtener una cotizaci\u00f3n con Descuento!<\/em><\/strong><\/span><\/span><\/p>\n<h5><strong><span style=\"font-size: 13px;\">Si a\u00fan tienes alguna pregunta, por favor <a href=\"https:\/\/shapesfightwear.com\/contact-us\/\" target=\"_blank\" rel=\"noopener noreferrer\">Contacta con nosotras<\/a>Nos pondremos en contacto con usted lo antes possible.<\/span><\/strong><\/h5>","protected":false},"excerpt":{"rendered":"<p><em><span style=\"font-size: 13px;\"><strong>Sea lo m\u00e1ximo en comodidad y estilo en <span style=\"color: #000000;\">Pantalones deportivos personaEstilos<\/span>Estos modernos pantalones cuentan con cordones, perneras estrechas y bajos ajustados. Mejoran tu funcionalidad general, ya sea para levantar pesas, correr o andar en bicicleta. Ideales para entrenar o para uso diario. Dale tu toque personal con logotipos, dise\u00f1os y mensajes gracias a las opciones de impresi\u00f3n personalizada.<\/strong><\/span><\/em><\/p>","protected":false},"featured_media":6396,"comment_status":"open","ping_status":"closed","template":"","meta":[],"product_brand":[],"product_cat":[126,123],"product_tag":[],"class_list":{"0":"post-7221","1":"product","2":"type-product","3":"status-publish","4":"has-post-thumbnail","6":"product_cat-apparel","7":"product_cat-custom-bjj-gear","8":"tm-has-options","10":"first","11":"instock","12":"shipping-taxable","13":"purchasable","14":"product-type-simple"},"_links":{"self":[{"href":"https:\/\/shapesfightwear.com\/es\/wp-json\/wp\/v2\/product\/7221","targetHints":{"allow":["GET"]}}],"collection":[{"href":"https:\/\/shapesfightwear.com\/es\/wp-json\/wp\/v2\/product"}],"about":[{"href":"https:\/\/shapesfightwear.com\/es\/wp-json\/wp\/v2\/types\/product"}],"replies":[{"embeddable":true,"href":"https:\/\/shapesfightwear.com\/es\/wp-json\/wp\/v2\/comments?post=7221"}],"wp:featuredmedia":[{"embeddable":true,"href":"https:\/\/shapesfightwear.com\/es\/wp-json\/wp\/v2\/media\/6396"}],"wp:attachment":[{"href":"https:\/\/shapesfightwear.com\/es\/wp-json\/wp\/v2\/media?parent=7221"}],"wp:term":[{"taxonomy":"product_brand","embeddable":true,"href":"https:\/\/shapesfightwear.com\/es\/wp-json\/wp\/v2\/product_brand?post=7221"},{"taxonomy":"product_cat","embeddable":true,"href":"https:\/\/shapesfightwear.com\/es\/wp-json\/wp\/v2\/product_cat?post=7221"},{"taxonomy":"product_tag","embeddable":true,"href":"https:\/\/shapesfightwear.com\/es\/wp-json\/wp\/v2\/product_tag?post=7221"}],"curies":[{"name":"wp","href":"https:\/\/api.w.org\/{rel}","templated":true}]}}