{"id":7222,"date":"2025-08-23T18:14:30","date_gmt":"2025-08-23T18:14:30","guid":{"rendered":"https:\/\/mediumspringgreen-meerkat-571505.hostingersite.com\/?post_type=product&#038;p=7222"},"modified":"2026-03-18T18:41:28","modified_gmt":"2026-03-18T18:41:28","slug":"sudadera-con-capucha-personalizada","status":"publish","type":"product","link":"https:\/\/shapesfightwear.com\/es\/product\/sudadera-con-capucha-personalizada\/","title":{"rendered":"SUDADERA CON CAPUCHA PERSONALIZADA"},"content":{"rendered":"<p><strong><span style=\"font-size: 13px; color: #333333;\"><span style=\"color: #808080;\"><span style=\"color: #000000;\">Shapes Fightwear<\/span> Si\u00e9ntete y luce incre\u00edble con tu sudadera personalizada y disfruta de la comodidad de la calidad de nuestros productos. \u00a1Libera tu creatividad y comparte tu pasi\u00f3n!<\/span><\/span><\/strong><\/p>\n<h2><span style=\"color: #000000; font-size: 16px;\"><strong>Las caracter\u00edsticas de la sudadera con capucha personalizada Shapes incluyen:<\/strong><\/span><\/h2>\n<ul>\n<li><span style=\"color: #808080; font-size: 13px;\"><strong>El cepillado Supreme Tech Fleece proporciona un ajuste firme que combina calidez y absorci\u00f3n de la humedad.<\/strong><\/span><\/li>\n<li><span style=\"color: #808080; font-size: 13px;\"><strong>Opciones de impresi\u00f3n personalizadas con sus logotipos, textos y obras de arte.<\/strong><\/span><\/li>\n<li><span style=\"color: #808080; font-size: 13px;\"><strong>El cord\u00f3n en la capucha ayuda a cerrarla.<\/strong><\/span><\/li>\n<li><span style=\"color: #808080; font-size: 13px;\"><strong>Pu\u00f1os y dobladillo el\u00e1sticos para un ajuste ce\u00f1ido.cordon<\/strong><\/span><\/li>\n<li><span style=\"color: #808080; font-size: 13px;\"><strong>El bolsillo tipo canguro en la parte delantera permite amplio espacio y almacenamiento.<\/strong><\/span><\/li>\n<\/ul>\n<h4><span style=\"color: #000000;\"><strong>C\u00f3mo hacer un pedido y tiempo de Entrega:<\/strong><\/span><\/h4>\n<p><span style=\"font-size: 13px;\"><strong><span style=\"color: #808080;\">La mayor parte del proceso para completar y enviar un formulario de solicitud de sudadera con capucha personalizada es f\u00e1cil de procesar.<\/span><\/strong><\/span><\/p>\n<ul>\n<li><span style=\"font-size: 13px;\"><strong><span style=\"color: #808080;\">Incluya una descripci\u00f3n detallada en notas especiales si tiene alguna, con respecto a la ubicaci\u00f3n de logotipos o texto, cargue todos los archivos de logotipos\/ilustraciones en formato vectorial o env\u00edelos a support@mediumspringgreen-meerkat-571505.hostingersite.com. Los tipos de archivos aceptados incluyen PDF, AI, SVG o EPS.<\/span><\/strong><\/span><\/li>\n<li><span style=\"font-size: 13px;\"><strong><span style=\"color: #808080;\">Seleccione las especificaciones y complete las opciones detalladas proporcionadas<\/span><\/strong><\/span><\/li>\n<li><span style=\"font-size: 13px;\"><strong><span style=\"color: #808080;\">Despu\u00e9s de realizar el pedido, primero obtendremos la aprobaci\u00f3n con usted de la maqueta que creamos antes de imprimir el dise\u00f1o.<\/span><\/strong><\/span><\/li>\n<li><span style=\"font-size: 13px;\"><strong><span style=\"color: #808080;\">El tiempo estimado de producci\u00f3n y entrega para una Sudadera con Capucha Personalizada es de entre 2 y 3 Semanas.<\/span><\/strong><\/span><\/li>\n<li><span style=\"font-size: 13px;\"><strong><span style=\"color: #808080;\">Enviamos a trav\u00e9s de DHL\/UPS\/FedEx, se proporcionar\u00e1 un n\u00famero de seguimiento una vez que se env\u00ede la sudadera con capucha personalizada.<\/span><\/strong><\/span><\/li>\n<\/ul>\n<p><span style=\"font-size: 13px;\"><span style=\"color: #000000;\"><strong>PARA PEDIDOS AL POR MAYOR PERSONALIZADOS<\/strong><strong>:<\/strong><\/span><strong><em>\u00a0<\/em><\/strong><span style=\"color: #ff0000;\"><strong><em>Visita el <\/em><\/strong><strong>\u201c<span style=\"font-size: 13px;\"><a href=\"https:\/\/shapesfightwear.com\/custom-apparel\/custom-sweats-hoodies\/custom-hoodies\/\" target=\"_blank\" rel=\"noopener noreferrer\" data-schema-attribute=\"\">Sudaderas personalizadas<\/a><\/span>\u201d <\/strong><strong><em>\u00a1Pasa y rellena el formulario para obtener una cotizaci\u00f3n con Descuento!<\/em><\/strong><\/span><\/span><\/p>\n<h5><strong><span style=\"font-size: 13px;\">Si a\u00fan tienes alguna pregunta, por favor <a href=\"https:\/\/shapesfightwear.com\/contact-us\/\" target=\"_blank\" rel=\"noopener noreferrer\">Contacta con nosotras<\/a>Nos pondremos en contacto con usted lo antes possible.<\/span><\/strong><\/h5>","protected":false},"excerpt":{"rendered":"<p><em><span style=\"font-size: 13px;\"><strong>Personaliza tu experiencia de entrenamiento con el <span style=\"color: #000000;\">Sudaderas personalizadas<\/span>Esta sudadera con capucha es imprescindible durante la temporada de fr\u00edo y despu\u00e9s de entrenar. Dale tu toque personal con las opciones de impresi\u00f3n personalizada a estas sudaderas resistentes y c\u00f3modas. Y demuestra tus habilidades con la comodidad y el calor.<\/strong><\/span><\/em><\/p>","protected":false},"featured_media":6387,"comment_status":"open","ping_status":"closed","template":"","meta":[],"product_brand":[],"product_cat":[126,123],"product_tag":[],"class_list":{"0":"post-7222","1":"product","2":"type-product","3":"status-publish","4":"has-post-thumbnail","6":"product_cat-apparel","7":"product_cat-custom-bjj-gear","8":"tm-has-options","10":"first","11":"instock","12":"shipping-taxable","13":"purchasable","14":"product-type-simple"},"_links":{"self":[{"href":"https:\/\/shapesfightwear.com\/es\/wp-json\/wp\/v2\/product\/7222","targetHints":{"allow":["GET"]}}],"collection":[{"href":"https:\/\/shapesfightwear.com\/es\/wp-json\/wp\/v2\/product"}],"about":[{"href":"https:\/\/shapesfightwear.com\/es\/wp-json\/wp\/v2\/types\/product"}],"replies":[{"embeddable":true,"href":"https:\/\/shapesfightwear.com\/es\/wp-json\/wp\/v2\/comments?post=7222"}],"wp:featuredmedia":[{"embeddable":true,"href":"https:\/\/shapesfightwear.com\/es\/wp-json\/wp\/v2\/media\/6387"}],"wp:attachment":[{"href":"https:\/\/shapesfightwear.com\/es\/wp-json\/wp\/v2\/media?parent=7222"}],"wp:term":[{"taxonomy":"product_brand","embeddable":true,"href":"https:\/\/shapesfightwear.com\/es\/wp-json\/wp\/v2\/product_brand?post=7222"},{"taxonomy":"product_cat","embeddable":true,"href":"https:\/\/shapesfightwear.com\/es\/wp-json\/wp\/v2\/product_cat?post=7222"},{"taxonomy":"product_tag","embeddable":true,"href":"https:\/\/shapesfightwear.com\/es\/wp-json\/wp\/v2\/product_tag?post=7222"}],"curies":[{"name":"wp","href":"https:\/\/api.w.org\/{rel}","templated":true}]}}