{"id":7223,"date":"2025-08-22T19:52:31","date_gmt":"2025-08-22T19:52:31","guid":{"rendered":"https:\/\/mediumspringgreen-meerkat-571505.hostingersite.com\/?post_type=product&#038;p=7223"},"modified":"2026-03-14T10:03:26","modified_gmt":"2026-03-14T10:03:26","slug":"pantalones-cortos-personalizados-de-bjj-y-mma","status":"publish","type":"product","link":"https:\/\/shapesfightwear.com\/es\/product\/pantalones-cortos-personalizados-de-bjj-y-mma\/","title":{"rendered":"CUSTOM BJJ &#038; MMA SHORTS"},"content":{"rendered":"<p><strong><span style=\"font-size: 13px; color: #333333;\"><span style=\"color: #808080;\"><span style=\"color: #000000;\">Shapes Fightwear<\/span> let you feel and look amazing in your personalized design BJJ &amp; MMA Shorts while enjoying the comfort of our products&#8217; quality. Unleash your creativity and make your passion known!<\/span><\/span><\/strong><\/p>\n<h2><span style=\"color: #000000; font-size: 16px;\"><strong>The Shapes Custom BJJ &amp; MMA Shorts Features include:<\/strong><\/span><\/h2>\n<ul>\n<li><span style=\"color: #808080;\"><strong><span style=\"font-size: 12px;\">Fully customized Custom BJJ &amp; MMA Shorts featuring your design!<\/span><\/strong><\/span><\/li>\n<li><span style=\"color: #808080;\"><strong><span style=\"font-size: 12px;\">Pantalones cortos ligeros para entrenamiento y competici\u00f3n sin gi<\/span><\/strong><\/span><\/li>\n<li><span style=\"color: #808080;\"><strong><span style=\"font-size: 12px;\">95% Polyester, 5% Spandex<\/span><\/strong><\/span><\/li>\n<li><span style=\"color: #808080;\"><strong><span style=\"font-size: 12px;\">Costura dividida para una flexibilidad superior<\/span><\/strong><\/span><\/li>\n<li><span style=\"color: #808080;\"><strong><span style=\"font-size: 12px;\">Cordones interiores para ajustar el ajuste personalizado<\/span><\/strong><\/span><\/li>\n<li><span style=\"color: #808080;\"><strong><span style=\"font-size: 12px;\">Las costuras T3 resisten una cantidad extrema de Fuerza.<\/span><\/strong><\/span><\/li>\n<li><span style=\"color: #808080;\"><strong><span style=\"font-size: 12px;\">M\u00faltiples paneles flexibles para una excelente movilidad<\/span><\/strong><\/span><\/li>\n<li><span style=\"color: #808080;\"><strong><span style=\"font-size: 12px;\">Correa de cierre de Velcro resistente<\/span><\/strong><\/span><\/li>\n<li><span style=\"color: #808080;\"><strong><span style=\"font-size: 12px;\">Las ilustraciones completamente sublimadas nunca se agrietar\u00e1n, pelar\u00e1n ni decolorar\u00e1n.<\/span><\/strong><\/span><\/li>\n<\/ul>\n<h2><span style=\"color: #000000;\"><strong>C\u00f3mo hacer un pedido y tiempo de Entrega:<\/strong><\/span><\/h2>\n<p><strong><span style=\"font-size: 12px; color: #808080;\">Most parts of filling and submitting a Custom BJJ &amp; MMA Shorts request form is easy to process<\/span><\/strong><\/p>\n<ul>\n<li><strong><span style=\"font-size: 12px; color: #808080;\">Include a detailed description in special notes if you have any, regarding placement of logos or text, Upload all logo\/artwork files in vector format or send to sales@shapesfightwear.com Accepted files types include PDF, AI, SVG or EPS.<\/span><\/strong><\/li>\n<li><strong><span style=\"font-size: 12px; color: #808080;\">Seleccione las especificaciones y complete las opciones detalladas proporcionadas<\/span><\/strong><\/li>\n<li><strong><span style=\"font-size: 12px; color: #808080;\">Despu\u00e9s de realizar el pedido, primero obtendremos la aprobaci\u00f3n con usted de la maqueta que creamos antes de imprimir el dise\u00f1o.<\/span><\/strong><\/li>\n<li><strong><span style=\"font-size: 12px; color: #808080;\">The estimated production and delivery time for a Custom Shorts is between 2-3 weeks<\/span><\/strong><\/li>\n<li><strong><span style=\"font-size: 12px; color: #808080;\">We ship via DHL\/UPS\/FedEx, tracking number will be provided once the MMA Shorts gets shipped out<\/span><\/strong><\/li>\n<\/ul>\n<h5><span style=\"font-size: 13px;\"><span style=\"color: #000000;\"><strong>PARA PEDIDOS AL POR MAYOR PERSONALIZADOS<\/strong><strong>:<\/strong><\/span><strong><em>\u00a0<\/em><\/strong><span style=\"color: #ff0000;\"><strong><em>Visita el <\/em><\/strong><strong>\u201c<a href=\"https:\/\/shapesfightwear.com\/custom-gear\/custom-mma-gear\/custom-mma-shorts\/\" target=\"_blank\" rel=\"noopener noreferrer\" data-schema-attribute=\"\">Pantalones cortos de MMA personalizados<\/a>\u201d <\/strong><strong><em>Pagina y rellena el formulario<\/em><\/strong><em> <strong>\u00a1Para obtener una cotizaci\u00f3n con descuento!<\/strong><\/em><\/span><\/span><\/h5>\n<h5><strong><span style=\"font-size: 13px;\">Si a\u00fan tienes alguna pregunta, por favor <a href=\"https:\/\/shapesfightwear.com\/contact-us\/\" target=\"_blank\" rel=\"noopener noreferrer\">Contacta con nosotras<\/a>Nos pondremos en contacto con usted lo antes possible.<\/span><\/strong><\/h5>","protected":false},"excerpt":{"rendered":"<p><strong><span style=\"font-size: 13px; color: #333333;\"><span style=\"color: #808080;\"><span style=\"color: #000000;\">Custom BJJ &amp; MMA Shorts<\/span> Son la manera perfecta de ofrecerte shorts deportivos de alto rendimiento para deportes de combate y fitness funcional, a la vez que transformas tu visi\u00f3n art\u00edstica en prendas gr\u00e1ficas de primera calidad. Shapes Fightwear te ofrece shorts de BJJ\/MMA personalizados y totalmente sublimados, que se ajustan a ti y lucen exactamente como quieres. <\/span><\/span><\/strong><\/p>","protected":false},"featured_media":6401,"comment_status":"open","ping_status":"closed","template":"","meta":[],"product_brand":[],"product_cat":[123,125],"product_tag":[],"class_list":{"0":"post-7223","1":"product","2":"type-product","3":"status-publish","4":"has-post-thumbnail","6":"product_cat-custom-bjj-gear","7":"product_cat-martial-arts","8":"tm-has-options","10":"first","11":"instock","12":"shipping-taxable","13":"purchasable","14":"product-type-simple"},"_links":{"self":[{"href":"https:\/\/shapesfightwear.com\/es\/wp-json\/wp\/v2\/product\/7223","targetHints":{"allow":["GET"]}}],"collection":[{"href":"https:\/\/shapesfightwear.com\/es\/wp-json\/wp\/v2\/product"}],"about":[{"href":"https:\/\/shapesfightwear.com\/es\/wp-json\/wp\/v2\/types\/product"}],"replies":[{"embeddable":true,"href":"https:\/\/shapesfightwear.com\/es\/wp-json\/wp\/v2\/comments?post=7223"}],"wp:featuredmedia":[{"embeddable":true,"href":"https:\/\/shapesfightwear.com\/es\/wp-json\/wp\/v2\/media\/6401"}],"wp:attachment":[{"href":"https:\/\/shapesfightwear.com\/es\/wp-json\/wp\/v2\/media?parent=7223"}],"wp:term":[{"taxonomy":"product_brand","embeddable":true,"href":"https:\/\/shapesfightwear.com\/es\/wp-json\/wp\/v2\/product_brand?post=7223"},{"taxonomy":"product_cat","embeddable":true,"href":"https:\/\/shapesfightwear.com\/es\/wp-json\/wp\/v2\/product_cat?post=7223"},{"taxonomy":"product_tag","embeddable":true,"href":"https:\/\/shapesfightwear.com\/es\/wp-json\/wp\/v2\/product_tag?post=7223"}],"curies":[{"name":"wp","href":"https:\/\/api.w.org\/{rel}","templated":true}]}}