{"id":7225,"date":"2025-08-22T19:52:49","date_gmt":"2025-08-22T19:52:49","guid":{"rendered":"https:\/\/mediumspringgreen-meerkat-571505.hostingersite.com\/?post_type=product&#038;p=7225"},"modified":"2026-03-18T18:50:34","modified_gmt":"2026-03-18T18:50:34","slug":"pantalones-de-compression-personalizados","status":"publish","type":"product","link":"https:\/\/shapesfightwear.com\/es\/product\/pantalones-de-compression-personalizados\/","title":{"rendered":"PANTALONES DE compression PERSONALIZADOS"},"content":{"rendered":"<p><strong><span style=\"font-size: 13px; color: #333333;\"><span style=\"color: #808080;\"><span style=\"color: #000000;\">Shapes Fightwear<\/span> Si\u00e9ntete y luce incre\u00edble con tus mallas de compresi\u00f3n personalizadas mientras disfrutas de la comodidad de la calidad de nuestros productos. \u00a1Libera tu creatividad y comparte tu pasi\u00f3n!<\/span><\/span><\/strong><\/p>\n<h2><span style=\"color: #000000; font-size: 16px;\"><strong>Las caracter\u00edsticas de los pantalones de compresi\u00f3n personalizados Shapes incluyen:<\/strong><\/span><\/h2>\n<ul>\n<li><span style=\"color: #808080;\"><strong><span style=\"font-size: 12px;\">\u00a1Pantalones de compresi\u00f3n totalmente personalizados con tu dise\u00f1o!<\/span><\/strong><\/span><\/li>\n<li><span style=\"color: #808080;\"><strong><span style=\"font-size: 12px;\">Secado r\u00e1pido y absorci\u00f3n de la humedad.compression<\/span><\/strong><\/span><\/li>\n<li><span style=\"color: #808080;\"><strong><span style=\"font-size: 12px;\">Fabricado en tejido de licra y poli\u00e9ster de alta elasticidad.<\/span><\/strong><\/span><\/li>\n<li><span style=\"color: #808080;\"><strong><span style=\"font-size: 12px;\">S\u00faper c\u00f3modo ya que cuenta con tejido de alto rendimiento el\u00e1stico en 4 direcciones.<\/span><\/strong><\/span><\/li>\n<li><span style=\"color: #808080;\"><strong><span style=\"font-size: 12px;\">Pantalones cortos de fitness comprimidos que se ajustan perfectamente a tu cuerpo.<\/span><\/strong><\/span><\/li>\n<li><span style=\"color: #808080;\"><strong><span style=\"font-size: 12px;\">La mezcla de poli\u00e9ster y elastano permite un rango completo de movimiento y transpirabilidad.<\/span><\/strong><\/span><\/li>\n<li><span style=\"color: #808080;\"><strong><span style=\"font-size: 12px;\">Las costuras planas reforzadas permiten flexibilidad, durabilidad y comodidad.<\/span><\/strong><\/span><\/li>\n<li><span style=\"color: #808080;\"><strong><span style=\"font-size: 12px;\">Entrepierna reforzada para aumentar la resistencia y la durabilidad.<\/span><\/strong><\/span><\/li>\n<li><span style=\"color: #808080;\"><strong><span style=\"font-size: 12px;\">Las ilustraciones completamente sublimadas nunca se agrietar\u00e1n, pelar\u00e1n ni decolorar\u00e1n.<\/span><\/strong><\/span><\/li>\n<li><span style=\"color: #808080;\"><strong><span style=\"font-size: 12px;\">Personalizable para cualquier rango de cintur\u00f3n o equipo, con o sin Gi, MMA o No-Gi.<\/span><\/strong><\/span><\/li>\n<\/ul>\n<h4><span style=\"color: #000000;\"><strong>C\u00f3mo hacer un pedido y tiempo de Entrega:<\/strong><\/span><\/h4>\n<p><strong><span style=\"font-size: 12px; color: #808080;\">La mayor parte del proceso para completar y enviar un formulario de solicitud de pantalones de compresi\u00f3n personalizados es f\u00e1cil de procesar.<\/span><\/strong><\/p>\n<ul>\n<li><strong><span style=\"font-size: 12px; color: #808080;\">Incluya una descripci\u00f3n detallada en notas especiales si tiene alguna, con respecto a la ubicaci\u00f3n de logotipos o texto. Cargue todos los archivos de logotipos\/ilustraciones en formato vectorial o env\u00edelos a support@mediumspringgreen-meerkat-571505.hostingersite.com. Los tipos de archivos aceptados incluyen PDF, AI, SVG o EPS.<\/span><\/strong><\/li>\n<li><strong><span style=\"font-size: 12px; color: #808080;\">Seleccione las especificaciones y complete las opciones detalladas proporcionadas<\/span><\/strong><\/li>\n<li><strong><span style=\"font-size: 12px; color: #808080;\">Despu\u00e9s de realizar el pedido, primero obtendremos la aprobaci\u00f3n con usted de la maqueta que creamos antes de imprimir el dise\u00f1o.<\/span><\/strong><\/li>\n<li><strong><span style=\"font-size: 12px; color: #808080;\">El tiempo estimado de producci\u00f3n y entrega para un pantal\u00f3n de compresi\u00f3n personalizado es de entre 2 y 3 semanas.<\/span><\/strong><\/li>\n<li><strong><span style=\"font-size: 12px; color: #808080;\">Realizamos env\u00edos a trav\u00e9s de DHL\/UPS\/FedEx, se proporcionar\u00e1 un n\u00famero de seguimiento una vez que se env\u00eden los pantalones de compresi\u00f3n.<\/span><\/strong><\/li>\n<\/ul>\n<p><span style=\"font-size: 13px;\"><span style=\"color: #000000;\"><strong>PARA PEDIDOS AL POR MAYOR PERSONALIZADOS<\/strong><strong>:<\/strong><\/span><strong><em>\u00a0<\/em><\/strong><span style=\"color: #ff0000;\"><strong><em>Visita el <\/em><\/strong><strong>\u201c<a href=\"https:\/\/shapesfightwear.com\/custom-gear\/custom-bjj-gear\/custom-grappling-spats-2\/\" target=\"_blank\" rel=\"noopener noreferrer\" data-schema-attribute=\"\">Mallas de BJJ personalizadas<\/a>\u201d <\/strong><strong><em>Pagina y rellena el formulario<\/em><\/strong><em> <strong>\u00a1Para obtener una cotizaci\u00f3n con descuento!<\/strong><\/em><\/span><\/span><\/p>\n<h5><strong><span style=\"font-size: 13px;\">Si a\u00fan tienes alguna pregunta, por favor <a href=\"https:\/\/shapesfightwear.com\/contact-us\/\" target=\"_blank\" rel=\"noopener noreferrer\">Contacta con nosotras<\/a>Nos pondremos en contacto con usted lo antes possible.<\/span><\/strong><\/h5>","protected":false},"excerpt":{"rendered":"<p><em><span style=\"font-size: 13px;\"><strong>Disfruta de una experiencia de entrenamiento m\u00e1s personalizada cuando utilices nuestro <span style=\"color: #000000;\">Custom Compression Pants<\/span>Shapes Fightwear te ofrece los pantalones de BJJ y MMA personalizados totalmente sublimados, que hacen alarde de tu independencia y originalidad al tener un equipo donde puedes agregar tu toque y estilo personal.<\/strong><\/span><\/em><\/p>","protected":false},"featured_media":6392,"comment_status":"open","ping_status":"closed","template":"","meta":[],"product_brand":[],"product_cat":[123,124],"product_tag":[],"class_list":{"0":"post-7225","1":"product","2":"type-product","3":"status-publish","4":"has-post-thumbnail","6":"product_cat-custom-bjj-gear","7":"product_cat-nogi","8":"tm-has-options","10":"first","11":"instock","12":"shipping-taxable","13":"purchasable","14":"product-type-simple"},"_links":{"self":[{"href":"https:\/\/shapesfightwear.com\/es\/wp-json\/wp\/v2\/product\/7225","targetHints":{"allow":["GET"]}}],"collection":[{"href":"https:\/\/shapesfightwear.com\/es\/wp-json\/wp\/v2\/product"}],"about":[{"href":"https:\/\/shapesfightwear.com\/es\/wp-json\/wp\/v2\/types\/product"}],"replies":[{"embeddable":true,"href":"https:\/\/shapesfightwear.com\/es\/wp-json\/wp\/v2\/comments?post=7225"}],"wp:featuredmedia":[{"embeddable":true,"href":"https:\/\/shapesfightwear.com\/es\/wp-json\/wp\/v2\/media\/6392"}],"wp:attachment":[{"href":"https:\/\/shapesfightwear.com\/es\/wp-json\/wp\/v2\/media?parent=7225"}],"wp:term":[{"taxonomy":"product_brand","embeddable":true,"href":"https:\/\/shapesfightwear.com\/es\/wp-json\/wp\/v2\/product_brand?post=7225"},{"taxonomy":"product_cat","embeddable":true,"href":"https:\/\/shapesfightwear.com\/es\/wp-json\/wp\/v2\/product_cat?post=7225"},{"taxonomy":"product_tag","embeddable":true,"href":"https:\/\/shapesfightwear.com\/es\/wp-json\/wp\/v2\/product_tag?post=7225"}],"curies":[{"name":"wp","href":"https:\/\/api.w.org\/{rel}","templated":true}]}}