{"id":7228,"date":"2025-08-14T07:58:36","date_gmt":"2025-08-14T07:58:36","guid":{"rendered":"https:\/\/mediumspringgreen-meerkat-571505.hostingersite.com\/?post_type=product&#038;p=7228"},"modified":"2026-03-14T10:00:39","modified_gmt":"2026-03-14T10:00:39","slug":"pantalones-cortos-de-compression-personalizados","status":"publish","type":"product","link":"https:\/\/shapesfightwear.com\/es\/product\/pantalones-cortos-de-compression-personalizados\/","title":{"rendered":"PANTALONES CORTOS DE COMPRESI\u00d3N PERSONALIZADOS"},"content":{"rendered":"<p><strong><span style=\"font-size: 13px; color: #333333;\"><span style=\"color: #808080;\"><span style=\"color: #000000;\">Shapes Fightwear<\/span> let you feel and look amazing in your personalized design compression shorts while enjoying the comfort of our products&#8217; quality. Unleash your creativity and make your passion known!<\/span><\/span><\/strong><\/p>\n<h2><span style=\"color: #000000; font-size: 16px;\"><strong>The Shapes Custom Compression Shorts Features include:<\/strong><\/span><\/h2>\n<ul>\n<li><span style=\"color: #808080;\"><strong><span style=\"font-size: 12px;\">Fully customized Short featuring your design!<\/span><\/strong><\/span><\/li>\n<li><span style=\"color: #808080;\"><strong><span style=\"font-size: 12px;\">Secado r\u00e1pido y absorci\u00f3n de la humedad.compression<\/span><\/strong><\/span><\/li>\n<li><span style=\"color: #808080;\"><strong><span style=\"font-size: 12px;\">Fabricado en tejido de licra y poli\u00e9ster de alta elasticidad.<\/span><\/strong><\/span><\/li>\n<li><span style=\"color: #808080;\"><strong><span style=\"font-size: 12px;\">S\u00faper c\u00f3modo ya que cuenta con tejido de alto rendimiento el\u00e1stico en 4 direcciones.<\/span><\/strong><\/span><\/li>\n<li><span style=\"color: #808080;\"><strong><span style=\"font-size: 12px;\">Pantalones cortos de fitness comprimidos que se ajustan perfectamente a tu cuerpo.<\/span><\/strong><\/span><\/li>\n<li><span style=\"color: #808080;\"><strong><span style=\"font-size: 12px;\">La mezcla de poli\u00e9ster y elastano permite un rango completo de movimiento y transpirabilidad.<\/span><\/strong><\/span><\/li>\n<li><span style=\"color: #808080;\"><strong><span style=\"font-size: 12px;\">Las costuras planas reforzadas permiten flexibilidad, durabilidad y comodidad.<\/span><\/strong><\/span><\/li>\n<li><span style=\"color: #808080;\"><strong><span style=\"font-size: 12px;\">Entrepierna reforzada para aumentar la resistencia y la durabilidad.<\/span><\/strong><\/span><\/li>\n<li><span style=\"color: #808080;\"><strong><span style=\"font-size: 12px;\">Las ilustraciones completamente sublimadas nunca se agrietar\u00e1n, pelar\u00e1n ni decolorar\u00e1n.<\/span><\/strong><\/span><\/li>\n<li><span style=\"color: #808080;\"><strong><span style=\"font-size: 12px;\">Personalizable para cualquier rango de cintur\u00f3n o equipo, con o sin Gi, MMA o No-Gi.<\/span><\/strong><\/span><\/li>\n<\/ul>\n<h4><span style=\"color: #000000;\"><strong>C\u00f3mo hacer un pedido y tiempo de Entrega:<\/strong><\/span><\/h4>\n<p><strong><span style=\"font-size: 12px; color: #808080;\">Most parts of filling and submitting a Custom Compression Shorts request form is easy to process<\/span><\/strong><\/p>\n<ul>\n<li><strong><span style=\"font-size: 12px; color: #808080;\">Incluya una descripci\u00f3n detallada en notas especiales si tiene alguna, con respecto a la ubicaci\u00f3n de logotipos o texto. Cargue todos los archivos de logotipos\/ilustraciones en formato vectorial o env\u00edelos a support@mediumspringgreen-meerkat-571505.hostingersite.com. Los tipos de archivos aceptados incluyen PDF, AI, SVG o EPS.<\/span><\/strong><\/li>\n<li><strong><span style=\"font-size: 12px; color: #808080;\">Seleccione las especificaciones y complete las opciones detalladas proporcionadas<\/span><\/strong><\/li>\n<li><strong><span style=\"font-size: 12px; color: #808080;\">Despu\u00e9s de realizar el pedido, primero obtendremos la aprobaci\u00f3n con usted de la maqueta que creamos antes de imprimir el dise\u00f1o.<\/span><\/strong><\/li>\n<li><strong><span style=\"font-size: 12px; color: #808080;\">The estimated production and delivery time for a Custom Compression Shorts is between 2-3 weeks<\/span><\/strong><\/li>\n<li><strong><span style=\"font-size: 12px; color: #808080;\">We ship via DHL\/UPS\/FedEx, tracking number will be provided once the Compression Shorts gets shipped out<\/span><\/strong><\/li>\n<\/ul>\n<p><span style=\"font-size: 13px;\"><span style=\"color: #000000;\"><strong>PARA PEDIDOS AL POR MAYOR PERSONALIZADOS<\/strong><strong>:<\/strong><\/span><strong><em>\u00a0<\/em><\/strong><span style=\"color: #ff0000;\"><strong><em>Visita el <\/em><\/strong><strong>\u201c<a href=\"https:\/\/shapesfightwear.com\/custom-gear\/custom-wrestling-gear\/custom-compression-shorts\/\" target=\"_blank\" rel=\"noopener noreferrer\" data-schema-attribute=\"\">Pantalones cortos de compression personalizados<\/a>\u201d <\/strong><strong><em>Pagina y rellena el formulario<\/em><\/strong><em> <strong>\u00a1Para obtener una cotizaci\u00f3n con descuento!<\/strong><\/em><\/span><\/span><\/p>\n<h5><strong><span style=\"font-size: 13px;\">Si a\u00fan tienes alguna pregunta, por favor <a href=\"https:\/\/shapesfightwear.com\/contact-us\/\" target=\"_blank\" rel=\"noopener noreferrer\">Contacta con nosotras<\/a>Nos pondremos en contacto con usted lo antes possible.<\/span><\/strong><\/h5>","protected":false},"excerpt":{"rendered":"<p><em><span style=\"font-size: 13px;\"><strong>Ya sea que entrenes MMA o BJJ, necesitar\u00e1s un par de pantalones cortos de compresi\u00f3n o Vale Tudo para usar debajo de tu kimono o shorts de combate. C\u00f3modos, transpirables y duraderos. Disfruta de una experiencia de entrenamiento m\u00e1s personalizada con nuestros shorts de compresi\u00f3n personalizados. Shapes Fightwear te ofrece shorts de BJJ\/MMA personalizados totalmente sublimados, que resaltan tu independencia y originalidad con un equipo que te permite a\u00f1adir tu toque y Estilo personal.<\/strong><\/span><\/em><\/p>","protected":false},"featured_media":6388,"comment_status":"open","ping_status":"closed","template":"","meta":[],"product_brand":[],"product_cat":[123,124],"product_tag":[],"class_list":{"0":"post-7228","1":"product","2":"type-product","3":"status-publish","4":"has-post-thumbnail","6":"product_cat-custom-bjj-gear","7":"product_cat-nogi","8":"tm-has-options","10":"first","11":"instock","12":"shipping-taxable","13":"purchasable","14":"product-type-simple"},"_links":{"self":[{"href":"https:\/\/shapesfightwear.com\/es\/wp-json\/wp\/v2\/product\/7228","targetHints":{"allow":["GET"]}}],"collection":[{"href":"https:\/\/shapesfightwear.com\/es\/wp-json\/wp\/v2\/product"}],"about":[{"href":"https:\/\/shapesfightwear.com\/es\/wp-json\/wp\/v2\/types\/product"}],"replies":[{"embeddable":true,"href":"https:\/\/shapesfightwear.com\/es\/wp-json\/wp\/v2\/comments?post=7228"}],"wp:featuredmedia":[{"embeddable":true,"href":"https:\/\/shapesfightwear.com\/es\/wp-json\/wp\/v2\/media\/6388"}],"wp:attachment":[{"href":"https:\/\/shapesfightwear.com\/es\/wp-json\/wp\/v2\/media?parent=7228"}],"wp:term":[{"taxonomy":"product_brand","embeddable":true,"href":"https:\/\/shapesfightwear.com\/es\/wp-json\/wp\/v2\/product_brand?post=7228"},{"taxonomy":"product_cat","embeddable":true,"href":"https:\/\/shapesfightwear.com\/es\/wp-json\/wp\/v2\/product_cat?post=7228"},{"taxonomy":"product_tag","embeddable":true,"href":"https:\/\/shapesfightwear.com\/es\/wp-json\/wp\/v2\/product_tag?post=7228"}],"curies":[{"name":"wp","href":"https:\/\/api.w.org\/{rel}","templated":true}]}}